{"id":2315,"date":"2021-12-08T13:48:27","date_gmt":"2021-12-08T11:48:27","guid":{"rendered":"https:\/\/kvkoolitus.ee\/?page_id=2315"},"modified":"2025-03-07T15:26:42","modified_gmt":"2025-03-07T13:26:42","slug":"projektid","status":"publish","type":"page","link":"https:\/\/kvkoolitus.ee\/ru\/projektid\/","title":{"rendered":"\u041f\u0420\u041e\u0415\u041a\u0422\u042b"},"content":{"rendered":"<p><div class=\"fusion-fullwidth fullwidth-box fusion-builder-row-1 fusion-flex-container nonhundred-percent-fullwidth non-hundred-percent-height-scrolling\" style=\"--awb-border-radius-top-left:0px;--awb-border-radius-top-right:0px;--awb-border-radius-bottom-right:0px;--awb-border-radius-bottom-left:0px;--awb-flex-wrap:wrap;\" ><div class=\"fusion-builder-row fusion-row fusion-flex-align-items-flex-start fusion-flex-content-wrap\" style=\"max-width:1456px;margin-left: calc(-4% \/ 2 );margin-right: calc(-4% \/ 2 );\"><div class=\"fusion-layout-column fusion_builder_column fusion-builder-column-0 fusion_builder_column_3_4 3_4 fusion-flex-column\" style=\"--awb-bg-size:cover;--awb-width-large:75%;--awb-margin-top-large:0px;--awb-spacing-right-large:3.84%;--awb-margin-bottom-large:0px;--awb-spacing-left-large:2.56%;--awb-width-medium:100%;--awb-spacing-right-medium:1.92%;--awb-spacing-left-medium:1.92%;--awb-width-small:100%;--awb-spacing-right-small:1.92%;--awb-spacing-left-small:1.92%;\"><div class=\"fusion-column-wrapper fusion-flex-justify-content-flex-start fusion-content-layout-column\"><div class=\"fusion-text fusion-text-1\" style=\"--awb-text-transform:none;\"><h2><strong>Projektide kirjutamine ja l\u00e4biviimine: teie idee &#8211; meie teostus!<\/strong><\/h2>\n<p><span style=\"font-weight: 400;\">Lisaks ise koolituste korraldamisele aitame neid korraldada ka teistel, peamiselt koolidel ning lasteaedadel. Saame v\u00f5tta endi kanda kogu korraldust\u00f6\u00f6 alates projekti kirjutamisest, selle l\u00e4biviimisest kas teie poolt valitud kohas v\u00f5i meie ruumides j\u00e4relaruandluseni v\u00e4lja.<\/span><\/p>\n<p>Kui soovite l\u00e4bi viia oma kollektiivile meeskonnakoolitust, siis saame pakkuda nii projekti kirjutamise teenust (nt INNOVE) kui ka koolituse korraldamist tellija ruumides v\u00f5i v\u00e4ljas\u00f5idul.<\/p>\n<p>V\u00f5ta meiega \u00fchendust <span style=\"font-weight: 400;\">ning telli meilt t\u00e4islahendus<\/span>!<\/p>\n<p><strong>Lisainformatsioon:<\/strong><\/p>\n<p>Telefon: 55 583 410; 53 475 016<br \/>\nE-post:\u00a0<a href=\"mailto:info@kvkoolitus.ee\">info@kvkoolitus.ee<\/a><\/p>\n<\/div><\/div><\/div><\/div><\/div><div class=\"fusion-fullwidth fullwidth-box fusion-builder-row-2 fusion-flex-container nonhundred-percent-fullwidth non-hundred-percent-height-scrolling\" style=\"--awb-border-radius-top-left:0px;--awb-border-radius-top-right:0px;--awb-border-radius-bottom-right:0px;--awb-border-radius-bottom-left:0px;--awb-flex-wrap:wrap;\" ><div class=\"fusion-builder-row fusion-row fusion-flex-align-items-flex-start fusion-flex-content-wrap\" style=\"max-width:1456px;margin-left: calc(-4% \/ 2 );margin-right: calc(-4% \/ 2 );\"><div class=\"fusion-layout-column fusion_builder_column fusion-builder-column-1 fusion_builder_column_1_1 1_1 fusion-flex-column\" style=\"--awb-bg-size:cover;--awb-width-large:100%;--awb-margin-top-large:10px;--awb-spacing-right-large:1.92%;--awb-margin-bottom-large:10px;--awb-spacing-left-large:1.92%;--awb-width-medium:100%;--awb-order-medium:0;--awb-spacing-right-medium:1.92%;--awb-spacing-left-medium:1.92%;--awb-width-small:100%;--awb-order-small:0;--awb-spacing-right-small:1.92%;--awb-spacing-left-small:1.92%;\"><div class=\"fusion-column-wrapper fusion-column-has-shadow fusion-flex-justify-content-flex-start fusion-content-layout-column\"><div class=\"fusion-blog-shortcode fusion-blog-shortcode-1 fusion-blog-archive fusion-blog-layout-medium fusion-blog-pagination\"><div class=\"fusion-posts-container fusion-posts-container-pagination fusion-no-meta-info fusion-blog-rollover\" data-pages=\"1\"><article id=\"blog-1-post-5765\" class=\"fusion-post-medium post-5765 post type-post status-publish format-standard has-post-thumbnail hentry category-projektid category-uudised\">\n\t<style type=\"text\/css\">\n\t\t\n\t\t\n\t\t\n\t\t\n\t\t\t<\/style>\n\n\n\t\t\t<div class=\"fusion-flexslider flexslider fusion-flexslider-loading fusion-post-slideshow\" style=\"\">\n\t\t<ul class=\"slides\">\n\t\t\t\n\t\t\t\t\t\t\t\t\t\t\t\t\t\t<li><div  class=\"fusion-image-wrapper fusion-image-size-fixed\" aria-haspopup=\"true\">\n\t\t\t\t<img decoding=\"async\" width=\"320\" height=\"202\" src=\"https:\/\/kvkoolitus.ee\/wp-content\/uploads\/2022\/01\/Pilt-kodulehele-big-1024x610-1-320x202.jpg\" class=\"attachment-blog-medium size-blog-medium lazyload wp-post-image\" alt=\"\" srcset=\"data:image\/svg+xml,%3Csvg%20xmlns%3D%27http%3A%2F%2Fwww.w3.org%2F2000%2Fsvg%27%20width%3D%271024%27%20height%3D%27610%27%20viewBox%3D%270%200%201024%20610%27%3E%3Crect%20width%3D%271024%27%20height%3D%27610%27%20fill-opacity%3D%220%22%2F%3E%3C%2Fsvg%3E\" data-orig-src=\"https:\/\/kvkoolitus.ee\/wp-content\/uploads\/2022\/01\/Pilt-kodulehele-big-1024x610-1-320x202.jpg\" data-srcset=\"https:\/\/kvkoolitus.ee\/wp-content\/uploads\/2022\/01\/Pilt-kodulehele-big-1024x610-1-320x202.jpg 320w, https:\/\/kvkoolitus.ee\/wp-content\/uploads\/2022\/01\/Pilt-kodulehele-big-1024x610-1-700x441.jpg 700w\" data-sizes=\"auto\" \/><div class=\"fusion-rollover\">\n\t<div class=\"fusion-rollover-content\">\n\n\t\t\t\t\t\t\t\t\t\t\t\t\t\t<a class=\"fusion-rollover-link\" href=\"https:\/\/kvkoolitus.ee\/ru\/21-02-kell-11-00-toimub-projekti-uheskoos-saame-hakkama-infopaev\/\">21.02. KELL 11.00 TOIMUB PROJEKTI \u201c\u00dcHESKOOS SAAME HAKKAMA\u201d INFOP\u00c4EV<\/a>\n\t\t\t\n\t\t\t\t\t\t\t\t\n\t\t\n\t\t\t\t\t\t\t\t\n\t\t\t\t\t\t\t\t\n\t\t\n\t\t\t\t\t\t<a class=\"fusion-link-wrapper\" href=\"https:\/\/kvkoolitus.ee\/ru\/21-02-kell-11-00-toimub-projekti-uheskoos-saame-hakkama-infopaev\/\" aria-label=\"21.02. KELL 11.00 TOIMUB PROJEKTI \u201c\u00dcHESKOOS SAAME HAKKAMA\u201d INFOP\u00c4EV\"><\/a>\n\t<\/div>\n<\/div>\n<\/div>\n<\/li>\n\t\t\t\n\t\t\t\n\t\t\t\t\t\t\t\t\t\t\t\t\t\t\t\t\t\t\t\t\t\t\t\t\t\t\t\t\t\t\t\t\t\t\t\t\t\t\t\t\t\t\t\t\t\t\t\t\t\t\t\t\t\t\t\t\t\t\t\t\t\t\t\t\t\t\t\t<\/ul>\n\t<\/div>\n\t<div class=\"fusion-post-content post-content\"><h2 class=\"blog-shortcode-post-title entry-title\">21.02. KELL 11.00 TOIMUB PROJEKTI \u201c\u00dcHESKOOS SAAME HAKKAMA\u201d INFOP\u00c4EV<\/h2><div class=\"fusion-post-content-container\"><p>Projekt \"\u00dcheskoos saame hakkama\" on m\u00f5eldud Ida-Virumaa 16-29 aastastele noortele \u00a0ja pikaajaliselt t\u00f6\u00f6turult eemal olnud inimestele t\u00f6\u00f6alase konkurentsiv\u00f5ime suurendamiseks, t\u00f6\u00f6le aitamiseks ja t\u00f6\u00f6l p\u00fcsimiseks. Projekti korraldaja ja l\u00e4biviija on Kersti V\u00f5lu Koolituskeskus O\u00dc, projekti rahastab Euroopa Sotsiaalfond (ESF). 21.02 kell 11.00 toimub projekti \u201c\u00dcheskoos saame hakkama\u201d infop\u00e4ev, kus saab tutvuda projekti tingimustega ning registreerida osalejaks. Projekti kirjeldus Lisainfo: 5347 5016,<a href=\"https:\/\/kvkoolitus.ee\/ru\/21-02-kell-11-00-toimub-projekti-uheskoos-saame-hakkama-infopaev\/\"> [...]<\/a><\/p><\/div><\/div><div class=\"fusion-clearfix\"><\/div><\/article>\n<article id=\"blog-1-post-5438\" class=\"fusion-post-medium post-5438 post type-post status-publish format-standard has-post-thumbnail hentry category-projektid category-uudised\">\n\t<style type=\"text\/css\">\n\t\t\n\t\t\n\t\t\n\t\t\n\t\t\t<\/style>\n\n\n\t\t\t<div class=\"fusion-flexslider flexslider fusion-flexslider-loading fusion-post-slideshow\" style=\"\">\n\t\t<ul class=\"slides\">\n\t\t\t\n\t\t\t\t\t\t\t\t\t\t\t\t\t\t<li><div  class=\"fusion-image-wrapper fusion-image-size-fixed\" aria-haspopup=\"true\">\n\t\t\t\t<img decoding=\"async\" width=\"320\" height=\"202\" src=\"https:\/\/kvkoolitus.ee\/wp-content\/uploads\/2022\/10\/Kas-vajad-psuhholoogilist-abi-1-320x202.png\" class=\"attachment-blog-medium size-blog-medium lazyload wp-post-image\" alt=\"\" srcset=\"data:image\/svg+xml,%3Csvg%20xmlns%3D%27http%3A%2F%2Fwww.w3.org%2F2000%2Fsvg%27%20width%3D%27940%27%20height%3D%27788%27%20viewBox%3D%270%200%20940%20788%27%3E%3Crect%20width%3D%27940%27%20height%3D%27788%27%20fill-opacity%3D%220%22%2F%3E%3C%2Fsvg%3E\" data-orig-src=\"https:\/\/kvkoolitus.ee\/wp-content\/uploads\/2022\/10\/Kas-vajad-psuhholoogilist-abi-1-320x202.png\" data-srcset=\"https:\/\/kvkoolitus.ee\/wp-content\/uploads\/2022\/10\/Kas-vajad-psuhholoogilist-abi-1-320x202.png 320w, https:\/\/kvkoolitus.ee\/wp-content\/uploads\/2022\/10\/Kas-vajad-psuhholoogilist-abi-1-700x441.png 700w\" data-sizes=\"auto\" \/><div class=\"fusion-rollover\">\n\t<div class=\"fusion-rollover-content\">\n\n\t\t\t\t\t\t\t\t\t\t\t\t\t\t<a class=\"fusion-rollover-link\" href=\"https:\/\/kvkoolitus.ee\/ru\/projekt-vaimse-tervise-teenuste-osutamine-johvi-valla-elanikele\/\">Projekt &#8220;Vaimse tervise teenuste osutamine J\u00f5hvi valla elanikele&#8221;<\/a>\n\t\t\t\n\t\t\t\t\t\t\t\t\n\t\t\n\t\t\t\t\t\t\t\t\n\t\t\t\t\t\t\t\t\n\t\t\n\t\t\t\t\t\t<a class=\"fusion-link-wrapper\" href=\"https:\/\/kvkoolitus.ee\/ru\/projekt-vaimse-tervise-teenuste-osutamine-johvi-valla-elanikele\/\" aria-label=\"Projekt &#8220;Vaimse tervise teenuste osutamine J\u00f5hvi valla elanikele&#8221;\"><\/a>\n\t<\/div>\n<\/div>\n<\/div>\n<\/li>\n\t\t\t\n\t\t\t\n\t\t\t\t\t\t\t\t\t\t\t\t\t\t\t\t\t\t\t\t\t\t\t\t\t\t\t\t\t\t\t\t\t\t\t\t\t\t\t\t\t\t\t\t\t\t\t\t\t\t\t\t\t\t\t\t\t\t\t\t\t\t\t\t\t\t\t\t<\/ul>\n\t<\/div>\n\t<div class=\"fusion-post-content post-content\"><h2 class=\"blog-shortcode-post-title entry-title\">Projekt &#8220;Vaimse tervise teenuste osutamine J\u00f5hvi valla elanikele&#8221;<\/h2><div class=\"fusion-post-content-container\"><p>O\u00dc Kersti V\u00f5lu Koolituskeskus koost\u00f6\u00f6s J\u00f5hvi Vallavalitsusega pakub tasuta ps\u00fchholoogilist v\u00f5i ps\u00fchhosotsiaalset abi, mis\u00a0 aitab parandada inimeste vaimset tervist ja heaolu. Abi saavad k\u00fcsida k\u00f5ik valla sissekirjutusega elanikud, kes tunnevad et vajavad ps\u00fchholoogilist tuge. Teenuseid osutatakse meie koolituskeskuses aadressil Kooli tn 7, J\u00f5hvi. \u00dcldjuhul kohtutakse spetsialistiga vahetult, aga kokkuleppele v\u00f5ib vestelda ka veebi v\u00f5i telefoni teel. N\u00f5ustamisteenust on v\u00f5imalik saada<a href=\"https:\/\/kvkoolitus.ee\/ru\/projekt-vaimse-tervise-teenuste-osutamine-johvi-valla-elanikele\/\"> [...]<\/a><\/p><\/div><\/div><div class=\"fusion-clearfix\"><\/div><\/article>\n<article id=\"blog-1-post-3354\" class=\"fusion-post-medium post-3354 post type-post status-publish format-standard has-post-thumbnail hentry category-projektid category-uudised\">\n\t<style type=\"text\/css\">\n\t\t\n\t\t\n\t\t\n\t\t\n\t\t\t<\/style>\n\n\n\t\t\t<div class=\"fusion-flexslider flexslider fusion-flexslider-loading fusion-post-slideshow\" style=\"\">\n\t\t<ul class=\"slides\">\n\t\t\t\n\t\t\t\t\t\t\t\t\t\t\t\t\t\t<li><div  class=\"fusion-image-wrapper fusion-image-size-fixed\" aria-haspopup=\"true\">\n\t\t\t\t<img decoding=\"async\" width=\"320\" height=\"202\" src=\"https:\/\/kvkoolitus.ee\/wp-content\/uploads\/2022\/01\/Pilt-kodulehele-big-1024x610-1-320x202.jpg\" class=\"attachment-blog-medium size-blog-medium lazyload wp-post-image\" alt=\"\" srcset=\"data:image\/svg+xml,%3Csvg%20xmlns%3D%27http%3A%2F%2Fwww.w3.org%2F2000%2Fsvg%27%20width%3D%271024%27%20height%3D%27610%27%20viewBox%3D%270%200%201024%20610%27%3E%3Crect%20width%3D%271024%27%20height%3D%27610%27%20fill-opacity%3D%220%22%2F%3E%3C%2Fsvg%3E\" data-orig-src=\"https:\/\/kvkoolitus.ee\/wp-content\/uploads\/2022\/01\/Pilt-kodulehele-big-1024x610-1-320x202.jpg\" data-srcset=\"https:\/\/kvkoolitus.ee\/wp-content\/uploads\/2022\/01\/Pilt-kodulehele-big-1024x610-1-320x202.jpg 320w, https:\/\/kvkoolitus.ee\/wp-content\/uploads\/2022\/01\/Pilt-kodulehele-big-1024x610-1-700x441.jpg 700w\" data-sizes=\"auto\" \/><div class=\"fusion-rollover\">\n\t<div class=\"fusion-rollover-content\">\n\n\t\t\t\t\t\t\t\t\t\t\t\t\t\t<a class=\"fusion-rollover-link\" href=\"https:\/\/kvkoolitus.ee\/ru\/uheskoos-saame-hakkama\/\">\u00dcHESKOOS SAAME HAKKAMA<\/a>\n\t\t\t\n\t\t\t\t\t\t\t\t\n\t\t\n\t\t\t\t\t\t\t\t\n\t\t\t\t\t\t\t\t\n\t\t\n\t\t\t\t\t\t<a class=\"fusion-link-wrapper\" href=\"https:\/\/kvkoolitus.ee\/ru\/uheskoos-saame-hakkama\/\" aria-label=\"\u00dcHESKOOS SAAME HAKKAMA\"><\/a>\n\t<\/div>\n<\/div>\n<\/div>\n<\/li>\n\t\t\t\n\t\t\t\n\t\t\t\t\t\t\t\t\t\t\t\t\t\t\t\t\t\t\t\t\t\t\t\t\t\t\t\t\t\t\t\t\t\t\t\t\t\t\t\t\t\t\t\t\t\t\t\t\t\t\t\t\t\t\t\t\t\t\t\t\t\t\t\t\t\t\t\t<\/ul>\n\t<\/div>\n\t<div class=\"fusion-post-content post-content\"><h2 class=\"blog-shortcode-post-title entry-title\">\u00dcHESKOOS SAAME HAKKAMA<\/h2><div class=\"fusion-post-content-container\"><p> Tule osalema projektis \u201e\u00dcheskoos saame hakkama\u201c Projekt on m\u00f5eldud Ida-Virumaa 16-29 aastastele noortele \u00a0ja pikaajaliselt t\u00f6\u00f6turult eemal olnud inimestele t\u00f6\u00f6alase konkurentsiv\u00f5ime suurendamiseks, t\u00f6\u00f6le aitamiseks ja t\u00f6\u00f6l p\u00fcsimiseks. Projekti korraldaja ja l\u00e4biviija on Kersti V\u00f5lu Koolituskeskus O\u00dc, projekti rahastab Euroopa Sotsiaalfond (ESF). Projekti tegevusteks on motivatsioonikoolitus, digioskuste ABC, praktiline keele\u00f5pe, individuaalsed vajadusp\u00f5hised\u00a0 n\u00f5ustamisteenused ja t\u00f6\u00f6klubi. Projekti tegevustes arvestatakse sihtr\u00fchma vajadusi<a href=\"https:\/\/kvkoolitus.ee\/ru\/uheskoos-saame-hakkama\/\"> [...]<\/a><\/p><\/div><\/div><div class=\"fusion-clearfix\"><\/div><\/article>\n<\/div><\/div><\/div><\/div><\/div><\/div><\/p>\n","protected":false},"excerpt":{"rendered":"","protected":false},"author":1,"featured_media":0,"parent":0,"menu_order":0,"comment_status":"closed","ping_status":"closed","template":"","meta":{"footnotes":""},"class_list":["post-2315","page","type-page","status-publish","hentry"],"aioseo_notices":[],"_links":{"self":[{"href":"https:\/\/kvkoolitus.ee\/ru\/wp-json\/wp\/v2\/pages\/2315","targetHints":{"allow":["GET"]}}],"collection":[{"href":"https:\/\/kvkoolitus.ee\/ru\/wp-json\/wp\/v2\/pages"}],"about":[{"href":"https:\/\/kvkoolitus.ee\/ru\/wp-json\/wp\/v2\/types\/page"}],"author":[{"embeddable":true,"href":"https:\/\/kvkoolitus.ee\/ru\/wp-json\/wp\/v2\/users\/1"}],"replies":[{"embeddable":true,"href":"https:\/\/kvkoolitus.ee\/ru\/wp-json\/wp\/v2\/comments?post=2315"}],"version-history":[{"count":1,"href":"https:\/\/kvkoolitus.ee\/ru\/wp-json\/wp\/v2\/pages\/2315\/revisions"}],"predecessor-version":[{"id":8538,"href":"https:\/\/kvkoolitus.ee\/ru\/wp-json\/wp\/v2\/pages\/2315\/revisions\/8538"}],"wp:attachment":[{"href":"https:\/\/kvkoolitus.ee\/ru\/wp-json\/wp\/v2\/media?parent=2315"}],"curies":[{"name":"wp","href":"https:\/\/api.w.org\/{rel}","templated":true}]}}