{"id":2350,"date":"2021-12-08T14:41:15","date_gmt":"2021-12-08T12:41:15","guid":{"rendered":"https:\/\/kvkoolitus.ee\/?page_id=2350"},"modified":"2022-01-21T16:48:51","modified_gmt":"2022-01-21T14:48:51","slug":"teenused","status":"publish","type":"page","link":"https:\/\/kvkoolitus.ee\/ru\/teenused\/","title":{"rendered":"\u0423\u0421\u041b\u0423\u0413\u0418"},"content":{"rendered":"<div class=\"fusion-fullwidth fullwidth-box fusion-builder-row-1 fusion-flex-container nonhundred-percent-fullwidth non-hundred-percent-height-scrolling\" style=\"--awb-border-radius-top-left:0px;--awb-border-radius-top-right:0px;--awb-border-radius-bottom-right:0px;--awb-border-radius-bottom-left:0px;--awb-flex-wrap:wrap;\" ><div class=\"fusion-builder-row fusion-row fusion-flex-align-items-flex-start fusion-flex-content-wrap\" style=\"max-width:1456px;margin-left: calc(-4% \/ 2 );margin-right: calc(-4% \/ 2 );\"><div class=\"fusion-layout-column fusion_builder_column fusion-builder-column-0 fusion_builder_column_2_3 2_3 fusion-flex-column\" style=\"--awb-bg-size:cover;--awb-width-large:66.666666666667%;--awb-margin-top-large:0px;--awb-spacing-right-large:3.84%;--awb-margin-bottom-large:0px;--awb-spacing-left-large:2.88%;--awb-width-medium:100%;--awb-spacing-right-medium:1.92%;--awb-spacing-left-medium:1.92%;--awb-width-small:100%;--awb-spacing-right-small:1.92%;--awb-spacing-left-small:1.92%;\"><div class=\"fusion-column-wrapper fusion-flex-justify-content-flex-start fusion-content-layout-column\"><div class=\"fusion-text fusion-text-1\" style=\"--awb-text-transform:none;\"><div id=\"main\">\n<div id=\"main-core\">\n<article id=\"post-34\" class=\"post-34 page type-page status-publish hentry\">Kersti V\u00f5lu Koolituskeskusel on hea meel pakkuda oma klientidele laia valikut allj\u00e4rgnevaid teenuseid:<\/p>\n<ul>\n<li><a href=\"https:\/\/kvkoolitus.ee\/noustamine\/\" target=\"_blank\" rel=\"noopener\">N\u00f5ustamisteenused<\/a>\u00a0(logopeed ja ps\u00fchholoog, v\u00f5la- ja maksun\u00f5ustamine jpm)<\/li>\n<li><a href=\"https:\/\/kvkoolitus.ee\/koolitused\/\" target=\"_blank\" rel=\"noopener\">Erinevaid koolitusi<\/a><\/li>\n<li><a href=\"https:\/\/kvkoolitus.ee\/keelekorrektuur\/\" target=\"_blank\" rel=\"noopener\">Keelekorrektuur<\/a><\/li>\n<li><a href=\"https:\/\/kvkoolitus.ee\/tolked\/\">T\u00f5lketeenused<\/a><\/li>\n<li><a href=\"https:\/\/kvkoolitus.ee\/ruumide-rent\/\" target=\"_blank\" rel=\"noopener\">Konverentsiruumid, seminariruumid, \u00f5ppeklassid<\/a>\u00a0J\u00f5hvis, Ida-Virumaal<\/li>\n<li><a href=\"https:\/\/kvkoolitus.ee\/reisiteenused\/\" target=\"_blank\" rel=\"noopener\">Reisiteenused<\/a><\/li>\n<li><a href=\"https:\/\/kvkoolitus.ee\/viisad\/\" target=\"_blank\" rel=\"noopener\">Venemaa F\u00f6deratsiooni ja Valgevene viisa vormistamine<\/a><\/li>\n<li>Bussirent<\/li>\n<\/ul>\n<p><strong>Lisainformatsioon:<\/strong><br \/>\ntel: <span class=\"skype_pnh_print_container_1382096673\">53 475 016<br \/>\n<\/span>tel: <span class=\"skype_pnh_print_container_1382096673\">555 83 410<\/span><br \/>\nE-post:\u00a0<a href=\"mailto:info@kvkoolitus.ee\">info@kvkoolitus.ee<\/a><\/p>\n<\/article>\n<\/div>\n<\/div>\n<div id=\"sidebar\">\n<div id=\"sidebar-core\"><\/div>\n<\/div>\n<\/div><\/div><\/div><div class=\"fusion-layout-column fusion_builder_column fusion-builder-column-1 fusion_builder_column_1_3 1_3 fusion-flex-column fusion-animated\" style=\"--awb-bg-size:cover;--awb-width-large:33.333333333333%;--awb-margin-top-large:0px;--awb-spacing-right-large:5.76%;--awb-margin-bottom-large:0px;--awb-spacing-left-large:3.84%;--awb-width-medium:100%;--awb-order-medium:0;--awb-spacing-right-medium:1.92%;--awb-spacing-left-medium:1.92%;--awb-width-small:100%;--awb-order-small:0;--awb-spacing-right-small:1.92%;--awb-spacing-left-small:1.92%;\" data-animationType=\"zoomIn\" data-animationDuration=\"1.3\" data-animationOffset=\"top-into-view\"><div class=\"fusion-column-wrapper fusion-column-has-shadow fusion-flex-justify-content-flex-start fusion-content-layout-column\"><div class=\"fusion-image-element \" style=\"text-align:center;--awb-caption-title-font-family:var(--h2_typography-font-family);--awb-caption-title-font-weight:var(--h2_typography-font-weight);--awb-caption-title-font-style:var(--h2_typography-font-style);--awb-caption-title-size:var(--h2_typography-font-size);--awb-caption-title-transform:var(--h2_typography-text-transform);--awb-caption-title-line-height:var(--h2_typography-line-height);--awb-caption-title-letter-spacing:var(--h2_typography-letter-spacing);\"><span class=\" fusion-imageframe imageframe-none imageframe-1 hover-type-none\"><a href=\"https:\/\/kvkoolitus.ee\/wp-content\/uploads\/2021\/12\/KV_Koolitus_teenused-1200x1184.jpg\" class=\"fusion-lightbox\" data-rel=\"iLightbox[d9eb3205ee6b4f8d827]\" data-title=\"KV_Koolitus_teenused\" title=\"KV_Koolitus_teenused\"><img decoding=\"async\" width=\"1200\" height=\"1184\" src=\"https:\/\/kvkoolitus.ee\/wp-content\/uploads\/2021\/12\/KV_Koolitus_teenused.jpg\" data-orig-src=\"https:\/\/kvkoolitus.ee\/wp-content\/uploads\/2021\/12\/KV_Koolitus_teenused-1200x1184.jpg\" alt class=\"lazyload img-responsive wp-image-2354\" srcset=\"data:image\/svg+xml,%3Csvg%20xmlns%3D%27http%3A%2F%2Fwww.w3.org%2F2000%2Fsvg%27%20width%3D%272480%27%20height%3D%272447%27%20viewBox%3D%270%200%202480%202447%27%3E%3Crect%20width%3D%272480%27%20height%3D%272447%27%20fill-opacity%3D%220%22%2F%3E%3C%2Fsvg%3E\" data-srcset=\"https:\/\/kvkoolitus.ee\/wp-content\/uploads\/2021\/12\/KV_Koolitus_teenused-200x197.jpg 200w, https:\/\/kvkoolitus.ee\/wp-content\/uploads\/2021\/12\/KV_Koolitus_teenused-400x395.jpg 400w, https:\/\/kvkoolitus.ee\/wp-content\/uploads\/2021\/12\/KV_Koolitus_teenused-600x592.jpg 600w, https:\/\/kvkoolitus.ee\/wp-content\/uploads\/2021\/12\/KV_Koolitus_teenused-800x789.jpg 800w, https:\/\/kvkoolitus.ee\/wp-content\/uploads\/2021\/12\/KV_Koolitus_teenused-1200x1184.jpg 1200w\" data-sizes=\"auto\" data-orig-sizes=\"(max-width: 1024px) 100vw, (max-width: 640px) 100vw, 600px\" \/><\/a><\/span><\/div><\/div><\/div><\/div><\/div>\n","protected":false},"excerpt":{"rendered":"","protected":false},"author":1,"featured_media":0,"parent":0,"menu_order":0,"comment_status":"closed","ping_status":"closed","template":"","meta":{"footnotes":""},"class_list":["post-2350","page","type-page","status-publish","hentry"],"aioseo_notices":[],"_links":{"self":[{"href":"https:\/\/kvkoolitus.ee\/ru\/wp-json\/wp\/v2\/pages\/2350","targetHints":{"allow":["GET"]}}],"collection":[{"href":"https:\/\/kvkoolitus.ee\/ru\/wp-json\/wp\/v2\/pages"}],"about":[{"href":"https:\/\/kvkoolitus.ee\/ru\/wp-json\/wp\/v2\/types\/page"}],"author":[{"embeddable":true,"href":"https:\/\/kvkoolitus.ee\/ru\/wp-json\/wp\/v2\/users\/1"}],"replies":[{"embeddable":true,"href":"https:\/\/kvkoolitus.ee\/ru\/wp-json\/wp\/v2\/comments?post=2350"}],"version-history":[{"count":0,"href":"https:\/\/kvkoolitus.ee\/ru\/wp-json\/wp\/v2\/pages\/2350\/revisions"}],"wp:attachment":[{"href":"https:\/\/kvkoolitus.ee\/ru\/wp-json\/wp\/v2\/media?parent=2350"}],"curies":[{"name":"wp","href":"https:\/\/api.w.org\/{rel}","templated":true}]}}