{"id":2382,"date":"2021-12-08T15:49:03","date_gmt":"2021-12-08T13:49:03","guid":{"rendered":"https:\/\/kvkoolitus.ee\/?page_id=2382"},"modified":"2023-03-26T12:33:19","modified_gmt":"2023-03-26T09:33:19","slug":"reisiteenused","status":"publish","type":"page","link":"https:\/\/kvkoolitus.ee\/ru\/reisiteenused\/","title":{"rendered":"\u0422\u0423\u0420\u0418\u0421\u0422\u0418\u0427\u0415\u0421\u041a\u0418\u0415 \u0423\u0421\u041b\u0423\u0413\u0418"},"content":{"rendered":"<div class=\"fusion-fullwidth fullwidth-box fusion-builder-row-1 fusion-flex-container nonhundred-percent-fullwidth non-hundred-percent-height-scrolling\" style=\"--awb-border-radius-top-left:0px;--awb-border-radius-top-right:0px;--awb-border-radius-bottom-right:0px;--awb-border-radius-bottom-left:0px;--awb-flex-wrap:wrap;\" ><div class=\"fusion-builder-row fusion-row fusion-flex-align-items-flex-start fusion-flex-content-wrap\" style=\"max-width:1456px;margin-left: calc(-4% \/ 2 );margin-right: calc(-4% \/ 2 );\"><div class=\"fusion-layout-column fusion_builder_column fusion-builder-column-0 fusion_builder_column_2_3 2_3 fusion-flex-column\" style=\"--awb-bg-size:cover;--awb-width-large:66.666666666667%;--awb-margin-top-large:0px;--awb-spacing-right-large:3.84%;--awb-margin-bottom-large:0px;--awb-spacing-left-large:2.88%;--awb-width-medium:100%;--awb-spacing-right-medium:1.92%;--awb-spacing-left-medium:1.92%;--awb-width-small:100%;--awb-spacing-right-small:1.92%;--awb-spacing-left-small:1.92%;\"><div class=\"fusion-column-wrapper fusion-flex-justify-content-flex-start fusion-content-layout-column\"><div class=\"fusion-text fusion-text-1\" style=\"--awb-text-transform:none;\"><p>Meie oleme need, kes tulevad appi siis, kui meie klientidel tekib k\u00fcsimus, et kuhu minna seekordse puhkuse ajal ja mida teha sihtkohas. Aitame \u00fchildada puhkuse, t\u00f6\u00f6, pakkudes seiklusi ja uusi kogemusi. Teeme koost\u00f6\u00f6d kohalike turismiedendajate ning -ettev\u00f5tetega, et pakkuda klientidele kvaliteetset ja v\u00f5imalikult laia tootevalikut.<\/p>\n<p><strong>Kersti V\u00f5lu Koolituskeskuse ja\u00a0<a href=\"http:\/\/viptours.ee\/\" target=\"_blank\" rel=\"noopener\">Vip Toursi<\/a>\u00a0reisiteenused:<\/strong><\/p>\n<ul>\n<li>kultuurireisid<\/li>\n<li>puhkusereisid<\/li>\n<li>keelereisid<\/li>\n<li>\u00f5ppereisid<\/li>\n<li>koolitusreisid<\/li>\n<\/ul>\n<p><strong>Pakume allj\u00e4rgnevaid teenuseid:<\/strong><\/p>\n<ul>\n<li>puhkusepaketid ja -reisid eraklientidele<\/li>\n<li>\u00e4rireisid, konverentsi- ja reisiteenused \u00e4riklientidele<\/li>\n<li>lennu-, bussi-, rongi- ja laevapiletid<\/li>\n<li>transporditeenused ja transfeer<\/li>\n<li>reisikindlustus ja viisad<\/li>\n<li>catering<\/li>\n<\/ul>\n<p>NB! V\u00e4ljas\u00f5itude, ekskursioonide ja \u00f5ppereiside korraldamiseks peab olema\u00a0korraldajal vastav luba!<\/p>\n<p>Tarbijakaitseamet soovitab enne reisiteenuse ostu kontrollida ettev\u00f5tte registreeringut ja tagatise olemasolu\u00a0<a href=\"http:\/\/mtr.mkm.ee\/\" target=\"_blank\" rel=\"noopener\" data-cke-saved-href=\"http:\/\/mtr.mkm.ee\/\">majandustegevuse registrist<\/a>.<\/p>\n<p><strong>Kersti V\u00f5lu Koolituskeskus O\u00dc<\/strong>\u00a0registreeringu nr\u00a0<strong>TRE000895<\/strong>,<br \/>\n\u2013\u00a0<em>hetkel kehtiva tagatise t\u00e4htaeg 18.10.2021-17.10.2022.<\/em><\/p>\n<p><strong>VIP Tours O\u00dc<\/strong>\u00a0registreeringu nr\u00a0<strong>TRE000651,<\/strong><br \/>\n\u2013\u00a0<em>hetkel kehtiva tagatise t\u00e4htaeg 30.09.2021-29.09.2022.<\/em><\/p>\n<p><strong>Lisainformatsioon:<\/strong><\/p>\n<p>Telefon: 55 583 410; 53 475 016<br \/>\nE-post:\u00a0<a href=\"mailto:info@kvkoolitus.ee\">info@kvkoolitus.ee<\/a><\/p>\n<h3>Telli \u00f5ppereis siit<\/h3>\n<form method=\"post\" enctype=\"multipart\/form-data\" id=\"vfbp-form-5\" class=\"vfbp-form\"><div style=\"display:none;\"><label for=\"vfbp-EMAIL-AN8fuQyoDLXem\">\u0415\u0441\u043b\u0438 \u0412\u044b \u0447\u0435\u043b\u043e\u0432\u0435\u043a, \u043e\u0441\u0442\u0430\u0432\u044c\u0442\u0435 \u044d\u0442\u043e \u043f\u043e\u043b\u0435 \u043f\u0443\u0441\u0442\u044b\u043c<\/label><input size=\"25\" autocomplete=\"off\" type=\"text\" name=\"vfbp-EMAIL-AN8fuQyoDLXem\" value=\"\" id=\"\"><\/div><input type=\"hidden\" name=\"_vfb-timestamp-5\" value=\"1777601817\" id=\"\"><input type=\"hidden\" name=\"_vfb-form-id\" value=\"5\" id=\"\"><div class=\"vfb-col-12 vfb-fieldType-hidden\" id=\"vfbField62\"><input id=\"vfb-field-62\" class=\"vfb-form-control\" placeholder=\"\" type=\"hidden\" name=\"vfb-field-62\" value=\"REISITEENUSED\"><\/div><div class=\"vfb-clearfix\"><\/div><div class=\"vfb-col-12 vfb-fieldType-hidden\" id=\"vfbField63\"><input id=\"vfb-field-63\" class=\"vfb-form-control\" placeholder=\"\" type=\"hidden\" name=\"vfb-field-63\" value=\"2382\"><\/div><div class=\"vfb-clearfix\"><\/div><div class=\"vfb-well vfb-col-12\" id=\"vfbField64\"><div class=\"vfb-form-group vfb-col-12\"><div><h3 class=\"\">\u00d5ppereisi tellimine<\/h3><\/div><\/div><div class=\"vfb-col-12 vfb-fieldType-heading\" id=\"vfbField64\"><\/div><div class=\"vfb-clearfix\"><\/div><div class=\"vfb-col-4 vfb-fieldType-text\" id=\"vfbField65\"><div class=\"vfb-form-group\"><label for=\"vfb-field-65\" class=\"vfb-control-label\">T\u00e4isnimi <span class=\"vfb-required-asterisk\">*<\/span><\/label><div><input id=\"vfb-field-65\" class=\"vfb-form-control\" placeholder=\"\" required=\"required\" type=\"text\" name=\"vfb-field-65\" value=\"\"><\/div><\/div><\/div><div class=\"vfb-col-4 vfb-fieldType-email\" id=\"vfbField66\"><div class=\"vfb-form-group\"><label for=\"vfb-field-66\" class=\"vfb-control-label\">E-posti aadress <span class=\"vfb-required-asterisk\">*<\/span><\/label><div><input id=\"vfb-field-66\" class=\"vfb-form-control\" placeholder=\"\" required=\"required\" type=\"email\" name=\"vfb-field-66\" value=\"\"><\/div><\/div><\/div><div class=\"vfb-col-4 vfb-fieldType-text\" id=\"vfbField68\"><div class=\"vfb-form-group\"><label for=\"vfb-field-68\" class=\"vfb-control-label\">Telefon <span class=\"vfb-required-asterisk\">*<\/span><\/label><div><input id=\"vfb-field-68\" class=\"vfb-form-control\" placeholder=\"(+372)\" required=\"required\" type=\"text\" name=\"vfb-field-68\" value=\"\"><\/div><\/div><\/div><div class=\"vfb-clearfix\"><\/div><div class=\"vfb-col-6 vfb-fieldType-date\" id=\"vfbField79\"><div class=\"vfb-form-group\"><label for=\"vfb-field-79\" class=\"vfb-control-label\">Reisi alguse kuup\u00e4ev <span class=\"vfb-required-asterisk\">*<\/span><\/label><div><input id=\"vfb-field-79\" class=\"vfb-form-control\" placeholder=\"\" required=\"required\" data-provide=\"datepicker\" type=\"text\" name=\"vfb-field-79\" value=\"\"><\/div><\/div><\/div><div class=\"vfb-col-6 vfb-fieldType-date\" id=\"vfbField80\"><div class=\"vfb-form-group\"><label for=\"vfb-field-80\" class=\"vfb-control-label\">Reisi l\u00f5pu kuup\u00e4ev <span class=\"vfb-required-asterisk\">*<\/span><\/label><div><input id=\"vfb-field-80\" class=\"vfb-form-control\" placeholder=\"\" required=\"required\" data-provide=\"datepicker\" type=\"text\" name=\"vfb-field-80\" value=\"\"><\/div><\/div><\/div><div class=\"vfb-clearfix\"><\/div><div class=\"vfb-col-9 vfb-fieldType-text\" id=\"vfbField69\"><div class=\"vfb-form-group\"><label for=\"vfb-field-69\" class=\"vfb-control-label\">Reisi mar\u0161ruut <span class=\"vfb-required-asterisk\">*<\/span><\/label><div><input id=\"vfb-field-69\" class=\"vfb-form-control\" placeholder=\"\" required=\"required\" type=\"text\" name=\"vfb-field-69\" value=\"\"><\/div><\/div><\/div><div class=\"vfb-col-3 vfb-fieldType-text\" id=\"vfbField70\"><div class=\"vfb-form-group\"><label for=\"vfb-field-70\" class=\"vfb-control-label\">Inimeste arv <span class=\"vfb-required-asterisk\">*<\/span><\/label><div><input id=\"vfb-field-70\" class=\"vfb-form-control\" placeholder=\"\" required=\"required\" type=\"text\" name=\"vfb-field-70\" value=\"\"><\/div><\/div><\/div><div class=\"vfb-clearfix\"><\/div><div class=\"vfb-col-12 vfb-fieldType-textarea\" id=\"vfbField74\"><div class=\"vfb-form-group\"><label for=\"vfb-field-74\" class=\"vfb-control-label\">Lisainfo ja soovid (toitlustamine, majutus, koolituse soovid jne)<\/label><div><textarea id=\"vfb-field-74\" class=\"vfb-form-control\" placeholder=\"\" rows=\"5\" name=\"vfb-field-74\" cols=\"50\"><\/textarea><\/div><\/div><\/div><div class=\"vfb-clearfix\"><\/div><div class=\"vfb-col-7 vfb-fieldType-checkbox\" id=\"vfbField76\"><label for=\"vfb-field-76\" class=\"vfb-control-label\"><\/label><div><div class=\"vfb-checkbox\"><label><input id=\"vfb-field-76-0\" class=\"\" placeholder=\"\" data-vfb-multiple=\"vfb-field-76\" type=\"checkbox\" name=\"vfb-field-76[0]\" value=\"1\">Soovin saada infot eripakkumiste, soodustuste ja uudiste kohta<\/label><\/div><\/div><\/div><div class=\"vfb-col-12 vfb-fieldType-submit\" id=\"vfbField78\"><button id=\"vfb-field-78\" class=\" btn btn-primary\" placeholder=\"\" type=\"submit\" name=\"_vfb-submit\">Registreerimine<\/button><\/div><div class=\"vfb-clearfix\"><\/div><\/div> <!-- .vfb-well --><\/form>\n<\/div><\/div><\/div><div class=\"fusion-layout-column fusion_builder_column fusion-builder-column-1 fusion_builder_column_1_3 1_3 fusion-flex-column fusion-animated\" style=\"--awb-bg-size:cover;--awb-width-large:33.333333333333%;--awb-margin-top-large:0px;--awb-spacing-right-large:5.76%;--awb-margin-bottom-large:0px;--awb-spacing-left-large:5.76%;--awb-width-medium:100%;--awb-order-medium:0;--awb-spacing-right-medium:1.92%;--awb-spacing-left-medium:1.92%;--awb-width-small:100%;--awb-order-small:0;--awb-spacing-right-small:1.92%;--awb-spacing-left-small:1.92%;\" data-animationType=\"zoomIn\" data-animationDuration=\"1.3\" data-animationOffset=\"top-into-view\"><div class=\"fusion-column-wrapper fusion-column-has-shadow fusion-flex-justify-content-flex-start fusion-content-layout-column\"><div class=\"fusion-image-element \" style=\"text-align:center;--awb-caption-title-font-family:var(--h2_typography-font-family);--awb-caption-title-font-weight:var(--h2_typography-font-weight);--awb-caption-title-font-style:var(--h2_typography-font-style);--awb-caption-title-size:var(--h2_typography-font-size);--awb-caption-title-transform:var(--h2_typography-text-transform);--awb-caption-title-line-height:var(--h2_typography-line-height);--awb-caption-title-letter-spacing:var(--h2_typography-letter-spacing);\"><span class=\" fusion-imageframe imageframe-none imageframe-1 hover-type-none\" style=\"border-radius:50%;\"><img decoding=\"async\" width=\"1000\" height=\"681\" title=\"Reisiteenused\" src=\"https:\/\/kvkoolitus.ee\/wp-content\/uploads\/2021\/12\/Reisiteenused.jpg\" data-orig-src=\"https:\/\/kvkoolitus.ee\/wp-content\/uploads\/2021\/12\/Reisiteenused.jpg\" alt class=\"lazyload img-responsive wp-image-2383\" srcset=\"data:image\/svg+xml,%3Csvg%20xmlns%3D%27http%3A%2F%2Fwww.w3.org%2F2000%2Fsvg%27%20width%3D%271000%27%20height%3D%27681%27%20viewBox%3D%270%200%201000%20681%27%3E%3Crect%20width%3D%271000%27%20height%3D%27681%27%20fill-opacity%3D%220%22%2F%3E%3C%2Fsvg%3E\" data-srcset=\"https:\/\/kvkoolitus.ee\/wp-content\/uploads\/2021\/12\/Reisiteenused-200x136.jpg 200w, https:\/\/kvkoolitus.ee\/wp-content\/uploads\/2021\/12\/Reisiteenused-400x272.jpg 400w, https:\/\/kvkoolitus.ee\/wp-content\/uploads\/2021\/12\/Reisiteenused-600x409.jpg 600w, https:\/\/kvkoolitus.ee\/wp-content\/uploads\/2021\/12\/Reisiteenused-800x545.jpg 800w, https:\/\/kvkoolitus.ee\/wp-content\/uploads\/2021\/12\/Reisiteenused.jpg 1000w\" data-sizes=\"auto\" data-orig-sizes=\"(max-width: 1024px) 100vw, (max-width: 640px) 100vw, 600px\" \/><\/span><\/div><\/div><\/div><\/div><\/div>\n","protected":false},"excerpt":{"rendered":"","protected":false},"author":1,"featured_media":0,"parent":0,"menu_order":0,"comment_status":"closed","ping_status":"closed","template":"","meta":{"footnotes":""},"class_list":["post-2382","page","type-page","status-publish","hentry"],"aioseo_notices":[],"_links":{"self":[{"href":"https:\/\/kvkoolitus.ee\/ru\/wp-json\/wp\/v2\/pages\/2382","targetHints":{"allow":["GET"]}}],"collection":[{"href":"https:\/\/kvkoolitus.ee\/ru\/wp-json\/wp\/v2\/pages"}],"about":[{"href":"https:\/\/kvkoolitus.ee\/ru\/wp-json\/wp\/v2\/types\/page"}],"author":[{"embeddable":true,"href":"https:\/\/kvkoolitus.ee\/ru\/wp-json\/wp\/v2\/users\/1"}],"replies":[{"embeddable":true,"href":"https:\/\/kvkoolitus.ee\/ru\/wp-json\/wp\/v2\/comments?post=2382"}],"version-history":[{"count":0,"href":"https:\/\/kvkoolitus.ee\/ru\/wp-json\/wp\/v2\/pages\/2382\/revisions"}],"wp:attachment":[{"href":"https:\/\/kvkoolitus.ee\/ru\/wp-json\/wp\/v2\/media?parent=2382"}],"curies":[{"name":"wp","href":"https:\/\/api.w.org\/{rel}","templated":true}]}}