{"id":2584,"date":"2021-12-13T10:21:36","date_gmt":"2021-12-13T08:21:36","guid":{"rendered":"https:\/\/kvkoolitus.ee\/?page_id=2584"},"modified":"2023-03-25T14:43:17","modified_gmt":"2023-03-25T12:43:17","slug":"soome-keel-algajatele","status":"publish","type":"page","link":"https:\/\/kvkoolitus.ee\/ru\/keeltekool\/soome-keel\/soome-keel-algajatele\/","title":{"rendered":"\u0423\u0427\u0415\u0411\u041d\u0410\u042f \u041f\u0420\u041e\u0413\u0420\u0410\u041c\u041c\u0410: \u0424\u0418\u041d\u0421\u041a\u0418\u0419 \u042f\u0417\u042b\u041a \u0414\u041b\u042f \u041d\u0410\u0427\u0418\u041d\u0410\u042e\u0429\u0418\u0425"},"content":{"rendered":"<div class=\"fusion-fullwidth fullwidth-box fusion-builder-row-1 fusion-flex-container nonhundred-percent-fullwidth non-hundred-percent-height-scrolling\" style=\"--awb-border-radius-top-left:0px;--awb-border-radius-top-right:0px;--awb-border-radius-bottom-right:0px;--awb-border-radius-bottom-left:0px;--awb-flex-wrap:wrap;\" ><div class=\"fusion-builder-row fusion-row fusion-flex-align-items-flex-start fusion-flex-content-wrap\" style=\"max-width:1456px;margin-left: calc(-4% \/ 2 );margin-right: calc(-4% \/ 2 );\"><div class=\"fusion-layout-column fusion_builder_column fusion-builder-column-0 fusion_builder_column_1_1 1_1 fusion-flex-column\" style=\"--awb-bg-size:cover;--awb-width-large:100%;--awb-margin-top-large:10px;--awb-spacing-right-large:1.92%;--awb-margin-bottom-large:10px;--awb-spacing-left-large:1.92%;--awb-width-medium:100%;--awb-order-medium:0;--awb-spacing-right-medium:1.92%;--awb-spacing-left-medium:1.92%;--awb-width-small:100%;--awb-order-small:0;--awb-spacing-right-small:1.92%;--awb-spacing-left-small:1.92%;\"><div class=\"fusion-column-wrapper fusion-column-has-shadow fusion-flex-justify-content-flex-start fusion-content-layout-column\">\n<div class=\"table-1\">\n<table width=\"100%\">\n<thead>\n<tr>\n<th align=\"left\"><strong>\u041d\u0430\u0437\u0432\u0430\u043d\u0438\u0435 \u0443\u0447\u0435\u0431\u043d\u043e\u0439 \u043f\u0440\u043e\u0433\u0440\u0430\u043c\u043c\u044b:<\/strong><\/th>\n<th align=\"left\"><strong>\u0424\u0438\u043d\u0441\u043a\u0438\u0439 \u044f\u0437\u044b\u043a \u0434\u043b\u044f \u043d\u0430\u0447\u0438\u043d\u0430\u044e\u0449\u0438\u0445<\/strong><\/th>\n<\/tr>\n<\/thead>\n<tbody>\n<tr>\n<td align=\"left\"><strong>\u041e\u0431\u043b\u0430\u0441\u0442\u044c \u0438\u0441\u0441\u043b\u0435\u0434\u043e\u0432\u0430\u043d\u0438\u044f:<\/strong><\/td>\n<td align=\"left\">\u0413\u0443\u043c\u0430\u043d\u0438\u0442\u0430\u0440\u043d\u044b\u0435 \u043d\u0430\u0443\u043a\u0438 \u0438 \u0438\u0441\u043a\u0443\u0441\u0441\u0442\u0432\u043e<\/td>\n<\/tr>\n<tr>\n<td align=\"left\"><strong>\u0413\u0440\u0443\u043f\u043f\u0430 \u0443\u0447\u0435\u0431\u043d\u043e\u0439 \u043f\u0440\u043e\u0433\u0440\u0430\u043c\u043c\u044b:<\/strong><\/td>\n<td align=\"left\">\u0418\u043d\u043e\u0441\u0442\u0440\u0430\u043d\u043d\u044b\u0435 \u044f\u0437\u044b\u043a\u0438 \u0438 \u043a\u0443\u043b\u044c\u0442\u0443\u0440\u044b<\/td>\n<\/tr>\n<tr>\n<td align=\"left\"><strong>\u0426\u0435\u043b\u0435\u0432\u0430\u044f \u0433\u0440\u0443\u043f\u043f\u0430:<\/strong><\/td>\n<td align=\"left\">\u041a\u0443\u0440\u0441 \u043f\u0440\u0435\u0434\u043d\u0430\u0437\u043d\u0430\u0447\u0435\u043d \u0434\u043b\u044f \u0442\u0435\u0445, \u043a\u0442\u043e \u043d\u0435 \u0438\u043c\u0435\u0435\u0442 \u043f\u0440\u0435\u0434\u044b\u0434\u0443\u0449\u0438\u0445 \u0437\u043d\u0430\u043d\u0438\u0439 \u0444\u0438\u043d\u0441\u043a\u043e\u0433\u043e \u044f\u0437\u044b\u043a\u0430.<\/td>\n<\/tr>\n<tr>\n<td align=\"left\"><strong>\u042f\u0437\u044b\u043a \u043f\u0440\u0435\u043f\u043e\u0434\u0430\u0432\u0430\u043d\u0438\u044f:<\/strong><\/td>\n<td align=\"left\">\u042d\u0441\u0442\u043e\u043d\u0441\u043a\u0438\u0439 \u044f\u0437\u044b\u043a<\/td>\n<\/tr>\n<tr>\n<td align=\"left\"><strong>\u041e\u043f\u0438\u0441\u0430\u043d\u0438\u0435 \u043c\u0435\u0441\u0442\u0430 \u043f\u0440\u043e\u0432\u0435\u0434\u0435\u043d\u0438\u044f \u0442\u0440\u0435\u043d\u0438\u043d\u0433\u0430 \u0438 \u0443\u0441\u043b\u043e\u0432\u0438\u0439 \u043e\u0431\u0443\u0447\u0435\u043d\u0438\u044f<\/strong>:<\/td>\n<td align=\"left\">\u00a0Kersti V\u00f5lu Koolituskeskus O\u00dc, Kooli 7, J\u00f5hvi.<\/p>\n<p>\u0412 \u0443\u0447\u0435\u0431\u043d\u043e\u043c \u0446\u0435\u043d\u0442\u0440\u0435 (\u0441\u0442\u0440\u043e\u0438\u0442\u0435\u043b\u044c\u0441\u0442\u0432\u043e \u0437\u0430\u0432\u0435\u0440\u0448\u0435\u043d\u043e \u0432 2010 \u0433\u043e\u0434\u0443) \u0435\u0441\u0442\u044c 7 \u043a\u043b\u0430\u0441\u0441\u043d\u044b\u0445 \u043a\u043e\u043c\u043d\u0430\u0442, \u0437\u043e\u043d\u0430 \u043e\u0442\u0434\u044b\u0445\u0430, 2 \u0442\u0443\u0430\u043b\u0435\u0442\u0430 \u0438 \u0442\u0443\u0430\u043b\u0435\u0442 \u0434\u043b\u044f \u0438\u043d\u0432\u0430\u043b\u0438\u0434\u043e\u0432, \u0434\u043e\u0441\u0442\u0443\u043f \u0434\u043b\u044f \u0438\u043d\u0432\u0430\u043b\u0438\u0434\u043e\u0432, \u043f\u0430\u0440\u043a\u043e\u0432\u043a\u0430. \u041f\u043e\u043c\u0435\u0449\u0435\u043d\u0438\u044f \u043e\u0442\u0432\u0435\u0447\u0430\u044e\u0442 \u0442\u0440\u0435\u0431\u043e\u0432\u0430\u043d\u0438\u044f\u043c \u043e\u0445\u0440\u0430\u043d\u044b \u0437\u0434\u043e\u0440\u043e\u0432\u044c\u044f \u0438 \u0431\u0435\u0437\u043e\u043f\u0430\u0441\u043d\u043e\u0441\u0442\u0438. \u0412\u043e\u0437\u043c\u043e\u0436\u043d\u043e\u0441\u0442\u044c \u043f\u0435\u0440\u0435\u0441\u0442\u0430\u043d\u043e\u0432\u043a\u0438 \u043c\u0435\u0431\u0435\u043b\u0438 \u0434\u043b\u044f \u0433\u0440\u0443\u043f\u043f\u043e\u0432\u043e\u0439 \u0440\u0430\u0431\u043e\u0442\u044b.<\/p>\n<p>\u0423\u0447\u0435\u0431\u043d\u044b\u0439 \u0446\u0435\u043d\u0442\u0440 \u043e\u0441\u043d\u0430\u0449\u0435\u043d \u0432\u0441\u0435\u043c \u043d\u0435\u043e\u0431\u0445\u043e\u0434\u0438\u043c\u044b\u043c \u0442\u0435\u0445\u043d\u0438\u0447\u0435\u0441\u043a\u0438\u043c \u043e\u0431\u043e\u0440\u0443\u0434\u043e\u0432\u0430\u043d\u0438\u0435\u043c (\u043c\u0430\u0433\u043d\u0438\u0442\u043e\u0444\u043e\u043d, \u0442\u0435\u043b\u0435\u0432\u0438\u0437\u043e\u0440, 12 \u043a\u043e\u043c\u043f\u044c\u044e\u0442\u0435\u0440\u043e\u0432, \u043f\u0440\u043e\u0435\u043a\u0442\u043e\u0440 \u0434\u0430\u043d\u043d\u044b\u0445 \u0432 \u043a\u0430\u0436\u0434\u043e\u0439 \u043a\u043e\u043c\u043d\u0430\u0442\u0435, \u0434\u043e\u043a\u0443\u043c\u0435\u043d\u0442-\u043a\u0430\u043c\u0435\u0440\u0430, \u0446\u0438\u0444\u0440\u043e\u0432\u043e\u0439 \u043f\u043b\u0430\u043d\u0448\u0435\u0442, \u0432\u0438\u0434\u0435\u043e\u043a\u0430\u043c\u0435\u0440\u0430, CD-\u043f\u043b\u0435\u0435\u0440, \u0432\u0438\u0434\u0435\u043e\u043c\u0430\u0433\u043d\u0438\u0442\u043e\u0444\u043e\u043d, \u0434\u0443\u0431\u043b\u0438\u043a\u0430\u0442\u043e\u0440, \u0431\u0435\u0441\u043f\u043b\u0430\u0442\u043d\u044b\u0439 WiFi).<\/td>\n<\/tr>\n<tr>\n<td align=\"left\"><strong>\u041e\u0431\u044a\u0435\u043c \u043e\u0431\u0443\u0447\u0435\u043d\u0438\u044f:<\/strong><\/td>\n<td align=\"left\">50 \u0430\u043a\u0430\u0434\u0435\u043c\u0438\u0447\u0435\u0441\u043a\u0438\u0445 \u0447\u0430\u0441\u043e\u0432 (\u043e\u0434\u0438\u043d \u0438\u043b\u0438 \u0434\u0432\u0430 \u0440\u0430\u0437\u0430 \u0432 \u043d\u0435\u0434\u0435\u043b\u044e).<\/td>\n<\/tr>\n<tr>\n<td align=\"left\"><strong>\u0426\u0435\u043b\u0438 \u043e\u0431\u0443\u0447\u0435\u043d\u0438\u044f<\/strong><\/td>\n<td align=\"left\">\u0423\u0447\u0430\u0449\u0438\u0439\u0441\u044f \u043f\u043e\u043d\u0438\u043c\u0430\u0435\u0442 \u0438 \u0438\u0441\u043f\u043e\u043b\u044c\u0437\u0443\u0435\u0442 \u043f\u043e\u0432\u0441\u0435\u0434\u043d\u0435\u0432\u043d\u044b\u0435 \u0432\u044b\u0440\u0430\u0436\u0435\u043d\u0438\u044f \u0438 \u043f\u0440\u043e\u0441\u0442\u044b\u0435 \u0444\u0440\u0430\u0437\u044b \u0434\u043b\u044f \u0443\u0434\u043e\u0432\u043b\u0435\u0442\u0432\u043e\u0440\u0435\u043d\u0438\u044f \u0441\u0432\u043e\u0438\u0445 \u043f\u043e\u0442\u0440\u0435\u0431\u043d\u043e\u0441\u0442\u0435\u0439. \u041c\u043e\u0436\u0435\u0442 \u043f\u0440\u0435\u0434\u0441\u0442\u0430\u0432\u0438\u0442\u044c \u0441\u0435\u0431\u044f \u0438 \u0434\u0440\u0443\u0433\u0438\u0445, \u0441\u043f\u0440\u043e\u0441\u0438\u0442\u044c, \u0433\u0434\u0435 \u043e\u043d\/\u043e\u043d\u0430 \u0436\u0438\u0432\u0435\u0442, \u043a\u043e\u0433\u043e \u043e\u043d\/\u043e\u043d\u0430 \u0437\u043d\u0430\u0435\u0442, \u0447\u0435\u043c \u043e\u043d\/\u043e\u043d\u0430 \u0437\u0430\u043d\u0438\u043c\u0430\u0435\u0442\u0441\u044f, \u0438 \u043e\u0442\u0432\u0435\u0442\u0438\u0442\u044c \u043d\u0430 \u0432\u043e\u043f\u0440\u043e\u0441\u044b \u043e \u0442\u043e\u043c \u0436\u0435.<\/p>\n<p>\u041c\u043e\u0436\u0435\u0442 \u043e\u0431\u0449\u0430\u0442\u044c\u0441\u044f \u043d\u0430 \u043f\u0440\u043e\u0441\u0442\u043e\u043c \u044f\u0437\u044b\u043a\u0435.<\/td>\n<\/tr>\n<tr>\n<td align=\"left\">\n<ul>\n<li style=\"text-align: left;\"><strong>\u0420\u0435\u0437\u0443\u043b\u044c\u0442\u0430\u0442\u044b \u043e\u0431\u0443\u0447\u0435\u043d\u0438\u044f:<\/strong><\/li>\n<\/ul>\n<\/td>\n<td align=\"left\">\n<ul>\n<li>\u041f\u043e\u043d\u0438\u043c\u0430\u0435\u0442 \u0438 \u0438\u0441\u043f\u043e\u043b\u044c\u0437\u0443\u0435\u0442 \u043f\u043e\u0432\u0441\u0435\u0434\u043d\u0435\u0432\u043d\u044b\u0435 \u0432\u044b\u0440\u0430\u0436\u0435\u043d\u0438\u044f \u0438 \u043f\u0440\u043e\u0441\u0442\u044b\u0435 \u0444\u0440\u0430\u0437\u044b \u0434\u043b\u044f \u0443\u0434\u043e\u0432\u043b\u0435\u0442\u0432\u043e\u0440\u0435\u043d\u0438\u044f \u0441\u0432\u043e\u0438\u0445 \u043f\u043e\u0442\u0440\u0435\u0431\u043d\u043e\u0441\u0442\u0435\u0439. \u041c\u043e\u0436\u0435\u0442 \u043e\u0431\u0449\u0430\u0442\u044c\u0441\u044f \u043d\u0430 \u043f\u0440\u043e\u0441\u0442\u043e\u043c \u044f\u0437\u044b\u043a\u0435.<\/li>\n<li style=\"text-align: left;\">\u041c\u043e\u0436\u0435\u0442 \u0437\u0430\u0434\u0430\u0432\u0430\u0442\u044c \u0432\u043e\u043f\u0440\u043e\u0441\u044b \u043e \u0434\u0440\u0443\u0433\u0438\u0445 \u0438 \u043e\u0442\u0432\u0435\u0447\u0430\u0442\u044c \u043d\u0430 \u0432\u043e\u043f\u0440\u043e\u0441\u044b \u043e \u0441\u0435\u0431\u0435.<\/li>\n<li style=\"text-align: left;\">\u041f\u043e\u043d\u0438\u043c\u0430\u0435\u0442 \u043a\u043e\u0440\u043e\u0442\u043a\u0438\u0435, \u043f\u0440\u043e\u0441\u0442\u044b\u0435 \u0442\u0435\u043a\u0441\u0442\u044b.<\/li>\n<li style=\"text-align: left;\">\u041c\u043e\u0436\u0435\u0442 \u043f\u0438\u0441\u0430\u0442\u044c \u043a\u043e\u0440\u043e\u0442\u043a\u0438\u0435 \u043f\u0440\u0435\u0434\u043b\u043e\u0436\u0435\u043d\u0438\u044f \u043d\u0430 \u043f\u043e\u0432\u0441\u0435\u0434\u043d\u0435\u0432\u043d\u044b\u0435 \u0442\u0435\u043c\u044b.<\/li>\n<\/ul>\n<\/td>\n<\/tr>\n<tr>\n<td align=\"left\"><strong>\u0421\u043e\u0434\u0435\u0440\u0436\u0430\u043d\u0438\u0435 \u043e\u0431\u0443\u0447\u0435\u043d\u0438\u044f:<\/strong><\/td>\n<td align=\"left\">\u041b\u0438\u0447\u043d\u044b\u0435 \u0434\u0430\u043d\u043d\u044b\u0435 \u0438 \u043f\u0440\u043e\u0444\u0438\u043b\u044c. \u0414\u043e\u043c \u0438 \u0431\u044b\u0442.<\/p>\n<p>\u0420\u0430\u0431\u043e\u0442\u0430: \u0440\u044b\u043d\u043e\u043a \u0442\u0440\u0443\u0434\u0430, \u043f\u043e\u0438\u0441\u043a \u0438 \u043f\u0440\u0435\u0434\u043b\u043e\u0436\u0435\u043d\u0438\u0435 \u0440\u0430\u0431\u043e\u0442\u044b. \u0414\u043e\u0441\u0443\u0433 \u0438 \u043f\u0443\u0442\u0435\u0448\u0435\u0441\u0442\u0432\u0438\u044f. \u041f\u043e\u043b\u0443\u0447\u0435\u043d\u0438\u0435 \u0438\u043d\u0444\u043e\u0440\u043c\u0430\u0446\u0438\u0438.  \u0427\u0435\u043b\u043e\u0432\u0435\u0447\u0435\u0441\u043a\u0438\u0435 \u043e\u0442\u043d\u043e\u0448\u0435\u043d\u0438\u044f. \u041f\u043e\u0432\u0441\u0435\u0434\u043d\u0435\u0432\u043d\u0430\u044f \u0436\u0438\u0437\u043d\u044c.<\/p>\n<p>\u0413\u0440\u0430\u043c\u043c\u0430\u0442\u0438\u043a\u0430: \u043e\u0441\u043d\u043e\u0432\u044b \u043f\u0440\u043e\u0438\u0437\u043d\u043e\u0448\u0435\u043d\u0438\u044f; -ko\/-ko- \u0432\u043e\u043f\u0440\u043e\u0441, kuka? ketk\u00e4?; \u043f\u0440\u0438\u0442\u044f\u0436\u0430\u0442\u0435\u043b\u044c\u043d\u043e\u0435 \u043c\u0435\u0441\u0442\u043e\u0438\u043c\u0435\u043d\u0438\u0435 \u0435\u0434\u0438\u043d\u0441\u0442\u0432\u0435\u043d\u043d\u043e\u0433\u043e \u0447\u0438\u0441\u043b\u0430; \u0438\u043c\u0435\u043d\u0438\u0442\u0435\u043b\u044c\u043d\u044b\u0439 \u0438 \u0443\u043a\u0430\u0437\u0430\u0442\u0435\u043b\u044c\u043d\u044b\u0439 \u043f\u0430\u0434\u0435\u0436\u0438 \u043c\u043d\u043e\u0436\u0435\u0441\u0442\u0432\u0435\u043d\u043d\u043e\u0433\u043e \u0447\u0438\u0441\u043b\u0430; \u043b\u0438\u0447\u043d\u044b\u0435 \u043c\u0435\u0441\u0442\u043e\u0438\u043c\u0435\u043d\u0438\u044f; \u0441\u043a\u043b\u043e\u043d\u0435\u043d\u0438\u044f; \u043f\u043e\u0441\u0442\u043f\u043e\u0437\u0438\u0446\u0438\u0438; \u0437\u0430\u043c\u0435\u043d\u0430 \u0441\u0442\u0435\u043f\u0435\u043d\u0438; \u0434\u0435\u043c\u043e\u043d\u0441\u0442\u0440\u0430\u0442\u0438\u0432\u043d\u044b\u0435 \u043c\u0435\u0441\u0442\u043e\u0438\u043c\u0435\u043d\u0438\u044f; \u043f\u0440\u0438\u0442\u044f\u0436\u0430\u0442\u0435\u043b\u044c\u043d\u044b\u0435 \u0441\u0443\u0444\u0444\u0438\u043a\u0441\u044b; \u0444\u0440\u0430\u0437\u044b \u0441\u0443\u0449\u0435\u0441\u0442\u0432\u0438\u0442\u0435\u043b\u044c\u043d\u044b\u0445; \u0444\u0440\u0430\u0437\u044b \u0441\u0443\u0449\u0435\u0441\u0442\u0432\u0438\u0442\u0435\u043b\u044c\u043d\u044b\u0445; \u0444\u0440\u0430\u0437\u044b \u0433\u043b\u0430\u0433\u043e\u043b\u043e\u0432; \u043e\u0431\u043e\u0440\u043e\u0442; \u0444\u0440\u0430\u0437\u044b t\u00e4ytyy\/pit\u00e4\u00e4; \u0444\u0440\u0430\u0437\u044b \u0441\u0443\u0449\u0435\u0441\u0442\u0432\u0438\u0442\u0435\u043b\u044c\u043d\u044b\u0445.<\/p>\n<p>\u0421\u043b\u043e\u0432\u0430\u0440\u043d\u044b\u0439 \u0437\u0430\u043f\u0430\u0441: \u0442\u0435\u043c\u0430\u0442\u0438\u0447\u0435\u0441\u043a\u0430\u044f \u043b\u0435\u043a\u0441\u0438\u043a\u0430.<\/p>\n<p>\u0420\u0430\u0437\u0433\u043e\u0432\u043e\u0440\u043d\u0430\u044f \u0440\u0435\u0447\u044c: \u0437\u043d\u0430\u043a\u043e\u043c\u0441\u0442\u0432\u043e; \u043f\u0440\u0438\u0432\u0435\u0442\u0441\u0442\u0432\u0438\u044f, \u043f\u0440\u043e\u0449\u0430\u043d\u0438\u044f \u0438 \u0432\u0435\u0436\u043b\u0438\u0432\u044b\u0435 \u0432\u044b\u0440\u0430\u0436\u0435\u043d\u0438\u044f; \u0434\u043d\u0438 \u043d\u0435\u0434\u0435\u043b\u0438; \u0447\u0438\u0441\u043b\u0430; \u044f\u0437\u044b\u043a\u0438, \u043d\u0430\u0446\u0438\u043e\u043d\u0430\u043b\u044c\u043d\u043e\u0441\u0442\u0438 \u0438 \u043b\u0438\u0447\u043d\u044b\u0435 \u0434\u0430\u043d\u043d\u044b\u0435; \u043f\u043e\u0433\u043e\u0434\u0430, \u0432\u0440\u0435\u043c\u0435\u043d\u0430 \u0433\u043e\u0434\u0430, \u043c\u0435\u0441\u044f\u0446\u044b \u0438 \u0434\u0430\u0442\u044b; \u0432\u0440\u0435\u043c\u044f \u0441\u0443\u0442\u043e\u043a; \u0440\u0430\u0441\u043f\u043e\u0440\u044f\u0434\u043e\u043a \u0434\u043d\u044f;<\/p>\n<p>\u043a\u0430\u0447\u0435\u0441\u0442\u0432\u0430 \u0438 \u0446\u0432\u0435\u0442\u0430; \u0441\u0435\u043c\u044c\u044f \u0438 \u0434\u043e\u043c; \u043f\u0440\u0438\u0433\u043e\u0442\u043e\u0432\u043b\u0435\u043d\u0438\u0435 \u0447\u0430\u044f; \u0435\u0434\u0430 \u0438 \u043d\u0430\u043f\u0438\u0442\u043a\u0438; \u0440\u0430\u0431\u043e\u0442\u0430 \u0438 \u043f\u0440\u043e\u0444\u0435\u0441\u0441\u0438\u0438.<\/p>\n<p>\u041f\u0438\u0441\u044c\u043c\u043e: \u0437\u0430\u043f\u043e\u043b\u043d\u0435\u043d\u0438\u0435 \u043f\u0440\u043e\u043f\u0443\u0441\u043a\u043e\u0432; \u0441\u043e\u0441\u0442\u0430\u0432\u043b\u0435\u043d\u0438\u0435 \u043f\u0440\u0435\u0434\u043b\u043e\u0436\u0435\u043d\u0438\u0439, \u043d\u0430\u043f\u0438\u0441\u0430\u043d\u0438\u0435 \u0430\u043d\u043a\u0435\u0442\u044b \u0441 \u043f\u0440\u043e\u0441\u044c\u0431\u043e\u0439 \u0443\u043a\u0430\u0437\u0430\u0442\u044c \u0430\u0434\u0440\u0435\u0441 \u0438 \u043b\u0438\u0447\u043d\u044b\u0435 \u0434\u0430\u043d\u043d\u044b\u0435; \u0441\u043e\u0441\u0442\u0430\u0432\u043b\u0435\u043d\u0438\u0435 \u0432\u043e\u043f\u0440\u043e\u0441\u043e\u0432 \u0438 \u043e\u0442\u0432\u0435\u0442\u043e\u0432.<\/td>\n<\/tr>\n<tr>\n<td align=\"left\"><strong>\u0423\u0441\u043b\u043e\u0432\u0438\u044f \u0434\u043b\u044f \u043d\u0430\u0447\u0430\u043b\u0430 \u043a\u043e\u043d\u0442\u0440\u0430\u043a\u0442\u0430<\/strong>:<\/td>\n<td align=\"left\">\u041f\u0440\u0438\u0435\u043c \u043e\u0441\u0443\u0449\u0435\u0441\u0442\u0432\u043b\u044f\u0435\u0442\u0441\u044f \u043d\u0430 \u043e\u0441\u043d\u043e\u0432\u0430\u043d\u0438\u0438 \u0440\u0435\u0433\u0438\u0441\u0442\u0440\u0430\u0446\u0438\u043e\u043d\u043d\u044b\u0445 \u0437\u0430\u044f\u0432\u043b\u0435\u043d\u0438\u0439.<\/td>\n<\/tr>\n<tr>\n<td align=\"left\"><strong>\u041e\u043f\u0438\u0441\u0430\u043d\u0438\u0435 \u0438\u0441\u043f\u043e\u043b\u044c\u0437\u0443\u0435\u043c\u043e\u0433\u043e \u043f\u0440\u043e\u0446\u0435\u0441\u0441\u0430\/\u043c\u0435\u0442\u043e\u0434\u043e\u0432 \u043e\u0431\u0443\u0447\u0435\u043d\u0438\u044f:<\/strong><\/td>\n<td align=\"left\">\u0418\u0441\u043f\u043e\u043b\u044c\u0437\u043e\u0432\u0430\u043d\u0438\u0435 \u0440\u0430\u0437\u043b\u0438\u0447\u043d\u044b\u0445 \u0430\u043a\u0442\u0438\u0432\u043d\u044b\u0445 \u043c\u0435\u0442\u043e\u0434\u043e\u0432 \u043e\u0431\u0443\u0447\u0435\u043d\u0438\u044f, \u0440\u043e\u043b\u0435\u0432\u044b\u0435 \u0438\u0433\u0440\u044b, \u043f\u0440\u043e\u0441\u043c\u043e\u0442\u0440 \u0438 \u0430\u043d\u0430\u043b\u0438\u0437 \u0432\u0438\u0434\u0435\u043e, \u0443\u043f\u0440\u0430\u0436\u043d\u0435\u043d\u0438\u044f \u043d\u0430 \u0430\u0443\u0434\u0438\u0440\u043e\u0432\u0430\u043d\u0438\u0435 \u0438 \u043f\u0435\u0440\u0435\u0432\u043e\u0434.<\/td>\n<\/tr>\n<tr>\n<td align=\"left\"><strong>\u0421\u043f\u0438\u0441\u043e\u043a \u0443\u0447\u0435\u0431\u043d\u044b\u0445 \u043c\u0430\u0442\u0435\u0440\u0438\u0430\u043b\u043e\u0432:<\/strong><\/td>\n<td align=\"left\">\u041c\u0430\u0439 \u0424\u0440\u0438\u043a. \u0424\u0438\u043d\u0441\u043a\u0438\u0439 \u044f\u0437\u044b\u043a \u0434\u043b\u044f \u0441\u0430\u043c\u043e\u043e\u0431\u0443\u0447\u0430\u044e\u0449\u0438\u0445\u0441\u044f. \u0414\u043b\u044f \u043d\u0430\u0447\u0438\u043d\u0430\u044e\u0449\u0438\u0445 \u0438 \u0441\u043d\u043e\u0432\u0430 \u043d\u0430\u0447\u0438\u043d\u0430\u044e\u0449\u0438\u0445. \u0422\u0430\u043b\u043b\u0438\u043d\u043d: \u0418\u0437\u0434\u0430\u0442\u0435\u043b\u044c\u0441\u0442\u0432\u043e TEA.<\/td>\n<\/tr>\n<tr>\n<td align=\"left\"><strong>\u041e\u0446\u0435\u043d\u043a\u0430, \u0442\u0440\u0435\u0431\u043e\u0432\u0430\u043d\u0438\u044f \u0434\u043b\u044f \u043f\u043e\u043b\u0443\u0447\u0435\u043d\u0438\u044f \u0434\u0438\u043f\u043b\u043e\u043c\u0430:<\/strong><\/td>\n<td align=\"left\">\u00a0\u0421\u0442\u0443\u0434\u0435\u043d\u0442 \u043f\u043e\u0441\u0435\u0449\u0430\u0435\u0442 \u043d\u0435 \u043c\u0435\u043d\u0435\u0435 80% \u0430\u0443\u0434\u0438\u0442\u043e\u0440\u043d\u044b\u0445 \u0437\u0430\u043d\u044f\u0442\u0438\u0439, \u0432\u044b\u043f\u043e\u043b\u043d\u044f\u0435\u0442 \u0441\u0430\u043c\u043e\u0441\u0442\u043e\u044f\u0442\u0435\u043b\u044c\u043d\u0443\u044e \u0440\u0430\u0431\u043e\u0442\u0443.<\/td>\n<\/tr>\n<\/tbody>\n<\/table>\n<\/div>\n<\/div><\/div><\/div><\/div>","protected":false},"excerpt":{"rendered":"","protected":false},"author":1,"featured_media":0,"parent":2571,"menu_order":0,"comment_status":"closed","ping_status":"closed","template":"","meta":{"footnotes":""},"class_list":["post-2584","page","type-page","status-publish","hentry"],"aioseo_notices":[],"_links":{"self":[{"href":"https:\/\/kvkoolitus.ee\/ru\/wp-json\/wp\/v2\/pages\/2584","targetHints":{"allow":["GET"]}}],"collection":[{"href":"https:\/\/kvkoolitus.ee\/ru\/wp-json\/wp\/v2\/pages"}],"about":[{"href":"https:\/\/kvkoolitus.ee\/ru\/wp-json\/wp\/v2\/types\/page"}],"author":[{"embeddable":true,"href":"https:\/\/kvkoolitus.ee\/ru\/wp-json\/wp\/v2\/users\/1"}],"replies":[{"embeddable":true,"href":"https:\/\/kvkoolitus.ee\/ru\/wp-json\/wp\/v2\/comments?post=2584"}],"version-history":[{"count":0,"href":"https:\/\/kvkoolitus.ee\/ru\/wp-json\/wp\/v2\/pages\/2584\/revisions"}],"up":[{"embeddable":true,"href":"https:\/\/kvkoolitus.ee\/ru\/wp-json\/wp\/v2\/pages\/2571"}],"wp:attachment":[{"href":"https:\/\/kvkoolitus.ee\/ru\/wp-json\/wp\/v2\/media?parent=2584"}],"curies":[{"name":"wp","href":"https:\/\/api.w.org\/{rel}","templated":true}]}}