{"id":3015,"date":"2022-01-05T10:54:11","date_gmt":"2022-01-05T08:54:11","guid":{"rendered":"https:\/\/kvkoolitus.ee\/?page_id=3015"},"modified":"2024-07-24T11:56:43","modified_gmt":"2024-07-24T08:56:43","slug":"haridus-2","status":"publish","type":"page","link":"https:\/\/kvkoolitus.ee\/ru\/sisekoolitused-asutustele\/haridus-2\/","title":{"rendered":"\u041e\u0411\u0423\u0427\u0415\u041d\u0418\u0415 \u041f\u0415\u0414\u0410\u0413\u041e\u0413\u041e\u0412"},"content":{"rendered":"<div class=\"fusion-fullwidth fullwidth-box fusion-builder-row-1 fusion-flex-container nonhundred-percent-fullwidth non-hundred-percent-height-scrolling\" style=\"--awb-border-radius-top-left:0px;--awb-border-radius-top-right:0px;--awb-border-radius-bottom-right:0px;--awb-border-radius-bottom-left:0px;--awb-flex-wrap:wrap;\" ><div class=\"fusion-builder-row fusion-row fusion-flex-align-items-flex-start fusion-flex-justify-content-center fusion-flex-content-wrap\" style=\"max-width:1456px;margin-left: calc(-4% \/ 2 );margin-right: calc(-4% \/ 2 );\"><div class=\"fusion-layout-column fusion_builder_column fusion-builder-column-0 fusion_builder_column_1_1 1_1 fusion-flex-column\" style=\"--awb-bg-size:cover;--awb-width-large:100%;--awb-margin-top-large:0px;--awb-spacing-right-large:1.92%;--awb-margin-bottom-large:0px;--awb-spacing-left-large:1.92%;--awb-width-medium:100%;--awb-spacing-right-medium:1.92%;--awb-spacing-left-medium:1.92%;--awb-width-small:100%;--awb-spacing-right-small:1.92%;--awb-spacing-left-small:1.92%;\"><div class=\"fusion-column-wrapper fusion-flex-justify-content-flex-start fusion-content-layout-column\"><div class=\"fusion-text fusion-text-1\"><p>Kersti V\u00f5lu Koolituskeskus pakub haridusasutuste t\u00f6\u00f6tajatele erinevaid avalikke kursuseid, sisekoolitusi ja \u00f5ppereise.<\/p>\n<p><strong>Pane t\u00e4hele!<\/strong> Koolitusi on v\u00f5imalik tellida sisekoolitustena Teile sobival ajal ja kohas!<\/p>\n<p><strong>Koolitused haridusjuhtidele, pedagoogidele, haridusvaldkonna spetsialistidele jne<\/strong><\/p>\n<ol>\n<li><a href=\"https:\/\/kvkoolitus.ee\/haridus-2\/eripedagoogika-alased-koolitused\/\">ERIPEDAGOOGIKA valdkonna koolitused<\/a><\/li>\n<li><a href=\"https:\/\/kvkoolitus.ee\/haridus-2\/pedagoogika-valdkonna-koolitused\/\">PEDAGOOGIKA valdkonna koolitused<\/a><\/li>\n<li><a href=\"https:\/\/kvkoolitus.ee\/haridus-2\/psuhholoogiaalased-koolitused\/\">PS\u00dcHHOLOOGIA valdkonna koolitused<\/a><\/li>\n<li><a href=\"https:\/\/kvkoolitus.ee\/haridus-2\/arendustegevus-haridusasutuses\/\">ARENDUSTEGEVUS haridusasutustes<\/a><\/li>\n<li><a href=\"https:\/\/kvkoolitus.ee\/koolitused-lasteaiaopetajatele\/\"><strong>KOOLITUSED LASTEAIA\u00d5PETAJATELE<\/strong><\/a><\/li>\n<li><strong>Kaug<\/strong><strong>\u00f5ppe<\/strong><strong>\u00a0korraldamine<\/strong><strong>\u00a0koolis<\/strong><\/li>\n<\/ol>\n<p><strong>Eripedagoogika valdkonna koolituste teemad: <\/strong><\/p>\n<p><strong>Koolituste sisu ja t\u00e4psem kirjeldus <\/strong><a href=\"https:\/\/kvkoolitus.ee\/haridus-2\/eripedagoogika-alased-koolitused\/\">ERIPEDAGOOGIKA valdkonna koolitused<\/a><\/p>\n<ol>\n<li>Autism \u2013 tundmatu, kuid maailmas \u00fcha sagenev erivajadus. Autistlik k\u00e4itumine.<\/li>\n<li>\u00d5pilase individuaalsuse toetamine. \u00d5piabis\u00fcsteemid ja I\u00d5K koostamine.<\/li>\n<li>Tugis\u00fcsteemid ja toetav \u00f5pe hariduslike erivajadustega \u00f5pilastele.<\/li>\n<li>K\u00e4itumisravi hariduslike erivajadustega \u00f5pilastele.<\/li>\n<li>Kaasava hariduse m\u00fc\u00fcdid<\/li>\n<li>HEV \u00f5pilane tavakoolis<\/li>\n<li>HEV \u00f5pilased koolis. T\u00f6\u00f6 printsiibid, alused, meetodid. Iseloomustus, erip\u00e4rad, abi osutamise v\u00f5imalused. Individuaalne \u00f5ppekava.<\/li>\n<li>Hariduslike erivajadustega lapsed tavakoolis, sh autismispektri h\u00e4irega lapsed (HEV)<\/li>\n<li>Eripedagoogilised v\u00f5tted \u00f5petaja igap\u00e4evat\u00f6\u00f6s<\/li>\n<li>Teraapilised t\u00f6\u00f6v\u00f5tted lasteaias ja koolis. \u00dclevaade erinevatest teraapiatest.<\/li>\n<li>Toimetulek probleemse k\u00e4itumisega lastega\/noortega<\/li>\n<li>Kognitiivse ja sensoorsete ise\u00e4rasuste v\u00e4ljaselgitamine. Keele ja k\u00f5ne arengutasemete m\u00e4\u00e4ratlemine, hindamiskriteeriumid selles valdkonnas. Kognitiivsed uurimused \u2013 \u00f5ppijate eriv\u00f5imete ja andekuse v\u00e4lja selgitamine.<\/li>\n<li>\u00d5ppimis- ja k\u00e4itumisraskuste m\u00e4\u00e4ratlemine. Laste agressiivsus.<\/li>\n<li>H\u00fcperaktiivne laps. H\u00fcperaktiivse lapsega t\u00f6\u00f6tamise iseloomustus, erip\u00e4ra, printsiibid ja meetodid, abi osutamise v\u00f5imalused. MBD-ga (minimaalse ajutegevuse disfunktsiooniga) lapsed.<\/li>\n<li>Andekas laps. Andeka lapse t\u00f6\u00f6tamise iseloomustus, erip\u00e4rad, printsiibid ja meetodid. Andekuse liigid. Andekuse kontseptsioon.<\/li>\n<li>\u00d5piabis\u00fcsteemid \u00fcldhariduskoolis, seadusandlus ja t\u00f6\u00f6korraldus. Koost\u00f6\u00f6 pere, sotsiaal- ja meditsiini ning hariduss\u00fcsteemi vahel: v\u00f5rgustikut\u00f6\u00f6. Spetsiifilised \u00f5piraskused.<\/li>\n<li>Vasakuk\u00e4eline laps. Temaga t\u00f6\u00f6tamise iseloomustus, erip\u00e4rad, printsiibid ja meetodid.<\/li>\n<li>Poisid ja t\u00fcdrukud \u2013 kaks erinevat maailma.<\/li>\n<li>Kujundav hindamine.<\/li>\n<li>Varajane sekkumine. Erip\u00e4rad, printsiibid ja meetodid.<\/li>\n<li>Funktsionaalne lugemine<\/li>\n<li>Piltide ja ajakirjade kasutamine koolitunnis<\/li>\n<li>Eesti keele \u00f5piabi<\/li>\n<li>Matemaatika \u00f5piabi<\/li>\n<\/ol>\n<p><strong>Pedagoogika valdkonna koolituste teemad:<\/strong><\/p>\n<ol>\n<li>Desmos ja TeacherDesmos matemaatika\u00f5petajatele<\/li>\n<li>\u00d5ues\u00f5ppe v\u00f5imalused<\/li>\n<li>Arenguvestlus koolis<\/li>\n<li>T\u00f6\u00f6tajate juhendamine ja arenguvestlused koolis\/lasteasutuses<\/li>\n<li>\u00d5petaja eneseanal\u00fc\u00fcsi l\u00e4biviimine<\/li>\n<li>Kuidas m\u00f5ista ja aidata uue ajastu \u00f5pilast<\/li>\n<li>\u00d5pikeskkonna kujundamine. Mitteformaalne \u00f5pe.<\/li>\n<li>Koost\u00f6\u00f6v\u00f5imalused lapsevanemaga<\/li>\n<li>V\u00e4\u00e4rtuskasvatus koolis ja lasteaias<\/li>\n<li>V\u00e4\u00e4rtus\u00f5petus \u2013 v\u00e4\u00e4rtuste kujunemine ja kujundamine<\/li>\n<li>Lapse motiveerimine ja tunnustamine<\/li>\n<li>Kiusamine ja lapsevanema roll selles<\/li>\n<li>Sotsiaalsete ja enesekohaste oskuste \u00f5petamine koolieelikule<\/li>\n<li>Koolieelik ja meediakasvatus<\/li>\n<li>Lapse \u00fcldoskuste arengut soodustava keskkonna loomine koolieelses lasteasutuses<\/li>\n<li>Digiajastu noor \u2013 kas \u00f5petaja \u00f5udusunen\u00e4gu?<\/li>\n<li>M\u00d5K ( muutunud \u00f5pik\u00e4sitlus) ja muutunud \u00f5pik\u00e4sitluse \u00fcldp\u00e4devused<\/li>\n<li>Aktiiv\u00f5ppeteooria ja aktiiv\u00f5ppem\u00e4ngud muutunvas \u00f5pik\u00e4sitluses<\/li>\n<li>Kutse-eetika t\u00f6\u00f6s lastevanematega<\/li>\n<li>Soodsa \u00f5pikeskkonna loomine<\/li>\n<li>Innovatiivsete protsesside loomine hariduss\u00fcsteemis ja stereot\u00fc\u00fcpide muutumine<\/li>\n<li>T\u00e4htis t\u00e4hestik<\/li>\n<li>Piltide ja ajakirjade kasutamine lasteaias<\/li>\n<li>Piltide ja ajakirjade kasutamine koolitunnis<\/li>\n<\/ol>\n<p><strong>Ps\u00fchholoogia-alasete koolituste teemad p\u00f5hikooli ja g\u00fcmnaasiumi t\u00f6\u00f6tajatele:<\/strong><\/p>\n<ol>\n<li>Mina ja mina<\/li>\n<li>Mina ja Minu l\u00e4hisuhted<\/li>\n<li>Mina ja t\u00f6\u00f6<\/li>\n<li>V\u00e4\u00e4rtusp\u00f5hine kasvatus<\/li>\n<li><a href=\"https:\/\/kvkoolitus.ee\/soltuvused-toed-muudid-ja-praktilised-lahendused\/\">S\u00f5ltuvused: t\u00f5ed, m\u00fc\u00fcdid ja praktilised lahendused<\/a><\/li>\n<\/ol>\n<p><strong>Arendustegevus haridusasutustes koolituste teemad:<\/strong><\/p>\n<ol>\n<li>Arendustegevuse terviklik s\u00fcsteem koolis \u2013 \u00f5ppekavast sisehindamise, arengukava ja eelarvestamiseni<\/li>\n<li>T\u00f6\u00f6tajate juhendamine ja arenguvestlused koolis<\/li>\n<li>Muutuste juhtimine ja meeskonna kaasamine koolis<\/li>\n<li>Enesehindamise praktiline kursus \u00fcldhariduskoolidele<\/li>\n<li>Enesejuhtimine ja pedagoogiliste ressursside kasutamine<\/li>\n<li>Supervisioon ja coaching isiksuse ja organisatsiooni arenguvahendina<\/li>\n<li>G\u00fcmnaasiumi, p\u00f5hikooli \u00f5petajate toetamine kutsestandardi n\u00f5uetega kurssi viimisel<\/li>\n<li>\u00d5petaja efektiivne suhtlemisoskus I<\/li>\n<li>\u00d5petaja efektiivne suhtlemisoskus II<\/li>\n<li>Ps\u00fchholoogia valdkonna koolitused<\/li>\n<li>Eripedagoogika valdkonna koolitused<\/li>\n<li>Pedagoogika valdkonna koolitused<\/li>\n<li>Kaug\u00f5ppe korraldamine koolis<\/li>\n<\/ol>\n<p><strong>Tellimine ja info:<\/strong><\/p>\n<p>Telefon: 55 583 410; 53 475 016<br \/>\nE-post:\u00a0<a href=\"mailto:info@kvkoolitus.ee\">info@kvkoolitus.ee<\/a><\/p>\n<p>Koolituse tellimiseks saatke p\u00e4ring e-postile v\u00f5i t\u00e4itke \u00e4ra allolev vorm:<\/p>\n<form method=\"post\" enctype=\"multipart\/form-data\" id=\"vfbp-form-4\" class=\"vfbp-form\"><div style=\"display:none;\"><label for=\"vfbp-EMAIL-AN8fuQyoDLXem\">\u0415\u0441\u043b\u0438 \u0412\u044b \u0447\u0435\u043b\u043e\u0432\u0435\u043a, \u043e\u0441\u0442\u0430\u0432\u044c\u0442\u0435 \u044d\u0442\u043e \u043f\u043e\u043b\u0435 \u043f\u0443\u0441\u0442\u044b\u043c<\/label><input size=\"25\" autocomplete=\"off\" type=\"text\" name=\"vfbp-EMAIL-AN8fuQyoDLXem\" value=\"\" id=\"\"><\/div><input type=\"hidden\" name=\"_vfb-timestamp-4\" value=\"1776608225\" id=\"\"><input type=\"hidden\" name=\"_vfb-form-id\" value=\"4\" id=\"\"><div class=\"vfb-col-12 vfb-fieldType-hidden\" id=\"vfbField50\"><input id=\"vfb-field-50\" class=\"vfb-form-control\" placeholder=\"\" type=\"hidden\" name=\"vfb-field-50\" value=\"HARIDUSASUTUSTE KOOLITUSED\"><\/div><div class=\"vfb-clearfix\"><\/div><div class=\"vfb-well vfb-col-12\" id=\"vfbField51\"><div class=\"vfb-form-group vfb-col-12\"><div><h3 class=\"\">Saada koolitussoovi p\u00e4ring siit v\u00f5i <a href=\"\/koolitused\">vaata koolituskalendrit<\/a><\/h3><\/div><\/div><div class=\"vfb-col-12 vfb-fieldType-heading\" id=\"vfbField51\"><\/div><div class=\"vfb-clearfix\"><\/div><div class=\"vfb-col-12 vfb-fieldType-textarea\" id=\"vfbField57\"><div class=\"vfb-form-group\"><label for=\"vfb-field-57\" class=\"vfb-control-label\">Kirjeldage oma koolitussoovi v\u00f5i -vajadust<\/label><div><textarea id=\"vfb-field-57\" class=\"vfb-form-control\" placeholder=\"\" rows=\"6\" name=\"vfb-field-57\" cols=\"50\"><\/textarea><\/div><\/div><\/div><div class=\"vfb-clearfix\"><\/div><div class=\"vfb-col-4 vfb-fieldType-text\" id=\"vfbField54\"><div class=\"vfb-form-group\"><label for=\"vfb-field-54\" class=\"vfb-control-label\">Nimi <span class=\"vfb-required-asterisk\">*<\/span><\/label><div><input id=\"vfb-field-54\" class=\"vfb-form-control\" placeholder=\"\" required=\"required\" type=\"text\" name=\"vfb-field-54\" value=\"\"><\/div><\/div><\/div><div class=\"vfb-col-4 vfb-fieldType-email\" id=\"vfbField55\"><div class=\"vfb-form-group\"><label for=\"vfb-field-55\" class=\"vfb-control-label\">E-posti aadress <span class=\"vfb-required-asterisk\">*<\/span><\/label><div><input id=\"vfb-field-55\" class=\"vfb-form-control\" placeholder=\"\" required=\"required\" type=\"email\" name=\"vfb-field-55\" value=\"\"><\/div><\/div><\/div><div class=\"vfb-col-4 vfb-fieldType-text\" id=\"vfbField56\"><div class=\"vfb-form-group\"><label for=\"vfb-field-56\" class=\"vfb-control-label\">Telefon <span class=\"vfb-required-asterisk\">*<\/span><\/label><div><input id=\"vfb-field-56\" class=\"vfb-form-control\" placeholder=\"\" required=\"required\" type=\"text\" name=\"vfb-field-56\" value=\"\"><\/div><\/div><\/div><div class=\"vfb-clearfix\"><\/div><div class=\"vfb-col-12 vfb-fieldType-checkbox\" id=\"vfbField58\"><label for=\"vfb-field-58\" class=\"vfb-control-label\"> <span class=\"vfb-required-asterisk\">*<\/span><\/label><div><div class=\"vfb-checkbox\"><label><input id=\"vfb-field-58-0\" class=\"\" placeholder=\"\" data-vfb-multiple=\"vfb-field-58\" required=\"required\" type=\"checkbox\" name=\"vfb-field-58[0]\" value=\"1\">Kinnitan, et olen tutvunud \u00d5ppet\u00f6\u00f6 korraldusega ja v\u00f5tan enesele k\u00f5ik sellest tulenevad kohustused<\/label><\/div><\/div><\/div><div class=\"vfb-clearfix\"><\/div><div class=\"vfb-col-12 vfb-fieldType-submit\" id=\"vfbField59\"><button id=\"vfb-field-59\" class=\" btn btn-primary\" placeholder=\"\" type=\"submit\" name=\"_vfb-submit\">Saada<\/button><\/div><div class=\"vfb-clearfix\"><\/div><\/div> <!-- .vfb-well --><\/form>\n<\/div><\/div><\/div><\/div><\/div>\n","protected":false},"excerpt":{"rendered":"","protected":false},"author":1,"featured_media":0,"parent":2357,"menu_order":0,"comment_status":"closed","ping_status":"closed","template":"","meta":{"footnotes":""},"class_list":["post-3015","page","type-page","status-publish","hentry"],"aioseo_notices":[],"_links":{"self":[{"href":"https:\/\/kvkoolitus.ee\/ru\/wp-json\/wp\/v2\/pages\/3015","targetHints":{"allow":["GET"]}}],"collection":[{"href":"https:\/\/kvkoolitus.ee\/ru\/wp-json\/wp\/v2\/pages"}],"about":[{"href":"https:\/\/kvkoolitus.ee\/ru\/wp-json\/wp\/v2\/types\/page"}],"author":[{"embeddable":true,"href":"https:\/\/kvkoolitus.ee\/ru\/wp-json\/wp\/v2\/users\/1"}],"replies":[{"embeddable":true,"href":"https:\/\/kvkoolitus.ee\/ru\/wp-json\/wp\/v2\/comments?post=3015"}],"version-history":[{"count":1,"href":"https:\/\/kvkoolitus.ee\/ru\/wp-json\/wp\/v2\/pages\/3015\/revisions"}],"predecessor-version":[{"id":8046,"href":"https:\/\/kvkoolitus.ee\/ru\/wp-json\/wp\/v2\/pages\/3015\/revisions\/8046"}],"up":[{"embeddable":true,"href":"https:\/\/kvkoolitus.ee\/ru\/wp-json\/wp\/v2\/pages\/2357"}],"wp:attachment":[{"href":"https:\/\/kvkoolitus.ee\/ru\/wp-json\/wp\/v2\/media?parent=3015"}],"curies":[{"name":"wp","href":"https:\/\/api.w.org\/{rel}","templated":true}]}}