{"id":3028,"date":"2022-01-05T11:02:19","date_gmt":"2022-01-05T09:02:19","guid":{"rendered":"https:\/\/kvkoolitus.ee\/?page_id=3028"},"modified":"2026-02-13T13:49:24","modified_gmt":"2026-02-13T11:49:24","slug":"meeskonnakoolitused","status":"publish","type":"page","link":"https:\/\/kvkoolitus.ee\/ru\/sisekoolitused-asutustele\/meeskonnakoolitused\/","title":{"rendered":"\u041a\u041e\u041c\u0410\u041d\u0414\u041d\u041e\u0415 \u041e\u0411\u0423\u0427\u0415\u041d\u0418\u0415"},"content":{"rendered":"<p><div class=\"fusion-fullwidth fullwidth-box fusion-builder-row-1 fusion-flex-container nonhundred-percent-fullwidth non-hundred-percent-height-scrolling\" style=\"--awb-border-radius-top-left:0px;--awb-border-radius-top-right:0px;--awb-border-radius-bottom-right:0px;--awb-border-radius-bottom-left:0px;--awb-flex-wrap:wrap;\" ><div class=\"fusion-builder-row fusion-row fusion-flex-align-items-flex-start fusion-flex-content-wrap\" style=\"max-width:1456px;margin-left: calc(-4% \/ 2 );margin-right: calc(-4% \/ 2 );\"><div class=\"fusion-layout-column fusion_builder_column fusion-builder-column-0 fusion_builder_column_1_1 1_1 fusion-flex-column\" style=\"--awb-bg-size:cover;--awb-width-large:100%;--awb-margin-top-large:0px;--awb-spacing-right-large:2.56%;--awb-margin-bottom-large:0px;--awb-spacing-left-large:1.92%;--awb-width-medium:100%;--awb-spacing-right-medium:1.92%;--awb-spacing-left-medium:1.92%;--awb-width-small:100%;--awb-spacing-right-small:1.92%;--awb-spacing-left-small:1.92%;\"><div class=\"fusion-column-wrapper fusion-flex-justify-content-flex-start fusion-content-layout-column\"><div class=\"fusion-text fusion-text-1\" style=\"--awb-text-transform:none;\"><p>Iga eduka ettev\u00f5tte alustalaks on \u00fchtselt toimiv meeskond, kes astub oma tegudes ja m\u00f5tetes koos juhiga \u00fchte jalga, t\u00f6\u00f6tab \u00fchiselt \u00fchtse eesm\u00e4rgi nimel.<\/p>\n<p>Koolita enda meeskonda meie profesionaalsete koolitajatega, kes aitavad \u00fcles leida meeskonna tugevad ja n\u00f5rgad k\u00fcljed ning vajadusel saad neid ka arendada. Koolitusi on v\u00f5imalik tellida asutusse kohapeale v\u00f5i ka koos v\u00e4ljas\u00f5iduga endale sobivasse kohta.<\/p>\n<ol>\n<li><a href=\"https:\/\/kvkoolitus.ee\/tootajate-meeskonnatreening\/\">T\u00f6\u00f6tajate meeskonnatreening<\/a><\/li>\n<li><a href=\"https:\/\/kvkoolitus.ee\/sisekoolitused\/motiveeriv-meeskonnatoo\/\">Motiveeriv meeskonnat\u00f6\u00f6<\/a><\/li>\n<li><a href=\"https:\/\/kvkoolitus.ee\/sisekoolitused\/meeskonnatoo-pane-kokku-oma-unistuste-meeskond\/\">Meeskonnat\u00f6\u00f6 \u2013 pane kokku oma unistuste meeskond!<\/a><\/li>\n<li><a href=\"https:\/\/kvkoolitus.ee\/sisekoolitused\/juhtimiskoolitus-i-mida-head-juhid-teevad\/\">Juhtimiskoolitus I: mida head juhid teevad<\/a><\/li>\n<li><a href=\"https:\/\/kvkoolitus.ee\/sisekoolitused\/juhtimiskoolitus-ii-kuidas-head-juhid-teevad\/\">Juhtimiskoolitus II: kuidas head juhid teevad<\/a><\/li>\n<li><a href=\"https:\/\/kvkoolitus.ee\/sisekoolitused\/organisatsiooni-strateegia-ja-arengukava-koostamine\/\">Organisatsiooni strateegia ja arengukava koostamine<\/a><\/li>\n<li><a href=\"https:\/\/kvkoolitus.ee\/sisekoolitused\/vaartuspohine-juhtimine\/\">V\u00e4\u00e4rtusp\u00f5hine juhtimine<\/a><\/li>\n<li><a href=\"https:\/\/kvkoolitus.ee\/sisekoolitused\/juhtimisoskuste-arendamine\/\">Juhtimisoskuste arendamine ning juhtimisoskuste treening<\/a><\/li>\n<li><a href=\"https:\/\/kvkoolitus.ee\/sisekoolitused\/coaching-juhtimisstiil-juhi-tooriist-tootaja-arendamisel\/\">Coaching juhtimisstiil \u2013juhi t\u00f6\u00f6riist t\u00f6\u00f6taja arendamisel<\/a><\/li>\n<li><a href=\"https:\/\/kvkoolitus.ee\/sisekoolitused\/personalijuhtimine-ja-personalitoo-arendamine\/\">Personalijuhtimine ja personalit\u00f6\u00f6 arendamine<\/a><\/li>\n<li><a href=\"https:\/\/kvkoolitus.ee\/sisekoolitused\/praktiline-juhtimisoskuste-treening\/\">Praktiline juhtimisoskuste treening<\/a><\/li>\n<li><a href=\"https:\/\/kvkoolitus.ee\/sisekoolitused\/juhi-alluva-arengu-tulemusvestluste-labiviimine\/\">Juhi \u2013alluva arengu\/tulemusvestluste l\u00e4biviimine<\/a><\/li>\n<li><a href=\"https:\/\/kvkoolitus.ee\/sisekoolitused\/konflikt-ja-selle-juhtimine\/\">Konflikt ja selle juhtimine<\/a><\/li>\n<li><a href=\"https:\/\/kvkoolitus.ee\/sisekoolitused\/kuidas-lahendada-konflikte-labiraakimiste-teel-ning-pidada-raskeid-konelusi\/\">Kuidas lahendada konflikte l\u00e4bir\u00e4\u00e4kimiste teel ning pidada raskeid k\u00f5nelusi<\/a><\/li>\n<li><a href=\"https:\/\/kvkoolitus.ee\/sisekoolitused\/laetud-akud-heaolu-loovad-harjumused\/\">Laetud akud \u2013 heaolu loovad harjumused<\/a><\/li>\n<li><a href=\"https:\/\/kvkoolitus.ee\/sisekoolitused\/enesemotivatsioon-erilistel-aegadel\/\">Enesemotivatsioon erilistel aegadel<\/a><\/li>\n<li><a href=\"https:\/\/kvkoolitus.ee\/sisekoolitused\/loov-leidlikkus-juhtugu-mistahes-ma-leian-lahenduse\/\">Loov leidlikkus \u2013 juhtugu mistahes, ma leian lahenduse<\/a><\/li>\n<li><a href=\"https:\/\/kvkoolitus.ee\/sisekoolitused\/tulevikukindel-opi-onnestuma\/\">Tulevikukindel \u2013 \u00f5pi \u00f5nnestuma<\/a><\/li>\n<li><a href=\"https:\/\/kvkoolitus.ee\/sisekoolitused\/juhtide-arenguprogramm\/\">Juhtide arenguprogramm<\/a><\/li>\n<li><a href=\"https:\/\/kvkoolitus.ee\/sisekoolitused\/labiraakimisoskuste-koolitus\/\">L\u00e4bir\u00e4\u00e4kimisoskuste koolitus<\/a><\/li>\n<li><a href=\"https:\/\/kvkoolitus.ee\/sisekoolitused\/aja-juhtimise-koolitus\/\">Ajajuhtimise koolitus<\/a><\/li>\n<li><a href=\"https:\/\/kvkoolitus.ee\/sisekoolitused\/esinemisoskuste-koolitus\/\">Esinemisoskuste koolitus<\/a><\/li>\n<li><a href=\"https:\/\/kvkoolitus.ee\/sisekoolitused\/riskijuhtimise-koolitus-2\/\">Riskijuhtimise koolitus<\/a><\/li>\n<li><a href=\"https:\/\/kvkoolitus.ee\/sisekoolitused\/eksportmuugi-arendusprogramm\/\">Eksportm\u00fc\u00fcgi arendusprogramm<\/a><\/li>\n<li><a href=\"https:\/\/kvkoolitus.ee\/tohus-ajakasutus\/\">T\u00f5hus ajakasutus<\/a><\/li>\n<li><a href=\"https:\/\/kvkoolitus.ee\/parimate-mangijatega-meeskond-voidab\/\">Parimate m\u00e4ngijatega meeskond v\u00f5idab<\/a><\/li>\n<li><a href=\"https:\/\/kvkoolitus.ee\/mina-ja-meeskond\/\">Mina ja meeskond<\/a><\/li>\n<li><a href=\"https:\/\/kvkoolitus.ee\/tulemusliku-juhi-viis-pohioskust\/\">Tulemusliku juhi viis p\u00f5hioskust<\/a><\/li>\n<li><a href=\"https:\/\/kvkoolitus.ee\/8-astmeline-edu-valem\/\">8 astmeline edu valem<\/a><\/li>\n<\/ol>\n<p><strong>Tellimine ja info:<\/strong><\/p>\n<p>Telefon: 55 583 410; 53 475 016<br \/>\nE-post: <a href=\"mailto:info@kvkoolitus.ee\">info@kvkoolitus.ee<\/a><\/p>\n<p>Koolituse tellimiseks saatke p\u00e4ring e-postile v\u00f5i t\u00e4itke \u00e4ra allolev vorm:<\/p>\n<\/div><\/div><\/div><\/div><\/div><div class=\"fusion-fullwidth fullwidth-box fusion-builder-row-2 fusion-flex-container nonhundred-percent-fullwidth non-hundred-percent-height-scrolling\" style=\"--awb-border-radius-top-left:0px;--awb-border-radius-top-right:0px;--awb-border-radius-bottom-right:0px;--awb-border-radius-bottom-left:0px;--awb-flex-wrap:wrap;\" ><div class=\"fusion-builder-row fusion-row fusion-flex-align-items-flex-start fusion-flex-content-wrap\" style=\"max-width:1456px;margin-left: calc(-4% \/ 2 );margin-right: calc(-4% \/ 2 );\"><div class=\"fusion-layout-column fusion_builder_column fusion-builder-column-1 fusion_builder_column_1_1 1_1 fusion-flex-column\" style=\"--awb-bg-size:cover;--awb-width-large:100%;--awb-margin-top-large:10px;--awb-spacing-right-large:1.92%;--awb-margin-bottom-large:10px;--awb-spacing-left-large:1.92%;--awb-width-medium:100%;--awb-order-medium:0;--awb-spacing-right-medium:1.92%;--awb-spacing-left-medium:1.92%;--awb-width-small:100%;--awb-order-small:0;--awb-spacing-right-small:1.92%;--awb-spacing-left-small:1.92%;\"><div class=\"fusion-column-wrapper fusion-column-has-shadow fusion-flex-justify-content-flex-start fusion-content-layout-column\"><div class=\"fusion-text fusion-text-2\" style=\"--awb-text-transform:none;\"><form method=\"post\" enctype=\"multipart\/form-data\" id=\"vfbp-form-4\" class=\"vfbp-form\"><div style=\"display:none;\"><label for=\"vfbp-EMAIL-AN8fuQyoDLXem\">\u0415\u0441\u043b\u0438 \u0412\u044b \u0447\u0435\u043b\u043e\u0432\u0435\u043a, \u043e\u0441\u0442\u0430\u0432\u044c\u0442\u0435 \u044d\u0442\u043e \u043f\u043e\u043b\u0435 \u043f\u0443\u0441\u0442\u044b\u043c<\/label><input size=\"25\" autocomplete=\"off\" type=\"text\" name=\"vfbp-EMAIL-AN8fuQyoDLXem\" value=\"\" id=\"\"><\/div><input type=\"hidden\" name=\"_vfb-timestamp-4\" value=\"1777662196\" id=\"\"><input type=\"hidden\" name=\"_vfb-form-id\" value=\"4\" id=\"\"><div class=\"vfb-col-12 vfb-fieldType-hidden\" id=\"vfbField50\"><input id=\"vfb-field-50\" class=\"vfb-form-control\" placeholder=\"\" type=\"hidden\" name=\"vfb-field-50\" value=\"MEESKONNAKOOLITUSED\"><\/div><div class=\"vfb-clearfix\"><\/div><div class=\"vfb-well vfb-col-12\" id=\"vfbField51\"><div class=\"vfb-form-group vfb-col-12\"><div><h3 class=\"\">Saada koolitussoovi p\u00e4ring siit v\u00f5i <a href=\"\/koolitused\">vaata koolituskalendrit<\/a><\/h3><\/div><\/div><div class=\"vfb-col-12 vfb-fieldType-heading\" id=\"vfbField51\"><\/div><div class=\"vfb-clearfix\"><\/div><div class=\"vfb-col-12 vfb-fieldType-textarea\" id=\"vfbField57\"><div class=\"vfb-form-group\"><label for=\"vfb-field-57\" class=\"vfb-control-label\">Kirjeldage oma koolitussoovi v\u00f5i -vajadust<\/label><div><textarea id=\"vfb-field-57\" class=\"vfb-form-control\" placeholder=\"\" rows=\"6\" name=\"vfb-field-57\" cols=\"50\"><\/textarea><\/div><\/div><\/div><div class=\"vfb-clearfix\"><\/div><div class=\"vfb-col-4 vfb-fieldType-text\" id=\"vfbField54\"><div class=\"vfb-form-group\"><label for=\"vfb-field-54\" class=\"vfb-control-label\">Nimi <span class=\"vfb-required-asterisk\">*<\/span><\/label><div><input id=\"vfb-field-54\" class=\"vfb-form-control\" placeholder=\"\" required=\"required\" type=\"text\" name=\"vfb-field-54\" value=\"\"><\/div><\/div><\/div><div class=\"vfb-col-4 vfb-fieldType-email\" id=\"vfbField55\"><div class=\"vfb-form-group\"><label for=\"vfb-field-55\" class=\"vfb-control-label\">E-posti aadress <span class=\"vfb-required-asterisk\">*<\/span><\/label><div><input id=\"vfb-field-55\" class=\"vfb-form-control\" placeholder=\"\" required=\"required\" type=\"email\" name=\"vfb-field-55\" value=\"\"><\/div><\/div><\/div><div class=\"vfb-col-4 vfb-fieldType-text\" id=\"vfbField56\"><div class=\"vfb-form-group\"><label for=\"vfb-field-56\" class=\"vfb-control-label\">Telefon <span class=\"vfb-required-asterisk\">*<\/span><\/label><div><input id=\"vfb-field-56\" class=\"vfb-form-control\" placeholder=\"\" required=\"required\" type=\"text\" name=\"vfb-field-56\" value=\"\"><\/div><\/div><\/div><div class=\"vfb-clearfix\"><\/div><div class=\"vfb-col-12 vfb-fieldType-checkbox\" id=\"vfbField58\"><label for=\"vfb-field-58\" class=\"vfb-control-label\"> <span class=\"vfb-required-asterisk\">*<\/span><\/label><div><div class=\"vfb-checkbox\"><label><input id=\"vfb-field-58-0\" class=\"\" placeholder=\"\" data-vfb-multiple=\"vfb-field-58\" required=\"required\" type=\"checkbox\" name=\"vfb-field-58[0]\" value=\"1\">Kinnitan, et olen tutvunud \u00d5ppet\u00f6\u00f6 korraldusega ja v\u00f5tan enesele k\u00f5ik sellest tulenevad kohustused<\/label><\/div><\/div><\/div><div class=\"vfb-clearfix\"><\/div><div class=\"vfb-col-12 vfb-fieldType-submit\" id=\"vfbField59\"><button id=\"vfb-field-59\" class=\" btn btn-primary\" placeholder=\"\" type=\"submit\" name=\"_vfb-submit\">Saada<\/button><\/div><div class=\"vfb-clearfix\"><\/div><\/div> <!-- .vfb-well --><\/form>\n<\/div><\/div><\/div><\/div><\/div><\/p>\n","protected":false},"excerpt":{"rendered":"","protected":false},"author":1,"featured_media":0,"parent":2357,"menu_order":0,"comment_status":"closed","ping_status":"closed","template":"","meta":{"footnotes":""},"class_list":["post-3028","page","type-page","status-publish","hentry"],"aioseo_notices":[],"_links":{"self":[{"href":"https:\/\/kvkoolitus.ee\/ru\/wp-json\/wp\/v2\/pages\/3028","targetHints":{"allow":["GET"]}}],"collection":[{"href":"https:\/\/kvkoolitus.ee\/ru\/wp-json\/wp\/v2\/pages"}],"about":[{"href":"https:\/\/kvkoolitus.ee\/ru\/wp-json\/wp\/v2\/types\/page"}],"author":[{"embeddable":true,"href":"https:\/\/kvkoolitus.ee\/ru\/wp-json\/wp\/v2\/users\/1"}],"replies":[{"embeddable":true,"href":"https:\/\/kvkoolitus.ee\/ru\/wp-json\/wp\/v2\/comments?post=3028"}],"version-history":[{"count":3,"href":"https:\/\/kvkoolitus.ee\/ru\/wp-json\/wp\/v2\/pages\/3028\/revisions"}],"predecessor-version":[{"id":9047,"href":"https:\/\/kvkoolitus.ee\/ru\/wp-json\/wp\/v2\/pages\/3028\/revisions\/9047"}],"up":[{"embeddable":true,"href":"https:\/\/kvkoolitus.ee\/ru\/wp-json\/wp\/v2\/pages\/2357"}],"wp:attachment":[{"href":"https:\/\/kvkoolitus.ee\/ru\/wp-json\/wp\/v2\/media?parent=3028"}],"curies":[{"name":"wp","href":"https:\/\/api.w.org\/{rel}","templated":true}]}}