{"id":3050,"date":"2022-01-05T11:21:09","date_gmt":"2022-01-05T09:21:09","guid":{"rendered":"https:\/\/kvkoolitus.ee\/?page_id=3050"},"modified":"2025-09-02T14:16:49","modified_gmt":"2025-09-02T11:16:49","slug":"tootervishoiu-ja-tooohutusalane-valjaoppekursus","status":"publish","type":"page","link":"https:\/\/kvkoolitus.ee\/ru\/sisekoolitused-asutustele\/tooalased-koolitused\/esmaabi\/tootervishoiu-ja-tooohutusalane-valjaoppekursus\/","title":{"rendered":"\u0423\u0427\u0415\u0411\u041d\u042b\u0419 \u041a\u0423\u0420\u0421 \u041f\u041e \u041e\u0425\u0420\u0410\u041d\u0415 \u0422\u0420\u0423\u0414\u0410 \u0418 \u0422\u0415\u0425\u041d\u0418\u041a\u0415 \u0411\u0415\u0417\u041e\u041f\u0410\u0421\u041d\u041e\u0421\u0422\u0418 \u041d\u0410 \u0420\u0410\u0411\u041e\u0427\u0415\u041c \u041c\u0415\u0421\u0422\u0415"},"content":{"rendered":"<div class=\"fusion-fullwidth fullwidth-box fusion-builder-row-1 fusion-flex-container nonhundred-percent-fullwidth non-hundred-percent-height-scrolling\" style=\"--awb-border-radius-top-left:0px;--awb-border-radius-top-right:0px;--awb-border-radius-bottom-right:0px;--awb-border-radius-bottom-left:0px;--awb-flex-wrap:wrap;\" ><div class=\"fusion-builder-row fusion-row fusion-flex-align-items-flex-start fusion-flex-content-wrap\" style=\"max-width:1456px;margin-left: calc(-4% \/ 2 );margin-right: calc(-4% \/ 2 );\"><div class=\"fusion-layout-column fusion_builder_column fusion-builder-column-0 fusion_builder_column_1_1 1_1 fusion-flex-column\" style=\"--awb-bg-size:cover;--awb-width-large:100%;--awb-margin-top-large:0px;--awb-spacing-right-large:1.92%;--awb-margin-bottom-large:0px;--awb-spacing-left-large:1.92%;--awb-width-medium:100%;--awb-spacing-right-medium:1.92%;--awb-spacing-left-medium:1.92%;--awb-width-small:100%;--awb-spacing-right-small:1.92%;--awb-spacing-left-small:1.92%;\"><div class=\"fusion-column-wrapper fusion-flex-justify-content-flex-start fusion-content-layout-column\"><div class=\"fusion-text fusion-text-1\"><p><strong>T\u00e4ienduskoolitusasutuse nimi: <\/strong>Kersti V\u00f5lu Koolituskeskus O\u00dc<\/p>\n<p><strong>\u00d5ppekava nimetus:<\/strong> <strong>T\u00f6\u00f6keskkonnavolinike ja t\u00f6\u00f6keskkonnan\u00f5ukogu liikmete v\u00e4lja\u00f5ppekursuse 24-tunnine \u00f5ppekava <\/strong><\/p>\n<p><strong>\u00d5ppekavar\u00fchm:<\/strong> T\u00f6\u00f6tervishoid ja -kaitse<\/p>\n<p><strong>\u00d5ppekava koostamise alus: <\/strong><\/p>\n<ul>\n<li>Tervise- ja t\u00f6\u00f6ministri 22. novembri 2018 a m\u00e4\u00e4rus nr 50 \u201eT\u00f6\u00f6keskkonnavoliniku, t\u00f6\u00f6keskkonna n\u00f5ukogu liikme ja esmaabiandja koolituse ja t\u00e4ienduskoolituse kord t\u00e4iendus- koolitusasutuses\u201c.<\/li>\n<li>T\u00e4iskasvanute koolituse seadus.<\/li>\n<\/ul>\n<p><strong> \u00d5ppe eesm\u00e4rk:<\/strong><\/p>\n<ul>\n<li>anda osalejatele esmased teadmised t\u00f6\u00f6ohutuse ning t\u00f6\u00f6tervishoiu korraldusest ettev\u00f5tte ning riigi tasandil.<\/li>\n<\/ul>\n<p><strong>\u00d5piv\u00e4ljundid:            <\/strong><\/p>\n<ul>\n<li>teab T\u00f6\u00f6tervishoiu- ja t\u00f6\u00f6ohutuse seadusest (TTOS) tulenevaid n\u00f5udeid ja kohustusi nii t\u00f6\u00f6andjale kui t\u00f6\u00f6tajale ning \u00fcldiseid korralduslikke n\u00f5udeid;<\/li>\n<li>Teab TTOS-st tulenevate m\u00e4\u00e4ruste (rakendusaktide) korralduslikke n\u00f5udeid;<\/li>\n<li>teab t\u00f6\u00f6keskkonna ohutegureid ning nende maandamise meetmeid;<\/li>\n<li>oskab koostada t\u00f6\u00f6keskkonna riskianal\u00fc\u00fcsi ning tegevuskava;<\/li>\n<li>oskab kaasata teenuseosutajaid, t\u00f6\u00f6tervishoiuspetsialiste.<\/li>\n<\/ul>\n<p><strong>Sihtgrupp:<\/strong><\/p>\n<ul>\n<li>t\u00f6\u00f6keskkonnavolinikud, t\u00f6\u00f6keskkonnan\u00f5ukogu liikmed, t\u00f6\u00f6keskkonnaspetsialistid, t\u00f6\u00f6andjad; muu isik, kes korraldab ettev\u00f5ttes t\u00f6\u00f6keskkonnaalast tegevust;<\/li>\n<\/ul>\n<p><strong>\u00d5ppe alustamise tingimused:<\/strong><\/p>\n<ul>\n<li>\u00f5ppija peab m\u00f5istma koolituse l\u00e4biviimise keelt;<\/li>\n<li>veebikoolitusel ja e-\u00f5ppes osalemiseks on vajalik interneti\u00fchendus, arvuti, kaamera ja mikrofoni olemasolu.<\/li>\n<\/ul>\n<p><strong>\u00d5ppe kogumaht<\/strong>: 24 akadeemilist tundi.<\/p>\n<p><strong>\u00d5ppekeskkond:<\/strong><\/p>\n<ul>\n<li>koolitus v\u00f5ib toimuda kontakt\u00f5ppena, veebikoolitusena v\u00f5i h\u00fcbriid\u00f5ppena;<\/li>\n<li>kontakt\u00f5pe toimub koolitusruumis, mis on varustatud koolituse l\u00e4biviimiseks kaasaegsete tehniliste vahenditega. Koolitusruumis   on sobilik sisekliima ( sh konditsioneer) ning n\u00f5uetele vastav valgustus.<\/li>\n<li>Veebikoolitus toimub veebiplatvormil Zoom, mis v\u00f5imaldab k\u00f5iki \u00f5ppemeetodeid kasutada teadmiste omandamisel. Enne koolituse algust saadetakse osalejatele koolitusele sisenemiseks l\u00fchiinfo.<\/li>\n<li>H\u00fcbriid\u00f5ppe korral on v\u00f5imalus \u00f5ppijal vastavalt soovile osaleda kas klassiruumis v\u00f5i veebis (Zoom). H\u00fcbriid\u00f5ppes kasutame koolituse l\u00e4biviimiseks professionaalset tehnikat, mis v\u00f5imaldab koolitust l\u00e4bi viia kvaliteetselt. Osalejad, kes \u00f5pivad veebis, tunnevad ennast nagu kontakt\u00f5ppes kohapeal. Enne koolituse algust saadetakse veebis osalejatele koolitusele sisenemiseks l\u00fchiinfo;<\/li>\n<\/ul>\n<p><strong>\u00d5ppeprotsessi kirjeldus sh \u00f5ppe sisu, \u00f5ppemeetodid ja \u2013materjalid): <\/strong><\/p>\n<ul>\n<li>\u00d5pe toimub kolmel p\u00e4eval auditoorselt v\u00f5i veebi\u00f5ppena (k.a h\u00fcbriid\u00f5pe). Koolitused toimuvad t\u00f6\u00f6p\u00e4eviti kella 9.00-16.00;<\/li>\n<li>Koolitusel kasutatavad \u00f5ppevormid: loeng, arutelu, praktilised harjutused.<\/li>\n<li>\u00d5ppijale edastatakse digitaalselt koolitaja poolt v\u00e4lja t\u00f6\u00f6tatud \u00f5ppematerjalid.<\/li>\n<\/ul>\n<p><strong>\u00d5ppe sisu:<\/strong><\/p>\n<ol>\n<li>teema: \u00dcLDS\u00c4TTED<\/li>\n<\/ol>\n<p>1.1. T\u00f6\u00f6tervishoiu ja t\u00f6\u00f6ohutuse seadus (TTOS) &#8211; t\u00f6\u00f6keskkonna m\u00f5iste, t\u00f6\u00f6olme, t\u00f6\u00f6andja ja t\u00f6\u00f6taja kohustused ja \u00f5igused, esmaabi, juhendamine, tervishoiuteenus, t\u00f6\u00f6\u00f5nnetus ja kutsehaigestumine (registreerimine, teatamine, uurimine), \u00f5nnetusoht, t\u00f6\u00f6andja ja t\u00f6\u00f6taja vastutus, riiklik j\u00e4relevalve.<\/p>\n<p><em>Selgitatakse seadusest tulenevaid \u00f5igusi ning kohustusi ning nende erisusi. <\/em><\/p>\n<ol start=\"2\">\n<li>teema: T\u00d6\u00d6TERVISHOIU JA T\u00d6\u00d6OHUTUSE KORRALDUS<\/li>\n<\/ol>\n<p>2.1. Ettev\u00f5tte tasandil: t\u00f6\u00f6keskkonnaspetsialist, t\u00f6\u00f6keskkonnavolinik, t\u00f6\u00f6keskkonnan\u00f5ukogu.<\/p>\n<p><em>Vaadeldakse vastutavate isikute tegevusi, \u00fcldist korraldust ning korraldamise erinevaid v\u00f5imalusi olenevalt ettev\u00f5tte struktuurist.<\/em><\/p>\n<ol start=\"3\">\n<li>teema: TTOS ALUSEL KEHTESTATUD M\u00c4\u00c4RUSED<\/li>\n<\/ol>\n<p><em>TTOS alusel on kehtestatud 23 m\u00e4\u00e4rust, mida 24 akadeemilise tunni jooksul ei j\u00f5ua p\u00f5hjalikult l\u00e4bi vaadata, seep\u00e4rast vaadeldakse p\u00f5hjalikult m\u00e4\u00e4rusi, mis koolituse sihtgrupiga seotud.<\/em><\/p>\n<p>3.1. T\u00f6\u00f6kohale ning t\u00f6\u00f6vahenditele esitatavad n\u00f5uded.<\/p>\n<p>3.3. Kuvariga t\u00f6\u00f6tamine.<br \/>\n<em>Vaadeldakse laiemalt kontori-ergonoomikat. <\/em><\/p>\n<p>3.4. Raskuste k\u00e4sitsi teisaldamine.<br \/>\n<em>Selgitatakse inimese f\u00fcsioloogiast tulenevaid ise\u00e4rasusi raskuste teisaldamisel.<\/em><\/p>\n<p>3.5. Teised m\u00e4\u00e4rused ning seadused olenevalt ettev\u00f5tte tegevusvaldkonnast ning vajadustest.<em> N\u00e4iteks Tuleohutuse seadus, Seadme ohutuse seadus, Kemikaaliseadus, selles osas, mis on seotud t\u00f6\u00f6keskkonna ja t\u00f6\u00f6tajate ohutuse tagamisega.<\/em><\/p>\n<ol start=\"4\">\n<li>teema: T\u00d6\u00d6KESKKONNA OHUTEGURID NING M\u00d5JU TERVISELE<\/li>\n<\/ol>\n<p>4.1. F\u00fc\u00fcsikalised, keemilised, bioloogilised, f\u00fcsioloogilised ja ps\u00fchholoogilised ning ps\u00fchhosotsiaalsed ohutegurid.<\/p>\n<p><em>Koolituse raames m\u00f5\u00f5detakse praktiliselt f\u00fc\u00fcsikalisi ohutegureid indikaatorseadmetega.<\/em><\/p>\n<p>4.2. T\u00f6\u00f6vahendite ning t\u00f6\u00f6keskkonna ergonoomia.<\/p>\n<ol start=\"5\">\n<li>teema: ISIKUKAITSEVAHENDID<\/li>\n<\/ol>\n<p>5.1. Isikukaitsevahendite valimine ning kasutamine.<\/p>\n<p><em>Koolituse raames n\u00e4idatakse praktiliselt isikukaitsevahendite valimise ja kasutamise omap\u00e4rasid.<\/em><\/p>\n<ol start=\"6\">\n<li>teema: RISKIANAL\u00dc\u00dcS<\/li>\n<\/ol>\n<p>6.1. Riskianal\u00fc\u00fcsi m\u00f5iste, riski hindamise meetodid, riskide ohjamise abin\u00f5ud.<\/p>\n<p>6.2. Sisekontroll, t\u00f6\u00f6tervishoiu ja t\u00f6\u00f6ohutuse tegevuskava.<\/p>\n<p><strong>Teemajaotus ajaliselt:<\/strong><\/p>\n<table width=\"597\">\n<tbody>\n<tr>\n<td width=\"359\"><strong>Teema<\/strong><\/td>\n<td width=\"76\"><strong>Osakaal tundides<\/strong><\/td>\n<td width=\"162\"><strong>M\u00e4rkused<\/strong><\/td>\n<\/tr>\n<tr>\n<td width=\"359\">1. \u00dclds\u00e4tted<\/td>\n<td width=\"76\">4<\/td>\n<td width=\"162\">Teoreetiline<\/td>\n<\/tr>\n<tr>\n<td width=\"359\">2. T\u00f6\u00f6tervishoiu ja t\u00f6\u00f6ohutuse korraldus<\/td>\n<td width=\"76\">4<\/td>\n<td width=\"162\">Teoreetiline<\/td>\n<\/tr>\n<tr>\n<td width=\"359\">3. TTOS alusel kehtestatud m\u00e4\u00e4rused<\/td>\n<td width=\"76\">5<\/td>\n<td width=\"162\">Teoreetiline<\/td>\n<\/tr>\n<tr>\n<td width=\"359\">4. T\u00f6\u00f6keskkonna ohutegurid ning m\u00f5ju tervisele<\/td>\n<td width=\"76\">3,5<\/td>\n<td width=\"162\">Teoreetiline, praktiline<\/td>\n<\/tr>\n<tr>\n<td width=\"359\">5. Isikukaitsevahendid<\/td>\n<td width=\"76\">3,5<\/td>\n<td width=\"162\">Teoreetiline, praktiline<\/td>\n<\/tr>\n<tr>\n<td width=\"359\">6. Riskianal\u00fc\u00fcs<\/td>\n<td width=\"76\">3,5<\/td>\n<td width=\"162\">Praktiline, kirjalik test<\/td>\n<\/tr>\n<tr>\n<td width=\"359\">\u00d5piv\u00e4ljundite saavutamise kontroll ning tagasiside<\/td>\n<td width=\"76\">0,5<\/td>\n<td width=\"162\">Kirjalik v\u00f5i suuline.<\/td>\n<\/tr>\n<\/tbody>\n<\/table>\n<p><strong>Hindamine ehk \u00f5ppe l\u00f5petamise tingimused:<\/strong><\/p>\n<p>V\u00e4lja\u00f5ppekursus l\u00f5peb osalejate teadmiste kontrolliga.<\/p>\n<p>Igale v\u00e4lja\u00f5ppekursuse osalejale v\u00e4ljastatakse koolitusasutuse tunnistus, kui ta on osalenud \u00f5ppet\u00f6\u00f6s v\u00e4hemalt 80% ulatuses ning koolituse l\u00e4biviija on veendunud kirjalikult v\u00f5i suuliselt, et osaleja on saavutanud p\u00fcstitatud \u00f5piv\u00e4ljundid.<\/p>\n<p><strong>Kui osalemise osakaal on alla 80% ning koolituse l\u00e4biviija on veendunud, et osaleja on saavutanud \u00f5piv\u00e4ljundid v\u00e4ljastatakse osalejale t\u00e4iendkoolituse l\u00e4bimise tunnistus vastavalt l\u00e4bitud teemadele. Tunnistusele m\u00e4rgitakse l\u00e4bitud teemad ning saavutatud \u00f5piv\u00e4ljundid.<\/strong><\/p>\n<p>Osalejale v\u00e4ljastatakse t\u00f5end kui koolituse l\u00e4biviijal ei ole v\u00f5imalik veenduda osaleja \u00f5piv\u00e4ljundite saavutamises.<\/p>\n<p><strong>Koolitaja:<\/strong> J\u00fcri Kuzmin (Eesti Maa\u00fclikool, ergonoomika, MA).<\/p>\n<\/p>\n<p><strong>\u00d5ppekava koostaja:<\/strong> J\u00fcri Kuzmin<\/p>\n<p><strong>\u00d5ppekava muudatused:<\/strong><\/p>\n<table>\n<tbody>\n<tr>\n<td width=\"73\"><strong>Jrk nr.<\/strong><\/td>\n<td width=\"97\"><strong>Kuup\u00e4ev<\/strong><\/td>\n<td width=\"437\"><strong>Muudatuste sisu<\/strong><\/td>\n<\/tr>\n<tr>\n<td width=\"73\">1<\/td>\n<td width=\"97\">01.12.2018<\/td>\n<td width=\"437\">\u00d5ppekava esmane verisoon.<\/td>\n<\/tr>\n<tr>\n<td width=\"73\">2<\/td>\n<td width=\"97\">16.11.2020<\/td>\n<td width=\"437\">Lisatud distants\u00f5ppe \u00f5ppevorm. Lisatud v\u00f5imalus \u00f5ppe v\u00e4ljundite kontrolliks ning tagasisidestamiseks suuliselt.<\/td>\n<\/tr>\n<tr>\n<td width=\"73\">3<\/td>\n<td width=\"97\">22.12.2020<\/td>\n<td width=\"437\">T\u00e4iend\u00f5ppekavade mahud ja sisud \u00fchtlustatud v\u00e4lja\u00f5ppekava sisuga.<\/td>\n<\/tr>\n<tr>\n<td width=\"73\">4<\/td>\n<td width=\"97\">26.10.2023<\/td>\n<td width=\"437\">Parandatud m\u00e4\u00e4ruste osa.<\/td>\n<\/tr>\n<\/tbody>\n<\/table>\n<p><strong style=\"background-color: rgba(0, 0, 0, 0);\">Tagasiside koolituse kohta palume t\u00e4ita:  <\/strong><a href=\"https:\/\/kvkoolitus.ee\/tagasiside\/\" style=\"background-color: rgba(0, 0, 0, 0);\">https:\/\/kvkoolitus.ee\/tagasiside\/<\/a><\/p>\n<\/p>\n<form method=\"post\" enctype=\"multipart\/form-data\" id=\"vfbp-form-1\" class=\"vfbp-form\"><div style=\"display:none;\"><label for=\"vfbp-EMAIL-AN8fuQyoDLXem\">\u0415\u0441\u043b\u0438 \u0412\u044b \u0447\u0435\u043b\u043e\u0432\u0435\u043a, \u043e\u0441\u0442\u0430\u0432\u044c\u0442\u0435 \u044d\u0442\u043e \u043f\u043e\u043b\u0435 \u043f\u0443\u0441\u0442\u044b\u043c<\/label><input size=\"25\" autocomplete=\"off\" type=\"text\" name=\"vfbp-EMAIL-AN8fuQyoDLXem\" value=\"\" id=\"\"><\/div><input type=\"hidden\" name=\"_vfb-timestamp-1\" value=\"1776669704\" id=\"\"><input type=\"hidden\" name=\"_vfb-form-id\" value=\"1\" id=\"\"><div class=\"vfb-col-12 vfb-fieldType-hidden\" id=\"vfbField5\"><input id=\"vfb-field-5\" class=\"vfb-form-control\" placeholder=\"\" type=\"hidden\" name=\"vfb-field-5\" value=\"T&Ouml;&Ouml;TERVISHOIU- JA T&Ouml;&Ouml;OHUTUSALANE V&Auml;LJA&Otilde;PPEKURSUS\"><\/div><div class=\"vfb-clearfix\"><\/div><div class=\"vfb-col-12 vfb-fieldType-hidden\" id=\"vfbField60\"><input id=\"vfb-field-60\" class=\"vfb-form-control\" placeholder=\"\" type=\"hidden\" name=\"vfb-field-60\" value=\"3050\"><\/div><div class=\"vfb-clearfix\"><\/div><div class=\"vfb-well vfb-col-12\" id=\"vfbField4\"><div class=\"vfb-form-group vfb-col-12\"><div><h3 class=\"\">Saada koolituse p\u00e4ring v\u00f5i <a href=\"\/koolitused\">vaata koolituskalendrit<\/a><\/h3><\/div><\/div><div class=\"vfb-col-12 vfb-fieldType-heading\" id=\"vfbField4\"><\/div><div class=\"vfb-clearfix\"><\/div><div class=\"vfb-col-4 vfb-fieldType-text\" id=\"vfbField1\"><div class=\"vfb-form-group\"><label for=\"vfb-field-1\" class=\"vfb-control-label\">Nimi <span class=\"vfb-required-asterisk\">*<\/span><\/label><div><input id=\"vfb-field-1\" class=\"vfb-form-control\" placeholder=\"\" required=\"required\" type=\"text\" name=\"vfb-field-1\" value=\"\"><\/div><\/div><\/div><div class=\"vfb-col-4 vfb-fieldType-email\" id=\"vfbField3\"><div class=\"vfb-form-group\"><label for=\"vfb-field-3\" class=\"vfb-control-label\">E-posti aadress <span class=\"vfb-required-asterisk\">*<\/span><\/label><div><input id=\"vfb-field-3\" class=\"vfb-form-control\" placeholder=\"\" required=\"required\" type=\"email\" name=\"vfb-field-3\" value=\"\"><\/div><\/div><\/div><div class=\"vfb-col-4 vfb-fieldType-text\" id=\"vfbField6\"><div class=\"vfb-form-group\"><label for=\"vfb-field-6\" class=\"vfb-control-label\">Telefon <span class=\"vfb-required-asterisk\">*<\/span><\/label><div><input id=\"vfb-field-6\" class=\"vfb-form-control\" placeholder=\"\" required=\"required\" type=\"text\" name=\"vfb-field-6\" value=\"\"><\/div><\/div><\/div><div class=\"vfb-clearfix\"><\/div><div class=\"vfb-col-12 vfb-fieldType-select\" id=\"vfbField81\"><label for=\"vfb-field-81\" class=\"vfb-control-label\">Soovin koolitust l\u00e4bida:<\/label><div><div class=\"vfb-form-group\"><select id=\"vfb-field-81\" class=\"vfb-form-control\" placeholder=\"\" name=\"vfb-field-81\"><option value=\"Eesti keeles\">Eesti keeles<\/option><option value=\"Vene keeles\">Vene keeles<\/option><\/select><\/div><\/div><\/div><div class=\"vfb-clearfix\"><\/div><div class=\"vfb-col-12 vfb-fieldType-select\" id=\"vfbField196\"><label for=\"vfb-field-196\" class=\"vfb-control-label\">Koolituse tellib:<\/label><div><div class=\"vfb-form-group\"><select id=\"vfb-field-196\" class=\"vfb-form-control\" placeholder=\"\" name=\"vfb-field-196\"><option value=\"Eraisik\">Eraisik<\/option><option value=\"Ettev&otilde;te\">Ettev\u00f5te<\/option><\/select><\/div><\/div><\/div><div class=\"vfb-clearfix\"><\/div><div class=\"vfb-col-4 vfb-fieldType-select\" id=\"vfbField11\"><label for=\"vfb-field-11\" class=\"vfb-control-label\">Kes arve tasub?<\/label><div><div class=\"vfb-form-group\"><select id=\"vfb-field-11\" class=\"vfb-form-control\" placeholder=\"\" name=\"vfb-field-11\"><option value=\"Ettev&otilde;te\">Ettev\u00f5te<\/option><option value=\"Eraisik\">Eraisik<\/option><option value=\"T&ouml;&ouml;tukassa\">T\u00f6\u00f6tukassa<\/option><\/select><\/div><\/div><\/div><div class=\"vfb-col-7 vfb-fieldType-text\" id=\"vfbField8\"><div class=\"vfb-form-group\"><label for=\"vfb-field-8\" class=\"vfb-control-label\">Ettev\u00f5tte nimi, kellele arve esitatakse <span class=\"vfb-required-asterisk\">*<\/span><\/label><div><input id=\"vfb-field-8\" class=\"vfb-form-control\" placeholder=\"\" required=\"required\" type=\"text\" name=\"vfb-field-8\" value=\"\"><\/div><\/div><\/div><div class=\"vfb-col-7 vfb-fieldType-text\" id=\"vfbField61\"><div class=\"vfb-form-group\"><label for=\"vfb-field-61\" class=\"vfb-control-label\">Eraisiku nimi, kellele arve esitatakse <span class=\"vfb-required-asterisk\">*<\/span><\/label><div><input id=\"vfb-field-61\" class=\"vfb-form-control\" placeholder=\"\" required=\"required\" type=\"text\" name=\"vfb-field-61\" value=\"\"><\/div><\/div><\/div><div class=\"vfb-clearfix\"><\/div><div class=\"vfb-col-12 vfb-fieldType-textarea\" id=\"vfbField12\"><div class=\"vfb-form-group\"><label for=\"vfb-field-12\" class=\"vfb-control-label\">Lisainfo<\/label><div><textarea id=\"vfb-field-12\" class=\"vfb-form-control\" placeholder=\"\" rows=\"5\" name=\"vfb-field-12\" cols=\"50\"><\/textarea><\/div><\/div><\/div><div class=\"vfb-clearfix\"><\/div><div class=\"vfb-col-6 vfb-fieldType-checkbox\" id=\"vfbField13\"><label for=\"vfb-field-13\" class=\"vfb-control-label\"><\/label><div><div class=\"vfb-checkbox\"><label><input id=\"vfb-field-13-0\" class=\"\" placeholder=\"\" data-vfb-multiple=\"vfb-field-13\" type=\"checkbox\" name=\"vfb-field-13[0]\" value=\"1\"> Soovin saada infot minu ala kursuste kohta<\/label><\/div><\/div><\/div><div class=\"vfb-col-6 vfb-fieldType-checkbox\" id=\"vfbField14\"><label for=\"vfb-field-14\" class=\"vfb-control-label\"><\/label><div><div class=\"vfb-checkbox\"><label><input id=\"vfb-field-14-0\" class=\"\" placeholder=\"\" data-vfb-multiple=\"vfb-field-14\" type=\"checkbox\" name=\"vfb-field-14[0]\" value=\"1\">Soovin saada infot eripakkumiste ja soodustuste kohta<\/label><\/div><\/div><\/div><div class=\"vfb-clearfix\"><\/div><div class=\"vfb-col-12 vfb-fieldType-checkbox\" id=\"vfbField15\"><label for=\"vfb-field-15\" class=\"vfb-control-label\"> <span class=\"vfb-required-asterisk\">*<\/span><\/label><div><div class=\"vfb-checkbox\"><label><input id=\"vfb-field-15-0\" class=\"\" placeholder=\"\" data-vfb-multiple=\"vfb-field-15\" required=\"required\" type=\"checkbox\" name=\"vfb-field-15[0]\" value=\"1\">Kinnitan, et olen tutvunud \u00d5ppet\u00f6\u00f6 korraldusega ja v\u00f5tan enesele k\u00f5ik sellest tulenevad kohustused<\/label><\/div><\/div><\/div><div class=\"vfb-clearfix\"><\/div><div class=\"vfb-col-12 vfb-fieldType-submit\" id=\"vfbField16\"><button id=\"vfb-field-16\" class=\" btn btn-primary\" placeholder=\"\" type=\"submit\" name=\"_vfb-submit\">Registreerimine<\/button><\/div><div class=\"vfb-clearfix\"><\/div><\/div> <!-- .vfb-well --><\/form>\n<\/div><\/div><\/div><\/div><\/div>\n","protected":false},"excerpt":{"rendered":"","protected":false},"author":1,"featured_media":0,"parent":3021,"menu_order":0,"comment_status":"closed","ping_status":"closed","template":"","meta":{"footnotes":""},"class_list":["post-3050","page","type-page","status-publish","hentry"],"aioseo_notices":[],"_links":{"self":[{"href":"https:\/\/kvkoolitus.ee\/ru\/wp-json\/wp\/v2\/pages\/3050","targetHints":{"allow":["GET"]}}],"collection":[{"href":"https:\/\/kvkoolitus.ee\/ru\/wp-json\/wp\/v2\/pages"}],"about":[{"href":"https:\/\/kvkoolitus.ee\/ru\/wp-json\/wp\/v2\/types\/page"}],"author":[{"embeddable":true,"href":"https:\/\/kvkoolitus.ee\/ru\/wp-json\/wp\/v2\/users\/1"}],"replies":[{"embeddable":true,"href":"https:\/\/kvkoolitus.ee\/ru\/wp-json\/wp\/v2\/comments?post=3050"}],"version-history":[{"count":1,"href":"https:\/\/kvkoolitus.ee\/ru\/wp-json\/wp\/v2\/pages\/3050\/revisions"}],"predecessor-version":[{"id":8781,"href":"https:\/\/kvkoolitus.ee\/ru\/wp-json\/wp\/v2\/pages\/3050\/revisions\/8781"}],"up":[{"embeddable":true,"href":"https:\/\/kvkoolitus.ee\/ru\/wp-json\/wp\/v2\/pages\/3021"}],"wp:attachment":[{"href":"https:\/\/kvkoolitus.ee\/ru\/wp-json\/wp\/v2\/media?parent=3050"}],"curies":[{"name":"wp","href":"https:\/\/api.w.org\/{rel}","templated":true}]}}