{"id":3058,"date":"2022-01-13T16:35:04","date_gmt":"2022-01-13T14:35:04","guid":{"rendered":"https:\/\/kvkoolitus.ee\/?page_id=3058"},"modified":"2023-03-23T12:38:16","modified_gmt":"2023-03-23T10:38:16","slug":"psuhholoogiaalased-koolitused","status":"publish","type":"page","link":"https:\/\/kvkoolitus.ee\/ru\/sisekoolitused-asutustele\/haridus-2\/psuhholoogiaalased-koolitused\/","title":{"rendered":"\u041f\u0421\u0418\u0425\u041e\u041b\u041e\u0413\u0418\u0427\u0415\u0421\u041a\u0418\u0419 \u0422\u0420\u0415\u041d\u0418\u041d\u0413"},"content":{"rendered":"<h2>\u041a\u0443\u0440\u0441\u044b \u043f\u043e \u043f\u0441\u0438\u0445\u043e\u043b\u043e\u0433\u0438\u0438 \u0434\u043b\u044f \u0441\u043e\u0442\u0440\u0443\u0434\u043d\u0438\u043a\u043e\u0432 \u043e\u0441\u043d\u043e\u0432\u043d\u043e\u0439 \u0448\u043a\u043e\u043b\u044b \u0438 \u0433\u0438\u043c\u043d\u0430\u0437\u0438\u0438:<\/h2>\n<p>\u041c\u044b \u043f\u0440\u0435\u0434\u043b\u0430\u0433\u0430\u0435\u043c \u043a\u0443\u0440\u0441\u044b \u043f\u0441\u0438\u0445\u043e\u043b\u043e\u0433\u0438\u0438 \u043f\u043e:<\/p>\n<ol>\n<li>\u042f \u0438 \u044f<\/li>\n<li>\u042f \u0438 \u043c\u043e\u0438 \u0431\u043b\u0438\u0437\u043a\u0438\u0435 \u043e\u0442\u043d\u043e\u0448\u0435\u043d\u0438\u044f<\/li>\n<li>\u042f \u0438 \u0440\u0430\u0431\u043e\u0442\u0430<\/li>\n<li>\u0426\u0435\u043d\u043d\u043e\u0441\u0442\u043d\u043e-\u043e\u0440\u0438\u0435\u043d\u0442\u0438\u0440\u043e\u0432\u0430\u043d\u043d\u043e\u0435 \u043e\u0431\u0440\u0430\u0437\u043e\u0432\u0430\u043d\u0438\u0435<\/li>\n<li><a href=\"https:\/\/kvkoolitus.ee\/ru\/soltuvused-toed-muudid-ja-praktilised-lahendused\/\">\u0417\u0430\u0432\u0438\u0441\u0438\u043c\u043e\u0441\u0442\u0438: \u0438\u0441\u0442\u0438\u043d\u044b, \u043c\u0438\u0444\u044b \u0438 \u043f\u0440\u0430\u043a\u0442\u0438\u0447\u0435\u0441\u043a\u0438\u0435 \u0440\u0435\u0448\u0435\u043d\u0438\u044f<\/a><\/li>\n<\/ol>\n<p><strong>\u0420\u0435\u0433\u0438\u0441\u0442\u0440\u0430\u0446\u0438\u044f \u0438 \u0438\u043d\u0444\u043e\u0440\u043c\u0430\u0446\u0438\u044f:<\/strong><\/p>\n<p>\u0422\u0435\u043b\u0435\u0444\u043e\u043d: 55 583 410; 53 475 016<br \/>\n\u042d-\u043c\u0430\u0439\u043b:\u00a0<a href=\"mailto:info@kvkoolitus.ee\">info@kvkoolitus.ee<\/a><\/p>","protected":false},"excerpt":{"rendered":"<p>Ps\u00fchholoogia-alased koolitused p\u00f5hikooli ja g\u00fcmnaasiumi t\u00f6\u00f6tajatele Pakume ps\u00fchholoogia-alaseid kursuseid j\u00e4rgnevatel teemadel: Mina ja mina Mina ja Minu l\u00e4hisuhted Mina ja t\u00f6\u00f6 V\u00e4\u00e4rtusp\u00f5hine kasvatus S\u00f5ltuvused: t\u00f5ed, m\u00fc\u00fcdid ja praktilised lahendused Tellimine ja info: Telefon: <a href=\"https:\/\/kvkoolitus.ee\/ru\/sisekoolitused-asutustele\/haridus-2\/psuhholoogiaalased-koolitused\/\"> [&#8230;]<\/a><\/p>\n","protected":false},"author":1,"featured_media":0,"parent":3015,"menu_order":0,"comment_status":"closed","ping_status":"closed","template":"","meta":{"footnotes":""},"class_list":["post-3058","page","type-page","status-publish","hentry"],"aioseo_notices":[],"_links":{"self":[{"href":"https:\/\/kvkoolitus.ee\/ru\/wp-json\/wp\/v2\/pages\/3058","targetHints":{"allow":["GET"]}}],"collection":[{"href":"https:\/\/kvkoolitus.ee\/ru\/wp-json\/wp\/v2\/pages"}],"about":[{"href":"https:\/\/kvkoolitus.ee\/ru\/wp-json\/wp\/v2\/types\/page"}],"author":[{"embeddable":true,"href":"https:\/\/kvkoolitus.ee\/ru\/wp-json\/wp\/v2\/users\/1"}],"replies":[{"embeddable":true,"href":"https:\/\/kvkoolitus.ee\/ru\/wp-json\/wp\/v2\/comments?post=3058"}],"version-history":[{"count":0,"href":"https:\/\/kvkoolitus.ee\/ru\/wp-json\/wp\/v2\/pages\/3058\/revisions"}],"up":[{"embeddable":true,"href":"https:\/\/kvkoolitus.ee\/ru\/wp-json\/wp\/v2\/pages\/3015"}],"wp:attachment":[{"href":"https:\/\/kvkoolitus.ee\/ru\/wp-json\/wp\/v2\/media?parent=3058"}],"curies":[{"name":"wp","href":"https:\/\/api.w.org\/{rel}","templated":true}]}}