{"id":3078,"date":"2022-01-13T17:37:55","date_gmt":"2022-01-13T15:37:55","guid":{"rendered":"https:\/\/kvkoolitus.ee\/?page_id=3078"},"modified":"2023-03-22T18:49:29","modified_gmt":"2023-03-22T16:49:29","slug":"lepingulised-suhted-vaikeettevotluses","status":"publish","type":"page","link":"https:\/\/kvkoolitus.ee\/ru\/sisekoolitused-asutustele\/oigusalased-koolitused\/lepingulised-suhted-vaikeettevotluses\/","title":{"rendered":"\u0414\u041e\u0413\u041e\u0412\u041e\u0420\u041d\u042b\u0415 \u041e\u0422\u041d\u041e\u0428\u0415\u041d\u0418\u042f \u0412 \u041c\u0410\u041b\u041e\u041c \u0411\u0418\u0417\u041d\u0415\u0421\u0415"},"content":{"rendered":"<p><strong>Eesm\u00e4rk:<\/strong> anda vajalikud teadmised ja oskused \u00e4ri\u00fchingu tegevusi puudutavate lepingute koostamiseks ja neist arusaamiseks.<\/p>\n<p><strong>Sihtgrupp:<\/strong> tegutsevate \u00e4ri\u00fchingute juhid ja liikmed<\/p>\n<p><strong>Maht:<\/strong> 16 tundi<\/p>\n<p><strong>Sisu:<\/strong><\/p>\n<ul>\n<li>\u00e4ri\u00fchingu tegevust puudutavad punktid t\u00f6\u00f6lepinguseadusest ja v\u00f5la\u00f5igusseadusest;<\/li>\n<li>Erinevad lepingud (t\u00f6\u00f6leping, t\u00f6\u00f6v\u00f5tuleping, k\u00e4sundusleping, juhatuse liikme leping jm).<\/li>\n<\/ul>\n<p><strong>Ajakava:<\/strong><\/p>\n<ol>\n<li>p\u00e4ev<\/li>\n<\/ol>\n<ul>\n<li>Olulisemad \u00f5iguslikud aspektid m\u00fc\u00fcgilepingu s\u00f5lmimisel, kohustuste t\u00e4itmisel ja kohustuste rikkumisel.<\/li>\n<li>Olulisemad aspektid \u00fc\u00fcrilepingu, sh rendilepingu s\u00f5lmimisel, t\u00e4itmisel ja kohustuste rikkumise korral. Kaasuse lahendamine.<\/li>\n<\/ul>\n<ol start=\"2\">\n<li>p\u00e4ev<\/li>\n<\/ol>\n<ul>\n<li>Olulisemad aspektid k\u00e4sunduslepingu, sh juhatuse liikme lepingu ja t\u00f6\u00f6v\u00f5tulepingu s\u00f5lmimisel, t\u00e4itmisel ja kohustuste rikkumise korral. Kaasuse lahendamine.<\/li>\n<li>Uus t\u00f6\u00f6lepingu seadus. Olulisemad muudatused t\u00f6\u00f6\u00f5iguses seoses t\u00f6\u00f6lepingute s\u00f5lmimise, t\u00e4itmise ja l\u00f5petamisega.<\/li>\n<\/ul>\n<p><strong>Koolitaja:<\/strong> \u00f5igusteaduste magister, \u00f5igusvaldkonna koolitaja<\/p>\n<p><strong>Tulemus<\/strong>: Koolituse l\u00e4binule antakse vastav tunnistus.<\/p>\n<p><strong>Koolitaja: <\/strong>k\u00f5rgharidusega ning kogemusega valdkonnaspetsialist<\/p>\n<p><strong>Tellimine ja info:<\/strong><\/p>\n<p>Telefon: 55 583 410; 53 475 016<br \/>\nE-post:\u00a0<a href=\"mailto:info@kvkoolitus.ee\">info@kvkoolitus.ee<\/a><\/p>\n<form method=\"post\" enctype=\"multipart\/form-data\" id=\"vfbp-form-1\" class=\"vfbp-form\"><div style=\"display:none;\"><label for=\"vfbp-EMAIL-AN8fuQyoDLXem\">\u0415\u0441\u043b\u0438 \u0412\u044b \u0447\u0435\u043b\u043e\u0432\u0435\u043a, \u043e\u0441\u0442\u0430\u0432\u044c\u0442\u0435 \u044d\u0442\u043e \u043f\u043e\u043b\u0435 \u043f\u0443\u0441\u0442\u044b\u043c<\/label><input size=\"25\" autocomplete=\"off\" type=\"text\" name=\"vfbp-EMAIL-AN8fuQyoDLXem\" value=\"\" id=\"\"><\/div><input type=\"hidden\" name=\"_vfb-timestamp-1\" value=\"1776509583\" id=\"\"><input type=\"hidden\" name=\"_vfb-form-id\" value=\"1\" id=\"\"><div class=\"vfb-col-12 vfb-fieldType-hidden\" id=\"vfbField5\"><input id=\"vfb-field-5\" class=\"vfb-form-control\" placeholder=\"\" type=\"hidden\" name=\"vfb-field-5\" value=\"LEPINGULISED SUHTED V&Auml;IKEETTEV&Otilde;TLUSES\"><\/div><div class=\"vfb-clearfix\"><\/div><div class=\"vfb-col-12 vfb-fieldType-hidden\" id=\"vfbField60\"><input id=\"vfb-field-60\" class=\"vfb-form-control\" placeholder=\"\" type=\"hidden\" name=\"vfb-field-60\" value=\"3078\"><\/div><div class=\"vfb-clearfix\"><\/div><div class=\"vfb-well vfb-col-12\" id=\"vfbField4\"><div class=\"vfb-form-group vfb-col-12\"><div><h3 class=\"\">Saada koolituse p\u00e4ring v\u00f5i <a href=\"\/koolitused\">vaata koolituskalendrit<\/a><\/h3><\/div><\/div><div class=\"vfb-col-12 vfb-fieldType-heading\" id=\"vfbField4\"><\/div><div class=\"vfb-clearfix\"><\/div><div class=\"vfb-col-4 vfb-fieldType-text\" id=\"vfbField1\"><div class=\"vfb-form-group\"><label for=\"vfb-field-1\" class=\"vfb-control-label\">Nimi <span class=\"vfb-required-asterisk\">*<\/span><\/label><div><input id=\"vfb-field-1\" class=\"vfb-form-control\" placeholder=\"\" required=\"required\" type=\"text\" name=\"vfb-field-1\" value=\"\"><\/div><\/div><\/div><div class=\"vfb-col-4 vfb-fieldType-email\" id=\"vfbField3\"><div class=\"vfb-form-group\"><label for=\"vfb-field-3\" class=\"vfb-control-label\">E-posti aadress <span class=\"vfb-required-asterisk\">*<\/span><\/label><div><input id=\"vfb-field-3\" class=\"vfb-form-control\" placeholder=\"\" required=\"required\" type=\"email\" name=\"vfb-field-3\" value=\"\"><\/div><\/div><\/div><div class=\"vfb-col-4 vfb-fieldType-text\" id=\"vfbField6\"><div class=\"vfb-form-group\"><label for=\"vfb-field-6\" class=\"vfb-control-label\">Telefon <span class=\"vfb-required-asterisk\">*<\/span><\/label><div><input id=\"vfb-field-6\" class=\"vfb-form-control\" placeholder=\"\" required=\"required\" type=\"text\" name=\"vfb-field-6\" value=\"\"><\/div><\/div><\/div><div class=\"vfb-clearfix\"><\/div><div class=\"vfb-col-12 vfb-fieldType-select\" id=\"vfbField81\"><label for=\"vfb-field-81\" class=\"vfb-control-label\">Soovin koolitust l\u00e4bida:<\/label><div><div class=\"vfb-form-group\"><select id=\"vfb-field-81\" class=\"vfb-form-control\" placeholder=\"\" name=\"vfb-field-81\"><option value=\"Eesti keeles\">Eesti keeles<\/option><option value=\"Vene keeles\">Vene keeles<\/option><\/select><\/div><\/div><\/div><div class=\"vfb-clearfix\"><\/div><div class=\"vfb-col-12 vfb-fieldType-select\" id=\"vfbField196\"><label for=\"vfb-field-196\" class=\"vfb-control-label\">Koolituse tellib:<\/label><div><div class=\"vfb-form-group\"><select id=\"vfb-field-196\" class=\"vfb-form-control\" placeholder=\"\" name=\"vfb-field-196\"><option value=\"Eraisik\">Eraisik<\/option><option value=\"Ettev&otilde;te\">Ettev\u00f5te<\/option><\/select><\/div><\/div><\/div><div class=\"vfb-clearfix\"><\/div><div class=\"vfb-col-4 vfb-fieldType-select\" id=\"vfbField11\"><label for=\"vfb-field-11\" class=\"vfb-control-label\">Kes arve tasub?<\/label><div><div class=\"vfb-form-group\"><select id=\"vfb-field-11\" class=\"vfb-form-control\" placeholder=\"\" name=\"vfb-field-11\"><option value=\"Ettev&otilde;te\">Ettev\u00f5te<\/option><option value=\"Eraisik\">Eraisik<\/option><option value=\"T&ouml;&ouml;tukassa\">T\u00f6\u00f6tukassa<\/option><\/select><\/div><\/div><\/div><div class=\"vfb-col-7 vfb-fieldType-text\" id=\"vfbField8\"><div class=\"vfb-form-group\"><label for=\"vfb-field-8\" class=\"vfb-control-label\">Ettev\u00f5tte nimi, kellele arve esitatakse <span class=\"vfb-required-asterisk\">*<\/span><\/label><div><input id=\"vfb-field-8\" class=\"vfb-form-control\" placeholder=\"\" required=\"required\" type=\"text\" name=\"vfb-field-8\" value=\"\"><\/div><\/div><\/div><div class=\"vfb-col-7 vfb-fieldType-text\" id=\"vfbField61\"><div class=\"vfb-form-group\"><label for=\"vfb-field-61\" class=\"vfb-control-label\">Eraisiku nimi, kellele arve esitatakse <span class=\"vfb-required-asterisk\">*<\/span><\/label><div><input id=\"vfb-field-61\" class=\"vfb-form-control\" placeholder=\"\" required=\"required\" type=\"text\" name=\"vfb-field-61\" value=\"\"><\/div><\/div><\/div><div class=\"vfb-clearfix\"><\/div><div class=\"vfb-col-12 vfb-fieldType-textarea\" id=\"vfbField12\"><div class=\"vfb-form-group\"><label for=\"vfb-field-12\" class=\"vfb-control-label\">Lisainfo<\/label><div><textarea id=\"vfb-field-12\" class=\"vfb-form-control\" placeholder=\"\" rows=\"5\" name=\"vfb-field-12\" cols=\"50\"><\/textarea><\/div><\/div><\/div><div class=\"vfb-clearfix\"><\/div><div class=\"vfb-col-6 vfb-fieldType-checkbox\" id=\"vfbField13\"><label for=\"vfb-field-13\" class=\"vfb-control-label\"><\/label><div><div class=\"vfb-checkbox\"><label><input id=\"vfb-field-13-0\" class=\"\" placeholder=\"\" data-vfb-multiple=\"vfb-field-13\" type=\"checkbox\" name=\"vfb-field-13[0]\" value=\"1\"> Soovin saada infot minu ala kursuste kohta<\/label><\/div><\/div><\/div><div class=\"vfb-col-6 vfb-fieldType-checkbox\" id=\"vfbField14\"><label for=\"vfb-field-14\" class=\"vfb-control-label\"><\/label><div><div class=\"vfb-checkbox\"><label><input id=\"vfb-field-14-0\" class=\"\" placeholder=\"\" data-vfb-multiple=\"vfb-field-14\" type=\"checkbox\" name=\"vfb-field-14[0]\" value=\"1\">Soovin saada infot eripakkumiste ja soodustuste kohta<\/label><\/div><\/div><\/div><div class=\"vfb-clearfix\"><\/div><div class=\"vfb-col-12 vfb-fieldType-checkbox\" id=\"vfbField15\"><label for=\"vfb-field-15\" class=\"vfb-control-label\"> <span class=\"vfb-required-asterisk\">*<\/span><\/label><div><div class=\"vfb-checkbox\"><label><input id=\"vfb-field-15-0\" class=\"\" placeholder=\"\" data-vfb-multiple=\"vfb-field-15\" required=\"required\" type=\"checkbox\" name=\"vfb-field-15[0]\" value=\"1\">Kinnitan, et olen tutvunud \u00d5ppet\u00f6\u00f6 korraldusega ja v\u00f5tan enesele k\u00f5ik sellest tulenevad kohustused<\/label><\/div><\/div><\/div><div class=\"vfb-clearfix\"><\/div><div class=\"vfb-col-12 vfb-fieldType-submit\" id=\"vfbField16\"><button id=\"vfb-field-16\" class=\" btn btn-primary\" placeholder=\"\" type=\"submit\" name=\"_vfb-submit\">Registreerimine<\/button><\/div><div class=\"vfb-clearfix\"><\/div><\/div> <!-- .vfb-well --><\/form>\n","protected":false},"excerpt":{"rendered":"<p>Eesm\u00e4rk: anda vajalikud teadmised ja oskused \u00e4ri\u00fchingu tegevusi puudutavate lepingute koostamiseks ja neist arusaamiseks. Sihtgrupp: tegutsevate \u00e4ri\u00fchingute juhid ja liikmed Maht: 16 tundi Sisu: \u00e4ri\u00fchingu tegevust puudutavad punktid t\u00f6\u00f6lepinguseadusest ja v\u00f5la\u00f5igusseadusest; Erinevad lepingud <a href=\"https:\/\/kvkoolitus.ee\/ru\/sisekoolitused-asutustele\/oigusalased-koolitused\/lepingulised-suhted-vaikeettevotluses\/\"> [&#8230;]<\/a><\/p>\n","protected":false},"author":1,"featured_media":0,"parent":3835,"menu_order":0,"comment_status":"closed","ping_status":"closed","template":"","meta":{"footnotes":""},"class_list":["post-3078","page","type-page","status-publish","hentry"],"aioseo_notices":[],"_links":{"self":[{"href":"https:\/\/kvkoolitus.ee\/ru\/wp-json\/wp\/v2\/pages\/3078","targetHints":{"allow":["GET"]}}],"collection":[{"href":"https:\/\/kvkoolitus.ee\/ru\/wp-json\/wp\/v2\/pages"}],"about":[{"href":"https:\/\/kvkoolitus.ee\/ru\/wp-json\/wp\/v2\/types\/page"}],"author":[{"embeddable":true,"href":"https:\/\/kvkoolitus.ee\/ru\/wp-json\/wp\/v2\/users\/1"}],"replies":[{"embeddable":true,"href":"https:\/\/kvkoolitus.ee\/ru\/wp-json\/wp\/v2\/comments?post=3078"}],"version-history":[{"count":0,"href":"https:\/\/kvkoolitus.ee\/ru\/wp-json\/wp\/v2\/pages\/3078\/revisions"}],"up":[{"embeddable":true,"href":"https:\/\/kvkoolitus.ee\/ru\/wp-json\/wp\/v2\/pages\/3835"}],"wp:attachment":[{"href":"https:\/\/kvkoolitus.ee\/ru\/wp-json\/wp\/v2\/media?parent=3078"}],"curies":[{"name":"wp","href":"https:\/\/api.w.org\/{rel}","templated":true}]}}