{"id":3120,"date":"2022-01-13T18:14:55","date_gmt":"2022-01-13T16:14:55","guid":{"rendered":"https:\/\/kvkoolitus.ee\/?page_id=3120"},"modified":"2023-03-22T18:34:48","modified_gmt":"2023-03-22T16:34:48","slug":"avalik-esinemine-ja-ettekande-koostamine","status":"publish","type":"page","link":"https:\/\/kvkoolitus.ee\/ru\/sisekoolitused-asutustele\/ettevotlus-projektitoo\/avalik-esinemine-ja-ettekande-koostamine\/","title":{"rendered":"\u041f\u0423\u0411\u041b\u0418\u0427\u041d\u042b\u0415 \u0412\u042b\u0421\u0422\u0423\u041f\u041b\u0415\u041d\u0418\u042f \u0418 \u041f\u0420\u0415\u0417\u0415\u041d\u0422\u0410\u0426\u0418\u0418"},"content":{"rendered":"<div class=\"fusion-fullwidth fullwidth-box fusion-builder-row-1 fusion-flex-container nonhundred-percent-fullwidth non-hundred-percent-height-scrolling\" style=\"--awb-border-radius-top-left:0px;--awb-border-radius-top-right:0px;--awb-border-radius-bottom-right:0px;--awb-border-radius-bottom-left:0px;--awb-flex-wrap:wrap;\" ><div class=\"fusion-builder-row fusion-row fusion-flex-align-items-flex-start fusion-flex-content-wrap\" style=\"max-width:1456px;margin-left: calc(-4% \/ 2 );margin-right: calc(-4% \/ 2 );\"><div class=\"fusion-layout-column fusion_builder_column fusion-builder-column-0 fusion_builder_column_1_1 1_1 fusion-flex-column\" style=\"--awb-bg-size:cover;--awb-width-large:100%;--awb-margin-top-large:0px;--awb-spacing-right-large:1.92%;--awb-margin-bottom-large:0px;--awb-spacing-left-large:1.92%;--awb-width-medium:100%;--awb-spacing-right-medium:1.92%;--awb-spacing-left-medium:1.92%;--awb-width-small:100%;--awb-spacing-right-small:1.92%;--awb-spacing-left-small:1.92%;\"><div class=\"fusion-column-wrapper fusion-flex-justify-content-flex-start fusion-content-layout-column\"><div class=\"fusion-text fusion-text-1\"><p><strong>Sihtgrupp:<\/strong> asutuste-organisatsioonide ja kodaniku\u00fchenduste liikmed, kes osalevad avalikus suhtluses ning tegelevad organisatsioonis avaliku esinemisega, ettekannete ja k\u00f5nede tekstide koostamise ning esitamisega<\/p>\n<p><strong>Eesm\u00e4rk:<\/strong> t\u00f5sta enesev\u00e4ljendussuutlikkust kvaliteetsete teenuste pakkumisel, parandada suhtlemisoskust, t\u00f5sta k\u00f5ne\/ettekande koostamise ja esitamise kvaliteeti, toetada organisatsiooni arengut ja arendamist, anda koolitusel osalejatele praktiliste harjutuste abil teavet oma esinemisoskuste parandamisest ja auditooriumiga koost\u00f6\u00f6st, abistada koolitusel osalejaid vabanemaks esinemisoskust p\u00e4rssivatest tegureist (n\u00e4rveerimine, kehapinge, k\u00f5netakistus jne.), t\u00f5sta kodaniku\u00fchenduse liikmete arendamise abil \u00fchenduse institutsionaalset v\u00f5imekust ja suutlikkust.<\/p>\n<p><strong>Sisu:<\/strong><\/p>\n<ul>\n<li>ettekande kirjutamise praktikum ja anal\u00fc\u00fcs (kodut\u00f6\u00f6);<\/li>\n<li>p\u00f5hilised eksimused avalikul esinemisel koos praktiliste n\u00e4idetega;<\/li>\n<li>esinemisoskused ja nipid;<\/li>\n<li>ettekande struktuur;<\/li>\n<li>koost\u00f6\u00f6 auditooriumiga;<\/li>\n<li>pinged ja segavad faktorid ning neist vabanemine.<\/li>\n<\/ul>\n<p><strong>Maht: <\/strong>8 tundi<\/p>\n<p><strong>Oodatav tulemus:<\/strong><\/p>\n<ul>\n<li>suureneb esinemisjulgus,<\/li>\n<li>omandatakse ettekande koostamise ja esitamise oskus,<\/li>\n<li>osatakse vabaneda esinemist negatiivselt m\u00f5jutavatest teguritest;<\/li>\n<\/ul>\n<p><strong>V\u00e4ljundid:<\/strong> koolitusel osaleja oskab koostada ettekande teksti, suudab seda atraktiivselt esitada, haarata kaasa auditooriumit ning m\u00f5jutada kuulajaid konkreetse s\u00f5numiga.<\/p>\n<p><strong>Koolitusmetoodika:<\/strong> koolitus on \u00fcles ehitatud materjali tutvustusele teoreetilise loengu, arutelu, grupit\u00f6\u00f6de ja praktiliste \u00fclesannete vormis, kujundades sellega paremat arusaamist koost\u00f6\u00f6suhtest esitaja &#8211; auditoorium.<\/p>\n<p><strong>\u00d5ppekeel:<\/strong> eesti v\u00f5i vene keel<\/p>\n<p><strong>Tulemus<\/strong>: koolituse l\u00e4binule antakse vastav tunnistus.<\/p>\n<p><strong>Tellimine ja info:<\/strong><\/p>\n<p>Telefon: 55 583 410; 53 475 016<br \/>\nE-post:\u00a0<a href=\"mailto:info@kvkoolitus.ee\">info@kvkoolitus.ee<\/a><\/p>\n<form method=\"post\" enctype=\"multipart\/form-data\" id=\"vfbp-form-1\" class=\"vfbp-form\"><div style=\"display:none;\"><label for=\"vfbp-EMAIL-AN8fuQyoDLXem\">\u0415\u0441\u043b\u0438 \u0412\u044b \u0447\u0435\u043b\u043e\u0432\u0435\u043a, \u043e\u0441\u0442\u0430\u0432\u044c\u0442\u0435 \u044d\u0442\u043e \u043f\u043e\u043b\u0435 \u043f\u0443\u0441\u0442\u044b\u043c<\/label><input size=\"25\" autocomplete=\"off\" type=\"text\" name=\"vfbp-EMAIL-AN8fuQyoDLXem\" value=\"\" id=\"\"><\/div><input type=\"hidden\" name=\"_vfb-timestamp-1\" value=\"1778621533\" id=\"\"><input type=\"hidden\" name=\"_vfb-form-id\" value=\"1\" id=\"\"><div class=\"vfb-col-12 vfb-fieldType-hidden\" id=\"vfbField5\"><input id=\"vfb-field-5\" class=\"vfb-form-control\" placeholder=\"\" type=\"hidden\" name=\"vfb-field-5\" value=\"AVALIK ESINEMINE JA ETTEKANDE KOOSTAMINE\"><\/div><div class=\"vfb-clearfix\"><\/div><div class=\"vfb-col-12 vfb-fieldType-hidden\" id=\"vfbField60\"><input id=\"vfb-field-60\" class=\"vfb-form-control\" placeholder=\"\" type=\"hidden\" name=\"vfb-field-60\" value=\"3120\"><\/div><div class=\"vfb-clearfix\"><\/div><div class=\"vfb-well vfb-col-12\" id=\"vfbField4\"><div class=\"vfb-form-group vfb-col-12\"><div><h3 class=\"\">Saada koolituse p\u00e4ring v\u00f5i <a href=\"\/koolitused\">vaata koolituskalendrit<\/a><\/h3><\/div><\/div><div class=\"vfb-col-12 vfb-fieldType-heading\" id=\"vfbField4\"><\/div><div class=\"vfb-clearfix\"><\/div><div class=\"vfb-col-4 vfb-fieldType-text\" id=\"vfbField1\"><div class=\"vfb-form-group\"><label for=\"vfb-field-1\" class=\"vfb-control-label\">Nimi <span class=\"vfb-required-asterisk\">*<\/span><\/label><div><input id=\"vfb-field-1\" class=\"vfb-form-control\" placeholder=\"\" required=\"required\" type=\"text\" name=\"vfb-field-1\" value=\"\"><\/div><\/div><\/div><div class=\"vfb-col-4 vfb-fieldType-email\" id=\"vfbField3\"><div class=\"vfb-form-group\"><label for=\"vfb-field-3\" class=\"vfb-control-label\">E-posti aadress <span class=\"vfb-required-asterisk\">*<\/span><\/label><div><input id=\"vfb-field-3\" class=\"vfb-form-control\" placeholder=\"\" required=\"required\" type=\"email\" name=\"vfb-field-3\" value=\"\"><\/div><\/div><\/div><div class=\"vfb-col-4 vfb-fieldType-text\" id=\"vfbField6\"><div class=\"vfb-form-group\"><label for=\"vfb-field-6\" class=\"vfb-control-label\">Telefon <span class=\"vfb-required-asterisk\">*<\/span><\/label><div><input id=\"vfb-field-6\" class=\"vfb-form-control\" placeholder=\"\" required=\"required\" type=\"text\" name=\"vfb-field-6\" value=\"\"><\/div><\/div><\/div><div class=\"vfb-clearfix\"><\/div><div class=\"vfb-col-12 vfb-fieldType-select\" id=\"vfbField81\"><label for=\"vfb-field-81\" class=\"vfb-control-label\">Soovin koolitust l\u00e4bida:<\/label><div><div class=\"vfb-form-group\"><select id=\"vfb-field-81\" class=\"vfb-form-control\" placeholder=\"\" name=\"vfb-field-81\"><option value=\"Eesti keeles\">Eesti keeles<\/option><option value=\"Vene keeles\">Vene keeles<\/option><\/select><\/div><\/div><\/div><div class=\"vfb-clearfix\"><\/div><div class=\"vfb-col-12 vfb-fieldType-select\" id=\"vfbField196\"><label for=\"vfb-field-196\" class=\"vfb-control-label\">Koolituse tellib:<\/label><div><div class=\"vfb-form-group\"><select id=\"vfb-field-196\" class=\"vfb-form-control\" placeholder=\"\" name=\"vfb-field-196\"><option value=\"Eraisik\">Eraisik<\/option><option value=\"Ettev&otilde;te\">Ettev\u00f5te<\/option><\/select><\/div><\/div><\/div><div class=\"vfb-clearfix\"><\/div><div class=\"vfb-col-4 vfb-fieldType-select\" id=\"vfbField11\"><label for=\"vfb-field-11\" class=\"vfb-control-label\">Kes arve tasub?<\/label><div><div class=\"vfb-form-group\"><select id=\"vfb-field-11\" class=\"vfb-form-control\" placeholder=\"\" name=\"vfb-field-11\"><option value=\"Ettev&otilde;te\">Ettev\u00f5te<\/option><option value=\"Eraisik\">Eraisik<\/option><option value=\"T&ouml;&ouml;tukassa\">T\u00f6\u00f6tukassa<\/option><\/select><\/div><\/div><\/div><div class=\"vfb-col-7 vfb-fieldType-text\" id=\"vfbField8\"><div class=\"vfb-form-group\"><label for=\"vfb-field-8\" class=\"vfb-control-label\">Ettev\u00f5tte nimi, kellele arve esitatakse <span class=\"vfb-required-asterisk\">*<\/span><\/label><div><input id=\"vfb-field-8\" class=\"vfb-form-control\" placeholder=\"\" required=\"required\" type=\"text\" name=\"vfb-field-8\" value=\"\"><\/div><\/div><\/div><div class=\"vfb-col-7 vfb-fieldType-text\" id=\"vfbField61\"><div class=\"vfb-form-group\"><label for=\"vfb-field-61\" class=\"vfb-control-label\">Eraisiku nimi, kellele arve esitatakse <span class=\"vfb-required-asterisk\">*<\/span><\/label><div><input id=\"vfb-field-61\" class=\"vfb-form-control\" placeholder=\"\" required=\"required\" type=\"text\" name=\"vfb-field-61\" value=\"\"><\/div><\/div><\/div><div class=\"vfb-clearfix\"><\/div><div class=\"vfb-col-12 vfb-fieldType-textarea\" id=\"vfbField12\"><div class=\"vfb-form-group\"><label for=\"vfb-field-12\" class=\"vfb-control-label\">Lisainfo<\/label><div><textarea id=\"vfb-field-12\" class=\"vfb-form-control\" placeholder=\"\" rows=\"5\" name=\"vfb-field-12\" cols=\"50\"><\/textarea><\/div><\/div><\/div><div class=\"vfb-clearfix\"><\/div><div class=\"vfb-col-6 vfb-fieldType-checkbox\" id=\"vfbField13\"><label for=\"vfb-field-13\" class=\"vfb-control-label\"><\/label><div><div class=\"vfb-checkbox\"><label><input id=\"vfb-field-13-0\" class=\"\" placeholder=\"\" data-vfb-multiple=\"vfb-field-13\" type=\"checkbox\" name=\"vfb-field-13[0]\" value=\"1\"> Soovin saada infot minu ala kursuste kohta<\/label><\/div><\/div><\/div><div class=\"vfb-col-6 vfb-fieldType-checkbox\" id=\"vfbField14\"><label for=\"vfb-field-14\" class=\"vfb-control-label\"><\/label><div><div class=\"vfb-checkbox\"><label><input id=\"vfb-field-14-0\" class=\"\" placeholder=\"\" data-vfb-multiple=\"vfb-field-14\" type=\"checkbox\" name=\"vfb-field-14[0]\" value=\"1\">Soovin saada infot eripakkumiste ja soodustuste kohta<\/label><\/div><\/div><\/div><div class=\"vfb-clearfix\"><\/div><div class=\"vfb-col-12 vfb-fieldType-checkbox\" id=\"vfbField15\"><label for=\"vfb-field-15\" class=\"vfb-control-label\"> <span class=\"vfb-required-asterisk\">*<\/span><\/label><div><div class=\"vfb-checkbox\"><label><input id=\"vfb-field-15-0\" class=\"\" placeholder=\"\" data-vfb-multiple=\"vfb-field-15\" required=\"required\" type=\"checkbox\" name=\"vfb-field-15[0]\" value=\"1\">Kinnitan, et olen tutvunud \u00d5ppet\u00f6\u00f6 korraldusega ja v\u00f5tan enesele k\u00f5ik sellest tulenevad kohustused<\/label><\/div><\/div><\/div><div class=\"vfb-clearfix\"><\/div><div class=\"vfb-col-12 vfb-fieldType-submit\" id=\"vfbField16\"><button id=\"vfb-field-16\" class=\" btn btn-primary\" placeholder=\"\" type=\"submit\" name=\"_vfb-submit\">Registreerimine<\/button><\/div><div class=\"vfb-clearfix\"><\/div><\/div> <!-- .vfb-well --><\/form>\n<\/div><\/div><\/div><\/div><\/div>\n","protected":false},"excerpt":{"rendered":"","protected":false},"author":1,"featured_media":0,"parent":3481,"menu_order":0,"comment_status":"closed","ping_status":"closed","template":"","meta":{"footnotes":""},"class_list":["post-3120","page","type-page","status-publish","hentry"],"aioseo_notices":[],"_links":{"self":[{"href":"https:\/\/kvkoolitus.ee\/ru\/wp-json\/wp\/v2\/pages\/3120","targetHints":{"allow":["GET"]}}],"collection":[{"href":"https:\/\/kvkoolitus.ee\/ru\/wp-json\/wp\/v2\/pages"}],"about":[{"href":"https:\/\/kvkoolitus.ee\/ru\/wp-json\/wp\/v2\/types\/page"}],"author":[{"embeddable":true,"href":"https:\/\/kvkoolitus.ee\/ru\/wp-json\/wp\/v2\/users\/1"}],"replies":[{"embeddable":true,"href":"https:\/\/kvkoolitus.ee\/ru\/wp-json\/wp\/v2\/comments?post=3120"}],"version-history":[{"count":0,"href":"https:\/\/kvkoolitus.ee\/ru\/wp-json\/wp\/v2\/pages\/3120\/revisions"}],"up":[{"embeddable":true,"href":"https:\/\/kvkoolitus.ee\/ru\/wp-json\/wp\/v2\/pages\/3481"}],"wp:attachment":[{"href":"https:\/\/kvkoolitus.ee\/ru\/wp-json\/wp\/v2\/media?parent=3120"}],"curies":[{"name":"wp","href":"https:\/\/api.w.org\/{rel}","templated":true}]}}