{"id":3162,"date":"2022-01-14T08:17:37","date_gmt":"2022-01-14T06:17:37","guid":{"rendered":"https:\/\/kvkoolitus.ee\/?page_id=3162"},"modified":"2022-05-09T13:39:50","modified_gmt":"2022-05-09T10:39:50","slug":"tervis-sisemine-tasakaal-ja-energia","status":"publish","type":"page","link":"https:\/\/kvkoolitus.ee\/ru\/sisekoolitused-asutustele\/meeskonnakoolitused\/tervis-sisemine-tasakaal-ja-energia\/","title":{"rendered":"\u0417\u0414\u041e\u0420\u041e\u0412\u042c\u0415, \u0412\u041d\u0423\u0422\u0420\u0415\u041d\u041d\u0415\u0415 \u0420\u0410\u0412\u041d\u041e\u0412\u0415\u0421\u0418\u0415 \u0418 \u042d\u041d\u0415\u0420\u0413\u0418\u042f"},"content":{"rendered":"<p>Kuidas olla terve, elur\u00f5\u00f5mus ja sisemiselt rahulik? Seda \u00f5petab iidne 7000. aasta vanune Hiina enesetervendamise kunst \u2013 Zhong Yuan Qigong. Zhong Yuan Qigong (ZYQ) \u2013 see on kunst, praktika, mis v\u00f5imaldab meil oma tunnete ja sisemaailma arengu abiga saada s\u00fcgavamalt aru Elust. See s\u00fcsteem \u00f5petab inimest uskuma iseendasse, oma j\u00f5usse ja v\u00f5imalustesse, ennast arendama ja saama iseendale Meistriks.<\/p>\n<p><strong>Sisu:<\/strong><\/p>\n<p>Zhong Yuan Qigong 1. astme kursusel \u00f5petatakse:<\/p>\n<ul>\n<li>eneseregulatsiooni ja organismi tervendamise meetodeid<\/li>\n<li>l\u00f5dvestumist ja vabanemist stressist<\/li>\n<li>organismi immunsuse suurendamist<\/li>\n<li>energeetiliste kanalite puhastamist<\/li>\n<li>loodusest energia kogumist oma kehasse<\/li>\n<li>selle energia kvaliteedi muutmist energeetilistes kanalites<\/li>\n<li>f\u00fc\u00fcsilise ja emotsionaalse seisundi tasakaalustamist<\/li>\n<li>m\u00f5tlemise protsesside ja loominguliste v\u00f5imete aktiviseerimist<\/li>\n<li>organismi peidetud reservide kasutamist<\/li>\n<li>vananemisprotsesside pidurdamist<\/li>\n<li>tutvutakse Hiina meditsiini algt\u00f5dedega<\/li>\n<li>saadakse \u00fclevaade Hiina tervisliku toitumise p\u00f5him\u00f5tetest<\/li>\n<\/ul>\n<p>\u00d5pitakse staatilisi harjutusi, erinevaid hingamismeetodeid ja meditatsioone. Osav\u00f5tjad v\u00f5ivad olla erineva kehalise ettevalmistusega, sest neid harjutusi on v\u00f5imelised tegema k\u00f5ik lastest kuni vanuriteni. Selle s\u00fcsteemi \u00f5ppimine ei n\u00f5ua muutusi toitumises, elustiilis v\u00f5i t\u00f6\u00f6s.<\/p>\n<p>Peale kursuse l\u00f5ppu on osav\u00f5tjad v\u00f5imelised iseseisvalt j\u00e4tkama harjutamist v\u00f5i saavad \u00fchineda harjutusgrupiga.<\/p>\n<p>ZYQ on vaba igasugusest religioonist ja ideoloogiast.<\/p>\n<p>Kursusest osav\u00f5tjad saavad kaasa:<\/p>\n<ul>\n<li>eestikeelsed \u00f5ppematerjalid<\/li>\n<li>CD koduseks harjutamiseks<\/li>\n<li>\u00f5pinguraamatu, mille esitamisel on v\u00f5imalik edasi \u00f5ppida k\u00f5rgematel astmetel kas Eestis v\u00f5i Zhong Yuan Qigongi keskustes Euroopas, Ameerikas, Kanadas, Hiinas.<\/li>\n<\/ul>\n<p><strong>Maht:<\/strong> 15 tundi<\/p>\n<p>Kursus toimub kolmetunniste ts\u00fcklitena viiel j\u00e4rjestikusel p\u00e4eval.<\/p>\n<p><strong>Grupi suurus:<\/strong> ei ole piiratud<\/p>\n<p><strong>Koolitaja:<\/strong> rahvusvaheliselt litsentseeritud Zhong Yuan Qigongi 1. astme treener<\/p>\n<p><strong>\u00d5ppekeel: <\/strong>eesti v\u00f5i vene keel<\/p>\n<p><strong>Tulemus: <\/strong>Koolituse l\u00e4binule antakse vastav tunnistus.<\/p>\n<p><strong>Info ja registreerimine:<\/strong><\/p>\n<p>tel\u00a033 52 707; 53 475 016 (eesti keeles)<br \/>\ntel 33 52 137; 555 83 410 (vene keeles)<br \/>\nE-post:\u00a0<a href=\"mailto:info@kvkoolitus.ee\">info@kvkoolitus.ee<\/a><\/p>\n<form method=\"post\" enctype=\"multipart\/form-data\" id=\"vfbp-form-1\" class=\"vfbp-form\"><div style=\"display:none;\"><label for=\"vfbp-EMAIL-AN8fuQyoDLXem\">\u0415\u0441\u043b\u0438 \u0412\u044b \u0447\u0435\u043b\u043e\u0432\u0435\u043a, \u043e\u0441\u0442\u0430\u0432\u044c\u0442\u0435 \u044d\u0442\u043e \u043f\u043e\u043b\u0435 \u043f\u0443\u0441\u0442\u044b\u043c<\/label><input size=\"25\" autocomplete=\"off\" type=\"text\" name=\"vfbp-EMAIL-AN8fuQyoDLXem\" value=\"\" id=\"\"><\/div><input type=\"hidden\" name=\"_vfb-timestamp-1\" value=\"1776300583\" id=\"\"><input type=\"hidden\" name=\"_vfb-form-id\" value=\"1\" id=\"\"><div class=\"vfb-col-12 vfb-fieldType-hidden\" id=\"vfbField5\"><input id=\"vfb-field-5\" class=\"vfb-form-control\" placeholder=\"\" type=\"hidden\" name=\"vfb-field-5\" value=\"TERVIS, SISEMINE TASAKAAL JA ENERGIA\"><\/div><div class=\"vfb-clearfix\"><\/div><div class=\"vfb-col-12 vfb-fieldType-hidden\" id=\"vfbField60\"><input id=\"vfb-field-60\" class=\"vfb-form-control\" placeholder=\"\" type=\"hidden\" name=\"vfb-field-60\" value=\"3162\"><\/div><div class=\"vfb-clearfix\"><\/div><div class=\"vfb-well vfb-col-12\" id=\"vfbField4\"><div class=\"vfb-form-group vfb-col-12\"><div><h3 class=\"\">Saada koolituse p\u00e4ring v\u00f5i <a href=\"\/koolitused\">vaata koolituskalendrit<\/a><\/h3><\/div><\/div><div class=\"vfb-col-12 vfb-fieldType-heading\" id=\"vfbField4\"><\/div><div class=\"vfb-clearfix\"><\/div><div class=\"vfb-col-4 vfb-fieldType-text\" id=\"vfbField1\"><div class=\"vfb-form-group\"><label for=\"vfb-field-1\" class=\"vfb-control-label\">Nimi <span class=\"vfb-required-asterisk\">*<\/span><\/label><div><input id=\"vfb-field-1\" class=\"vfb-form-control\" placeholder=\"\" required=\"required\" type=\"text\" name=\"vfb-field-1\" value=\"\"><\/div><\/div><\/div><div class=\"vfb-col-4 vfb-fieldType-email\" id=\"vfbField3\"><div class=\"vfb-form-group\"><label for=\"vfb-field-3\" class=\"vfb-control-label\">E-posti aadress <span class=\"vfb-required-asterisk\">*<\/span><\/label><div><input id=\"vfb-field-3\" class=\"vfb-form-control\" placeholder=\"\" required=\"required\" type=\"email\" name=\"vfb-field-3\" value=\"\"><\/div><\/div><\/div><div class=\"vfb-col-4 vfb-fieldType-text\" id=\"vfbField6\"><div class=\"vfb-form-group\"><label for=\"vfb-field-6\" class=\"vfb-control-label\">Telefon <span class=\"vfb-required-asterisk\">*<\/span><\/label><div><input id=\"vfb-field-6\" class=\"vfb-form-control\" placeholder=\"\" required=\"required\" type=\"text\" name=\"vfb-field-6\" value=\"\"><\/div><\/div><\/div><div class=\"vfb-clearfix\"><\/div><div class=\"vfb-col-12 vfb-fieldType-select\" id=\"vfbField81\"><label for=\"vfb-field-81\" class=\"vfb-control-label\">Soovin koolitust l\u00e4bida:<\/label><div><div class=\"vfb-form-group\"><select id=\"vfb-field-81\" class=\"vfb-form-control\" placeholder=\"\" name=\"vfb-field-81\"><option value=\"Eesti keeles\">Eesti keeles<\/option><option value=\"Vene keeles\">Vene keeles<\/option><\/select><\/div><\/div><\/div><div class=\"vfb-clearfix\"><\/div><div class=\"vfb-col-12 vfb-fieldType-select\" id=\"vfbField196\"><label for=\"vfb-field-196\" class=\"vfb-control-label\">Koolituse tellib:<\/label><div><div class=\"vfb-form-group\"><select id=\"vfb-field-196\" class=\"vfb-form-control\" placeholder=\"\" name=\"vfb-field-196\"><option value=\"Eraisik\">Eraisik<\/option><option value=\"Ettev&otilde;te\">Ettev\u00f5te<\/option><\/select><\/div><\/div><\/div><div class=\"vfb-clearfix\"><\/div><div class=\"vfb-col-4 vfb-fieldType-select\" id=\"vfbField11\"><label for=\"vfb-field-11\" class=\"vfb-control-label\">Kes arve tasub?<\/label><div><div class=\"vfb-form-group\"><select id=\"vfb-field-11\" class=\"vfb-form-control\" placeholder=\"\" name=\"vfb-field-11\"><option value=\"Ettev&otilde;te\">Ettev\u00f5te<\/option><option value=\"Eraisik\">Eraisik<\/option><option value=\"T&ouml;&ouml;tukassa\">T\u00f6\u00f6tukassa<\/option><\/select><\/div><\/div><\/div><div class=\"vfb-col-7 vfb-fieldType-text\" id=\"vfbField8\"><div class=\"vfb-form-group\"><label for=\"vfb-field-8\" class=\"vfb-control-label\">Ettev\u00f5tte nimi, kellele arve esitatakse <span class=\"vfb-required-asterisk\">*<\/span><\/label><div><input id=\"vfb-field-8\" class=\"vfb-form-control\" placeholder=\"\" required=\"required\" type=\"text\" name=\"vfb-field-8\" value=\"\"><\/div><\/div><\/div><div class=\"vfb-col-7 vfb-fieldType-text\" id=\"vfbField61\"><div class=\"vfb-form-group\"><label for=\"vfb-field-61\" class=\"vfb-control-label\">Eraisiku nimi, kellele arve esitatakse <span class=\"vfb-required-asterisk\">*<\/span><\/label><div><input id=\"vfb-field-61\" class=\"vfb-form-control\" placeholder=\"\" required=\"required\" type=\"text\" name=\"vfb-field-61\" value=\"\"><\/div><\/div><\/div><div class=\"vfb-clearfix\"><\/div><div class=\"vfb-col-12 vfb-fieldType-textarea\" id=\"vfbField12\"><div class=\"vfb-form-group\"><label for=\"vfb-field-12\" class=\"vfb-control-label\">Lisainfo<\/label><div><textarea id=\"vfb-field-12\" class=\"vfb-form-control\" placeholder=\"\" rows=\"5\" name=\"vfb-field-12\" cols=\"50\"><\/textarea><\/div><\/div><\/div><div class=\"vfb-clearfix\"><\/div><div class=\"vfb-col-6 vfb-fieldType-checkbox\" id=\"vfbField13\"><label for=\"vfb-field-13\" class=\"vfb-control-label\"><\/label><div><div class=\"vfb-checkbox\"><label><input id=\"vfb-field-13-0\" class=\"\" placeholder=\"\" data-vfb-multiple=\"vfb-field-13\" type=\"checkbox\" name=\"vfb-field-13[0]\" value=\"1\"> Soovin saada infot minu ala kursuste kohta<\/label><\/div><\/div><\/div><div class=\"vfb-col-6 vfb-fieldType-checkbox\" id=\"vfbField14\"><label for=\"vfb-field-14\" class=\"vfb-control-label\"><\/label><div><div class=\"vfb-checkbox\"><label><input id=\"vfb-field-14-0\" class=\"\" placeholder=\"\" data-vfb-multiple=\"vfb-field-14\" type=\"checkbox\" name=\"vfb-field-14[0]\" value=\"1\">Soovin saada infot eripakkumiste ja soodustuste kohta<\/label><\/div><\/div><\/div><div class=\"vfb-clearfix\"><\/div><div class=\"vfb-col-12 vfb-fieldType-checkbox\" id=\"vfbField15\"><label for=\"vfb-field-15\" class=\"vfb-control-label\"> <span class=\"vfb-required-asterisk\">*<\/span><\/label><div><div class=\"vfb-checkbox\"><label><input id=\"vfb-field-15-0\" class=\"\" placeholder=\"\" data-vfb-multiple=\"vfb-field-15\" required=\"required\" type=\"checkbox\" name=\"vfb-field-15[0]\" value=\"1\">Kinnitan, et olen tutvunud \u00d5ppet\u00f6\u00f6 korraldusega ja v\u00f5tan enesele k\u00f5ik sellest tulenevad kohustused<\/label><\/div><\/div><\/div><div class=\"vfb-clearfix\"><\/div><div class=\"vfb-col-12 vfb-fieldType-submit\" id=\"vfbField16\"><button id=\"vfb-field-16\" class=\" btn btn-primary\" placeholder=\"\" type=\"submit\" name=\"_vfb-submit\">Registreerimine<\/button><\/div><div class=\"vfb-clearfix\"><\/div><\/div> <!-- .vfb-well --><\/form>\n","protected":false},"excerpt":{"rendered":"<p>Kuidas olla terve, elur\u00f5\u00f5mus ja sisemiselt rahulik? Seda \u00f5petab iidne 7000. aasta vanune Hiina enesetervendamise kunst \u2013 Zhong Yuan Qigong. Zhong Yuan Qigong (ZYQ) \u2013 see on kunst, praktika, mis v\u00f5imaldab meil oma <a href=\"https:\/\/kvkoolitus.ee\/ru\/sisekoolitused-asutustele\/meeskonnakoolitused\/tervis-sisemine-tasakaal-ja-energia\/\"> [&#8230;]<\/a><\/p>\n","protected":false},"author":1,"featured_media":0,"parent":3028,"menu_order":0,"comment_status":"closed","ping_status":"closed","template":"","meta":{"footnotes":""},"class_list":["post-3162","page","type-page","status-publish","hentry"],"aioseo_notices":[],"_links":{"self":[{"href":"https:\/\/kvkoolitus.ee\/ru\/wp-json\/wp\/v2\/pages\/3162","targetHints":{"allow":["GET"]}}],"collection":[{"href":"https:\/\/kvkoolitus.ee\/ru\/wp-json\/wp\/v2\/pages"}],"about":[{"href":"https:\/\/kvkoolitus.ee\/ru\/wp-json\/wp\/v2\/types\/page"}],"author":[{"embeddable":true,"href":"https:\/\/kvkoolitus.ee\/ru\/wp-json\/wp\/v2\/users\/1"}],"replies":[{"embeddable":true,"href":"https:\/\/kvkoolitus.ee\/ru\/wp-json\/wp\/v2\/comments?post=3162"}],"version-history":[{"count":0,"href":"https:\/\/kvkoolitus.ee\/ru\/wp-json\/wp\/v2\/pages\/3162\/revisions"}],"up":[{"embeddable":true,"href":"https:\/\/kvkoolitus.ee\/ru\/wp-json\/wp\/v2\/pages\/3028"}],"wp:attachment":[{"href":"https:\/\/kvkoolitus.ee\/ru\/wp-json\/wp\/v2\/media?parent=3162"}],"curies":[{"name":"wp","href":"https:\/\/api.w.org\/{rel}","templated":true}]}}