{"id":3207,"date":"2022-01-14T08:37:21","date_gmt":"2022-01-14T06:37:21","guid":{"rendered":"https:\/\/kvkoolitus.ee\/?page_id=3207"},"modified":"2024-01-15T09:28:28","modified_gmt":"2024-01-15T07:28:28","slug":"psuhholoogia-enesearengu-ja-motivatsiooni-koolitused","status":"publish","type":"page","link":"https:\/\/kvkoolitus.ee\/ru\/sisekoolitused-asutustele\/psuhholoogia-enesearengu-ja-motivatsiooni-koolitused\/","title":{"rendered":"\u041a\u0423\u0420\u0421\u042b \u041f\u041e \u041f\u0421\u0418\u0425\u041e\u041b\u041e\u0413\u0418\u0418, \u0421\u0410\u041c\u041e\u0420\u0410\u0417\u0412\u0418\u0422\u0418\u042e \u0418 \u041c\u041e\u0422\u0418\u0412\u0410\u0426\u0418\u0418"},"content":{"rendered":"<p>Kuidas lahendada konflikte, ennetada l\u00e4bip\u00f5lemist, leida endas julgust viia ellu muutuseid?\u00a0 Koolitused aitavad meeskonnas \u00fchtsust leida ja selle l\u00e4bi ka ennast paremini tundma \u00f5ppida.<\/p>\n<p>Pakume erinevaid ps\u00fchholoogia, enesearengu ja motivatsiooni koolitusi.<\/p>\n<ol>\n<li><a href=\"https:\/\/kvkoolitus.ee\/sisekoolitused\/kuidas-saada-sobraks-distsipliiniga-et-olla-edukam-oma-tegemistes\/\">Kuidas saada s\u00f5braks distsipliiniga, et olla edukam oma tegemistes<\/a><\/li>\n<li><a href=\"https:\/\/kvkoolitus.ee\/sisekoolitused\/smart-valemi-tootuba-eesmargid-selgeks-ja-saavutatavaks\/\">SMART valemi t\u00f6\u00f6tuba &#8211; Eesm\u00e4rgid selgeks ja saavutatavaks<\/a><\/li>\n<li><a href=\"https:\/\/kvkoolitus.ee\/sisekoolitused\/aju-tooeffektiivsuse-parandamine-toitumise-ja-liikumise-abil\/\">Aju t\u00f6\u00f6efektiivsuse parandamine toitumise ja liikumise abil<\/a><\/li>\n<li><a href=\"https:\/\/kvkoolitus.ee\/sisekoolitused\/labipolemise-profulaktika\/\">L\u00e4bip\u00f5lemise prof\u00fclaktika<\/a><\/li>\n<li><a href=\"https:\/\/kvkoolitus.ee\/sisekoolitused\/aja-juhtimise-koolitus\/\">Ajajuhtimise koolitus<\/a><\/li>\n<li><a href=\"https:\/\/kvkoolitus.ee\/labipolemine-ja-selle-ennetamine\/\">L\u00e4bip\u00f5lemine ja selle ennetamine<\/a><\/li>\n<li><a href=\"https:\/\/kvkoolitus.ee\/kuidas-lahendada-konflikte-labiraakimiste-teel-ning-pidada-raskeid-konelusi\/\">Kuidas lahendada konflikte l\u00e4bir\u00e4\u00e4kimiste teel ning pidada raskeid k\u00f5nelusi?<\/a><\/li>\n<li><a href=\"https:\/\/kvkoolitus.ee\/kuidas-edukamalt-toime-tulla-elus-esinevate-emotsionaalsete-valjakutsetega\/\">Kuidas edukamalt toime tulla elus esinevate emotsionaalsete v\u00e4ljakutsetega?<\/a><\/li>\n<li><a href=\"https:\/\/kvkoolitus.ee\/juhitud-lodvestus\/\">Juhitud l\u00f5dvestus<\/a><\/li>\n<li><a href=\"https:\/\/kvkoolitus.ee\/konfliktide-lahendamise-kunst\/\">Konfliktide lahendamise kunst<\/a><\/li>\n<li><a href=\"https:\/\/kvkoolitus.ee\/veenmine-ja-mojutamine-kuidas-seda-teha\/\">Veenmine ja m\u00f5jutamine &#8211; kuidas seda teha?<\/a><\/li>\n<li><a href=\"https:\/\/kvkoolitus.ee\/edukas-vestlus\/\">Edukas vestlus<\/a><\/li>\n<li><a href=\"https:\/\/kvkoolitus.ee\/malutreening\/\">M\u00e4lutreening<\/a><\/li>\n<li><a href=\"https:\/\/kvkoolitus.ee\/stress-ja-psuhholoogia-enesehoid-2\/\">Stress ja ps\u00fchholoogia, enesehoid<\/a><\/li>\n<li><a href=\"https:\/\/kvkoolitus.ee\/ajajuhtimise-koolitus-vota-aega-2\/\">Ajajuhtimise koolitus &#8220;V\u00d5TA AEGA&#8221;<\/a><\/li>\n<li><a href=\"https:\/\/kvkoolitus.ee\/coachiva-mentorluse-praktiline-koolitus\/\">Coachiva mentorluse praktiline koolitus<\/a><\/li>\n<li><a href=\"https:\/\/kvkoolitus.ee\/minu-eduplaan-ja-kuidas-sinna-jouan\/\">Minu eduplaan ja kuidas sinna j\u00f5uan<\/a><\/li>\n<li><a href=\"https:\/\/kvkoolitus.ee\/tohusa-ajakasutuse-koolitus\/\">T\u00f5husa ajakasutuse koolitus<\/a><\/li>\n<li><a href=\"https:\/\/kvkoolitus.ee\/meelerahu-ja-roomustamisoskus-igasse-paeva\/\">Meelerahu ja r\u00f5\u00f5mustamisoskus igasse p\u00e4eva<\/a><\/li>\n<li><a href=\"https:\/\/kvkoolitus.ee\/korrastuskunsti-opituba-vahem-on-rohkem\/\">Korrastuskunsti \u00f5pituba &#8220;V\u00e4hem on rohkem!&#8221;<\/a><\/li>\n<li><a href=\"https:\/\/kvkoolitus.ee\/esinemisoskuste-koolitus\/\">Esinemisoskuste koolitus<\/a><\/li>\n<li><a href=\"https:\/\/kvkoolitus.ee\/stressijuhtimine-ja-meeskonnatoo-kriisiolukorras\/\">Stressijuhtimine ja meeskonnat\u00f6\u00f6 kriisiolukorras<\/a><\/li>\n<\/ol>\n<p><strong>Tellimine ja info:<\/strong><\/p>\n<p>Telefon: 55 583 410; 53 475 016<br \/>\nE-post:\u00a0<a href=\"mailto:info@kvkoolitus.ee\">info@kvkoolitus.ee<\/a><\/p>\n<p>Koolituse tellimiseks saatke p\u00e4ring e-postile v\u00f5i t\u00e4itke \u00e4ra allolev vorm:<\/p>\n<form method=\"post\" enctype=\"multipart\/form-data\" id=\"vfbp-form-4\" class=\"vfbp-form\"><div style=\"display:none;\"><label for=\"vfbp-EMAIL-AN8fuQyoDLXem\">\u0415\u0441\u043b\u0438 \u0412\u044b \u0447\u0435\u043b\u043e\u0432\u0435\u043a, \u043e\u0441\u0442\u0430\u0432\u044c\u0442\u0435 \u044d\u0442\u043e \u043f\u043e\u043b\u0435 \u043f\u0443\u0441\u0442\u044b\u043c<\/label><input size=\"25\" autocomplete=\"off\" type=\"text\" name=\"vfbp-EMAIL-AN8fuQyoDLXem\" value=\"\" id=\"\"><\/div><input type=\"hidden\" name=\"_vfb-timestamp-4\" value=\"1776722826\" id=\"\"><input type=\"hidden\" name=\"_vfb-form-id\" value=\"4\" id=\"\"><div class=\"vfb-col-12 vfb-fieldType-hidden\" id=\"vfbField50\"><input id=\"vfb-field-50\" class=\"vfb-form-control\" placeholder=\"\" type=\"hidden\" name=\"vfb-field-50\" value=\"PS&Uuml;HHOLOOGIA, ENESEARENGU JA MOTIVATSIOONI KOOLITUSED\"><\/div><div class=\"vfb-clearfix\"><\/div><div class=\"vfb-well vfb-col-12\" id=\"vfbField51\"><div class=\"vfb-form-group vfb-col-12\"><div><h3 class=\"\">Saada koolitussoovi p\u00e4ring siit v\u00f5i <a href=\"\/koolitused\">vaata koolituskalendrit<\/a><\/h3><\/div><\/div><div class=\"vfb-col-12 vfb-fieldType-heading\" id=\"vfbField51\"><\/div><div class=\"vfb-clearfix\"><\/div><div class=\"vfb-col-12 vfb-fieldType-textarea\" id=\"vfbField57\"><div class=\"vfb-form-group\"><label for=\"vfb-field-57\" class=\"vfb-control-label\">Kirjeldage oma koolitussoovi v\u00f5i -vajadust<\/label><div><textarea id=\"vfb-field-57\" class=\"vfb-form-control\" placeholder=\"\" rows=\"6\" name=\"vfb-field-57\" cols=\"50\"><\/textarea><\/div><\/div><\/div><div class=\"vfb-clearfix\"><\/div><div class=\"vfb-col-4 vfb-fieldType-text\" id=\"vfbField54\"><div class=\"vfb-form-group\"><label for=\"vfb-field-54\" class=\"vfb-control-label\">Nimi <span class=\"vfb-required-asterisk\">*<\/span><\/label><div><input id=\"vfb-field-54\" class=\"vfb-form-control\" placeholder=\"\" required=\"required\" type=\"text\" name=\"vfb-field-54\" value=\"\"><\/div><\/div><\/div><div class=\"vfb-col-4 vfb-fieldType-email\" id=\"vfbField55\"><div class=\"vfb-form-group\"><label for=\"vfb-field-55\" class=\"vfb-control-label\">E-posti aadress <span class=\"vfb-required-asterisk\">*<\/span><\/label><div><input id=\"vfb-field-55\" class=\"vfb-form-control\" placeholder=\"\" required=\"required\" type=\"email\" name=\"vfb-field-55\" value=\"\"><\/div><\/div><\/div><div class=\"vfb-col-4 vfb-fieldType-text\" id=\"vfbField56\"><div class=\"vfb-form-group\"><label for=\"vfb-field-56\" class=\"vfb-control-label\">Telefon <span class=\"vfb-required-asterisk\">*<\/span><\/label><div><input id=\"vfb-field-56\" class=\"vfb-form-control\" placeholder=\"\" required=\"required\" type=\"text\" name=\"vfb-field-56\" value=\"\"><\/div><\/div><\/div><div class=\"vfb-clearfix\"><\/div><div class=\"vfb-col-12 vfb-fieldType-checkbox\" id=\"vfbField58\"><label for=\"vfb-field-58\" class=\"vfb-control-label\"> <span class=\"vfb-required-asterisk\">*<\/span><\/label><div><div class=\"vfb-checkbox\"><label><input id=\"vfb-field-58-0\" class=\"\" placeholder=\"\" data-vfb-multiple=\"vfb-field-58\" required=\"required\" type=\"checkbox\" name=\"vfb-field-58[0]\" value=\"1\">Kinnitan, et olen tutvunud \u00d5ppet\u00f6\u00f6 korraldusega ja v\u00f5tan enesele k\u00f5ik sellest tulenevad kohustused<\/label><\/div><\/div><\/div><div class=\"vfb-clearfix\"><\/div><div class=\"vfb-col-12 vfb-fieldType-submit\" id=\"vfbField59\"><button id=\"vfb-field-59\" class=\" btn btn-primary\" placeholder=\"\" type=\"submit\" name=\"_vfb-submit\">Saada<\/button><\/div><div class=\"vfb-clearfix\"><\/div><\/div> <!-- .vfb-well --><\/form>\n","protected":false},"excerpt":{"rendered":"<p>Kuidas lahendada konflikte, ennetada l\u00e4bip\u00f5lemist, leida endas julgust viia ellu muutuseid?\u00a0 Koolitused aitavad meeskonnas \u00fchtsust leida ja selle l\u00e4bi ka ennast paremini tundma \u00f5ppida. Pakume erinevaid ps\u00fchholoogia, enesearengu ja motivatsiooni koolitusi. Kuidas saada <a href=\"https:\/\/kvkoolitus.ee\/ru\/sisekoolitused-asutustele\/psuhholoogia-enesearengu-ja-motivatsiooni-koolitused\/\"> [&#8230;]<\/a><\/p>\n","protected":false},"author":1,"featured_media":0,"parent":2357,"menu_order":0,"comment_status":"closed","ping_status":"closed","template":"","meta":{"footnotes":""},"class_list":["post-3207","page","type-page","status-publish","hentry"],"aioseo_notices":[],"_links":{"self":[{"href":"https:\/\/kvkoolitus.ee\/ru\/wp-json\/wp\/v2\/pages\/3207","targetHints":{"allow":["GET"]}}],"collection":[{"href":"https:\/\/kvkoolitus.ee\/ru\/wp-json\/wp\/v2\/pages"}],"about":[{"href":"https:\/\/kvkoolitus.ee\/ru\/wp-json\/wp\/v2\/types\/page"}],"author":[{"embeddable":true,"href":"https:\/\/kvkoolitus.ee\/ru\/wp-json\/wp\/v2\/users\/1"}],"replies":[{"embeddable":true,"href":"https:\/\/kvkoolitus.ee\/ru\/wp-json\/wp\/v2\/comments?post=3207"}],"version-history":[{"count":0,"href":"https:\/\/kvkoolitus.ee\/ru\/wp-json\/wp\/v2\/pages\/3207\/revisions"}],"up":[{"embeddable":true,"href":"https:\/\/kvkoolitus.ee\/ru\/wp-json\/wp\/v2\/pages\/2357"}],"wp:attachment":[{"href":"https:\/\/kvkoolitus.ee\/ru\/wp-json\/wp\/v2\/media?parent=3207"}],"curies":[{"name":"wp","href":"https:\/\/api.w.org\/{rel}","templated":true}]}}