{"id":3299,"date":"2022-01-14T09:27:14","date_gmt":"2022-01-14T07:27:14","guid":{"rendered":"https:\/\/kvkoolitus.ee\/?page_id=3299"},"modified":"2025-09-02T14:12:53","modified_gmt":"2025-09-02T11:12:53","slug":"tootervishoiu-ja-tooohutusalane-taiendoppekursus","status":"publish","type":"page","link":"https:\/\/kvkoolitus.ee\/ru\/sisekoolitused-asutustele\/tooalased-koolitused\/esmaabi\/tootervishoiu-ja-tooohutusalane-taiendoppekursus\/","title":{"rendered":"\u041a\u0423\u0420\u0421 \u041f\u041e\u0412\u042b\u0428\u0415\u041d\u0418\u042f \u041a\u0412\u0410\u041b\u0418\u0424\u0418\u041a\u0410\u0426\u0418\u0418 \u041f\u041e \u041e\u0425\u0420\u0410\u041d\u0415 \u0422\u0420\u0423\u0414\u0410 \u0418 \u0422\u0415\u0425\u041d\u0418\u041a\u0415 \u0411\u0415\u0417\u041e\u041f\u0410\u0421\u041d\u041e\u0421\u0422\u0418 \u041d\u0410 \u0420\u0410\u0411\u041e\u0427\u0415\u041c \u041c\u0415\u0421\u0422\u0415"},"content":{"rendered":"<p><div class=\"fusion-fullwidth fullwidth-box fusion-builder-row-1 fusion-flex-container nonhundred-percent-fullwidth non-hundred-percent-height-scrolling\" style=\"--awb-border-radius-top-left:0px;--awb-border-radius-top-right:0px;--awb-border-radius-bottom-right:0px;--awb-border-radius-bottom-left:0px;--awb-flex-wrap:wrap;\" ><div class=\"fusion-builder-row fusion-row fusion-flex-align-items-flex-start fusion-flex-content-wrap\" style=\"max-width:1456px;margin-left: calc(-4% \/ 2 );margin-right: calc(-4% \/ 2 );\"><div class=\"fusion-layout-column fusion_builder_column fusion-builder-column-0 fusion_builder_column_1_1 1_1 fusion-flex-column\" style=\"--awb-bg-size:cover;--awb-width-large:100%;--awb-margin-top-large:0px;--awb-spacing-right-large:1.92%;--awb-margin-bottom-large:0px;--awb-spacing-left-large:1.92%;--awb-width-medium:100%;--awb-spacing-right-medium:1.92%;--awb-spacing-left-medium:1.92%;--awb-width-small:100%;--awb-spacing-right-small:1.92%;--awb-spacing-left-small:1.92%;\"><div class=\"fusion-column-wrapper fusion-flex-justify-content-flex-start fusion-content-layout-column\"><div class=\"fusion-text fusion-text-1\"><p style=\"padding-left: 40px;\">\n<\/div><\/div><\/div><\/div><\/div><div class=\"fusion-fullwidth fullwidth-box fusion-builder-row-2 fusion-flex-container nonhundred-percent-fullwidth non-hundred-percent-height-scrolling\" style=\"--awb-border-radius-top-left:0px;--awb-border-radius-top-right:0px;--awb-border-radius-bottom-right:0px;--awb-border-radius-bottom-left:0px;--awb-flex-wrap:wrap;\" ><div class=\"fusion-builder-row fusion-row fusion-flex-align-items-flex-start fusion-flex-content-wrap\" style=\"max-width:1456px;margin-left: calc(-4% \/ 2 );margin-right: calc(-4% \/ 2 );\"><div class=\"fusion-layout-column fusion_builder_column fusion-builder-column-1 fusion_builder_column_1_1 1_1 fusion-flex-column\" style=\"--awb-bg-size:cover;--awb-width-large:100%;--awb-margin-top-large:0px;--awb-spacing-right-large:1.92%;--awb-margin-bottom-large:0px;--awb-spacing-left-large:1.92%;--awb-width-medium:100%;--awb-spacing-right-medium:1.92%;--awb-spacing-left-medium:1.92%;--awb-width-small:100%;--awb-spacing-right-small:1.92%;--awb-spacing-left-small:1.92%;\"><div class=\"fusion-column-wrapper fusion-flex-justify-content-flex-start fusion-content-layout-column\"><div class=\"fusion-text fusion-text-2\"><p><strong>T\u00e4ienduskoolitusasutuse nimi<\/strong>: Kersti V\u00f5lu Koolituskeskus O\u00dc<br \/>\n<strong>\u00d5ppekava nimetus<\/strong>: T\u00f6\u00f6keskkonnavolinike ja t\u00f6\u00f6keskkonnan\u00f5ukogu liikmete t\u00e4ien\u00f5ppe \u00f5ppekava (8 ak tuni)<\/p>\n<p><span style=\"color: #ff0000;\">PALUME VALIDA TEEMADE J\u00c4RGI ENDALE \u00dcKS SOBILIK KOOLITUSP\u00c4EV!<\/span><\/p>\n<p><strong>\u00d5ppekavar\u00fchm<\/strong>: T\u00f6\u00f6tervishoid ja -kaitse<br \/>\n\u00d5ppekava koostamise alus:<br \/>\n\u2022 Tervise- ja t\u00f6\u00f6ministri 22. novembri 2018 a m\u00e4\u00e4rus nr 50 \u201eT\u00f6\u00f6keskkonnavoliniku, t\u00f6\u00f6keskkonna n\u00f5ukogu liikme ja esmaabiandja koolituse ja t\u00e4ienduskoolituse kord t\u00e4iendus- ja koolitusasutuses\u201c.<br \/>\n\u2022 T\u00e4iskasvanute koolituse seadus.<br \/>\n<strong>\u00d5ppe eesm\u00e4rk:<\/strong><br \/>\n\u2022 anda osalejatele teadmised t\u00f6\u00f6ohutuse ning t\u00f6\u00f6tervishoiu korraldusest ettev\u00f5tte ning riigi tasandil.<br \/>\n<strong>\u00d5piv\u00e4ljundid<\/strong>:<br \/>\n\u2022 teab T\u00f6\u00f6tervishoiu- ja t\u00f6\u00f6ohutuse seadusest (TTOS) tulenevaid n\u00f5udeid ja kohustusi nii t\u00f6\u00f6andjale kui t\u00f6\u00f6tajale ning \u00fcldiseid korralduslikke n\u00f5udeid;<br \/>\n\u2022 Teab TTOS-st tulenevate m\u00e4\u00e4ruste (rakendusaktide) korralduslikke n\u00f5udeid;<br \/>\n\u2022 teab t\u00f6\u00f6keskkonna ohutegureid ning nende maandamise meetmeid;<br \/>\n\u2022 oskab koostada t\u00f6\u00f6keskkonna riskianal\u00fc\u00fcsi ning tegevuskava;<br \/>\n\u2022 oskab kaasata teenuseosutajaid, t\u00f6\u00f6tervishoiuspetsialiste.<br \/>\n<strong>Sihtgrupp:<\/strong><br \/>\n\u2022 t\u00f6\u00f6keskkonnavolinikud, t\u00f6\u00f6keskkonnan\u00f5ukogu liikmed, t\u00f6\u00f6keskkonnaspetsialistid, t\u00f6\u00f6andjad; muu isik, kes korraldab ettev\u00f5ttes t\u00f6\u00f6keskkonnaalast tegevust;<br \/>\n<strong>\u00d5ppe alustamise tingimused<\/strong>:<br \/>\n\u2022 \u00f5ppija peab m\u00f5istma koolituse l\u00e4biviimise keelt;<br \/>\n\u2022 veebikoolitusel ja e-\u00f5ppes osalemiseks on vajalik interneti\u00fchendus, arvuti, kaamera ja mikrofoni olemasolu.<br \/>\n<strong>\u00d5ppe kogumaht<\/strong>: 8 akadeemilist tundi.<br \/>\n<strong>\u00d5ppekeskkond<\/strong>:<br \/>\n\u2022 koolitus v\u00f5ib toimuda kontakt\u00f5ppena, veebikoolitusena v\u00f5i h\u00fcbriid\u00f5ppena;<br \/>\n\u2022 kontakt\u00f5pe toimub koolitusruumis, mis on varustatud koolituse l\u00e4biviimiseks kaasaegsete tehniliste vahenditega. Koolitusruumis on sobilik sisekliima ( sh konditsioneer) ning n\u00f5uetele vastav valgustus.<br \/>\n\u2022 Veebikoolitus toimub veebiplatvormil Zoom, mis v\u00f5imaldab k\u00f5iki \u00f5ppemeetodeid kasutada teadmiste omandamisel. Enne koolituse algust saadetakse osalejatele koolitusele sisenemiseks l\u00fchiinfo.<br \/>\n\u2022 H\u00fcbriid\u00f5ppe korral on v\u00f5imalus \u00f5ppijal vastavalt soovile osaleda kas klassiruumis v\u00f5i veebis (Zoom). H\u00fcbriid\u00f5ppes kasutame koolituse l\u00e4biviimiseks professionaalset tehnikat, mis v\u00f5imaldab koolitust l\u00e4bi viia kvaliteetselt. Osalejad, kes \u00f5pivad veebis, tunnevad ennast nagu kontakt\u00f5ppes kohapeal. Enne koolituse algust saadetakse veebis osalejatele koolitusele sisenemiseks l\u00fchiinfo;<br \/>\n<strong>\u00d5ppeprotsessi kirjeldus sh \u00f5ppe sisu, \u00f5ppemeetodid ja \u2013materjalid)<\/strong>:<br \/>\n\u2022 \u00d5pe toimub \u00fchel valitud p\u00e4eval auditoorselt v\u00f5i veebi\u00f5ppena (k.a h\u00fcbriid\u00f5pe). Koolitused toimuvad t\u00f6\u00f6p\u00e4eviti kella 9.00-16.00;<br \/>\n\u2022 Koolitusel kasutatavad \u00f5ppevormid: loeng, arutelu, praktilised harjutused.<br \/>\n\u2022 \u00d5ppijale edastatakse digitaalselt koolitaja poolt v\u00e4lja t\u00f6\u00f6tatud \u00f5ppematerjalid.<\/p>\n<p><strong>\u00d5ppe sisu:<\/strong><br \/>\nI \u00f5ppep\u00e4ev (8ak tundi)<br \/>\n1. teema: \u00dcLDS\u00c4TTED<br \/>\n1.1. T\u00f6\u00f6tervishoiu ja t\u00f6\u00f6ohutuse seadus (TTOS) &#8211; t\u00f6\u00f6keskkonna m\u00f5iste, t\u00f6\u00f6olme, t\u00f6\u00f6andja ja t\u00f6\u00f6taja kohustused ja \u00f5igused, esmaabi, juhendamine, tervishoiuteenus, t\u00f6\u00f6\u00f5nnetus ja kutsehaigestumine (registreerimine, teatamine, uurimine), \u00f5nnetusoht, t\u00f6\u00f6andja ja t\u00f6\u00f6taja vastutus, riiklik j\u00e4relevalve.<br \/>\nSelgitatakse seadusest tulenevaid \u00f5igusi ning kohustusi ning nende erisusi.<\/p>\n<p>2. teema: T\u00d6\u00d6TERVISHOIU JA T\u00d6\u00d6OHUTUSE KORRALDUS<br \/>\n2.1. Ettev\u00f5tte tasandil: t\u00f6\u00f6keskkonnaspetsialist, t\u00f6\u00f6keskkonnavolinik, t\u00f6\u00f6keskkonnan\u00f5ukogu.<br \/>\nVaadeldakse vastutavate isikute tegevusi, \u00fcldist korraldust ning korraldamise erinevaid v\u00f5imalusi olenevalt ettev\u00f5tte struktuurist.<\/p>\n<p>II \u00f5ppep\u00e4ev (8 ak tundi)<br \/>\n3. teema: TTOS ALUSEL KEHTESTATUD M\u00c4\u00c4RUSED<br \/>\nTTOS alusel on kehtestatud 23 m\u00e4\u00e4rust, mida 24 akadeemilise tunni jooksul ei j\u00f5ua p\u00f5hjalikult l\u00e4bi vaadata, seep\u00e4rast vaadeldakse p\u00f5hjalikult m\u00e4\u00e4rusi, mis koolituse sihtgrupiga seotud.<br \/>\n3.1. T\u00f6\u00f6kohale ning t\u00f6\u00f6vahenditele esitatavad n\u00f5uded.<br \/>\n3.3. Kuvariga t\u00f6\u00f6tamine.<br \/>\nVaadeldakse laiemalt kontori-ergonoomikat.<br \/>\n3.4. Raskuste k\u00e4sitsi teisaldamine.<br \/>\nSelgitatakse inimese f\u00fcsioloogiast tulenevaid ise\u00e4rasusi raskuste teisaldamisel.<br \/>\n3.5. Teised m\u00e4\u00e4rused ning seadused olenevalt ettev\u00f5tte tegevusvaldkonnast ning vajadustest. N\u00e4iteks Tuleohutuse seadus, Seadme ohutuse seadus, Kemikaaliseadus, selles osas, mis on seotud t\u00f6\u00f6keskkonna ja t\u00f6\u00f6tajate ohutuse tagamisega.<\/p>\n<p>4. teema: T\u00d6\u00d6KESKKONNA OHUTEGURID NING M\u00d5JU TERVISELE<br \/>\n4.1. F\u00fc\u00fcsikalised, keemilised, bioloogilised, f\u00fcsioloogilised ja ps\u00fchholoogilised ning ps\u00fchhosotsiaalsed ohutegurid.<br \/>\nKoolituse raames m\u00f5\u00f5detakse praktiliselt f\u00fc\u00fcsikalisi ohutegureid indikaatorseadmetega.<br \/>\n4.2. T\u00f6\u00f6vahendite ning t\u00f6\u00f6keskkonna ergonoomia.<\/p>\n<p>III \u00f5ppep\u00e4ev (8 ak tundi)<br \/>\n5. teema: ISIKUKAITSEVAHENDID<br \/>\n5.1. Isikukaitsevahendite valimine ning kasutamine.<br \/>\nKoolituse raames n\u00e4idatakse praktiliselt isikukaitsevahendite valimise ja kasutamise omap\u00e4rasid.<br \/>\n6. teema: RISKIANAL\u00dc\u00dcS<br \/>\n6.1. Riskianal\u00fc\u00fcsi m\u00f5iste, riski hindamise meetodid, riskide ohjamise abin\u00f5ud.<br \/>\n6.2. Sisekontroll, t\u00f6\u00f6tervishoiu ja t\u00f6\u00f6ohutuse tegevuskava.<\/p>\n<p><strong>Hindamine ehk \u00f5ppe l\u00f5petamise tingimused:<\/strong><br \/>\nT\u00e4iend\u00f5ppekursus l\u00f5peb osalejate teadmiste kontrolliga (kirjalik, suuline kontrolltest v\u00f5i tagasisidestamise teel).<br \/>\n<strong>Tunnistus<\/strong> v\u00e4ljastatakse \u00f5ppijatele, kes on osalenud \u00f5ppet\u00f6\u00f6s v\u00e4hemalt 100% ning koolitaja on veendunud kirjalikult v\u00f5i suuliselt, et osaleja on saavutanud p\u00fcstitatud \u00f5piv\u00e4ljundid. Osalejale v\u00e4ljastatakse tunnistus vastavalt l\u00e4bitud teemadele ning tunnistusele m\u00e4rgitakse l\u00e4bitud teemad ja saavutatud \u00f5piv\u00e4ljundid.<br \/>\n<strong>T\u00f5end<\/strong> v\u00e4ljastatakse \u00f5ppijale, kes on osalenud koolitusel alla 80% ja kui koolituse l\u00e4biviijal ei ole v\u00f5imalik veenduda osaleja \u00f5piv\u00e4ljundite saavutamises. Tunnistusele m\u00e4rgitakse l\u00e4bitud teemad ning reaalselt koolitusel osalemise maht ( ak tundi) ning ainult need \u00f5piv\u00e4iv\u00e4ljundid, mida saavutati..<br \/>\n<strong>Koolitaja<\/strong>: J\u00fcri Kuzmin (Eesti Maa\u00fclikool, ergonoomika, MA).<\/p>\n<p><strong>\u00d5ppekava koostaja<\/strong>: J\u00fcri Kuzmin<\/p>\n<p>\u00d5ppekava muudatused:<br \/>\n1.  01.12.2018 &#8211;  \u00d5ppekava esmane verisoon.<br \/>\n2. 16.11.2020  &#8211;  Lisatud distants\u00f5ppe \u00f5ppevorm. Lisatud v\u00f5imalus \u00f5ppe v\u00e4ljundite kontrolliks ning tagasisidestamiseks suuliselt.<br \/>\n3. 22.12.2020  &#8211; T\u00e4iend\u00f5ppekavade mahud ja sisud \u00fchtlustatud v\u00e4lja\u00f5ppekava sisuga.<br \/>\n4. 26.10.2023 &#8211;  Parandatud m\u00e4\u00e4ruste osa.<\/p>\n<p><strong style=\"background-color: rgba(0, 0, 0, 0);\">Tagasiside<\/strong><span style=\"background-color: rgba(0, 0, 0, 0);\">:<\/span><\/p>\n<p>\nTagasiside koolituse kohta palume t\u00e4ita: https:\/\/kvkoolitus.ee\/tagasiside\/<\/p>\n<p><strong>Registreerimine ja info:<\/strong><\/p>\n<p>Telefon: 55 583 410<br \/>\nE-post: <a href=\"mailto:info@kvkoolitus.ee\">info@kvkoolitus.ee<\/a><\/p>\n<\/p>\n<form method=\"post\" enctype=\"multipart\/form-data\" id=\"vfbp-form-1\" class=\"vfbp-form\"><div style=\"display:none;\"><label for=\"vfbp-EMAIL-AN8fuQyoDLXem\">\u0415\u0441\u043b\u0438 \u0412\u044b \u0447\u0435\u043b\u043e\u0432\u0435\u043a, \u043e\u0441\u0442\u0430\u0432\u044c\u0442\u0435 \u044d\u0442\u043e \u043f\u043e\u043b\u0435 \u043f\u0443\u0441\u0442\u044b\u043c<\/label><input size=\"25\" autocomplete=\"off\" type=\"text\" name=\"vfbp-EMAIL-AN8fuQyoDLXem\" value=\"\" id=\"\"><\/div><input type=\"hidden\" name=\"_vfb-timestamp-1\" value=\"1776789423\" id=\"\"><input type=\"hidden\" name=\"_vfb-form-id\" value=\"1\" id=\"\"><div class=\"vfb-col-12 vfb-fieldType-hidden\" id=\"vfbField5\"><input id=\"vfb-field-5\" class=\"vfb-form-control\" placeholder=\"\" type=\"hidden\" name=\"vfb-field-5\" value=\"T&Ouml;&Ouml;TERVISHOIU- JA T&Ouml;&Ouml;OHUTUSALANE T&Auml;IEND&Otilde;PPEKURSUS\"><\/div><div class=\"vfb-clearfix\"><\/div><div class=\"vfb-col-12 vfb-fieldType-hidden\" id=\"vfbField60\"><input id=\"vfb-field-60\" class=\"vfb-form-control\" placeholder=\"\" type=\"hidden\" name=\"vfb-field-60\" value=\"3299\"><\/div><div class=\"vfb-clearfix\"><\/div><div class=\"vfb-well vfb-col-12\" id=\"vfbField4\"><div class=\"vfb-form-group vfb-col-12\"><div><h3 class=\"\">Saada koolituse p\u00e4ring v\u00f5i <a href=\"\/koolitused\">vaata koolituskalendrit<\/a><\/h3><\/div><\/div><div class=\"vfb-col-12 vfb-fieldType-heading\" id=\"vfbField4\"><\/div><div class=\"vfb-clearfix\"><\/div><div class=\"vfb-col-4 vfb-fieldType-text\" id=\"vfbField1\"><div class=\"vfb-form-group\"><label for=\"vfb-field-1\" class=\"vfb-control-label\">Nimi <span class=\"vfb-required-asterisk\">*<\/span><\/label><div><input id=\"vfb-field-1\" class=\"vfb-form-control\" placeholder=\"\" required=\"required\" type=\"text\" name=\"vfb-field-1\" value=\"\"><\/div><\/div><\/div><div class=\"vfb-col-4 vfb-fieldType-email\" id=\"vfbField3\"><div class=\"vfb-form-group\"><label for=\"vfb-field-3\" class=\"vfb-control-label\">E-posti aadress <span class=\"vfb-required-asterisk\">*<\/span><\/label><div><input id=\"vfb-field-3\" class=\"vfb-form-control\" placeholder=\"\" required=\"required\" type=\"email\" name=\"vfb-field-3\" value=\"\"><\/div><\/div><\/div><div class=\"vfb-col-4 vfb-fieldType-text\" id=\"vfbField6\"><div class=\"vfb-form-group\"><label for=\"vfb-field-6\" class=\"vfb-control-label\">Telefon <span class=\"vfb-required-asterisk\">*<\/span><\/label><div><input id=\"vfb-field-6\" class=\"vfb-form-control\" placeholder=\"\" required=\"required\" type=\"text\" name=\"vfb-field-6\" value=\"\"><\/div><\/div><\/div><div class=\"vfb-clearfix\"><\/div><div class=\"vfb-col-12 vfb-fieldType-select\" id=\"vfbField81\"><label for=\"vfb-field-81\" class=\"vfb-control-label\">Soovin koolitust l\u00e4bida:<\/label><div><div class=\"vfb-form-group\"><select id=\"vfb-field-81\" class=\"vfb-form-control\" placeholder=\"\" name=\"vfb-field-81\"><option value=\"Eesti keeles\">Eesti keeles<\/option><option value=\"Vene keeles\">Vene keeles<\/option><\/select><\/div><\/div><\/div><div class=\"vfb-clearfix\"><\/div><div class=\"vfb-col-12 vfb-fieldType-select\" id=\"vfbField196\"><label for=\"vfb-field-196\" class=\"vfb-control-label\">Koolituse tellib:<\/label><div><div class=\"vfb-form-group\"><select id=\"vfb-field-196\" class=\"vfb-form-control\" placeholder=\"\" name=\"vfb-field-196\"><option value=\"Eraisik\">Eraisik<\/option><option value=\"Ettev&otilde;te\">Ettev\u00f5te<\/option><\/select><\/div><\/div><\/div><div class=\"vfb-clearfix\"><\/div><div class=\"vfb-col-4 vfb-fieldType-select\" id=\"vfbField11\"><label for=\"vfb-field-11\" class=\"vfb-control-label\">Kes arve tasub?<\/label><div><div class=\"vfb-form-group\"><select id=\"vfb-field-11\" class=\"vfb-form-control\" placeholder=\"\" name=\"vfb-field-11\"><option value=\"Ettev&otilde;te\">Ettev\u00f5te<\/option><option value=\"Eraisik\">Eraisik<\/option><option value=\"T&ouml;&ouml;tukassa\">T\u00f6\u00f6tukassa<\/option><\/select><\/div><\/div><\/div><div class=\"vfb-col-7 vfb-fieldType-text\" id=\"vfbField8\"><div class=\"vfb-form-group\"><label for=\"vfb-field-8\" class=\"vfb-control-label\">Ettev\u00f5tte nimi, kellele arve esitatakse <span class=\"vfb-required-asterisk\">*<\/span><\/label><div><input id=\"vfb-field-8\" class=\"vfb-form-control\" placeholder=\"\" required=\"required\" type=\"text\" name=\"vfb-field-8\" value=\"\"><\/div><\/div><\/div><div class=\"vfb-col-7 vfb-fieldType-text\" id=\"vfbField61\"><div class=\"vfb-form-group\"><label for=\"vfb-field-61\" class=\"vfb-control-label\">Eraisiku nimi, kellele arve esitatakse <span class=\"vfb-required-asterisk\">*<\/span><\/label><div><input id=\"vfb-field-61\" class=\"vfb-form-control\" placeholder=\"\" required=\"required\" type=\"text\" name=\"vfb-field-61\" value=\"\"><\/div><\/div><\/div><div class=\"vfb-clearfix\"><\/div><div class=\"vfb-col-12 vfb-fieldType-textarea\" id=\"vfbField12\"><div class=\"vfb-form-group\"><label for=\"vfb-field-12\" class=\"vfb-control-label\">Lisainfo<\/label><div><textarea id=\"vfb-field-12\" class=\"vfb-form-control\" placeholder=\"\" rows=\"5\" name=\"vfb-field-12\" cols=\"50\"><\/textarea><\/div><\/div><\/div><div class=\"vfb-clearfix\"><\/div><div class=\"vfb-col-6 vfb-fieldType-checkbox\" id=\"vfbField13\"><label for=\"vfb-field-13\" class=\"vfb-control-label\"><\/label><div><div class=\"vfb-checkbox\"><label><input id=\"vfb-field-13-0\" class=\"\" placeholder=\"\" data-vfb-multiple=\"vfb-field-13\" type=\"checkbox\" name=\"vfb-field-13[0]\" value=\"1\"> Soovin saada infot minu ala kursuste kohta<\/label><\/div><\/div><\/div><div class=\"vfb-col-6 vfb-fieldType-checkbox\" id=\"vfbField14\"><label for=\"vfb-field-14\" class=\"vfb-control-label\"><\/label><div><div class=\"vfb-checkbox\"><label><input id=\"vfb-field-14-0\" class=\"\" placeholder=\"\" data-vfb-multiple=\"vfb-field-14\" type=\"checkbox\" name=\"vfb-field-14[0]\" value=\"1\">Soovin saada infot eripakkumiste ja soodustuste kohta<\/label><\/div><\/div><\/div><div class=\"vfb-clearfix\"><\/div><div class=\"vfb-col-12 vfb-fieldType-checkbox\" id=\"vfbField15\"><label for=\"vfb-field-15\" class=\"vfb-control-label\"> <span class=\"vfb-required-asterisk\">*<\/span><\/label><div><div class=\"vfb-checkbox\"><label><input id=\"vfb-field-15-0\" class=\"\" placeholder=\"\" data-vfb-multiple=\"vfb-field-15\" required=\"required\" type=\"checkbox\" name=\"vfb-field-15[0]\" value=\"1\">Kinnitan, et olen tutvunud \u00d5ppet\u00f6\u00f6 korraldusega ja v\u00f5tan enesele k\u00f5ik sellest tulenevad kohustused<\/label><\/div><\/div><\/div><div class=\"vfb-clearfix\"><\/div><div class=\"vfb-col-12 vfb-fieldType-submit\" id=\"vfbField16\"><button id=\"vfb-field-16\" class=\" btn btn-primary\" placeholder=\"\" type=\"submit\" name=\"_vfb-submit\">Registreerimine<\/button><\/div><div class=\"vfb-clearfix\"><\/div><\/div> <!-- .vfb-well --><\/form>\n<\/div><\/div><\/div><\/div><\/div><\/p>\n","protected":false},"excerpt":{"rendered":"","protected":false},"author":1,"featured_media":0,"parent":3021,"menu_order":0,"comment_status":"closed","ping_status":"closed","template":"","meta":{"footnotes":""},"class_list":["post-3299","page","type-page","status-publish","hentry"],"aioseo_notices":[],"_links":{"self":[{"href":"https:\/\/kvkoolitus.ee\/ru\/wp-json\/wp\/v2\/pages\/3299","targetHints":{"allow":["GET"]}}],"collection":[{"href":"https:\/\/kvkoolitus.ee\/ru\/wp-json\/wp\/v2\/pages"}],"about":[{"href":"https:\/\/kvkoolitus.ee\/ru\/wp-json\/wp\/v2\/types\/page"}],"author":[{"embeddable":true,"href":"https:\/\/kvkoolitus.ee\/ru\/wp-json\/wp\/v2\/users\/1"}],"replies":[{"embeddable":true,"href":"https:\/\/kvkoolitus.ee\/ru\/wp-json\/wp\/v2\/comments?post=3299"}],"version-history":[{"count":1,"href":"https:\/\/kvkoolitus.ee\/ru\/wp-json\/wp\/v2\/pages\/3299\/revisions"}],"predecessor-version":[{"id":8779,"href":"https:\/\/kvkoolitus.ee\/ru\/wp-json\/wp\/v2\/pages\/3299\/revisions\/8779"}],"up":[{"embeddable":true,"href":"https:\/\/kvkoolitus.ee\/ru\/wp-json\/wp\/v2\/pages\/3021"}],"wp:attachment":[{"href":"https:\/\/kvkoolitus.ee\/ru\/wp-json\/wp\/v2\/media?parent=3299"}],"curies":[{"name":"wp","href":"https:\/\/api.w.org\/{rel}","templated":true}]}}