{"id":3367,"date":"2022-01-24T15:36:45","date_gmt":"2022-01-24T13:36:45","guid":{"rendered":"https:\/\/kvkoolitus.ee\/?page_id=3367"},"modified":"2022-01-24T15:36:45","modified_gmt":"2022-01-24T13:36:45","slug":"telli-koolitus","status":"publish","type":"page","link":"https:\/\/kvkoolitus.ee\/ru\/telli-koolitus\/","title":{"rendered":"\u0417\u0430\u043a\u0430\u0436\u0438 \u043a\u0443\u0440\u0441"},"content":{"rendered":"<p>Kui te ei leidnud meie koolituste seast endale sobivat, siis saatke alloleva vormi kaudu meile oma koolituse soovid.<\/p>\n<p>V\u00f5tame teiega \u00fchendust esimesel v\u00f5imalusel ja loodetavasti saame teile pakkuda sobiva koolituse.<\/p>\n<form method=\"post\" enctype=\"multipart\/form-data\" id=\"vfbp-form-4\" class=\"vfbp-form\"><div style=\"display:none;\"><label for=\"vfbp-EMAIL-AN8fuQyoDLXem\">\u0415\u0441\u043b\u0438 \u0412\u044b \u0447\u0435\u043b\u043e\u0432\u0435\u043a, \u043e\u0441\u0442\u0430\u0432\u044c\u0442\u0435 \u044d\u0442\u043e \u043f\u043e\u043b\u0435 \u043f\u0443\u0441\u0442\u044b\u043c<\/label><input size=\"25\" autocomplete=\"off\" type=\"text\" name=\"vfbp-EMAIL-AN8fuQyoDLXem\" value=\"\" id=\"\"><\/div><input type=\"hidden\" name=\"_vfb-timestamp-4\" value=\"1778706542\" id=\"\"><input type=\"hidden\" name=\"_vfb-form-id\" value=\"4\" id=\"\"><div class=\"vfb-col-12 vfb-fieldType-hidden\" id=\"vfbField50\"><input id=\"vfb-field-50\" class=\"vfb-form-control\" placeholder=\"\" type=\"hidden\" name=\"vfb-field-50\" value=\"Telli koolitus\"><\/div><div class=\"vfb-clearfix\"><\/div><div class=\"vfb-well vfb-col-12\" id=\"vfbField51\"><div class=\"vfb-form-group vfb-col-12\"><div><h3 class=\"\">Saada koolitussoovi p\u00e4ring siit v\u00f5i <a href=\"\/koolitused\">vaata koolituskalendrit<\/a><\/h3><\/div><\/div><div class=\"vfb-col-12 vfb-fieldType-heading\" id=\"vfbField51\"><\/div><div class=\"vfb-clearfix\"><\/div><div class=\"vfb-col-12 vfb-fieldType-textarea\" id=\"vfbField57\"><div class=\"vfb-form-group\"><label for=\"vfb-field-57\" class=\"vfb-control-label\">Kirjeldage oma koolitussoovi v\u00f5i -vajadust<\/label><div><textarea id=\"vfb-field-57\" class=\"vfb-form-control\" placeholder=\"\" rows=\"6\" name=\"vfb-field-57\" cols=\"50\"><\/textarea><\/div><\/div><\/div><div class=\"vfb-clearfix\"><\/div><div class=\"vfb-col-4 vfb-fieldType-text\" id=\"vfbField54\"><div class=\"vfb-form-group\"><label for=\"vfb-field-54\" class=\"vfb-control-label\">Nimi <span class=\"vfb-required-asterisk\">*<\/span><\/label><div><input id=\"vfb-field-54\" class=\"vfb-form-control\" placeholder=\"\" required=\"required\" type=\"text\" name=\"vfb-field-54\" value=\"\"><\/div><\/div><\/div><div class=\"vfb-col-4 vfb-fieldType-email\" id=\"vfbField55\"><div class=\"vfb-form-group\"><label for=\"vfb-field-55\" class=\"vfb-control-label\">E-posti aadress <span class=\"vfb-required-asterisk\">*<\/span><\/label><div><input id=\"vfb-field-55\" class=\"vfb-form-control\" placeholder=\"\" required=\"required\" type=\"email\" name=\"vfb-field-55\" value=\"\"><\/div><\/div><\/div><div class=\"vfb-col-4 vfb-fieldType-text\" id=\"vfbField56\"><div class=\"vfb-form-group\"><label for=\"vfb-field-56\" class=\"vfb-control-label\">Telefon <span class=\"vfb-required-asterisk\">*<\/span><\/label><div><input id=\"vfb-field-56\" class=\"vfb-form-control\" placeholder=\"\" required=\"required\" type=\"text\" name=\"vfb-field-56\" value=\"\"><\/div><\/div><\/div><div class=\"vfb-clearfix\"><\/div><div class=\"vfb-col-12 vfb-fieldType-checkbox\" id=\"vfbField58\"><label for=\"vfb-field-58\" class=\"vfb-control-label\"> <span class=\"vfb-required-asterisk\">*<\/span><\/label><div><div class=\"vfb-checkbox\"><label><input id=\"vfb-field-58-0\" class=\"\" placeholder=\"\" data-vfb-multiple=\"vfb-field-58\" required=\"required\" type=\"checkbox\" name=\"vfb-field-58[0]\" value=\"1\">Kinnitan, et olen tutvunud \u00d5ppet\u00f6\u00f6 korraldusega ja v\u00f5tan enesele k\u00f5ik sellest tulenevad kohustused<\/label><\/div><\/div><\/div><div class=\"vfb-clearfix\"><\/div><div class=\"vfb-col-12 vfb-fieldType-submit\" id=\"vfbField59\"><button id=\"vfb-field-59\" class=\" btn btn-primary\" placeholder=\"\" type=\"submit\" name=\"_vfb-submit\">Saada<\/button><\/div><div class=\"vfb-clearfix\"><\/div><\/div> <!-- .vfb-well --><\/form>\n","protected":false},"excerpt":{"rendered":"<p>\u0415\u0441\u043b\u0438 \u0432\u044b \u043d\u0435 \u043d\u0430\u0448\u043b\u0438 \u043f\u043e\u0434\u0445\u043e\u0434\u044f\u0449\u0438\u0439 \u0432\u0430\u043c \u043a\u0443\u0440\u0441, \u043e\u0442\u043f\u0440\u0430\u0432\u044c\u0442\u0435 \u043d\u0430\u043c \u0437\u0430\u043f\u0440\u043e\u0441 \u043d\u0430 \u043e\u0431\u0443\u0447\u0435\u043d\u0438\u0435, \u0437\u0430\u043f\u043e\u043b\u043d\u0438\u0432 \u0444\u043e\u0440\u043c\u0443 \u043d\u0438\u0436\u0435.<\/p>","protected":false},"author":1,"featured_media":0,"parent":0,"menu_order":0,"comment_status":"closed","ping_status":"closed","template":"","meta":{"footnotes":""},"class_list":["post-3367","page","type-page","status-publish","hentry"],"aioseo_notices":[],"_links":{"self":[{"href":"https:\/\/kvkoolitus.ee\/ru\/wp-json\/wp\/v2\/pages\/3367","targetHints":{"allow":["GET"]}}],"collection":[{"href":"https:\/\/kvkoolitus.ee\/ru\/wp-json\/wp\/v2\/pages"}],"about":[{"href":"https:\/\/kvkoolitus.ee\/ru\/wp-json\/wp\/v2\/types\/page"}],"author":[{"embeddable":true,"href":"https:\/\/kvkoolitus.ee\/ru\/wp-json\/wp\/v2\/users\/1"}],"replies":[{"embeddable":true,"href":"https:\/\/kvkoolitus.ee\/ru\/wp-json\/wp\/v2\/comments?post=3367"}],"version-history":[{"count":0,"href":"https:\/\/kvkoolitus.ee\/ru\/wp-json\/wp\/v2\/pages\/3367\/revisions"}],"wp:attachment":[{"href":"https:\/\/kvkoolitus.ee\/ru\/wp-json\/wp\/v2\/media?parent=3367"}],"curies":[{"name":"wp","href":"https:\/\/api.w.org\/{rel}","templated":true}]}}