{"id":3481,"date":"2022-03-30T17:20:10","date_gmt":"2022-03-30T14:20:10","guid":{"rendered":"https:\/\/kvkoolitus.ee\/?page_id=3481"},"modified":"2025-01-06T14:57:29","modified_gmt":"2025-01-06T12:57:29","slug":"ettevotlus-projektitoo","status":"publish","type":"page","link":"https:\/\/kvkoolitus.ee\/ru\/sisekoolitused-asutustele\/ettevotlus-projektitoo\/","title":{"rendered":"\u041f\u0420\u0415\u0414\u041f\u0420\u0418\u041d\u0418\u041c\u0410\u0422\u0415\u041b\u042c\u0421\u0422\u0412\u041e \u0418 \u0411\u0423\u0425\u0413\u0410\u041b\u0422\u0415\u0420\u0421\u041a\u0418\u0419 \u0423\u0427\u0415\u0422"},"content":{"rendered":"<div class=\"fusion-fullwidth fullwidth-box fusion-builder-row-1 fusion-flex-container nonhundred-percent-fullwidth non-hundred-percent-height-scrolling\" style=\"--awb-border-radius-top-left:0px;--awb-border-radius-top-right:0px;--awb-border-radius-bottom-right:0px;--awb-border-radius-bottom-left:0px;--awb-flex-wrap:wrap;\" ><div class=\"fusion-builder-row fusion-row fusion-flex-align-items-flex-start fusion-flex-content-wrap\" style=\"max-width:1456px;margin-left: calc(-4% \/ 2 );margin-right: calc(-4% \/ 2 );\"><div class=\"fusion-layout-column fusion_builder_column fusion-builder-column-0 fusion_builder_column_1_1 1_1 fusion-flex-column\" style=\"--awb-bg-blend:overlay;--awb-bg-size:cover;--awb-width-large:100%;--awb-margin-top-large:0px;--awb-spacing-right-large:1.92%;--awb-margin-bottom-large:0px;--awb-spacing-left-large:1.92%;--awb-width-medium:100%;--awb-spacing-right-medium:1.92%;--awb-spacing-left-medium:1.92%;--awb-width-small:100%;--awb-spacing-right-small:1.92%;--awb-spacing-left-small:1.92%;\"><div class=\"fusion-column-wrapper fusion-flex-justify-content-flex-start fusion-content-layout-column\"><div class=\"fusion-text fusion-text-1\"><p>Kuidas oma ettev\u00f5tte konkurentsiv\u00f5imet suurendada ja projekte kirjutada?<\/p>\n<p>Oskuste saamiseks pakume erinevaid ettev\u00f5tlusega ja projektidega seotud koolitusi.<\/p>\n<p>&nbsp;<\/p>\n<ol>\n<li><a href=\"https:\/\/kvkoolitus.ee\/ettevotluskoolitus\/\">Ettev\u00f5tluskoolitus<\/a><\/li>\n<li><a href=\"https:\/\/kvkoolitus.ee\/sisekoolitused\/teenuste-disain\/\">Teenuste disain<\/a><\/li>\n<li><a href=\"https:\/\/kvkoolitus.ee\/sisekoolitused\/teenuste-turundus\/\">Teenuste turundus<\/a><\/li>\n<li><a href=\"https:\/\/kvkoolitus.ee\/sisekoolitused\/kaasaegne-turundus-muugitugi-ja-kliendihaldus\/\">Kaasaegne turundus, m\u00fc\u00fcgitugi ja kliendihaldus<\/a><\/li>\n<li><a href=\"https:\/\/kvkoolitus.ee\/sisekoolitused\/avalik-esinemine-ja-ettekande-koostamine\/\">Avalik esinemine ja ettekande koostamine<\/a><\/li>\n<li><a href=\"https:\/\/kvkoolitus.ee\/sisekoolitused\/projektide-vormistamine-ja-juhtimine\/\">Projektide vormistamine ja juhtimine<\/a><\/li>\n<li><a href=\"https:\/\/kvkoolitus.ee\/sisekoolitused\/projektitaotluste-koostamise-praktikum\/\">Projektitaotluste koostamise praktikum<\/a><\/li>\n<li><a href=\"https:\/\/kvkoolitus.ee\/sisekoolitused\/koostoo-meediaga\/\">Koost\u00f6\u00f6 meediaga<\/a><\/li>\n<li><a href=\"https:\/\/kvkoolitus.ee\/sisekoolitused\/efektiivne-muuk\/\">Turundus ja m\u00fc\u00fck<\/a><\/li>\n<li><a href=\"https:\/\/kvkoolitus.ee\/sisekoolitused\/oigussuhted-vaikeettevotluses\/\">\u00d5igussuhted v\u00e4ikeettev\u00f5tluses<\/a><\/li>\n<li><a href=\"https:\/\/kvkoolitus.ee\/sisekoolitused\/ettevotluse-alused-ja-ariplaani-koostamine\/\">\u00c4riplaani koostamine<\/a><\/li>\n<li><a href=\"https:\/\/kvkoolitus.ee\/sisekoolitused\/dokumentatsioon-asjaajamine-ja-arhiivindus-mittetulundusuhingutes\/\">Dokumentatsioon, asjaajamine ja arhiivindus <\/a><\/li>\n<li><a href=\"https:\/\/kvkoolitus.ee\/kahepaevane-juhtimiskoolitus-esmatasandi-juhtidele\/\">Kahep\u00e4evane juhtimiskoolitus esmatasandi juhtidele<\/a><\/li>\n<li><a href=\"https:\/\/kvkoolitus.ee\/labiraakimisoskuste-arendusprogramm\/\">L\u00e4bir\u00e4\u00e4kimisoskuste arendusprogramm<\/a><\/li>\n<\/ol>\n<p><strong>Tellimine ja info:<\/strong><\/p>\n<p>Telefon: 55 583 410; 53 475 016<br \/>\nE-post: <a href=\"mailto:info@kvkoolitus.ee\">info@kvkoolitus.ee<\/a><\/p>\n<p>Koolituse tellimiseks saatke p\u00e4ring e-postile v\u00f5i t\u00e4itke \u00e4ra allolev vorm:<\/p>\n<form method=\"post\" enctype=\"multipart\/form-data\" id=\"vfbp-form-4\" class=\"vfbp-form\"><div style=\"display:none;\"><label for=\"vfbp-EMAIL-AN8fuQyoDLXem\">\u0415\u0441\u043b\u0438 \u0412\u044b \u0447\u0435\u043b\u043e\u0432\u0435\u043a, \u043e\u0441\u0442\u0430\u0432\u044c\u0442\u0435 \u044d\u0442\u043e \u043f\u043e\u043b\u0435 \u043f\u0443\u0441\u0442\u044b\u043c<\/label><input size=\"25\" autocomplete=\"off\" type=\"text\" name=\"vfbp-EMAIL-AN8fuQyoDLXem\" value=\"\" id=\"\"><\/div><input type=\"hidden\" name=\"_vfb-timestamp-4\" value=\"1778617951\" id=\"\"><input type=\"hidden\" name=\"_vfb-form-id\" value=\"4\" id=\"\"><div class=\"vfb-col-12 vfb-fieldType-hidden\" id=\"vfbField50\"><input id=\"vfb-field-50\" class=\"vfb-form-control\" placeholder=\"\" type=\"hidden\" name=\"vfb-field-50\" value=\"ETTEV&Otilde;TLUS JA RAAMATUPIDAMINE\"><\/div><div class=\"vfb-clearfix\"><\/div><div class=\"vfb-well vfb-col-12\" id=\"vfbField51\"><div class=\"vfb-form-group vfb-col-12\"><div><h3 class=\"\">Saada koolitussoovi p\u00e4ring siit v\u00f5i <a href=\"\/koolitused\">vaata koolituskalendrit<\/a><\/h3><\/div><\/div><div class=\"vfb-col-12 vfb-fieldType-heading\" id=\"vfbField51\"><\/div><div class=\"vfb-clearfix\"><\/div><div class=\"vfb-col-12 vfb-fieldType-textarea\" id=\"vfbField57\"><div class=\"vfb-form-group\"><label for=\"vfb-field-57\" class=\"vfb-control-label\">Kirjeldage oma koolitussoovi v\u00f5i -vajadust<\/label><div><textarea id=\"vfb-field-57\" class=\"vfb-form-control\" placeholder=\"\" rows=\"6\" name=\"vfb-field-57\" cols=\"50\"><\/textarea><\/div><\/div><\/div><div class=\"vfb-clearfix\"><\/div><div class=\"vfb-col-4 vfb-fieldType-text\" id=\"vfbField54\"><div class=\"vfb-form-group\"><label for=\"vfb-field-54\" class=\"vfb-control-label\">Nimi <span class=\"vfb-required-asterisk\">*<\/span><\/label><div><input id=\"vfb-field-54\" class=\"vfb-form-control\" placeholder=\"\" required=\"required\" type=\"text\" name=\"vfb-field-54\" value=\"\"><\/div><\/div><\/div><div class=\"vfb-col-4 vfb-fieldType-email\" id=\"vfbField55\"><div class=\"vfb-form-group\"><label for=\"vfb-field-55\" class=\"vfb-control-label\">E-posti aadress <span class=\"vfb-required-asterisk\">*<\/span><\/label><div><input id=\"vfb-field-55\" class=\"vfb-form-control\" placeholder=\"\" required=\"required\" type=\"email\" name=\"vfb-field-55\" value=\"\"><\/div><\/div><\/div><div class=\"vfb-col-4 vfb-fieldType-text\" id=\"vfbField56\"><div class=\"vfb-form-group\"><label for=\"vfb-field-56\" class=\"vfb-control-label\">Telefon <span class=\"vfb-required-asterisk\">*<\/span><\/label><div><input id=\"vfb-field-56\" class=\"vfb-form-control\" placeholder=\"\" required=\"required\" type=\"text\" name=\"vfb-field-56\" value=\"\"><\/div><\/div><\/div><div class=\"vfb-clearfix\"><\/div><div class=\"vfb-col-12 vfb-fieldType-checkbox\" id=\"vfbField58\"><label for=\"vfb-field-58\" class=\"vfb-control-label\"> <span class=\"vfb-required-asterisk\">*<\/span><\/label><div><div class=\"vfb-checkbox\"><label><input id=\"vfb-field-58-0\" class=\"\" placeholder=\"\" data-vfb-multiple=\"vfb-field-58\" required=\"required\" type=\"checkbox\" name=\"vfb-field-58[0]\" value=\"1\">Kinnitan, et olen tutvunud \u00d5ppet\u00f6\u00f6 korraldusega ja v\u00f5tan enesele k\u00f5ik sellest tulenevad kohustused<\/label><\/div><\/div><\/div><div class=\"vfb-clearfix\"><\/div><div class=\"vfb-col-12 vfb-fieldType-submit\" id=\"vfbField59\"><button id=\"vfb-field-59\" class=\" btn btn-primary\" placeholder=\"\" type=\"submit\" name=\"_vfb-submit\">Saada<\/button><\/div><div class=\"vfb-clearfix\"><\/div><\/div> <!-- .vfb-well --><\/form>\n<\/div><\/div><\/div><\/div><\/div>\n","protected":false},"excerpt":{"rendered":"","protected":false},"author":1,"featured_media":0,"parent":2357,"menu_order":0,"comment_status":"closed","ping_status":"closed","template":"","meta":{"footnotes":""},"class_list":["post-3481","page","type-page","status-publish","hentry"],"aioseo_notices":[],"_links":{"self":[{"href":"https:\/\/kvkoolitus.ee\/ru\/wp-json\/wp\/v2\/pages\/3481","targetHints":{"allow":["GET"]}}],"collection":[{"href":"https:\/\/kvkoolitus.ee\/ru\/wp-json\/wp\/v2\/pages"}],"about":[{"href":"https:\/\/kvkoolitus.ee\/ru\/wp-json\/wp\/v2\/types\/page"}],"author":[{"embeddable":true,"href":"https:\/\/kvkoolitus.ee\/ru\/wp-json\/wp\/v2\/users\/1"}],"replies":[{"embeddable":true,"href":"https:\/\/kvkoolitus.ee\/ru\/wp-json\/wp\/v2\/comments?post=3481"}],"version-history":[{"count":2,"href":"https:\/\/kvkoolitus.ee\/ru\/wp-json\/wp\/v2\/pages\/3481\/revisions"}],"predecessor-version":[{"id":8409,"href":"https:\/\/kvkoolitus.ee\/ru\/wp-json\/wp\/v2\/pages\/3481\/revisions\/8409"}],"up":[{"embeddable":true,"href":"https:\/\/kvkoolitus.ee\/ru\/wp-json\/wp\/v2\/pages\/2357"}],"wp:attachment":[{"href":"https:\/\/kvkoolitus.ee\/ru\/wp-json\/wp\/v2\/media?parent=3481"}],"curies":[{"name":"wp","href":"https:\/\/api.w.org\/{rel}","templated":true}]}}