{"id":3676,"date":"2022-05-03T15:50:51","date_gmt":"2022-05-03T12:50:51","guid":{"rendered":"https:\/\/kvkoolitus.ee\/?page_id=3676"},"modified":"2022-05-03T15:58:17","modified_gmt":"2022-05-03T12:58:17","slug":"muud-koolitused","status":"publish","type":"page","link":"https:\/\/kvkoolitus.ee\/ru\/muud-koolitused\/","title":{"rendered":"\u0414\u0420\u0423\u0413\u041e\u0415 \u041e\u0411\u0423\u0427\u0415\u041d\u0418\u0415"},"content":{"rendered":"<p><strong>\u0423\u0447\u0435\u0431\u043d\u044b\u0439 \u0446\u0435\u043d\u0442\u0440 Kersti V\u00f5lu \u043f\u0440\u0435\u0434\u043b\u0430\u0433\u0430\u0435\u0442 \u0440\u044f\u0434 \u043a\u043e\u043d\u0441\u0443\u043b\u044c\u0442\u0430\u0446\u0438\u043e\u043d\u043d\u044b\u0445 \u0443\u0441\u043b\u0443\u0433:<\/strong><\/p>\n<ul>\n<li><a href=\"https:\/\/kvkoolitus.ee\/ru\/sisekoolitused\/toiduhugieeni-koolitus\/\">\u041e\u0431\u0443\u0447\u0435\u043d\u0438\u0435 \u0433\u0438\u0433\u0438\u0435\u043d\u0435 \u043f\u0438\u0442\u0430\u043d\u0438\u044f<\/a><\/li>\n<li><a href=\"https:\/\/kvkoolitus.ee\/ru\/sisekoolitused\/kvaliteedi-ja-keskkonnajuhtimise-susteemide-siseaudiitorite-koolitus\/\">\u041e\u0431\u0443\u0447\u0435\u043d\u0438\u0435 \u0432\u043d\u0443\u0442\u0440\u0435\u043d\u043d\u0438\u0445 \u0430\u0443\u0434\u0438\u0442\u043e\u0440\u043e\u0432 \u0441\u0438\u0441\u0442\u0435\u043c \u043c\u0435\u043d\u0435\u0434\u0436\u043c\u0435\u043d\u0442\u0430 \u043a\u0430\u0447\u0435\u0441\u0442\u0432\u0430 \u0438 \u044d\u043a\u043e\u043b\u043e\u0433\u0438\u0447\u0435\u0441\u043a\u043e\u0433\u043e \u043c\u0435\u043d\u0435\u0434\u0436\u043c\u0435\u043d\u0442\u0430<\/a><\/li>\n<li><a href=\"https:\/\/kvkoolitus.ee\/ru\/sisekoolitused\/iso-9001-kvaliteedijuhtimissusteem\/\">\u0421\u0438\u0441\u0442\u0435\u043c\u0430 \u0443\u043f\u0440\u0430\u0432\u043b\u0435\u043d\u0438\u044f \u043a\u0430\u0447\u0435\u0441\u0442\u0432\u043e\u043c ISO 9001<\/a><\/li>\n<li><a href=\"https:\/\/kvkoolitus.ee\/ru\/sisekoolitused\/iso-14001-keskkonnajuhtimissusteem\/\">\u0421\u0438\u0441\u0442\u0435\u043c\u0430 \u044d\u043a\u043e\u043b\u043e\u0433\u0438\u0447\u0435\u0441\u043a\u043e\u0433\u043e \u043c\u0435\u043d\u0435\u0434\u0436\u043c\u0435\u043d\u0442\u0430 ISO 14001<\/a><\/li>\n<li><a href=\"https:\/\/kvkoolitus.ee\/ru\/sisekoolitused\/tervisliku-toitumise-algtoed\/\">\u041e\u0441\u043d\u043e\u0432\u044b \u0437\u0434\u043e\u0440\u043e\u0432\u043e\u0433\u043e \u043f\u0438\u0442\u0430\u043d\u0438\u044f<\/a><\/li>\n<li><a href=\"https:\/\/kvkoolitus.ee\/ru\/sisekoolitused\/lihtsalt-liikuma-soovitused-kaalulangetajale-ja-tavainimesele\/\">\u041f\u0440\u043e\u0441\u0442\u043e \u0434\u0432\u0438\u0433\u0430\u0439\u0442\u0435\u0441\u044c - \u0440\u0435\u043a\u043e\u043c\u0435\u043d\u0434\u0430\u0446\u0438\u0438 \u0434\u043b\u044f \u0445\u0443\u0434\u0435\u044e\u0449\u0438\u0445 \u0438 \u043e\u0431\u044b\u0447\u043d\u044b\u0445 \u043b\u044e\u0434\u0435\u0439<\/a><\/li>\n<li><a href=\"https:\/\/kvkoolitus.ee\/ru\/sisekoolitused\/toitumine-sportlasele\/\">\u041f\u0438\u0442\u0430\u043d\u0438\u0435 \u0434\u043b\u044f \u0441\u043f\u043e\u0440\u0442\u0441\u043c\u0435\u043d\u043e\u0432<\/a><\/li>\n<li><a href=\"https:\/\/kvkoolitus.ee\/ru\/sisekoolitused\/toitumine-harrastussportlasele\/\">\u041f\u0438\u0442\u0430\u043d\u0438\u0435 \u0434\u043b\u044f \u0441\u043f\u043e\u0440\u0442\u0441\u043c\u0435\u043d\u0430-\u043b\u044e\u0431\u0438\u0442\u0435\u043b\u044f<\/a><\/li>\n<li><a href=\"https:\/\/kvkoolitus.ee\/ru\/sisekoolitused\/jousaali-abc\/\">\u0410\u0437\u0431\u0443\u043a\u0430 \u0442\u0440\u0435\u043d\u0430\u0436\u0435\u0440\u043d\u043e\u0433\u043e \u0437\u0430\u043b\u0430<\/a><\/li>\n<li><a href=\"https:\/\/kvkoolitus.ee\/ru\/sisekoolitused\/tervis-sisemine-tasakaal-ja-energia\/\">\u0417\u0434\u043e\u0440\u043e\u0432\u044c\u0435, \u0432\u043d\u0443\u0442\u0440\u0435\u043d\u043d\u0438\u0439 \u0431\u0430\u043b\u0430\u043d\u0441 \u0438 \u044d\u043d\u0435\u0440\u0433\u0438\u044f<\/a><\/li>\n<li><a href=\"https:\/\/kvkoolitus.ee\/ru\/sisekoolitused\/kuidas-elada-tervislikku-elu-lihtsalt\/\">\u041a\u0430\u043a \u043f\u0440\u043e\u0441\u0442\u043e \u0432\u0435\u0441\u0442\u0438 \u0437\u0434\u043e\u0440\u043e\u0432\u044b\u0439 \u043e\u0431\u0440\u0430\u0437 \u0436\u0438\u0437\u043d\u0438<\/a><\/li>\n<li><a href=\"https:\/\/kvkoolitus.ee\/ru\/sisekoolitused\/toitumine-kontoritootajale\/\">\u041f\u0438\u0442\u0430\u043d\u0438\u0435 \u0434\u043b\u044f \u043e\u0444\u0438\u0441\u043d\u044b\u0445 \u0440\u0430\u0431\u043e\u0442\u043d\u0438\u043a\u043e\u0432<\/a><\/li>\n<\/ul>\n<p>\u0427\u0442\u043e\u0431\u044b \u0437\u0430\u043a\u0430\u0437\u0430\u0442\u044c \u043e\u0431\u0443\u0447\u0435\u043d\u0438\u0435, \u043f\u043e\u0436\u0430\u043b\u0443\u0439\u0441\u0442\u0430, \u043e\u0442\u043f\u0440\u0430\u0432\u044c\u0442\u0435 \u0437\u0430\u043f\u0440\u043e\u0441:<br \/>\n\u043f\u043e \u044d\u043b\u0435\u043a\u0442\u0440\u043e\u043d\u043d\u043e\u0439 \u043f\u043e\u0447\u0442\u0435:\u00a0<a href=\"mailto:info@kvkoolitus.ee\">info@kvkoolitus.ee<\/a><\/p>","protected":false},"excerpt":{"rendered":"<p>Kersti V\u00f5lu Koolituskeskus pakub erinevaid n\u00f5ustamisi: Toiduh\u00fcgieeni koolitus Kvaliteedi- ja keskkonnajuhtimise s\u00fcsteemide siseaudiitorite koolitus ISO 9001 kvaliteedijuhtimiss\u00fcsteem ISO 14001 keskkonnajuhtimiss\u00fcsteem Tervisliku toitumise algt\u00f5ed Lihtsalt liikuma- soovitused kaalulangetajale ja tavainimesele Toitumine sportlasele Toitumine harrastussportlasele <a href=\"https:\/\/kvkoolitus.ee\/ru\/muud-koolitused\/\"> [&#8230;]<\/a><\/p>\n","protected":false},"author":1,"featured_media":0,"parent":0,"menu_order":0,"comment_status":"closed","ping_status":"closed","template":"","meta":{"footnotes":""},"class_list":["post-3676","page","type-page","status-publish","hentry"],"aioseo_notices":[],"_links":{"self":[{"href":"https:\/\/kvkoolitus.ee\/ru\/wp-json\/wp\/v2\/pages\/3676","targetHints":{"allow":["GET"]}}],"collection":[{"href":"https:\/\/kvkoolitus.ee\/ru\/wp-json\/wp\/v2\/pages"}],"about":[{"href":"https:\/\/kvkoolitus.ee\/ru\/wp-json\/wp\/v2\/types\/page"}],"author":[{"embeddable":true,"href":"https:\/\/kvkoolitus.ee\/ru\/wp-json\/wp\/v2\/users\/1"}],"replies":[{"embeddable":true,"href":"https:\/\/kvkoolitus.ee\/ru\/wp-json\/wp\/v2\/comments?post=3676"}],"version-history":[{"count":0,"href":"https:\/\/kvkoolitus.ee\/ru\/wp-json\/wp\/v2\/pages\/3676\/revisions"}],"wp:attachment":[{"href":"https:\/\/kvkoolitus.ee\/ru\/wp-json\/wp\/v2\/media?parent=3676"}],"curies":[{"name":"wp","href":"https:\/\/api.w.org\/{rel}","templated":true}]}}