{"id":3859,"date":"2022-05-20T13:39:35","date_gmt":"2022-05-20T10:39:35","guid":{"rendered":"https:\/\/kvkoolitus.ee\/?page_id=3859"},"modified":"2022-07-27T15:02:34","modified_gmt":"2022-07-27T12:02:34","slug":"muugipsuhholoogia","status":"publish","type":"page","link":"https:\/\/kvkoolitus.ee\/ru\/muugipsuhholoogia\/","title":{"rendered":"\u041f\u0421\u0418\u0425\u041e\u041b\u041e\u0413\u0418\u042f \u041f\u0420\u041e\u0414\u0410\u0416"},"content":{"rendered":"<p>M\u00fc\u00fcgips\u00fchholoogia koolitus on vajalik m\u00fc\u00fcgispetsialistidele, kes soovivad kasutada oma t\u00f6\u00f6s teadmisi erinevate klientide\u00a0k\u00e4itumist\u00fc\u00fcpide ja emotsionaalsete vajaduste kohta. Antud kursuse tulemusena omandab\u00a0m\u00fc\u00fcgispetsialist oskused kohandada enda k\u00e4itumist ja kasutada m\u00fc\u00fcgiargumente, mis vastavad konkreetsele olukorrale ja kliendi k\u00e4itumist\u00fc\u00fcbile. \u00a0\u00a0Meie koolitus aitab m\u00fc\u00fcgispetsialistidel:<\/p>\n<ul>\n<li>teadvustada klientide\u00a0erinevad k\u00e4itumisstiilid\u00a0ja\u00a0 nendest\u00a0 tulenevad\u00a0 vajadused<\/li>\n<li>kohandada enda k\u00e4itumist\u00a0vastavalt kliendi k\u00e4itumist\u00fc\u00fcbile<\/li>\n<li>planeerida m\u00fc\u00fcgikohtumist\u00a0vastavalt kliendi k\u00e4itumist\u00fc\u00fcbile<\/li>\n<li>kasutada\u00a0kliendile olulisi m\u00fc\u00fcgiargumente<\/li>\n<li>proovida uusi teadmisi\u00a0\u00a0rollim\u00e4ngus\u00a0ning n\u00e4ha enda tugevusi ja arenguvajadusi video abil.<\/li>\n<\/ul>\n<table width=\"738\">\n<tbody>\n<tr>\n<td>Koolituse metoodika<br \/>\nM\u00fc\u00fcgitehnikate koolitus on enamasti suunatud osalejate oskuste arendamisele &#8211; seet\u00f5ttu on koolitusel tavaliselt oluline osa rollim\u00e4ngudel koos videotreeninguga. L\u00fchiloengute osakaal moodustab\u00a0 kuni veerandi kogu koolituse mahust.\u00a0Lisaks kasutatakse koolitusel palju \u00e4ratajaid, videon\u00e4iteid, tegevuse planeerijaid, anal\u00fc\u00fcse ja p\u00f5hjalikku \u00f5ppematerjali.\u00a0Iga koolitus l\u00f5peb osalejate isikliku arenguplaani koostamisega.M\u00fc\u00fcgips\u00fchholoogia koolitusel on v\u00f5imalik t\u00e4iendava \u00f5ppevahendina kasutada\u00a0<a href=\"http:\/\/koolitus.dvsp.ee\/index.php?option=com_content&amp;view=article&amp;id=28:disc&amp;catid=31:arendusinstrumendid&amp;Itemid=46\">DiSC k\u00e4itumisprofiile<\/a>, mis on Eesti\u00a0 kultuuris valideeritud ja normeeritud\u00a0 \u00f5ppeinstrumendid.<\/td>\n<\/tr>\n<\/tbody>\n<\/table>\n<p>Koolitaja: Dmitri Volov. Dmitri on l\u00f5petanud Tartu \u00dclikooli majandusteaduskonna 1996. aastal raha ja panganduse ning turunduse erialadel. Dmitri on t\u00f6\u00f6tanud erinevates pankades peamiselt korporatiivpanganduse valdkondades. Lisaks finantssektorile on Dmitri t\u00f6\u00f6tanud ka\u00a0 t\u00f6\u00f6stusettev\u00f5tetes m\u00fc\u00fcgi- ja turundusdirektori ning \u00e4rijuhi ametikohtadel. Dmitri Volov on DVSP Consulting asutaja ning teeb koost\u00f6\u00f6d ka teiste Eesti koolitus- ja konsultatsioonifirmadega nagu Inscape Koolitus, Invicta\/Ariko ja BDA Consulting.\u00a0 Dmitril on koolitaja- ja konsultandikogemus alates 2002. aastast. Dmitri Volov\u2019il on erinevad rahvusvahelised konsultandi sertifikaadid &#8211; DiSC konsultandi sertifikaat (v\u00e4ljastaja Inscape Publishing), Persona konsultandi sertifikaat (v\u00e4ljastaja Persona Global). Dmitri\u00a0 viib l\u00e4bi koolitusi nii eesti, inglise kui vene keeles.<\/p>\n<p><strong>Tellimine ja info:<\/strong><\/p>\n<p>Telefon: 55 583 410; 53 475 016<br \/>\nE-post:\u00a0<a href=\"mailto:info@kvkoolitus.ee\">info@kvkoolitus.ee<\/a><\/p>\n<form method=\"post\" enctype=\"multipart\/form-data\" id=\"vfbp-form-1\" class=\"vfbp-form\"><div style=\"display:none;\"><label for=\"vfbp-EMAIL-AN8fuQyoDLXem\">\u0415\u0441\u043b\u0438 \u0412\u044b \u0447\u0435\u043b\u043e\u0432\u0435\u043a, \u043e\u0441\u0442\u0430\u0432\u044c\u0442\u0435 \u044d\u0442\u043e \u043f\u043e\u043b\u0435 \u043f\u0443\u0441\u0442\u044b\u043c<\/label><input size=\"25\" autocomplete=\"off\" type=\"text\" name=\"vfbp-EMAIL-AN8fuQyoDLXem\" value=\"\" id=\"\"><\/div><input type=\"hidden\" name=\"_vfb-timestamp-1\" value=\"1776509582\" id=\"\"><input type=\"hidden\" name=\"_vfb-form-id\" value=\"1\" id=\"\"><div class=\"vfb-col-12 vfb-fieldType-hidden\" id=\"vfbField5\"><input id=\"vfb-field-5\" class=\"vfb-form-control\" placeholder=\"\" type=\"hidden\" name=\"vfb-field-5\" value=\"M&Uuml;&Uuml;GIPS&Uuml;HHOLOOGIA\"><\/div><div class=\"vfb-clearfix\"><\/div><div class=\"vfb-col-12 vfb-fieldType-hidden\" id=\"vfbField60\"><input id=\"vfb-field-60\" class=\"vfb-form-control\" placeholder=\"\" type=\"hidden\" name=\"vfb-field-60\" value=\"3859\"><\/div><div class=\"vfb-clearfix\"><\/div><div class=\"vfb-well vfb-col-12\" id=\"vfbField4\"><div class=\"vfb-form-group vfb-col-12\"><div><h3 class=\"\">Saada koolituse p\u00e4ring v\u00f5i <a href=\"\/koolitused\">vaata koolituskalendrit<\/a><\/h3><\/div><\/div><div class=\"vfb-col-12 vfb-fieldType-heading\" id=\"vfbField4\"><\/div><div class=\"vfb-clearfix\"><\/div><div class=\"vfb-col-4 vfb-fieldType-text\" id=\"vfbField1\"><div class=\"vfb-form-group\"><label for=\"vfb-field-1\" class=\"vfb-control-label\">Nimi <span class=\"vfb-required-asterisk\">*<\/span><\/label><div><input id=\"vfb-field-1\" class=\"vfb-form-control\" placeholder=\"\" required=\"required\" type=\"text\" name=\"vfb-field-1\" value=\"\"><\/div><\/div><\/div><div class=\"vfb-col-4 vfb-fieldType-email\" id=\"vfbField3\"><div class=\"vfb-form-group\"><label for=\"vfb-field-3\" class=\"vfb-control-label\">E-posti aadress <span class=\"vfb-required-asterisk\">*<\/span><\/label><div><input id=\"vfb-field-3\" class=\"vfb-form-control\" placeholder=\"\" required=\"required\" type=\"email\" name=\"vfb-field-3\" value=\"\"><\/div><\/div><\/div><div class=\"vfb-col-4 vfb-fieldType-text\" id=\"vfbField6\"><div class=\"vfb-form-group\"><label for=\"vfb-field-6\" class=\"vfb-control-label\">Telefon <span class=\"vfb-required-asterisk\">*<\/span><\/label><div><input id=\"vfb-field-6\" class=\"vfb-form-control\" placeholder=\"\" required=\"required\" type=\"text\" name=\"vfb-field-6\" value=\"\"><\/div><\/div><\/div><div class=\"vfb-clearfix\"><\/div><div class=\"vfb-col-12 vfb-fieldType-select\" id=\"vfbField81\"><label for=\"vfb-field-81\" class=\"vfb-control-label\">Soovin koolitust l\u00e4bida:<\/label><div><div class=\"vfb-form-group\"><select id=\"vfb-field-81\" class=\"vfb-form-control\" placeholder=\"\" name=\"vfb-field-81\"><option value=\"Eesti keeles\">Eesti keeles<\/option><option value=\"Vene keeles\">Vene keeles<\/option><\/select><\/div><\/div><\/div><div class=\"vfb-clearfix\"><\/div><div class=\"vfb-col-12 vfb-fieldType-select\" id=\"vfbField196\"><label for=\"vfb-field-196\" class=\"vfb-control-label\">Koolituse tellib:<\/label><div><div class=\"vfb-form-group\"><select id=\"vfb-field-196\" class=\"vfb-form-control\" placeholder=\"\" name=\"vfb-field-196\"><option value=\"Eraisik\">Eraisik<\/option><option value=\"Ettev&otilde;te\">Ettev\u00f5te<\/option><\/select><\/div><\/div><\/div><div class=\"vfb-clearfix\"><\/div><div class=\"vfb-col-4 vfb-fieldType-select\" id=\"vfbField11\"><label for=\"vfb-field-11\" class=\"vfb-control-label\">Kes arve tasub?<\/label><div><div class=\"vfb-form-group\"><select id=\"vfb-field-11\" class=\"vfb-form-control\" placeholder=\"\" name=\"vfb-field-11\"><option value=\"Ettev&otilde;te\">Ettev\u00f5te<\/option><option value=\"Eraisik\">Eraisik<\/option><option value=\"T&ouml;&ouml;tukassa\">T\u00f6\u00f6tukassa<\/option><\/select><\/div><\/div><\/div><div class=\"vfb-col-7 vfb-fieldType-text\" id=\"vfbField8\"><div class=\"vfb-form-group\"><label for=\"vfb-field-8\" class=\"vfb-control-label\">Ettev\u00f5tte nimi, kellele arve esitatakse <span class=\"vfb-required-asterisk\">*<\/span><\/label><div><input id=\"vfb-field-8\" class=\"vfb-form-control\" placeholder=\"\" required=\"required\" type=\"text\" name=\"vfb-field-8\" value=\"\"><\/div><\/div><\/div><div class=\"vfb-col-7 vfb-fieldType-text\" id=\"vfbField61\"><div class=\"vfb-form-group\"><label for=\"vfb-field-61\" class=\"vfb-control-label\">Eraisiku nimi, kellele arve esitatakse <span class=\"vfb-required-asterisk\">*<\/span><\/label><div><input id=\"vfb-field-61\" class=\"vfb-form-control\" placeholder=\"\" required=\"required\" type=\"text\" name=\"vfb-field-61\" value=\"\"><\/div><\/div><\/div><div class=\"vfb-clearfix\"><\/div><div class=\"vfb-col-12 vfb-fieldType-textarea\" id=\"vfbField12\"><div class=\"vfb-form-group\"><label for=\"vfb-field-12\" class=\"vfb-control-label\">Lisainfo<\/label><div><textarea id=\"vfb-field-12\" class=\"vfb-form-control\" placeholder=\"\" rows=\"5\" name=\"vfb-field-12\" cols=\"50\"><\/textarea><\/div><\/div><\/div><div class=\"vfb-clearfix\"><\/div><div class=\"vfb-col-6 vfb-fieldType-checkbox\" id=\"vfbField13\"><label for=\"vfb-field-13\" class=\"vfb-control-label\"><\/label><div><div class=\"vfb-checkbox\"><label><input id=\"vfb-field-13-0\" class=\"\" placeholder=\"\" data-vfb-multiple=\"vfb-field-13\" type=\"checkbox\" name=\"vfb-field-13[0]\" value=\"1\"> Soovin saada infot minu ala kursuste kohta<\/label><\/div><\/div><\/div><div class=\"vfb-col-6 vfb-fieldType-checkbox\" id=\"vfbField14\"><label for=\"vfb-field-14\" class=\"vfb-control-label\"><\/label><div><div class=\"vfb-checkbox\"><label><input id=\"vfb-field-14-0\" class=\"\" placeholder=\"\" data-vfb-multiple=\"vfb-field-14\" type=\"checkbox\" name=\"vfb-field-14[0]\" value=\"1\">Soovin saada infot eripakkumiste ja soodustuste kohta<\/label><\/div><\/div><\/div><div class=\"vfb-clearfix\"><\/div><div class=\"vfb-col-12 vfb-fieldType-checkbox\" id=\"vfbField15\"><label for=\"vfb-field-15\" class=\"vfb-control-label\"> <span class=\"vfb-required-asterisk\">*<\/span><\/label><div><div class=\"vfb-checkbox\"><label><input id=\"vfb-field-15-0\" class=\"\" placeholder=\"\" data-vfb-multiple=\"vfb-field-15\" required=\"required\" type=\"checkbox\" name=\"vfb-field-15[0]\" value=\"1\">Kinnitan, et olen tutvunud \u00d5ppet\u00f6\u00f6 korraldusega ja v\u00f5tan enesele k\u00f5ik sellest tulenevad kohustused<\/label><\/div><\/div><\/div><div class=\"vfb-clearfix\"><\/div><div class=\"vfb-col-12 vfb-fieldType-submit\" id=\"vfbField16\"><button id=\"vfb-field-16\" class=\" btn btn-primary\" placeholder=\"\" type=\"submit\" name=\"_vfb-submit\">Registreerimine<\/button><\/div><div class=\"vfb-clearfix\"><\/div><\/div> <!-- .vfb-well --><\/form>\n","protected":false},"excerpt":{"rendered":"<p>M\u00fc\u00fcgips\u00fchholoogia koolitus on vajalik m\u00fc\u00fcgispetsialistidele, kes soovivad kasutada oma t\u00f6\u00f6s teadmisi erinevate klientide\u00a0k\u00e4itumist\u00fc\u00fcpide ja emotsionaalsete vajaduste kohta. Antud kursuse tulemusena omandab\u00a0m\u00fc\u00fcgispetsialist oskused kohandada enda k\u00e4itumist ja kasutada m\u00fc\u00fcgiargumente, mis vastavad konkreetsele olukorrale ja <a href=\"https:\/\/kvkoolitus.ee\/ru\/muugipsuhholoogia\/\"> [&#8230;]<\/a><\/p>\n","protected":false},"author":1,"featured_media":0,"parent":0,"menu_order":0,"comment_status":"closed","ping_status":"closed","template":"","meta":{"footnotes":""},"class_list":["post-3859","page","type-page","status-publish","hentry"],"aioseo_notices":[],"_links":{"self":[{"href":"https:\/\/kvkoolitus.ee\/ru\/wp-json\/wp\/v2\/pages\/3859","targetHints":{"allow":["GET"]}}],"collection":[{"href":"https:\/\/kvkoolitus.ee\/ru\/wp-json\/wp\/v2\/pages"}],"about":[{"href":"https:\/\/kvkoolitus.ee\/ru\/wp-json\/wp\/v2\/types\/page"}],"author":[{"embeddable":true,"href":"https:\/\/kvkoolitus.ee\/ru\/wp-json\/wp\/v2\/users\/1"}],"replies":[{"embeddable":true,"href":"https:\/\/kvkoolitus.ee\/ru\/wp-json\/wp\/v2\/comments?post=3859"}],"version-history":[{"count":0,"href":"https:\/\/kvkoolitus.ee\/ru\/wp-json\/wp\/v2\/pages\/3859\/revisions"}],"wp:attachment":[{"href":"https:\/\/kvkoolitus.ee\/ru\/wp-json\/wp\/v2\/media?parent=3859"}],"curies":[{"name":"wp","href":"https:\/\/api.w.org\/{rel}","templated":true}]}}