{"id":4271,"date":"2022-06-15T09:51:21","date_gmt":"2022-06-15T06:51:21","guid":{"rendered":"https:\/\/kvkoolitus.ee\/?page_id=4271"},"modified":"2023-10-09T13:28:47","modified_gmt":"2023-10-09T10:28:47","slug":"laetud-akud-heaolu-loovad-harjumused","status":"publish","type":"page","link":"https:\/\/kvkoolitus.ee\/ru\/sisekoolitused-asutustele\/meeskonnakoolitused\/laetud-akud-heaolu-loovad-harjumused\/","title":{"rendered":"\u041f\u0415\u0420\u0415\u0417\u0410\u0420\u042f\u0416\u0410\u0415\u041c\u042b\u0415 \u0411\u0410\u0422\u0410\u0420\u0415\u0419\u041a\u0418 - \u041f\u0420\u0418\u0412\u042b\u0427\u041a\u0418, \u0421\u041e\u0417\u0414\u0410\u042e\u0429\u0418\u0415 \u0411\u041b\u0410\u0413\u041e\u041f\u041e\u041b\u0423\u0427\u0418\u0415"},"content":{"rendered":"<div class=\"fusion-fullwidth fullwidth-box fusion-builder-row-1 fusion-flex-container nonhundred-percent-fullwidth non-hundred-percent-height-scrolling\" style=\"--awb-border-radius-top-left:0px;--awb-border-radius-top-right:0px;--awb-border-radius-bottom-right:0px;--awb-border-radius-bottom-left:0px;--awb-flex-wrap:wrap;\" ><div class=\"fusion-builder-row fusion-row fusion-flex-align-items-flex-start fusion-flex-content-wrap\" style=\"max-width:1456px;margin-left: calc(-4% \/ 2 );margin-right: calc(-4% \/ 2 );\"><div class=\"fusion-layout-column fusion_builder_column fusion-builder-column-0 fusion_builder_column_1_1 1_1 fusion-flex-column\" style=\"--awb-bg-size:cover;--awb-width-large:100%;--awb-margin-top-large:0px;--awb-spacing-right-large:1.92%;--awb-margin-bottom-large:0px;--awb-spacing-left-large:1.92%;--awb-width-medium:100%;--awb-spacing-right-medium:1.92%;--awb-spacing-left-medium:1.92%;--awb-width-small:100%;--awb-spacing-right-small:1.92%;--awb-spacing-left-small:1.92%;\"><div class=\"fusion-column-wrapper fusion-flex-justify-content-flex-start fusion-content-layout-column\"><div class=\"fusion-text fusion-text-1\"><ul>\n<li>Kuidas kanda hoolt enda sisemise aku eest?<\/li>\n<li>Kuidas viia end ladusamalt produktiivsele lainele?<\/li>\n<li>Kuidas end p\u00e4rast t\u00f6\u00f6p\u00e4eva t\u00f6\u00f6muredest v\u00e4lja l\u00fclitada ja puhata?<\/li>\n<\/ul>\n<p>Iga elatud p\u00e4eva kvaliteet loob meie elu v\u00e4\u00e4rtust. Kuidas suuta end iga p\u00e4ev viia loominguliselt produktiivsele lainele ja teha asju, millele v\u00f5ib uhkusega tagasi vaadata?<\/p>\n<p>Selle hoogsa koolituse kaudu saad konkreetsed harjutused, t\u00f6\u00f6riistad ja igap\u00e4evased praktikad, mis aitavad enda t\u00f5elist potentsiaali rakendada.<\/p>\n<p><strong>See koolitus on:<\/strong><\/p>\n<ul>\n<li>Kasulik meeskonnale, et \u00fchiselt teadvustada moodusi, kuidas tuua paremat tegutsemisenergiat ja m\u00f5tteselgust igasse p\u00e4eva.<\/li>\n<li>Praktiline indiviidile, et \u00f5ppida tundma enesejuhtimise v\u00f5imalusi ja alustada elumuutvate harjumuste kujundamist.<\/li>\n<li>Koolituse formaat sobib ka suure saali gruppide jaoks ning v\u00f5imaldab osalejatel m\u00f5testada ja jagada teistega enda h\u00e4id praktikaid.<\/li>\n<\/ul>\n<p><strong>Koolitaja:<\/strong> <strong>Harald Lepisk<\/strong> on enesearengu keskkonna ja Lugudevestja rakenduse looja, \u201eElu looming\u201c taskuh\u00e4\u00e4lingu saatejuht ning raamatu \u201eMinu elu kutse\u201c kaasautor. Ta on JCI avaliku k\u00f5nelemise maailmameistriv\u00f5istluse Euroopa finalist ja on esinenud enam kui 18 riigis. Hariduselt Tartu \u00dclikooli ettev\u00f5tluse ja tehnoloogia juhtimise magister.<\/p>\n<p>Koolitaja viib koolitusi l\u00e4bi eesti- v\u00f5i inglise keeles.<\/p>\n<p><strong>Tellimine ja info:<\/strong><\/p>\n<p>Telefon: 55 583 410; 53 475 016<br \/>\nE-post:\u00a0<a href=\"mailto:info@kvkoolitus.ee\">info@kvkoolitus.ee<\/a><\/p>\n<form method=\"post\" enctype=\"multipart\/form-data\" id=\"vfbp-form-1\" class=\"vfbp-form\"><div style=\"display:none;\"><label for=\"vfbp-EMAIL-AN8fuQyoDLXem\">\u0415\u0441\u043b\u0438 \u0412\u044b \u0447\u0435\u043b\u043e\u0432\u0435\u043a, \u043e\u0441\u0442\u0430\u0432\u044c\u0442\u0435 \u044d\u0442\u043e \u043f\u043e\u043b\u0435 \u043f\u0443\u0441\u0442\u044b\u043c<\/label><input size=\"25\" autocomplete=\"off\" type=\"text\" name=\"vfbp-EMAIL-AN8fuQyoDLXem\" value=\"\" id=\"\"><\/div><input type=\"hidden\" name=\"_vfb-timestamp-1\" value=\"1776641073\" id=\"\"><input type=\"hidden\" name=\"_vfb-form-id\" value=\"1\" id=\"\"><div class=\"vfb-col-12 vfb-fieldType-hidden\" id=\"vfbField5\"><input id=\"vfb-field-5\" class=\"vfb-form-control\" placeholder=\"\" type=\"hidden\" name=\"vfb-field-5\" value=\"LAETUD AKUD &ndash; HEAOLU LOOVAD HARJUMUSED\"><\/div><div class=\"vfb-clearfix\"><\/div><div class=\"vfb-col-12 vfb-fieldType-hidden\" id=\"vfbField60\"><input id=\"vfb-field-60\" class=\"vfb-form-control\" placeholder=\"\" type=\"hidden\" name=\"vfb-field-60\" value=\"4271\"><\/div><div class=\"vfb-clearfix\"><\/div><div class=\"vfb-well vfb-col-12\" id=\"vfbField4\"><div class=\"vfb-form-group vfb-col-12\"><div><h3 class=\"\">Saada koolituse p\u00e4ring v\u00f5i <a href=\"\/koolitused\">vaata koolituskalendrit<\/a><\/h3><\/div><\/div><div class=\"vfb-col-12 vfb-fieldType-heading\" id=\"vfbField4\"><\/div><div class=\"vfb-clearfix\"><\/div><div class=\"vfb-col-4 vfb-fieldType-text\" id=\"vfbField1\"><div class=\"vfb-form-group\"><label for=\"vfb-field-1\" class=\"vfb-control-label\">Nimi <span class=\"vfb-required-asterisk\">*<\/span><\/label><div><input id=\"vfb-field-1\" class=\"vfb-form-control\" placeholder=\"\" required=\"required\" type=\"text\" name=\"vfb-field-1\" value=\"\"><\/div><\/div><\/div><div class=\"vfb-col-4 vfb-fieldType-email\" id=\"vfbField3\"><div class=\"vfb-form-group\"><label for=\"vfb-field-3\" class=\"vfb-control-label\">E-posti aadress <span class=\"vfb-required-asterisk\">*<\/span><\/label><div><input id=\"vfb-field-3\" class=\"vfb-form-control\" placeholder=\"\" required=\"required\" type=\"email\" name=\"vfb-field-3\" value=\"\"><\/div><\/div><\/div><div class=\"vfb-col-4 vfb-fieldType-text\" id=\"vfbField6\"><div class=\"vfb-form-group\"><label for=\"vfb-field-6\" class=\"vfb-control-label\">Telefon <span class=\"vfb-required-asterisk\">*<\/span><\/label><div><input id=\"vfb-field-6\" class=\"vfb-form-control\" placeholder=\"\" required=\"required\" type=\"text\" name=\"vfb-field-6\" value=\"\"><\/div><\/div><\/div><div class=\"vfb-clearfix\"><\/div><div class=\"vfb-col-12 vfb-fieldType-select\" id=\"vfbField81\"><label for=\"vfb-field-81\" class=\"vfb-control-label\">Soovin koolitust l\u00e4bida:<\/label><div><div class=\"vfb-form-group\"><select id=\"vfb-field-81\" class=\"vfb-form-control\" placeholder=\"\" name=\"vfb-field-81\"><option value=\"Eesti keeles\">Eesti keeles<\/option><option value=\"Vene keeles\">Vene keeles<\/option><\/select><\/div><\/div><\/div><div class=\"vfb-clearfix\"><\/div><div class=\"vfb-col-12 vfb-fieldType-select\" id=\"vfbField196\"><label for=\"vfb-field-196\" class=\"vfb-control-label\">Koolituse tellib:<\/label><div><div class=\"vfb-form-group\"><select id=\"vfb-field-196\" class=\"vfb-form-control\" placeholder=\"\" name=\"vfb-field-196\"><option value=\"Eraisik\">Eraisik<\/option><option value=\"Ettev&otilde;te\">Ettev\u00f5te<\/option><\/select><\/div><\/div><\/div><div class=\"vfb-clearfix\"><\/div><div class=\"vfb-col-4 vfb-fieldType-select\" id=\"vfbField11\"><label for=\"vfb-field-11\" class=\"vfb-control-label\">Kes arve tasub?<\/label><div><div class=\"vfb-form-group\"><select id=\"vfb-field-11\" class=\"vfb-form-control\" placeholder=\"\" name=\"vfb-field-11\"><option value=\"Ettev&otilde;te\">Ettev\u00f5te<\/option><option value=\"Eraisik\">Eraisik<\/option><option value=\"T&ouml;&ouml;tukassa\">T\u00f6\u00f6tukassa<\/option><\/select><\/div><\/div><\/div><div class=\"vfb-col-7 vfb-fieldType-text\" id=\"vfbField8\"><div class=\"vfb-form-group\"><label for=\"vfb-field-8\" class=\"vfb-control-label\">Ettev\u00f5tte nimi, kellele arve esitatakse <span class=\"vfb-required-asterisk\">*<\/span><\/label><div><input id=\"vfb-field-8\" class=\"vfb-form-control\" placeholder=\"\" required=\"required\" type=\"text\" name=\"vfb-field-8\" value=\"\"><\/div><\/div><\/div><div class=\"vfb-col-7 vfb-fieldType-text\" id=\"vfbField61\"><div class=\"vfb-form-group\"><label for=\"vfb-field-61\" class=\"vfb-control-label\">Eraisiku nimi, kellele arve esitatakse <span class=\"vfb-required-asterisk\">*<\/span><\/label><div><input id=\"vfb-field-61\" class=\"vfb-form-control\" placeholder=\"\" required=\"required\" type=\"text\" name=\"vfb-field-61\" value=\"\"><\/div><\/div><\/div><div class=\"vfb-clearfix\"><\/div><div class=\"vfb-col-12 vfb-fieldType-textarea\" id=\"vfbField12\"><div class=\"vfb-form-group\"><label for=\"vfb-field-12\" class=\"vfb-control-label\">Lisainfo<\/label><div><textarea id=\"vfb-field-12\" class=\"vfb-form-control\" placeholder=\"\" rows=\"5\" name=\"vfb-field-12\" cols=\"50\"><\/textarea><\/div><\/div><\/div><div class=\"vfb-clearfix\"><\/div><div class=\"vfb-col-6 vfb-fieldType-checkbox\" id=\"vfbField13\"><label for=\"vfb-field-13\" class=\"vfb-control-label\"><\/label><div><div class=\"vfb-checkbox\"><label><input id=\"vfb-field-13-0\" class=\"\" placeholder=\"\" data-vfb-multiple=\"vfb-field-13\" type=\"checkbox\" name=\"vfb-field-13[0]\" value=\"1\"> Soovin saada infot minu ala kursuste kohta<\/label><\/div><\/div><\/div><div class=\"vfb-col-6 vfb-fieldType-checkbox\" id=\"vfbField14\"><label for=\"vfb-field-14\" class=\"vfb-control-label\"><\/label><div><div class=\"vfb-checkbox\"><label><input id=\"vfb-field-14-0\" class=\"\" placeholder=\"\" data-vfb-multiple=\"vfb-field-14\" type=\"checkbox\" name=\"vfb-field-14[0]\" value=\"1\">Soovin saada infot eripakkumiste ja soodustuste kohta<\/label><\/div><\/div><\/div><div class=\"vfb-clearfix\"><\/div><div class=\"vfb-col-12 vfb-fieldType-checkbox\" id=\"vfbField15\"><label for=\"vfb-field-15\" class=\"vfb-control-label\"> <span class=\"vfb-required-asterisk\">*<\/span><\/label><div><div class=\"vfb-checkbox\"><label><input id=\"vfb-field-15-0\" class=\"\" placeholder=\"\" data-vfb-multiple=\"vfb-field-15\" required=\"required\" type=\"checkbox\" name=\"vfb-field-15[0]\" value=\"1\">Kinnitan, et olen tutvunud \u00d5ppet\u00f6\u00f6 korraldusega ja v\u00f5tan enesele k\u00f5ik sellest tulenevad kohustused<\/label><\/div><\/div><\/div><div class=\"vfb-clearfix\"><\/div><div class=\"vfb-col-12 vfb-fieldType-submit\" id=\"vfbField16\"><button id=\"vfb-field-16\" class=\" btn btn-primary\" placeholder=\"\" type=\"submit\" name=\"_vfb-submit\">Registreerimine<\/button><\/div><div class=\"vfb-clearfix\"><\/div><\/div> <!-- .vfb-well --><\/form>\n<\/div><\/div><\/div><\/div><\/div>\n","protected":false},"excerpt":{"rendered":"","protected":false},"author":1,"featured_media":0,"parent":3028,"menu_order":0,"comment_status":"closed","ping_status":"closed","template":"","meta":{"footnotes":""},"class_list":["post-4271","page","type-page","status-publish","hentry"],"aioseo_notices":[],"_links":{"self":[{"href":"https:\/\/kvkoolitus.ee\/ru\/wp-json\/wp\/v2\/pages\/4271","targetHints":{"allow":["GET"]}}],"collection":[{"href":"https:\/\/kvkoolitus.ee\/ru\/wp-json\/wp\/v2\/pages"}],"about":[{"href":"https:\/\/kvkoolitus.ee\/ru\/wp-json\/wp\/v2\/types\/page"}],"author":[{"embeddable":true,"href":"https:\/\/kvkoolitus.ee\/ru\/wp-json\/wp\/v2\/users\/1"}],"replies":[{"embeddable":true,"href":"https:\/\/kvkoolitus.ee\/ru\/wp-json\/wp\/v2\/comments?post=4271"}],"version-history":[{"count":0,"href":"https:\/\/kvkoolitus.ee\/ru\/wp-json\/wp\/v2\/pages\/4271\/revisions"}],"up":[{"embeddable":true,"href":"https:\/\/kvkoolitus.ee\/ru\/wp-json\/wp\/v2\/pages\/3028"}],"wp:attachment":[{"href":"https:\/\/kvkoolitus.ee\/ru\/wp-json\/wp\/v2\/media?parent=4271"}],"curies":[{"name":"wp","href":"https:\/\/api.w.org\/{rel}","templated":true}]}}