{"id":4513,"date":"2022-06-21T13:41:01","date_gmt":"2022-06-21T10:41:01","guid":{"rendered":"https:\/\/kvkoolitus.ee\/?page_id=4513"},"modified":"2022-06-21T13:42:42","modified_gmt":"2022-06-21T10:42:42","slug":"ajajuhtimise-koolitus-vota-aega","status":"publish","type":"page","link":"https:\/\/kvkoolitus.ee\/ru\/ajajuhtimise-koolitus-vota-aega\/","title":{"rendered":"\u0422\u0420\u0415\u041d\u0418\u041d\u0413 \u041f\u041e \u0422\u0410\u0419\u041c-\u041c\u0415\u041d\u0415\u0414\u0416\u041c\u0415\u041d\u0422\u0423 \"\u041d\u0415 \u0422\u041e\u0420\u041e\u041f\u0418\u0422\u0415\u0421\u042c\""},"content":{"rendered":"<p>L\u00f5petamata tegevused tuletavad end pidevalt meelde ja tulemusteta p\u00e4ev rikub meelerahu. Kuidas oma p\u00e4eva- ja n\u00e4dalategevusi t\u00f5husalt planeerida ja korraldada? Kas m\u00f5ttekam on teha p\u00e4eva- v\u00f5i n\u00e4dalaplaan? Kuidas tulla kodukontoris toime, kui t\u00f6\u00f6- ja eraelu piir kipub h\u00e4gustuma?<\/p>\n<p><strong>Koolituse \u00f5piv\u00e4ljundid:<\/strong><\/p>\n<p>\u00d5ppija<\/p>\n<ol>\n<li>anal\u00fc\u00fcsib oma ajakasutust ning p\u00e4eva- ja n\u00e4dalakava<\/li>\n<li>kasutab erinevaid keskendumis- ja ajaplaneerimise tehnikaid<\/li>\n<li>prioritiseerib p\u00e4eva-, n\u00e4dala- ja ootamatuid \u00fclesandeid<\/li>\n<\/ol>\n<p><strong>Koolitusp\u00e4eva teemad<\/strong><\/p>\n<ol>\n<li>Mis toimub kehas ja ajus r\u00f6\u00f6pt\u00f6\u00f6 <em>(multitaskingu)<\/em> ajal?<\/li>\n<li>Igap\u00e4evased ajar\u00f6\u00f6vlid ja nendega toimetulek. Ootamispauside \u00e4rakasutamine.<\/li>\n<li>S\u00fcvat\u00f6\u00f6 v\u00f5tted. Pomodoro tehnika.<\/li>\n<li>P\u00e4eva- ja n\u00e4dalakava. Prioriteedid, eesm\u00e4rgistamise tehnikad.<\/li>\n<\/ol>\n<p><strong>Koolituse p\u00e4evakava n\u00e4idis<\/strong><\/p>\n<p>10.00-12.00\u00a0 H\u00e4\u00e4lestus\u00fclesanne. Keskendumistehnikad. S\u00fcvat\u00f6\u00f6 v\u00f5tted.<\/p>\n<p>12.00-12.30 Paus, l\u00f5unaaeg<\/p>\n<p>12.30-14.00 Igap\u00e4evased ajaraiskajad, kuidas aega juurde tekitada. Prioritiseerimine.<\/p>\n<p>14.00-14.15 Paus<\/p>\n<p>14.15-15.15 Oma kalendri anal\u00fc\u00fcs. Refleksiooniharjutused.<\/p>\n<p><strong>\u00d5ppemeetodid<\/strong><\/p>\n<ol>\n<li>Suhtlusp\u00f5hised l\u00fchiloengud.<\/li>\n<li>R\u00fchmaarutelud. Loov\u00fclesanded.<\/li>\n<li>Iseseisvad m\u00f5tlemis\u00fclesanded. Refleksioon.<\/li>\n<li>Koolituseelsed ja -j\u00e4rgsed \u00fclesanded (\u00f5pipaaride ja vastutuspartnerite teke)<\/li>\n<\/ol>\n<p><strong>Koolitusp\u00e4eva pikkus: <\/strong>\u00a06 akad tundi.<\/p>\n<p>Koolitaja Kaire Viil on 7. taseme t\u00e4iskasvanute koolitaja, juhtimis<em>coach<\/em>, mentor, 2018. a aasta koolitaja.<\/p>\n<p>Seda koolitust v\u00f5ib t\u00fckekdada ka paaritunnisteks \u00f5piampsudeks vastavalt tellija eelistatud teemadele.<\/p>\n<p><strong>Lisainfo ja registreerimine:<\/strong><\/p>\n<p>tel 53 475 016 (<strong>eesti keeles<\/strong>)<br \/>\ntel 555 83 410 (<strong>vene keeles<\/strong>)<br \/>\ne-post:\u00a0<a href=\"mailto:info@kvkoolitus.ee\">info@kvkoolitus.ee<\/a><\/p>\n<form method=\"post\" enctype=\"multipart\/form-data\" id=\"vfbp-form-1\" class=\"vfbp-form\"><div style=\"display:none;\"><label for=\"vfbp-EMAIL-AN8fuQyoDLXem\">\u0415\u0441\u043b\u0438 \u0412\u044b \u0447\u0435\u043b\u043e\u0432\u0435\u043a, \u043e\u0441\u0442\u0430\u0432\u044c\u0442\u0435 \u044d\u0442\u043e \u043f\u043e\u043b\u0435 \u043f\u0443\u0441\u0442\u044b\u043c<\/label><input size=\"25\" autocomplete=\"off\" type=\"text\" name=\"vfbp-EMAIL-AN8fuQyoDLXem\" value=\"\" id=\"\"><\/div><input type=\"hidden\" name=\"_vfb-timestamp-1\" value=\"1776608225\" id=\"\"><input type=\"hidden\" name=\"_vfb-form-id\" value=\"1\" id=\"\"><div class=\"vfb-col-12 vfb-fieldType-hidden\" id=\"vfbField5\"><input id=\"vfb-field-5\" class=\"vfb-form-control\" placeholder=\"\" type=\"hidden\" name=\"vfb-field-5\" value=\"AJAJUHTIMISE KOOLITUS &#8220;V&Otilde;TA AEGA&#8221;\"><\/div><div class=\"vfb-clearfix\"><\/div><div class=\"vfb-col-12 vfb-fieldType-hidden\" id=\"vfbField60\"><input id=\"vfb-field-60\" class=\"vfb-form-control\" placeholder=\"\" type=\"hidden\" name=\"vfb-field-60\" value=\"4513\"><\/div><div class=\"vfb-clearfix\"><\/div><div class=\"vfb-well vfb-col-12\" id=\"vfbField4\"><div class=\"vfb-form-group vfb-col-12\"><div><h3 class=\"\">Saada koolituse p\u00e4ring v\u00f5i <a href=\"\/koolitused\">vaata koolituskalendrit<\/a><\/h3><\/div><\/div><div class=\"vfb-col-12 vfb-fieldType-heading\" id=\"vfbField4\"><\/div><div class=\"vfb-clearfix\"><\/div><div class=\"vfb-col-4 vfb-fieldType-text\" id=\"vfbField1\"><div class=\"vfb-form-group\"><label for=\"vfb-field-1\" class=\"vfb-control-label\">Nimi <span class=\"vfb-required-asterisk\">*<\/span><\/label><div><input id=\"vfb-field-1\" class=\"vfb-form-control\" placeholder=\"\" required=\"required\" type=\"text\" name=\"vfb-field-1\" value=\"\"><\/div><\/div><\/div><div class=\"vfb-col-4 vfb-fieldType-email\" id=\"vfbField3\"><div class=\"vfb-form-group\"><label for=\"vfb-field-3\" class=\"vfb-control-label\">E-posti aadress <span class=\"vfb-required-asterisk\">*<\/span><\/label><div><input id=\"vfb-field-3\" class=\"vfb-form-control\" placeholder=\"\" required=\"required\" type=\"email\" name=\"vfb-field-3\" value=\"\"><\/div><\/div><\/div><div class=\"vfb-col-4 vfb-fieldType-text\" id=\"vfbField6\"><div class=\"vfb-form-group\"><label for=\"vfb-field-6\" class=\"vfb-control-label\">Telefon <span class=\"vfb-required-asterisk\">*<\/span><\/label><div><input id=\"vfb-field-6\" class=\"vfb-form-control\" placeholder=\"\" required=\"required\" type=\"text\" name=\"vfb-field-6\" value=\"\"><\/div><\/div><\/div><div class=\"vfb-clearfix\"><\/div><div class=\"vfb-col-12 vfb-fieldType-select\" id=\"vfbField81\"><label for=\"vfb-field-81\" class=\"vfb-control-label\">Soovin koolitust l\u00e4bida:<\/label><div><div class=\"vfb-form-group\"><select id=\"vfb-field-81\" class=\"vfb-form-control\" placeholder=\"\" name=\"vfb-field-81\"><option value=\"Eesti keeles\">Eesti keeles<\/option><option value=\"Vene keeles\">Vene keeles<\/option><\/select><\/div><\/div><\/div><div class=\"vfb-clearfix\"><\/div><div class=\"vfb-col-12 vfb-fieldType-select\" id=\"vfbField196\"><label for=\"vfb-field-196\" class=\"vfb-control-label\">Koolituse tellib:<\/label><div><div class=\"vfb-form-group\"><select id=\"vfb-field-196\" class=\"vfb-form-control\" placeholder=\"\" name=\"vfb-field-196\"><option value=\"Eraisik\">Eraisik<\/option><option value=\"Ettev&otilde;te\">Ettev\u00f5te<\/option><\/select><\/div><\/div><\/div><div class=\"vfb-clearfix\"><\/div><div class=\"vfb-col-4 vfb-fieldType-select\" id=\"vfbField11\"><label for=\"vfb-field-11\" class=\"vfb-control-label\">Kes arve tasub?<\/label><div><div class=\"vfb-form-group\"><select id=\"vfb-field-11\" class=\"vfb-form-control\" placeholder=\"\" name=\"vfb-field-11\"><option value=\"Ettev&otilde;te\">Ettev\u00f5te<\/option><option value=\"Eraisik\">Eraisik<\/option><option value=\"T&ouml;&ouml;tukassa\">T\u00f6\u00f6tukassa<\/option><\/select><\/div><\/div><\/div><div class=\"vfb-col-7 vfb-fieldType-text\" id=\"vfbField8\"><div class=\"vfb-form-group\"><label for=\"vfb-field-8\" class=\"vfb-control-label\">Ettev\u00f5tte nimi, kellele arve esitatakse <span class=\"vfb-required-asterisk\">*<\/span><\/label><div><input id=\"vfb-field-8\" class=\"vfb-form-control\" placeholder=\"\" required=\"required\" type=\"text\" name=\"vfb-field-8\" value=\"\"><\/div><\/div><\/div><div class=\"vfb-col-7 vfb-fieldType-text\" id=\"vfbField61\"><div class=\"vfb-form-group\"><label for=\"vfb-field-61\" class=\"vfb-control-label\">Eraisiku nimi, kellele arve esitatakse <span class=\"vfb-required-asterisk\">*<\/span><\/label><div><input id=\"vfb-field-61\" class=\"vfb-form-control\" placeholder=\"\" required=\"required\" type=\"text\" name=\"vfb-field-61\" value=\"\"><\/div><\/div><\/div><div class=\"vfb-clearfix\"><\/div><div class=\"vfb-col-12 vfb-fieldType-textarea\" id=\"vfbField12\"><div class=\"vfb-form-group\"><label for=\"vfb-field-12\" class=\"vfb-control-label\">Lisainfo<\/label><div><textarea id=\"vfb-field-12\" class=\"vfb-form-control\" placeholder=\"\" rows=\"5\" name=\"vfb-field-12\" cols=\"50\"><\/textarea><\/div><\/div><\/div><div class=\"vfb-clearfix\"><\/div><div class=\"vfb-col-6 vfb-fieldType-checkbox\" id=\"vfbField13\"><label for=\"vfb-field-13\" class=\"vfb-control-label\"><\/label><div><div class=\"vfb-checkbox\"><label><input id=\"vfb-field-13-0\" class=\"\" placeholder=\"\" data-vfb-multiple=\"vfb-field-13\" type=\"checkbox\" name=\"vfb-field-13[0]\" value=\"1\"> Soovin saada infot minu ala kursuste kohta<\/label><\/div><\/div><\/div><div class=\"vfb-col-6 vfb-fieldType-checkbox\" id=\"vfbField14\"><label for=\"vfb-field-14\" class=\"vfb-control-label\"><\/label><div><div class=\"vfb-checkbox\"><label><input id=\"vfb-field-14-0\" class=\"\" placeholder=\"\" data-vfb-multiple=\"vfb-field-14\" type=\"checkbox\" name=\"vfb-field-14[0]\" value=\"1\">Soovin saada infot eripakkumiste ja soodustuste kohta<\/label><\/div><\/div><\/div><div class=\"vfb-clearfix\"><\/div><div class=\"vfb-col-12 vfb-fieldType-checkbox\" id=\"vfbField15\"><label for=\"vfb-field-15\" class=\"vfb-control-label\"> <span class=\"vfb-required-asterisk\">*<\/span><\/label><div><div class=\"vfb-checkbox\"><label><input id=\"vfb-field-15-0\" class=\"\" placeholder=\"\" data-vfb-multiple=\"vfb-field-15\" required=\"required\" type=\"checkbox\" name=\"vfb-field-15[0]\" value=\"1\">Kinnitan, et olen tutvunud \u00d5ppet\u00f6\u00f6 korraldusega ja v\u00f5tan enesele k\u00f5ik sellest tulenevad kohustused<\/label><\/div><\/div><\/div><div class=\"vfb-clearfix\"><\/div><div class=\"vfb-col-12 vfb-fieldType-submit\" id=\"vfbField16\"><button id=\"vfb-field-16\" class=\" btn btn-primary\" placeholder=\"\" type=\"submit\" name=\"_vfb-submit\">Registreerimine<\/button><\/div><div class=\"vfb-clearfix\"><\/div><\/div> <!-- .vfb-well --><\/form>\n<p>&nbsp;<\/p>\n","protected":false},"excerpt":{"rendered":"<p>L\u00f5petamata tegevused tuletavad end pidevalt meelde ja tulemusteta p\u00e4ev rikub meelerahu. Kuidas oma p\u00e4eva- ja n\u00e4dalategevusi t\u00f5husalt planeerida ja korraldada? Kas m\u00f5ttekam on teha p\u00e4eva- v\u00f5i n\u00e4dalaplaan? Kuidas tulla kodukontoris toime, kui t\u00f6\u00f6- <a href=\"https:\/\/kvkoolitus.ee\/ru\/ajajuhtimise-koolitus-vota-aega\/\"> [&#8230;]<\/a><\/p>\n","protected":false},"author":1,"featured_media":0,"parent":0,"menu_order":0,"comment_status":"closed","ping_status":"closed","template":"","meta":{"footnotes":""},"class_list":["post-4513","page","type-page","status-publish","hentry"],"aioseo_notices":[],"_links":{"self":[{"href":"https:\/\/kvkoolitus.ee\/ru\/wp-json\/wp\/v2\/pages\/4513","targetHints":{"allow":["GET"]}}],"collection":[{"href":"https:\/\/kvkoolitus.ee\/ru\/wp-json\/wp\/v2\/pages"}],"about":[{"href":"https:\/\/kvkoolitus.ee\/ru\/wp-json\/wp\/v2\/types\/page"}],"author":[{"embeddable":true,"href":"https:\/\/kvkoolitus.ee\/ru\/wp-json\/wp\/v2\/users\/1"}],"replies":[{"embeddable":true,"href":"https:\/\/kvkoolitus.ee\/ru\/wp-json\/wp\/v2\/comments?post=4513"}],"version-history":[{"count":0,"href":"https:\/\/kvkoolitus.ee\/ru\/wp-json\/wp\/v2\/pages\/4513\/revisions"}],"wp:attachment":[{"href":"https:\/\/kvkoolitus.ee\/ru\/wp-json\/wp\/v2\/media?parent=4513"}],"curies":[{"name":"wp","href":"https:\/\/api.w.org\/{rel}","templated":true}]}}