{"id":4828,"date":"2022-08-15T11:10:27","date_gmt":"2022-08-15T08:10:27","guid":{"rendered":"https:\/\/kvkoolitus.ee\/?page_id=4828"},"modified":"2023-02-23T16:37:33","modified_gmt":"2023-02-23T14:37:33","slug":"klienditeeninduse-baaskursus","status":"publish","type":"page","link":"https:\/\/kvkoolitus.ee\/ru\/sisekoolitused-asutustele\/turundus-ja-muuk\/klienditeeninduse-baaskursus\/","title":{"rendered":"\u0411\u0430\u0437\u043e\u0432\u044b\u0439 \u043a\u0443\u0440\u0441 \u043e\u0431\u0441\u043b\u0443\u0436\u0438\u0432\u0430\u043d\u0438\u044f \u043a\u043b\u0438\u0435\u043d\u0442\u043e\u0432"},"content":{"rendered":"<p>\u0422\u0440\u0435\u043d\u0438\u043d\u0433 \u043f\u0440\u0435\u0434\u043d\u0430\u0437\u043d\u0430\u0447\u0435\u043d \u0434\u043b\u044f \u043d\u0430\u0447\u0438\u043d\u0430\u044e\u0449\u0438\u0445.<\/p>\n<p><strong>\u0421\u043e\u0434\u0435\u0440\u0436\u0430\u043d\u0438\u0435:<\/strong><\/p>\n<ul>\n<li>\u041f\u0441\u0438\u0445\u043e\u043b\u043e\u0433\u0438\u044f \u043e\u0431\u0441\u043b\u0443\u0436\u0438\u0432\u0430\u043d\u0438\u044f \u043a\u043b\u0438\u0435\u043d\u0442\u043e\u0432<\/li>\n<li>\u043e\u0431\u0441\u043b\u0443\u0436\u0438\u0432\u0430\u043d\u0438\u0435, \u043e\u0441\u043d\u043e\u0432\u0430\u043d\u043d\u043e\u0435 \u043d\u0430 \u0446\u0435\u043d\u043d\u043e\u0441\u0442\u044f\u0445<\/li>\n<li>\u0440\u0430\u0437\u0432\u0438\u0442\u0438\u0435 \u043d\u0430\u0432\u044b\u043a\u043e\u0432 \u043e\u0431\u0441\u043b\u0443\u0436\u0438\u0432\u0430\u043d\u0438\u044f \u043a\u043b\u0438\u0435\u043d\u0442\u043e\u0432<\/li>\n<\/ul>\n<p><strong>\u041e\u0431\u044a\u0435\u043c \u043e\u0431\u0443\u0447\u0435\u043d\u0438\u044f:<\/strong> 8 \u0430\u043a \u0447\u0430\u0441\u043e\u0432<\/p>\n<p><strong>\u041b\u0435\u043a\u0442\u043e\u0440:<\/strong>\u00a0\u0441\u043f\u0435\u0446\u0438\u0430\u043b\u0438\u0441\u0442 \u0441 \u0432\u044b\u0441\u0448\u0438\u043c \u043e\u0431\u0440\u0430\u0437\u043e\u0432\u0430\u043d\u0438\u0435\u043c \u0438 \u043e\u043f\u044b\u0442\u043e\u043c \u0440\u0430\u0431\u043e\u0442\u044b \u0432 \u0434\u0430\u043d\u043d\u043e\u0439 \u0441\u0444\u0435\u0440\u0435<\/p>\n<p><strong>\u0420\u0435\u0433\u0438\u0441\u0442\u0440\u0430\u0446\u0438\u044f \u0438 \u0438\u043d\u0444\u043e\u0440\u043c\u0430\u0446\u0438\u044f:<\/strong><\/p>\n<p>\u0422\u0435\u043b\u0435\u0444\u043e\u043d: 55 583 410; 53 475 016<br \/>\n\u042d-\u043c\u0430\u0439\u043b:\u00a0<a href=\"mailto:info@kvkoolitus.ee\">info@kvkoolitus.ee<\/a><\/p>","protected":false},"excerpt":{"rendered":"<p>Koolitus on m\u00f5eldud algajatele klienditeenindajatele. Sisu: klienditeeninduse ps\u00fchholoogia v\u00e4\u00e4rtushoiakutel p\u00f5hinev teenindus klienditeenindaja oskuste arendamine Koolituse maht: 8 ak tundi Koolitaja:\u00a0turunduse MA k\u00f5rgharidusega ning kogemusega valdkonnaspetsialist Tellimine ja info: Telefon: 55 583 410; 53 <a href=\"https:\/\/kvkoolitus.ee\/ru\/sisekoolitused-asutustele\/turundus-ja-muuk\/klienditeeninduse-baaskursus\/\"> [&#8230;]<\/a><\/p>\n","protected":false},"author":4,"featured_media":0,"parent":3138,"menu_order":0,"comment_status":"closed","ping_status":"closed","template":"","meta":{"footnotes":""},"class_list":["post-4828","page","type-page","status-publish","hentry"],"aioseo_notices":[],"_links":{"self":[{"href":"https:\/\/kvkoolitus.ee\/ru\/wp-json\/wp\/v2\/pages\/4828","targetHints":{"allow":["GET"]}}],"collection":[{"href":"https:\/\/kvkoolitus.ee\/ru\/wp-json\/wp\/v2\/pages"}],"about":[{"href":"https:\/\/kvkoolitus.ee\/ru\/wp-json\/wp\/v2\/types\/page"}],"author":[{"embeddable":true,"href":"https:\/\/kvkoolitus.ee\/ru\/wp-json\/wp\/v2\/users\/4"}],"replies":[{"embeddable":true,"href":"https:\/\/kvkoolitus.ee\/ru\/wp-json\/wp\/v2\/comments?post=4828"}],"version-history":[{"count":0,"href":"https:\/\/kvkoolitus.ee\/ru\/wp-json\/wp\/v2\/pages\/4828\/revisions"}],"up":[{"embeddable":true,"href":"https:\/\/kvkoolitus.ee\/ru\/wp-json\/wp\/v2\/pages\/3138"}],"wp:attachment":[{"href":"https:\/\/kvkoolitus.ee\/ru\/wp-json\/wp\/v2\/media?parent=4828"}],"curies":[{"name":"wp","href":"https:\/\/api.w.org\/{rel}","templated":true}]}}