{"id":6591,"date":"2023-03-29T18:38:45","date_gmt":"2023-03-29T15:38:45","guid":{"rendered":"https:\/\/kvkoolitus.ee\/?page_id=6591"},"modified":"2023-03-30T13:59:24","modified_gmt":"2023-03-30T10:59:24","slug":"psuhholoogiline-noustamine","status":"publish","type":"page","link":"https:\/\/kvkoolitus.ee\/ru\/noustamine\/psuhholoogiline-noustamine\/","title":{"rendered":"\u041f\u0441\u0438\u0445\u043e\u043b\u043e\u0433\u0438\u0447\u0435\u0441\u043a\u043e\u0435 \u043a\u043e\u043d\u0441\u0443\u043b\u044c\u0442\u0438\u0440\u043e\u0432\u0430\u043d\u0438\u0435"},"content":{"rendered":"<p><img decoding=\"async\" class=\"lazyload wp-image-6605 alignright\" src=\"https:\/\/kvkoolitus.ee\/wp-content\/uploads\/2023\/03\/woman-1733881-300x114.jpg\" data-orig-src=\"https:\/\/kvkoolitus.ee\/wp-content\/uploads\/2023\/03\/woman-1733881-300x114.jpg\" alt=\"\" width=\"305\" height=\"116\" srcset=\"data:image\/svg+xml,%3Csvg%20xmlns%3D%27http%3A%2F%2Fwww.w3.org%2F2000%2Fsvg%27%20width%3D%27305%27%20height%3D%27116%27%20viewBox%3D%270%200%20305%20116%27%3E%3Crect%20width%3D%27305%27%20height%3D%27116%27%20fill-opacity%3D%220%22%2F%3E%3C%2Fsvg%3E\" data-srcset=\"https:\/\/kvkoolitus.ee\/wp-content\/uploads\/2023\/03\/woman-1733881-18x7.jpg 18w, https:\/\/kvkoolitus.ee\/wp-content\/uploads\/2023\/03\/woman-1733881-200x76.jpg 200w, https:\/\/kvkoolitus.ee\/wp-content\/uploads\/2023\/03\/woman-1733881-300x114.jpg 300w, https:\/\/kvkoolitus.ee\/wp-content\/uploads\/2023\/03\/woman-1733881-400x152.jpg 400w, https:\/\/kvkoolitus.ee\/wp-content\/uploads\/2023\/03\/woman-1733881-600x228.jpg 600w, https:\/\/kvkoolitus.ee\/wp-content\/uploads\/2023\/03\/woman-1733881-768x291.jpg 768w, https:\/\/kvkoolitus.ee\/wp-content\/uploads\/2023\/03\/woman-1733881-800x303.jpg 800w, https:\/\/kvkoolitus.ee\/wp-content\/uploads\/2023\/03\/woman-1733881-1024x388.jpg 1024w, https:\/\/kvkoolitus.ee\/wp-content\/uploads\/2023\/03\/woman-1733881-1200x455.jpg 1200w, https:\/\/kvkoolitus.ee\/wp-content\/uploads\/2023\/03\/woman-1733881-1536x583.jpg 1536w\" data-sizes=\"auto\" data-orig-sizes=\"(max-width: 305px) 100vw, 305px\" \/>Ps\u00fchholoogiline n\u00f5ustamine on teenus, mis on m\u00f5eldud inimestele, kes tunnevad, et neil on raskusi t\u00f6\u00f6 leidmisel v\u00f5i t\u00f6\u00f6 otsimisel ning vajavad professionaalset tuge ja n\u00f5ustamist igap\u00e4evaelus. N\u00e4iteks v\u00f5ivad inimestel olla raskused t\u00f6\u00f6koha kaotuse v\u00f5i ebakindluse t\u00f5ttu, samuti v\u00f5ivad nad kahelda\u00a0 oma oskustes v\u00f5i vajada n\u00f5u t\u00f6\u00f6turule sisenemiseks. Ps\u00fchholoog aitab inimestel neid k\u00fcsimusi ja probleeme anal\u00fc\u00fcsida ning leida lahendusi.<\/p>\n<p>Seda teenust saavad kasutada registreeritud t\u00f6\u00f6tud ja koondamisteate saanud t\u00f6\u00f6otsijad.<\/p>\n<p>Kui olete huvitatud ps\u00fchholoogilisest n\u00f5ustamisest, v\u00f5ite sellest r\u00e4\u00e4kida oma t\u00f6\u00f6tukassa n\u00f5ustajaga, kes annab teile rohkem teavet teenuse kohta ja v\u00f5ib vajadusel suunata teid ps\u00fchholoogilisele n\u00f5ustamisele.<\/p>\n<p>&nbsp;<\/p>\n<p>&nbsp;<\/p>\n<form method=\"post\" enctype=\"multipart\/form-data\" id=\"vfbp-form-6\" class=\"vfbp-form\"><div style=\"display:none;\"><label for=\"vfbp-EMAIL-AN8fuQyoDLXem\">\u0415\u0441\u043b\u0438 \u0412\u044b \u0447\u0435\u043b\u043e\u0432\u0435\u043a, \u043e\u0441\u0442\u0430\u0432\u044c\u0442\u0435 \u044d\u0442\u043e \u043f\u043e\u043b\u0435 \u043f\u0443\u0441\u0442\u044b\u043c<\/label><input size=\"25\" autocomplete=\"off\" type=\"text\" name=\"vfbp-EMAIL-AN8fuQyoDLXem\" value=\"\" id=\"\"><\/div><input type=\"hidden\" name=\"_vfb-timestamp-6\" value=\"1777539397\" id=\"\"><input type=\"hidden\" name=\"_vfb-form-id\" value=\"6\" id=\"\"><div class=\"vfb-col-12 vfb-fieldType-hidden\" id=\"vfbField82\"><input id=\"vfb-field-82\" class=\"vfb-form-control\" placeholder=\"\" type=\"hidden\" name=\"vfb-field-82\" value=\"Ps&uuml;hholoogiline n&otilde;ustamine\"><\/div><div class=\"vfb-clearfix\"><\/div><div class=\"vfb-well vfb-col-12\" id=\"vfbField83\"><div class=\"vfb-form-group vfb-col-12\"><div><h3 class=\"\">Saada n\u00f5ustamise p\u00e4ring siit<\/h3><\/div><\/div><div class=\"vfb-col-12 vfb-fieldType-heading\" id=\"vfbField83\"><\/div><div class=\"vfb-clearfix\"><\/div><div class=\"vfb-col-12 vfb-fieldType-select\" id=\"vfbField84\"><label for=\"vfb-field-84\" class=\"vfb-control-label\">Vali n\u00f5ustamine<\/label><div><div class=\"vfb-form-group\"><select id=\"vfb-field-84\" class=\"vfb-form-control\" placeholder=\"\" name=\"vfb-field-84\"><option value=\"Ps&uuml;hholoogiline n&otilde;ustamine\">Ps\u00fchholoogiline n\u00f5ustamine<\/option><option value=\"V&otilde;lan&otilde;ustamine\">V\u00f5lan\u00f5ustamine<\/option><option value=\"Kriisin&otilde;ustamine\">Kriisin\u00f5ustamine<\/option><\/select><\/div><\/div><\/div><div class=\"vfb-clearfix\"><\/div><div class=\"vfb-col-12 vfb-fieldType-select\" id=\"vfbField92\"><label for=\"vfb-field-92\" class=\"vfb-control-label\">Koht<\/label><div><div class=\"vfb-form-group\"><select id=\"vfb-field-92\" class=\"vfb-form-control\" placeholder=\"\" name=\"vfb-field-92\"><option value=\"J&otilde;hvi\">J\u00f5hvi<\/option><option value=\"Narva\">Narva<\/option><option value=\"Tallinn\">Tallinn<\/option><option value=\"Online\">Online<\/option><\/select><\/div><\/div><\/div><div class=\"vfb-clearfix\"><\/div><div class=\"vfb-col-12 vfb-fieldType-select\" id=\"vfbField203\"><label for=\"vfb-field-203\" class=\"vfb-control-label\">Vali keel <span class=\"vfb-required-asterisk\">*<\/span><\/label><div><div class=\"vfb-form-group\"><select id=\"vfb-field-203\" class=\"vfb-form-control\" placeholder=\"\" required=\"required\" name=\"vfb-field-203\"><option value=\"Eesti keel\">Eesti keel<\/option><option value=\"Vene keel\">Vene keel<\/option><\/select><\/div><\/div><\/div><div class=\"vfb-clearfix\"><\/div><div class=\"vfb-col-6 vfb-fieldType-text\" id=\"vfbField86\"><div class=\"vfb-form-group\"><label for=\"vfb-field-86\" class=\"vfb-control-label\">Nimi <span class=\"vfb-required-asterisk\">*<\/span><\/label><div><input id=\"vfb-field-86\" class=\"vfb-form-control\" placeholder=\"\" required=\"required\" type=\"text\" name=\"vfb-field-86\" value=\"\"><\/div><\/div><\/div><div class=\"vfb-col-6 vfb-fieldType-text\" id=\"vfbField202\"><div class=\"vfb-form-group\"><label for=\"vfb-field-202\" class=\"vfb-control-label\">Isikukood <span class=\"vfb-required-asterisk\">*<\/span><\/label><div><input id=\"vfb-field-202\" class=\"vfb-form-control\" placeholder=\"\" required=\"required\" type=\"text\" name=\"vfb-field-202\" value=\"\"><\/div><\/div><\/div><div class=\"vfb-clearfix\"><\/div><div class=\"vfb-col-6 vfb-fieldType-email\" id=\"vfbField87\"><div class=\"vfb-form-group\"><label for=\"vfb-field-87\" class=\"vfb-control-label\">E-posti aadress <span class=\"vfb-required-asterisk\">*<\/span><\/label><div><input id=\"vfb-field-87\" class=\"vfb-form-control\" placeholder=\"\" required=\"required\" type=\"email\" name=\"vfb-field-87\" value=\"\"><\/div><\/div><\/div><div class=\"vfb-col-6 vfb-fieldType-text\" id=\"vfbField88\"><div class=\"vfb-form-group\"><label for=\"vfb-field-88\" class=\"vfb-control-label\">Telefon <span class=\"vfb-required-asterisk\">*<\/span><\/label><div><input id=\"vfb-field-88\" class=\"vfb-form-control\" placeholder=\"\" required=\"required\" type=\"text\" name=\"vfb-field-88\" value=\"\"><\/div><\/div><\/div><div class=\"vfb-clearfix\"><\/div><div class=\"vfb-col-12 vfb-fieldType-textarea\" id=\"vfbField89\"><div class=\"vfb-form-group\"><label for=\"vfb-field-89\" class=\"vfb-control-label\">Lisainfo<\/label><div><textarea id=\"vfb-field-89\" class=\"vfb-form-control\" placeholder=\"\" rows=\"5\" name=\"vfb-field-89\" cols=\"50\"><\/textarea><\/div><\/div><\/div><div class=\"vfb-clearfix\"><\/div><div class=\"vfb-col-12 vfb-fieldType-checkbox\" id=\"vfbField90\"><label for=\"vfb-field-90\" class=\"vfb-control-label\"> <span class=\"vfb-required-asterisk\">*<\/span><\/label><div><div class=\"vfb-checkbox\"><label><input id=\"vfb-field-90-0\" class=\"\" placeholder=\"\" data-vfb-multiple=\"vfb-field-90\" required=\"required\" type=\"checkbox\" name=\"vfb-field-90[0]\" value=\"1\">Kinnitan, et olen tutvunud privaatsustingimustega ja n\u00f5ustun nendega<\/label><\/div><\/div><\/div><div class=\"vfb-clearfix\"><\/div><div class=\"vfb-col-12 vfb-fieldType-submit\" id=\"vfbField91\"><button id=\"vfb-field-91\" class=\" btn btn-primary\" placeholder=\"\" type=\"submit\" name=\"_vfb-submit\">Saada<\/button><\/div><div class=\"vfb-clearfix\"><\/div><\/div> <!-- .vfb-well --><\/form>\n","protected":false},"excerpt":{"rendered":"<p>Ps\u00fchholoogiline n\u00f5ustamine on teenus, mis on m\u00f5eldud inimestele, kes tunnevad, et neil on raskusi t\u00f6\u00f6 leidmisel v\u00f5i t\u00f6\u00f6 otsimisel ning vajavad professionaalset tuge ja n\u00f5ustamist igap\u00e4evaelus. N\u00e4iteks v\u00f5ivad inimestel olla raskused t\u00f6\u00f6koha kaotuse <a href=\"https:\/\/kvkoolitus.ee\/ru\/noustamine\/psuhholoogiline-noustamine\/\"> [&#8230;]<\/a><\/p>\n","protected":false},"author":7,"featured_media":0,"parent":2378,"menu_order":0,"comment_status":"closed","ping_status":"closed","template":"","meta":{"footnotes":""},"class_list":["post-6591","page","type-page","status-publish","hentry"],"aioseo_notices":[],"_links":{"self":[{"href":"https:\/\/kvkoolitus.ee\/ru\/wp-json\/wp\/v2\/pages\/6591","targetHints":{"allow":["GET"]}}],"collection":[{"href":"https:\/\/kvkoolitus.ee\/ru\/wp-json\/wp\/v2\/pages"}],"about":[{"href":"https:\/\/kvkoolitus.ee\/ru\/wp-json\/wp\/v2\/types\/page"}],"author":[{"embeddable":true,"href":"https:\/\/kvkoolitus.ee\/ru\/wp-json\/wp\/v2\/users\/7"}],"replies":[{"embeddable":true,"href":"https:\/\/kvkoolitus.ee\/ru\/wp-json\/wp\/v2\/comments?post=6591"}],"version-history":[{"count":0,"href":"https:\/\/kvkoolitus.ee\/ru\/wp-json\/wp\/v2\/pages\/6591\/revisions"}],"up":[{"embeddable":true,"href":"https:\/\/kvkoolitus.ee\/ru\/wp-json\/wp\/v2\/pages\/2378"}],"wp:attachment":[{"href":"https:\/\/kvkoolitus.ee\/ru\/wp-json\/wp\/v2\/media?parent=6591"}],"curies":[{"name":"wp","href":"https:\/\/api.w.org\/{rel}","templated":true}]}}