{"id":6593,"date":"2023-03-29T18:39:40","date_gmt":"2023-03-29T15:39:40","guid":{"rendered":"https:\/\/kvkoolitus.ee\/?page_id=6593"},"modified":"2023-03-30T14:15:58","modified_gmt":"2023-03-30T11:15:58","slug":"kriisinoustamine","status":"publish","type":"page","link":"https:\/\/kvkoolitus.ee\/ru\/noustamine\/kriisinoustamine\/","title":{"rendered":"\u041a\u0440\u0438\u0437\u0438\u0441\u043d\u043e\u0435 \u043a\u043e\u043d\u0441\u0443\u043b\u044c\u0442\u0438\u0440\u043e\u0432\u0430\u043d\u0438\u0435"},"content":{"rendered":"<p>Tere tulemast meie kriisin\u00f5ustamise teenusele! Meie eesm\u00e4rk on pakkuda professionaalset abi neile, kes tunnevad end kriisiolukorras v\u00f5i vajavad toetust keerulistest olukordades. Meie meeskond koosneb kogenud n\u00f5ustajatest, kes on koolitatud pakkuma ps\u00fchholoogilist tuge ja praktilist juhendamist kriisiolukorras.<\/p>\n<p>Kriisin\u00f5ustamise teenus v\u00f5ib aidata Teid erinevates olukordades, nagu n\u00e4iteks pere- ja suhteprobleemid, lahutus, leina, t\u00f6\u00f6kaotus, haigus, traumad, stress ja \u00e4revus. Meie n\u00f5ustajad on k\u00e4ttesaadavad nii individuaal- kui ka pere- v\u00f5i grupin\u00f5ustamiseks, s\u00f5ltuvalt Teie vajadustest ja olukorrast.<\/p>\n<p>Meie teenus on konfidentsiaalne ja turvaline ning meie eesm\u00e4rk on luua usalduslik suhe kliendiga, et aidata neil leida lahendusi oma probleemidele. Meie n\u00f5ustajad pakuvad toetust ja julgustavad kliendi isiklikku arengut ning aitavad neil oma tugevusi ja ressursse kasutada.<\/p>\n<p>Kui Te tunnete, et vajate abi kriisiolukorras, siis v\u00f5tke meiega \u00fchendust ja me aitame Teid. Meie teenuseid saab kasutada nii isiklikult kui ka t\u00f6\u00f6kohal. Oleme valmis kuulama ja toetama Teid.<\/p>\n<form method=\"post\" enctype=\"multipart\/form-data\" id=\"vfbp-form-6\" class=\"vfbp-form\"><div style=\"display:none;\"><label for=\"vfbp-EMAIL-AN8fuQyoDLXem\">\u0415\u0441\u043b\u0438 \u0412\u044b \u0447\u0435\u043b\u043e\u0432\u0435\u043a, \u043e\u0441\u0442\u0430\u0432\u044c\u0442\u0435 \u044d\u0442\u043e \u043f\u043e\u043b\u0435 \u043f\u0443\u0441\u0442\u044b\u043c<\/label><input size=\"25\" autocomplete=\"off\" type=\"text\" name=\"vfbp-EMAIL-AN8fuQyoDLXem\" value=\"\" id=\"\"><\/div><input type=\"hidden\" name=\"_vfb-timestamp-6\" value=\"1777664842\" id=\"\"><input type=\"hidden\" name=\"_vfb-form-id\" value=\"6\" id=\"\"><div class=\"vfb-col-12 vfb-fieldType-hidden\" id=\"vfbField82\"><input id=\"vfb-field-82\" class=\"vfb-form-control\" placeholder=\"\" type=\"hidden\" name=\"vfb-field-82\" value=\"Kriisin&otilde;ustamine\"><\/div><div class=\"vfb-clearfix\"><\/div><div class=\"vfb-well vfb-col-12\" id=\"vfbField83\"><div class=\"vfb-form-group vfb-col-12\"><div><h3 class=\"\">Saada n\u00f5ustamise p\u00e4ring siit<\/h3><\/div><\/div><div class=\"vfb-col-12 vfb-fieldType-heading\" id=\"vfbField83\"><\/div><div class=\"vfb-clearfix\"><\/div><div class=\"vfb-col-12 vfb-fieldType-select\" id=\"vfbField84\"><label for=\"vfb-field-84\" class=\"vfb-control-label\">Vali n\u00f5ustamine<\/label><div><div class=\"vfb-form-group\"><select id=\"vfb-field-84\" class=\"vfb-form-control\" placeholder=\"\" name=\"vfb-field-84\"><option value=\"Ps&uuml;hholoogiline n&otilde;ustamine\">Ps\u00fchholoogiline n\u00f5ustamine<\/option><option value=\"V&otilde;lan&otilde;ustamine\">V\u00f5lan\u00f5ustamine<\/option><option value=\"Kriisin&otilde;ustamine\">Kriisin\u00f5ustamine<\/option><\/select><\/div><\/div><\/div><div class=\"vfb-clearfix\"><\/div><div class=\"vfb-col-12 vfb-fieldType-select\" id=\"vfbField92\"><label for=\"vfb-field-92\" class=\"vfb-control-label\">Koht<\/label><div><div class=\"vfb-form-group\"><select id=\"vfb-field-92\" class=\"vfb-form-control\" placeholder=\"\" name=\"vfb-field-92\"><option value=\"J&otilde;hvi\">J\u00f5hvi<\/option><option value=\"Narva\">Narva<\/option><option value=\"Tallinn\">Tallinn<\/option><option value=\"Online\">Online<\/option><\/select><\/div><\/div><\/div><div class=\"vfb-clearfix\"><\/div><div class=\"vfb-col-12 vfb-fieldType-select\" id=\"vfbField203\"><label for=\"vfb-field-203\" class=\"vfb-control-label\">Vali keel <span class=\"vfb-required-asterisk\">*<\/span><\/label><div><div class=\"vfb-form-group\"><select id=\"vfb-field-203\" class=\"vfb-form-control\" placeholder=\"\" required=\"required\" name=\"vfb-field-203\"><option value=\"Eesti keel\">Eesti keel<\/option><option value=\"Vene keel\">Vene keel<\/option><\/select><\/div><\/div><\/div><div class=\"vfb-clearfix\"><\/div><div class=\"vfb-col-6 vfb-fieldType-text\" id=\"vfbField86\"><div class=\"vfb-form-group\"><label for=\"vfb-field-86\" class=\"vfb-control-label\">Nimi <span class=\"vfb-required-asterisk\">*<\/span><\/label><div><input id=\"vfb-field-86\" class=\"vfb-form-control\" placeholder=\"\" required=\"required\" type=\"text\" name=\"vfb-field-86\" value=\"\"><\/div><\/div><\/div><div class=\"vfb-col-6 vfb-fieldType-text\" id=\"vfbField202\"><div class=\"vfb-form-group\"><label for=\"vfb-field-202\" class=\"vfb-control-label\">Isikukood <span class=\"vfb-required-asterisk\">*<\/span><\/label><div><input id=\"vfb-field-202\" class=\"vfb-form-control\" placeholder=\"\" required=\"required\" type=\"text\" name=\"vfb-field-202\" value=\"\"><\/div><\/div><\/div><div class=\"vfb-clearfix\"><\/div><div class=\"vfb-col-6 vfb-fieldType-email\" id=\"vfbField87\"><div class=\"vfb-form-group\"><label for=\"vfb-field-87\" class=\"vfb-control-label\">E-posti aadress <span class=\"vfb-required-asterisk\">*<\/span><\/label><div><input id=\"vfb-field-87\" class=\"vfb-form-control\" placeholder=\"\" required=\"required\" type=\"email\" name=\"vfb-field-87\" value=\"\"><\/div><\/div><\/div><div class=\"vfb-col-6 vfb-fieldType-text\" id=\"vfbField88\"><div class=\"vfb-form-group\"><label for=\"vfb-field-88\" class=\"vfb-control-label\">Telefon <span class=\"vfb-required-asterisk\">*<\/span><\/label><div><input id=\"vfb-field-88\" class=\"vfb-form-control\" placeholder=\"\" required=\"required\" type=\"text\" name=\"vfb-field-88\" value=\"\"><\/div><\/div><\/div><div class=\"vfb-clearfix\"><\/div><div class=\"vfb-col-12 vfb-fieldType-textarea\" id=\"vfbField89\"><div class=\"vfb-form-group\"><label for=\"vfb-field-89\" class=\"vfb-control-label\">Lisainfo<\/label><div><textarea id=\"vfb-field-89\" class=\"vfb-form-control\" placeholder=\"\" rows=\"5\" name=\"vfb-field-89\" cols=\"50\"><\/textarea><\/div><\/div><\/div><div class=\"vfb-clearfix\"><\/div><div class=\"vfb-col-12 vfb-fieldType-checkbox\" id=\"vfbField90\"><label for=\"vfb-field-90\" class=\"vfb-control-label\"> <span class=\"vfb-required-asterisk\">*<\/span><\/label><div><div class=\"vfb-checkbox\"><label><input id=\"vfb-field-90-0\" class=\"\" placeholder=\"\" data-vfb-multiple=\"vfb-field-90\" required=\"required\" type=\"checkbox\" name=\"vfb-field-90[0]\" value=\"1\">Kinnitan, et olen tutvunud privaatsustingimustega ja n\u00f5ustun nendega<\/label><\/div><\/div><\/div><div class=\"vfb-clearfix\"><\/div><div class=\"vfb-col-12 vfb-fieldType-submit\" id=\"vfbField91\"><button id=\"vfb-field-91\" class=\" btn btn-primary\" placeholder=\"\" type=\"submit\" name=\"_vfb-submit\">Saada<\/button><\/div><div class=\"vfb-clearfix\"><\/div><\/div> <!-- .vfb-well --><\/form>\n","protected":false},"excerpt":{"rendered":"<p>Tere tulemast meie kriisin\u00f5ustamise teenusele! Meie eesm\u00e4rk on pakkuda professionaalset abi neile, kes tunnevad end kriisiolukorras v\u00f5i vajavad toetust keerulistest olukordades. Meie meeskond koosneb kogenud n\u00f5ustajatest, kes on koolitatud pakkuma ps\u00fchholoogilist tuge ja <a href=\"https:\/\/kvkoolitus.ee\/ru\/noustamine\/kriisinoustamine\/\"> [&#8230;]<\/a><\/p>\n","protected":false},"author":7,"featured_media":0,"parent":2378,"menu_order":0,"comment_status":"closed","ping_status":"closed","template":"","meta":{"footnotes":""},"class_list":["post-6593","page","type-page","status-publish","hentry"],"aioseo_notices":[],"_links":{"self":[{"href":"https:\/\/kvkoolitus.ee\/ru\/wp-json\/wp\/v2\/pages\/6593","targetHints":{"allow":["GET"]}}],"collection":[{"href":"https:\/\/kvkoolitus.ee\/ru\/wp-json\/wp\/v2\/pages"}],"about":[{"href":"https:\/\/kvkoolitus.ee\/ru\/wp-json\/wp\/v2\/types\/page"}],"author":[{"embeddable":true,"href":"https:\/\/kvkoolitus.ee\/ru\/wp-json\/wp\/v2\/users\/7"}],"replies":[{"embeddable":true,"href":"https:\/\/kvkoolitus.ee\/ru\/wp-json\/wp\/v2\/comments?post=6593"}],"version-history":[{"count":0,"href":"https:\/\/kvkoolitus.ee\/ru\/wp-json\/wp\/v2\/pages\/6593\/revisions"}],"up":[{"embeddable":true,"href":"https:\/\/kvkoolitus.ee\/ru\/wp-json\/wp\/v2\/pages\/2378"}],"wp:attachment":[{"href":"https:\/\/kvkoolitus.ee\/ru\/wp-json\/wp\/v2\/media?parent=6593"}],"curies":[{"name":"wp","href":"https:\/\/api.w.org\/{rel}","templated":true}]}}