{"id":6996,"date":"2023-09-24T17:47:31","date_gmt":"2023-09-24T14:47:31","guid":{"rendered":"https:\/\/kvkoolitus.ee\/?page_id=6996"},"modified":"2025-12-17T14:09:56","modified_gmt":"2025-12-17T12:09:56","slug":"tootmis-ja-toostusalased-koolitused","status":"publish","type":"page","link":"https:\/\/kvkoolitus.ee\/ru\/sisekoolitused-asutustele\/tootmis-ja-toostusalased-koolitused\/","title":{"rendered":"\u0422\u0415\u0425\u041d\u0418\u041a\u0410, \u042d\u041d\u0415\u0420\u0413\u0415\u0422\u0418\u041a\u0410, \u0422\u0415\u0425\u041d\u041e\u041b\u041e\u0413\u0418\u0418"},"content":{"rendered":"<div class=\"fusion-fullwidth fullwidth-box fusion-builder-row-1 fusion-flex-container nonhundred-percent-fullwidth non-hundred-percent-height-scrolling\" style=\"--awb-border-radius-top-left:0px;--awb-border-radius-top-right:0px;--awb-border-radius-bottom-right:0px;--awb-border-radius-bottom-left:0px;--awb-flex-wrap:wrap;\" ><div class=\"fusion-builder-row fusion-row fusion-flex-align-items-flex-start fusion-flex-content-wrap\" style=\"max-width:1456px;margin-left: calc(-4% \/ 2 );margin-right: calc(-4% \/ 2 );\"><div class=\"fusion-layout-column fusion_builder_column fusion-builder-column-0 fusion_builder_column_1_1 1_1 fusion-flex-column\" style=\"--awb-bg-blend:overlay;--awb-bg-size:cover;--awb-width-large:100%;--awb-margin-top-large:0px;--awb-spacing-right-large:1.92%;--awb-margin-bottom-large:0px;--awb-spacing-left-large:1.92%;--awb-width-medium:100%;--awb-spacing-right-medium:1.92%;--awb-spacing-left-medium:1.92%;--awb-width-small:100%;--awb-spacing-right-small:1.92%;--awb-spacing-left-small:1.92%;\"><div class=\"fusion-column-wrapper fusion-flex-justify-content-flex-start fusion-content-layout-column\"><div class=\"fusion-text fusion-text-1\"><p>T\u00f6\u00f6stus on majanduse suurim sektor ja majanduskasvu oluline vedaja. T\u00f6\u00f6stusettev\u00f5tted loovad rohkelt t\u00f6\u00f6kohti ja annavad t\u00f6\u00f6d ka teiste tegevusalade ettev\u00f5tjatele.<\/p>\n<p>Kersti V\u00f5lu Koolituskeskus pakub tootmisettev\u00f5tetele enda t\u00f6\u00f6tajate koolitamiseks laial valikul tootmis- ja t\u00f6\u00f6stualaseid koolitusi.<\/p>\n<p>Ehitust\u00f6\u00f6d:<\/p>\n<ol>\n<li><a href=\"https:\/\/kvkoolitus.ee\/porandalt-juhitavate-tosteseadmete-juhtimise-oigusega-troppija-tostejouga-alla-ja-ule-5t\/\">P\u00f5randalt juhitavate t\u00f5steseadmete juhtimise \u00f5igusega troppija (t\u00f5stej\u00f5uga alla ja \u00fcle 5t)<\/a><\/li>\n<li><a href=\"https:\/\/kvkoolitus.ee\/tellingute-paigaldaja-koolitus\/\">Tellingute ja t\u00f6\u00f6lavade <\/a><a style=\"font-family: var(--awb-text-font-family); font-size: var(--awb-font-size); font-style: var(--awb-text-font-style); font-weight: var(--awb-text-font-weight); letter-spacing: var(--awb-letter-spacing); text-align: var(--awb-content-alignment); text-transform: var(--awb-text-transform); background-color: var(--awb-bg-color-hover);\" href=\"https:\/\/kvkoolitus.ee\/tellingute-paigaldaja-koolitus\/\">paigaldaja koolitus<\/a><\/li>\n<li><a href=\"https:\/\/kvkoolitus.ee\/korgtoode-ohutusalane-koolitus\/\">K\u00f5rgt\u00f6\u00f6de ohutusalane koolitus<\/a><\/li>\n<li><a href=\"https:\/\/kvkoolitus.ee\/laadurveokijuht-tegemise-koolitus\/\">Laadurveokijuht<\/a><\/li>\n<li><a href=\"https:\/\/kvkoolitus.ee\/korgustood-ja-statsionaarse-korvtostuki-juhtimine-tostetoodel\/\">K\u00f5rgust\u00f6\u00f6d ja statsionaarse korvt\u00f5stuki juhtimine t\u00f5stet\u00f6\u00f6del<\/a><\/li>\n<li><a href=\"https:\/\/kvkoolitus.ee\/tostukijuhi-koolitus\/\">T\u00f5stukijuhi koolitus<\/a><\/li>\n<li><a href=\"https:\/\/kvkoolitus.ee\/ekskavaatorijuhtide-koolitus-2\/\">Ekskavaatorijuhtide koolitus<\/a><\/li>\n<\/ol>\n<p>M\u00e4et\u00f6\u00f6d:<\/p>\n<ol>\n<li><a href=\"https:\/\/kvkoolitus.ee\/lohkaja-ja-lohkemeistri-taiendope\/\">L\u00f5hkaja ja l\u00f5hkemeistri t\u00e4iend\u00f5pe<\/a><\/li>\n<li><a href=\"https:\/\/kvkoolitus.ee\/lohkemeistrite-valjaoppe-koolitus\/\">L\u00f5hkemeistrite v\u00e4lja\u00f5ppe koolitus<\/a><\/li>\n<li><a href=\"https:\/\/kvkoolitus.ee\/lohkaja-koolitus\/\">L\u00f5hkaja<\/a><\/li>\n<li><a href=\"https:\/\/kvkoolitus.ee\/allmaa-koritustooline-ja-labindaja\/\">Allmaa koristust\u00f6\u00f6line ja l\u00e4bindaja<\/a><\/li>\n<\/ol>\n<p>Elektripaigaldust\u00f6\u00f6d:<\/p>\n<ol>\n<li><a href=\"https:\/\/kvkoolitus.ee\/taienduskoolitus-sisetoode-elektrikule-4-taseme-kutse-taastoendamiseks\/\">T\u00e4ienduskoolitus elektrikule 4.taseme kutse taast\u00f5endamiseks<\/a><\/li>\n<li><a href=\"https:\/\/kvkoolitus.ee\/elektrikute-taiendkoolitus\/\">Elektikute t\u00e4iendkoolitus<\/a><\/li>\n<li><a href=\"https:\/\/kvkoolitus.ee\/ettevalmistus-4-taseme-sisetoode-elektriku-kutseeksamiks-2\/\">Ettevalmistus 4.taseme siset\u00f6\u00f6de elektriku kutseeksamiks<\/a><\/li>\n<li><a href=\"https:\/\/kvkoolitus.ee\/elektriku-algkoolitus\/\">Ehitise elektriku esma\u00f5pe <\/a><\/li>\n<li><a href=\"https:\/\/kvkoolitus.ee\/elektrialase-b-padevuseksami-ettevalmistuskursus\/\">Elektrialase B-p\u00e4devuseksami ettevalmistuskursus<\/a><\/li>\n<\/ol>\n<p>Automaatikat\u00f6\u00f6d:<\/p>\n<ol>\n<li><a href=\"https:\/\/kvkoolitus.ee\/programmeeritavad-kontrollerid\/\">Programmeeritavad kontrollerid<\/a><\/li>\n<li><a href=\"https:\/\/kvkoolitus.ee\/taienduskoolitus-automaatikule-4-taseme-kutse-taastoendamiseks\/\">T\u00e4ienduskoolitus automaatikule 4.taseme kutse taast\u00f5endamiseks<\/a><\/li>\n<li><a href=\"https:\/\/kvkoolitus.ee\/tootmisautomaatika-juhtimissusteemid\/\">Tootmisautomaatika juhtimiss\u00fcsteemid<\/a><\/li>\n<\/ol>\n<p>Metallit\u00f6\u00f6d:<\/p>\n<ol>\n<li><a href=\"https:\/\/kvkoolitus.ee\/keevisombluste-kontroll-ja-katsetamine\/\">Keevis\u00f5mbluste kontroll ja katsetamine<\/a><\/li>\n<\/ol>\n<p><strong>Tellimine ja info:<\/strong><\/p>\n<p>Telefon: 55 583 410; 53 475 016<br \/>\nE-post: <a href=\"mailto:info@kvkoolitus.ee\">info@kvkoolitus.ee<\/a><\/p>\n<p>Koolituse tellimiseks saatke p\u00e4ring e-postile v\u00f5i t\u00e4itke \u00e4ra allolev vorm:<\/p>\n<form method=\"post\" enctype=\"multipart\/form-data\" id=\"vfbp-form-4\" class=\"vfbp-form\"><div style=\"display:none;\"><label for=\"vfbp-EMAIL-AN8fuQyoDLXem\">\u0415\u0441\u043b\u0438 \u0412\u044b \u0447\u0435\u043b\u043e\u0432\u0435\u043a, \u043e\u0441\u0442\u0430\u0432\u044c\u0442\u0435 \u044d\u0442\u043e \u043f\u043e\u043b\u0435 \u043f\u0443\u0441\u0442\u044b\u043c<\/label><input size=\"25\" autocomplete=\"off\" type=\"text\" name=\"vfbp-EMAIL-AN8fuQyoDLXem\" value=\"\" id=\"\"><\/div><input type=\"hidden\" name=\"_vfb-timestamp-4\" value=\"1778618987\" id=\"\"><input type=\"hidden\" name=\"_vfb-form-id\" value=\"4\" id=\"\"><div class=\"vfb-col-12 vfb-fieldType-hidden\" id=\"vfbField50\"><input id=\"vfb-field-50\" class=\"vfb-form-control\" placeholder=\"\" type=\"hidden\" name=\"vfb-field-50\" value=\"TEHNIKA, ENERGEETIKA, TEHNOLOOGIA\"><\/div><div class=\"vfb-clearfix\"><\/div><div class=\"vfb-well vfb-col-12\" id=\"vfbField51\"><div class=\"vfb-form-group vfb-col-12\"><div><h3 class=\"\">Saada koolitussoovi p\u00e4ring siit v\u00f5i <a href=\"\/koolitused\">vaata koolituskalendrit<\/a><\/h3><\/div><\/div><div class=\"vfb-col-12 vfb-fieldType-heading\" id=\"vfbField51\"><\/div><div class=\"vfb-clearfix\"><\/div><div class=\"vfb-col-12 vfb-fieldType-textarea\" id=\"vfbField57\"><div class=\"vfb-form-group\"><label for=\"vfb-field-57\" class=\"vfb-control-label\">Kirjeldage oma koolitussoovi v\u00f5i -vajadust<\/label><div><textarea id=\"vfb-field-57\" class=\"vfb-form-control\" placeholder=\"\" rows=\"6\" name=\"vfb-field-57\" cols=\"50\"><\/textarea><\/div><\/div><\/div><div class=\"vfb-clearfix\"><\/div><div class=\"vfb-col-4 vfb-fieldType-text\" id=\"vfbField54\"><div class=\"vfb-form-group\"><label for=\"vfb-field-54\" class=\"vfb-control-label\">Nimi <span class=\"vfb-required-asterisk\">*<\/span><\/label><div><input id=\"vfb-field-54\" class=\"vfb-form-control\" placeholder=\"\" required=\"required\" type=\"text\" name=\"vfb-field-54\" value=\"\"><\/div><\/div><\/div><div class=\"vfb-col-4 vfb-fieldType-email\" id=\"vfbField55\"><div class=\"vfb-form-group\"><label for=\"vfb-field-55\" class=\"vfb-control-label\">E-posti aadress <span class=\"vfb-required-asterisk\">*<\/span><\/label><div><input id=\"vfb-field-55\" class=\"vfb-form-control\" placeholder=\"\" required=\"required\" type=\"email\" name=\"vfb-field-55\" value=\"\"><\/div><\/div><\/div><div class=\"vfb-col-4 vfb-fieldType-text\" id=\"vfbField56\"><div class=\"vfb-form-group\"><label for=\"vfb-field-56\" class=\"vfb-control-label\">Telefon <span class=\"vfb-required-asterisk\">*<\/span><\/label><div><input id=\"vfb-field-56\" class=\"vfb-form-control\" placeholder=\"\" required=\"required\" type=\"text\" name=\"vfb-field-56\" value=\"\"><\/div><\/div><\/div><div class=\"vfb-clearfix\"><\/div><div class=\"vfb-col-12 vfb-fieldType-checkbox\" id=\"vfbField58\"><label for=\"vfb-field-58\" class=\"vfb-control-label\"> <span class=\"vfb-required-asterisk\">*<\/span><\/label><div><div class=\"vfb-checkbox\"><label><input id=\"vfb-field-58-0\" class=\"\" placeholder=\"\" data-vfb-multiple=\"vfb-field-58\" required=\"required\" type=\"checkbox\" name=\"vfb-field-58[0]\" value=\"1\">Kinnitan, et olen tutvunud \u00d5ppet\u00f6\u00f6 korraldusega ja v\u00f5tan enesele k\u00f5ik sellest tulenevad kohustused<\/label><\/div><\/div><\/div><div class=\"vfb-clearfix\"><\/div><div class=\"vfb-col-12 vfb-fieldType-submit\" id=\"vfbField59\"><button id=\"vfb-field-59\" class=\" btn btn-primary\" placeholder=\"\" type=\"submit\" name=\"_vfb-submit\">Saada<\/button><\/div><div class=\"vfb-clearfix\"><\/div><\/div> <!-- .vfb-well --><\/form>\n<\/div><\/div><\/div><\/div><\/div>\n","protected":false},"excerpt":{"rendered":"","protected":false},"author":7,"featured_media":0,"parent":2357,"menu_order":0,"comment_status":"closed","ping_status":"closed","template":"","meta":{"footnotes":""},"class_list":["post-6996","page","type-page","status-publish","hentry"],"aioseo_notices":[],"_links":{"self":[{"href":"https:\/\/kvkoolitus.ee\/ru\/wp-json\/wp\/v2\/pages\/6996","targetHints":{"allow":["GET"]}}],"collection":[{"href":"https:\/\/kvkoolitus.ee\/ru\/wp-json\/wp\/v2\/pages"}],"about":[{"href":"https:\/\/kvkoolitus.ee\/ru\/wp-json\/wp\/v2\/types\/page"}],"author":[{"embeddable":true,"href":"https:\/\/kvkoolitus.ee\/ru\/wp-json\/wp\/v2\/users\/7"}],"replies":[{"embeddable":true,"href":"https:\/\/kvkoolitus.ee\/ru\/wp-json\/wp\/v2\/comments?post=6996"}],"version-history":[{"count":29,"href":"https:\/\/kvkoolitus.ee\/ru\/wp-json\/wp\/v2\/pages\/6996\/revisions"}],"predecessor-version":[{"id":8946,"href":"https:\/\/kvkoolitus.ee\/ru\/wp-json\/wp\/v2\/pages\/6996\/revisions\/8946"}],"up":[{"embeddable":true,"href":"https:\/\/kvkoolitus.ee\/ru\/wp-json\/wp\/v2\/pages\/2357"}],"wp:attachment":[{"href":"https:\/\/kvkoolitus.ee\/ru\/wp-json\/wp\/v2\/media?parent=6996"}],"curies":[{"name":"wp","href":"https:\/\/api.w.org\/{rel}","templated":true}]}}