{"id":7054,"date":"2023-09-29T14:36:21","date_gmt":"2023-09-29T11:36:21","guid":{"rendered":"https:\/\/kvkoolitus.ee\/?page_id=7054"},"modified":"2025-12-17T14:18:57","modified_gmt":"2025-12-17T12:18:57","slug":"porandalt-juhitavate-tosteseadmete-juhtimise-oigusega-troppija-tostejouga-alla-ja-ule-5t","status":"publish","type":"page","link":"https:\/\/kvkoolitus.ee\/ru\/porandalt-juhitavate-tosteseadmete-juhtimise-oigusega-troppija-tostejouga-alla-ja-ule-5t\/","title":{"rendered":"\u0421\u0442\u0440\u043e\u043f\u0430\u043b\u044c\u0449\u0438\u043a, \u0441 \u043f\u0440\u0430\u0432\u043e\u043c \u0443\u043f\u0440\u0430\u0432\u043b\u0435\u043d\u0438\u044f \u0433\u0440\u0443\u0437\u043e\u043f\u043e\u0434\u044a\u0435\u043c\u043d\u044b\u043c \u043c\u0435\u0445\u0430\u043d\u0438\u0437\u043c\u043e\u043c \u0431\u043e\u043b\u0435\u0435 5 \u0442, \u0443\u043f\u0440\u0430\u0432\u043b\u044f\u0435\u043c\u044b\u043c \u0441 \u043f\u043e\u043b\u0430."},"content":{"rendered":"<p><strong>\u00d5ppekava<\/strong><\/p>\n<p style=\"text-align: right;\">\u00d5ppekava kinnitamise aeg: 19.12.2024<\/p>\n<p><strong>Kursuse nimetus: \u00a0P\u00f5randalt juhitavate t\u00f5steseadmete juhtimise \u00f5igusega troppija <\/strong><strong>(t\u00f5stej\u00f5uga alla ja \u00fcle 5t<\/strong><strong>)<\/strong><\/p>\n<p><strong>\u00d5ppekavar\u00fchm<\/strong>:\u00a0\u00a0 \u00a0\u00a0\u00a0Ehitus ja tsiviilrajatised<\/p>\n<p><strong>\u00d5ppekava koostamise alus: <\/strong>Kutsestandardid: Ehituspuusepp, tase 4; M\u00fc\u00fcrsepp, tase 4<\/p>\n<p><strong>Koolituse kogumaht akadeemilistes tundides : <\/strong>8<\/p>\n<p>Teooriatundide maht 8<\/p>\n<p>Praktilise t\u00f6\u00f6 maht <em>(\u00f5pitud teadmiste ja oskuste rakendamine \u00f5ppekeskkonnas)<\/em><\/p>\n<p><strong>Kasutatava \u00f5ppekeskkonna kirjeldus:<\/strong><\/p>\n<p>\u00d5ppet\u00f6\u00f6s kasutatakse \u00f5ppeklassi, mis on varustatud multiprojektori ning arvutiga.<\/p>\n<p>Koolitusruum (sh \u00f5ppetehnika) vastab t\u00f6\u00f6tervishoiu ja t\u00f6\u00f6ohutuse seaduses s\u00e4testatud t\u00f6\u00f6tervishoiu ja -ohutuse n\u00f5uetele.<\/p>\n<p><strong>Sihtgrupp ja \u00f5ppe alustamise n\u00f5uded:<\/strong> T\u00f6\u00f6lised, kelle kutsestandardis v\u00f5i ametijuhendis on ette n\u00e4htud\u00a0 troppimise t\u00f6\u00f6 teostamine ning\u00a0 \u00fcle 5t\u00a0 masinate ja -mehhanismid maast juhtimine (n\u00e4iteks: laohoidja, ehitaja, liikurmasinajuht, lukksepp, koostelukksepp, betoonkonstruktsioonide ehitaja, keevitaja<strong>, <\/strong>m\u00fc\u00fcrsepp jne).<\/p>\n<p><strong>\u00d5ppe alustamise n\u00f5uded:<\/strong> Erialane kogemus, v\u00e4hemalt p\u00f5hihariduse olemasolu<\/p>\n<p><strong>\u00d5<\/strong><strong>ppekava eesm\u00e4rgid:<\/strong> Anda troppija lisaeriala t\u00f6\u00f6lisele, kelle kutsestandardis v\u00f5i ametijuhendis on ette n\u00e4htud\u00a0 troppimise t\u00f6\u00f6d.<\/p>\n<p><strong>\u00d5piv\u00e4ljundid:<\/strong><\/p>\n<ul>\n<li>omab \u00fclevaadet erinevatest t\u00f5stemehhanismidest ja nende kasutusalast objektil<\/li>\n<li>kasutab materjalide laadimisel t\u00f5stetroppe, j\u00e4rgides troppimise ja koormakinnituse n\u00f5udeid ning t\u00f6\u00f6ohutust<\/li>\n<li>juhendab m\u00e4rguannetega t\u00f5steseadme juhti t\u00f5stet\u00f6\u00f6del<\/li>\n<li>teeb iseseisvalt t\u00f5stet\u00f6id mehitamata t\u00f5steseadmetega<\/li>\n<li>j\u00e4rgib t\u00f6\u00f6- ja keskkonnaohutuse ning t\u00f6\u00f6tervishoiun\u00f5udeid troppimisel ja t\u00f5stet\u00f6\u00f6del<\/li>\n<\/ul>\n<p><strong>\u00d5ppe sisu<\/strong><\/p>\n<p><strong>Troppimine ja t\u00f5stet\u00f6\u00f6de tegemine \u2013 2 tundi<\/strong><\/p>\n<p>Troppide liigid, valik, prakeerimine, koormakinnituse n\u00f5uded, t\u00f5stet\u00f6\u00f6de teostamise erip\u00e4rad s\u00f5ltuvalt t\u00f5steseadmest, lastide liigid ja troppimine, lastide kantimine.<\/p>\n<p>Lastide ladustamine<\/p>\n<p><strong>T\u00f5stemasinate ja \u2013mehhanismide juhtimine ning nendele esitatavad n\u00f5uded- 4 tundi<\/strong><\/p>\n<p>Otstarve, tehnilised andmed, kasutustingimused, tehniline hooldus<\/p>\n<p><strong>T\u00f6\u00f6ohutus ja t\u00f6\u00f6tervishoid\u2013 2 tundi<\/strong><\/p>\n<p>T\u00f6\u00f6tervishoiu ja t\u00f6\u00f6ohutuse seadus, masina ohutuse seadus,\u00a0 troppimist\u00f6\u00f6del kehtivad ohutusn\u00f5uded; troppimist\u00f6\u00f6del kasutatav signaalm\u00e4rgistik.<\/p>\n<p><strong>\u00a0<\/strong><\/p>\n<p><strong>Kasutatavad \u00f5ppemeetodid: <\/strong>Loeng, arutelud.<\/p>\n<p><strong>Vajalike \u00f5ppematerjalide loend:<\/strong><\/p>\n<p>Seadme ohutuse seadus. T\u00f6\u00f6tervishoiu ja t\u00f6\u00f6ohutuse seadus. \u00a0Troppimist\u00f6\u00f6de ohutusjuhend.<\/p>\n<p>\u00d5petajad kasutavad \u00f5petamise k\u00e4igus isiklikke metoodilisi materjale.<\/p>\n<p>Kursuse l\u00f5petamisel j\u00e4\u00e4vad koolitatavale konspektid ja paljundatud \u00f5ppematerjalid.<\/p>\n<p>&nbsp;<\/p>\n<p><strong>N\u00f5uded \u00f5pingute l\u00f5petamiseks, sh hindamismeetodid ja kriteeriumid: <\/strong>\u00f5ppes osalemine\u00a0 &#8211; 80 % ja testi sooritamine v\u00e4hemalt 50% ulatuses.<\/p>\n<p>\u00d5ppijale v\u00e4ljastatakse \u00f5ppe l\u00f5petamise n\u00f5uete t\u00e4itmisel tunnistus.<\/p>\n<p><strong>\u00a0<\/strong><\/p>\n<p><strong>Koolitaja kompetentsust t\u00f5endava kvalifikatsiooni v\u00f5i \u00f5pi- t\u00f6\u00f6kogemuse kirjeldus:<\/strong> Gennadi Karp &#8211; keskeriharidus,\u00a0 ehitusvaldkonna spetsialist, t\u00e4iskasvanuid koolitab \u00fcle 10 aasta.<\/p>\n<p><strong>\u00a0<\/strong><\/p>\n<p><strong>Tellimine ja info:<\/strong><\/p>\n<p>Telefon: 55 583 410; 53 475 016<br \/>\nE-post:\u00a0<a href=\"mailto:info@kvkoolitus.ee\">info@kvkoolitus.ee<\/a><\/p>\n<form method=\"post\" enctype=\"multipart\/form-data\" id=\"vfbp-form-1\" class=\"vfbp-form\"><div style=\"display:none;\"><label for=\"vfbp-EMAIL-AN8fuQyoDLXem\">\u0415\u0441\u043b\u0438 \u0412\u044b \u0447\u0435\u043b\u043e\u0432\u0435\u043a, \u043e\u0441\u0442\u0430\u0432\u044c\u0442\u0435 \u044d\u0442\u043e \u043f\u043e\u043b\u0435 \u043f\u0443\u0441\u0442\u044b\u043c<\/label><input size=\"25\" autocomplete=\"off\" type=\"text\" name=\"vfbp-EMAIL-AN8fuQyoDLXem\" value=\"\" id=\"\"><\/div><input type=\"hidden\" name=\"_vfb-timestamp-1\" value=\"1775657477\" id=\"\"><input type=\"hidden\" name=\"_vfb-form-id\" value=\"1\" id=\"\"><div class=\"vfb-col-12 vfb-fieldType-hidden\" id=\"vfbField5\"><input id=\"vfb-field-5\" class=\"vfb-form-control\" placeholder=\"\" type=\"hidden\" name=\"vfb-field-5\" value=\"P&otilde;randalt juhitavate t&otilde;steseadmete juhtimise &otilde;igusega troppija (t&otilde;stej&otilde;uga alla ja &uuml;le 5t)\"><\/div><div class=\"vfb-clearfix\"><\/div><div class=\"vfb-col-12 vfb-fieldType-hidden\" id=\"vfbField60\"><input id=\"vfb-field-60\" class=\"vfb-form-control\" placeholder=\"\" type=\"hidden\" name=\"vfb-field-60\" value=\"7054\"><\/div><div class=\"vfb-clearfix\"><\/div><div class=\"vfb-well vfb-col-12\" id=\"vfbField4\"><div class=\"vfb-form-group vfb-col-12\"><div><h3 class=\"\">Saada koolituse p\u00e4ring v\u00f5i <a href=\"\/koolitused\">vaata koolituskalendrit<\/a><\/h3><\/div><\/div><div class=\"vfb-col-12 vfb-fieldType-heading\" id=\"vfbField4\"><\/div><div class=\"vfb-clearfix\"><\/div><div class=\"vfb-col-4 vfb-fieldType-text\" id=\"vfbField1\"><div class=\"vfb-form-group\"><label for=\"vfb-field-1\" class=\"vfb-control-label\">Nimi <span class=\"vfb-required-asterisk\">*<\/span><\/label><div><input id=\"vfb-field-1\" class=\"vfb-form-control\" placeholder=\"\" required=\"required\" type=\"text\" name=\"vfb-field-1\" value=\"\"><\/div><\/div><\/div><div class=\"vfb-col-4 vfb-fieldType-email\" id=\"vfbField3\"><div class=\"vfb-form-group\"><label for=\"vfb-field-3\" class=\"vfb-control-label\">E-posti aadress <span class=\"vfb-required-asterisk\">*<\/span><\/label><div><input id=\"vfb-field-3\" class=\"vfb-form-control\" placeholder=\"\" required=\"required\" type=\"email\" name=\"vfb-field-3\" value=\"\"><\/div><\/div><\/div><div class=\"vfb-col-4 vfb-fieldType-text\" id=\"vfbField6\"><div class=\"vfb-form-group\"><label for=\"vfb-field-6\" class=\"vfb-control-label\">Telefon <span class=\"vfb-required-asterisk\">*<\/span><\/label><div><input id=\"vfb-field-6\" class=\"vfb-form-control\" placeholder=\"\" required=\"required\" type=\"text\" name=\"vfb-field-6\" value=\"\"><\/div><\/div><\/div><div class=\"vfb-clearfix\"><\/div><div class=\"vfb-col-12 vfb-fieldType-select\" id=\"vfbField81\"><label for=\"vfb-field-81\" class=\"vfb-control-label\">Soovin koolitust l\u00e4bida:<\/label><div><div class=\"vfb-form-group\"><select id=\"vfb-field-81\" class=\"vfb-form-control\" placeholder=\"\" name=\"vfb-field-81\"><option value=\"Eesti keeles\">Eesti keeles<\/option><option value=\"Vene keeles\">Vene keeles<\/option><\/select><\/div><\/div><\/div><div class=\"vfb-clearfix\"><\/div><div class=\"vfb-col-12 vfb-fieldType-select\" id=\"vfbField196\"><label for=\"vfb-field-196\" class=\"vfb-control-label\">Koolituse tellib:<\/label><div><div class=\"vfb-form-group\"><select id=\"vfb-field-196\" class=\"vfb-form-control\" placeholder=\"\" name=\"vfb-field-196\"><option value=\"Eraisik\">Eraisik<\/option><option value=\"Ettev&otilde;te\">Ettev\u00f5te<\/option><\/select><\/div><\/div><\/div><div class=\"vfb-clearfix\"><\/div><div class=\"vfb-col-4 vfb-fieldType-select\" id=\"vfbField11\"><label for=\"vfb-field-11\" class=\"vfb-control-label\">Kes arve tasub?<\/label><div><div class=\"vfb-form-group\"><select id=\"vfb-field-11\" class=\"vfb-form-control\" placeholder=\"\" name=\"vfb-field-11\"><option value=\"Ettev&otilde;te\">Ettev\u00f5te<\/option><option value=\"Eraisik\">Eraisik<\/option><option value=\"T&ouml;&ouml;tukassa\">T\u00f6\u00f6tukassa<\/option><\/select><\/div><\/div><\/div><div class=\"vfb-col-7 vfb-fieldType-text\" id=\"vfbField8\"><div class=\"vfb-form-group\"><label for=\"vfb-field-8\" class=\"vfb-control-label\">Ettev\u00f5tte nimi, kellele arve esitatakse <span class=\"vfb-required-asterisk\">*<\/span><\/label><div><input id=\"vfb-field-8\" class=\"vfb-form-control\" placeholder=\"\" required=\"required\" type=\"text\" name=\"vfb-field-8\" value=\"\"><\/div><\/div><\/div><div class=\"vfb-col-7 vfb-fieldType-text\" id=\"vfbField61\"><div class=\"vfb-form-group\"><label for=\"vfb-field-61\" class=\"vfb-control-label\">Eraisiku nimi, kellele arve esitatakse <span class=\"vfb-required-asterisk\">*<\/span><\/label><div><input id=\"vfb-field-61\" class=\"vfb-form-control\" placeholder=\"\" required=\"required\" type=\"text\" name=\"vfb-field-61\" value=\"\"><\/div><\/div><\/div><div class=\"vfb-clearfix\"><\/div><div class=\"vfb-col-12 vfb-fieldType-textarea\" id=\"vfbField12\"><div class=\"vfb-form-group\"><label for=\"vfb-field-12\" class=\"vfb-control-label\">Lisainfo<\/label><div><textarea id=\"vfb-field-12\" class=\"vfb-form-control\" placeholder=\"\" rows=\"5\" name=\"vfb-field-12\" cols=\"50\"><\/textarea><\/div><\/div><\/div><div class=\"vfb-clearfix\"><\/div><div class=\"vfb-col-6 vfb-fieldType-checkbox\" id=\"vfbField13\"><label for=\"vfb-field-13\" class=\"vfb-control-label\"><\/label><div><div class=\"vfb-checkbox\"><label><input id=\"vfb-field-13-0\" class=\"\" placeholder=\"\" data-vfb-multiple=\"vfb-field-13\" type=\"checkbox\" name=\"vfb-field-13[0]\" value=\"1\"> Soovin saada infot minu ala kursuste kohta<\/label><\/div><\/div><\/div><div class=\"vfb-col-6 vfb-fieldType-checkbox\" id=\"vfbField14\"><label for=\"vfb-field-14\" class=\"vfb-control-label\"><\/label><div><div class=\"vfb-checkbox\"><label><input id=\"vfb-field-14-0\" class=\"\" placeholder=\"\" data-vfb-multiple=\"vfb-field-14\" type=\"checkbox\" name=\"vfb-field-14[0]\" value=\"1\">Soovin saada infot eripakkumiste ja soodustuste kohta<\/label><\/div><\/div><\/div><div class=\"vfb-clearfix\"><\/div><div class=\"vfb-col-12 vfb-fieldType-checkbox\" id=\"vfbField15\"><label for=\"vfb-field-15\" class=\"vfb-control-label\"> <span class=\"vfb-required-asterisk\">*<\/span><\/label><div><div class=\"vfb-checkbox\"><label><input id=\"vfb-field-15-0\" class=\"\" placeholder=\"\" data-vfb-multiple=\"vfb-field-15\" required=\"required\" type=\"checkbox\" name=\"vfb-field-15[0]\" value=\"1\">Kinnitan, et olen tutvunud \u00d5ppet\u00f6\u00f6 korraldusega ja v\u00f5tan enesele k\u00f5ik sellest tulenevad kohustused<\/label><\/div><\/div><\/div><div class=\"vfb-clearfix\"><\/div><div class=\"vfb-col-12 vfb-fieldType-submit\" id=\"vfbField16\"><button id=\"vfb-field-16\" class=\" btn btn-primary\" placeholder=\"\" type=\"submit\" name=\"_vfb-submit\">Registreerimine<\/button><\/div><div class=\"vfb-clearfix\"><\/div><\/div> <!-- .vfb-well --><\/form>\n","protected":false},"excerpt":{"rendered":"<p>\u00d5ppekava \u00d5ppekava kinnitamise aeg: 19.12.2024 Kursuse nimetus: \u00a0P\u00f5randalt juhitavate t\u00f5steseadmete juhtimise \u00f5igusega troppija (t\u00f5stej\u00f5uga alla ja \u00fcle 5t) \u00d5ppekavar\u00fchm:\u00a0\u00a0 \u00a0\u00a0\u00a0Ehitus ja tsiviilrajatised \u00d5ppekava koostamise alus: Kutsestandardid: Ehituspuusepp, tase 4; M\u00fc\u00fcrsepp, tase 4 Koolituse <a href=\"https:\/\/kvkoolitus.ee\/ru\/porandalt-juhitavate-tosteseadmete-juhtimise-oigusega-troppija-tostejouga-alla-ja-ule-5t\/\"> [&#8230;]<\/a><\/p>\n","protected":false},"author":5,"featured_media":0,"parent":0,"menu_order":0,"comment_status":"closed","ping_status":"closed","template":"","meta":{"footnotes":""},"class_list":["post-7054","page","type-page","status-publish","hentry"],"aioseo_notices":[],"_links":{"self":[{"href":"https:\/\/kvkoolitus.ee\/ru\/wp-json\/wp\/v2\/pages\/7054","targetHints":{"allow":["GET"]}}],"collection":[{"href":"https:\/\/kvkoolitus.ee\/ru\/wp-json\/wp\/v2\/pages"}],"about":[{"href":"https:\/\/kvkoolitus.ee\/ru\/wp-json\/wp\/v2\/types\/page"}],"author":[{"embeddable":true,"href":"https:\/\/kvkoolitus.ee\/ru\/wp-json\/wp\/v2\/users\/5"}],"replies":[{"embeddable":true,"href":"https:\/\/kvkoolitus.ee\/ru\/wp-json\/wp\/v2\/comments?post=7054"}],"version-history":[{"count":3,"href":"https:\/\/kvkoolitus.ee\/ru\/wp-json\/wp\/v2\/pages\/7054\/revisions"}],"predecessor-version":[{"id":8953,"href":"https:\/\/kvkoolitus.ee\/ru\/wp-json\/wp\/v2\/pages\/7054\/revisions\/8953"}],"wp:attachment":[{"href":"https:\/\/kvkoolitus.ee\/ru\/wp-json\/wp\/v2\/media?parent=7054"}],"curies":[{"name":"wp","href":"https:\/\/api.w.org\/{rel}","templated":true}]}}