{"id":7113,"date":"2023-10-09T14:11:15","date_gmt":"2023-10-09T11:11:15","guid":{"rendered":"https:\/\/kvkoolitus.ee\/?page_id=7113"},"modified":"2025-12-17T14:19:37","modified_gmt":"2025-12-17T12:19:37","slug":"lohkaja-ja-lohkemeistri-taiendope","status":"publish","type":"page","link":"https:\/\/kvkoolitus.ee\/ru\/lohkaja-ja-lohkemeistri-taiendope\/","title":{"rendered":"\u041f\u043e\u0432\u044b\u0448\u0435\u043d\u0438\u0435 \u043a\u0432\u0430\u043b\u0438\u0444\u0438\u043a\u0430\u0446\u0438\u0438 \u0432\u0437\u0440\u044b\u0432\u043d\u0438\u043a\u043e\u0432 \u0438 \u043c\u0430\u0441\u0442\u0435\u0440\u043e\u0432 \u0432\u0437\u0440\u044b\u0432\u043d\u0438\u043a\u043e\u0432."},"content":{"rendered":"<p style=\"text-align: right;\">\u00d5ppekava kinnitamise aeg: 19.12.2024<\/p>\n<p><strong>\u00d5ppekava nimetus: \u00a0L\u00f5hkaja ja l\u00f5hkemeistri t\u00e4iend\u00f5pe<\/strong><\/p>\n<p><strong>\u00d5ppekavar\u00fchm<\/strong>:\u00a0\u00a0 \u00a0\u00a0\u00a0Kaevandamine ja rikastamine<\/p>\n<p><strong>\u00d5ppekava koostamise alus: <\/strong>L\u00f5hkaja, tase 3, L\u00f5hkemeister, tase 5<\/p>\n<p><strong>Koolituse kogumaht akadeemilistes tundides : <\/strong>8<\/p>\n<p>Teooriatundide maht 8<\/p>\n<p>Praktilise t\u00f6\u00f6 maht <em>(\u00f5pitud teadmiste ja oskuste rakendamine \u00f5ppekeskkonnas)<\/em><\/p>\n<p><strong>\u00a0<\/strong><\/p>\n<p><strong>Kasutatava \u00f5ppekeskkonna kirjeldus:<\/strong><\/p>\n<p>\u00d5ppet\u00f6\u00f6 toimub \u00f5ppeklassis, mis on varustatud datatiprojektori ning arvutiga.<\/p>\n<p>Koolitusruum (sh \u00f5ppetehnika) vastab t\u00f6\u00f6tervishoiu ja t\u00f6\u00f6ohutuse seaduses s\u00e4testatud t\u00f6\u00f6tervishoiu ja -ohutuse n\u00f5uetele.<\/p>\n<p><strong>\u00a0<\/strong><\/p>\n<p><strong>Sihtgrupp ja \u00f5ppe alustamise n\u00f5uded:<\/strong> Allmaa- ja pealmaat\u00f6\u00f6de t\u00f6\u00f6tajad, kes otseselt tegelevad l\u00f5hkamisega.<\/p>\n<p>N\u00f5uded \u00f5pingute alustamiseks: V\u00e4hemalt 1-aastane t\u00f6\u00f6kogemus l\u00f5hkejana<\/p>\n<p><strong>\u00a0<\/strong><\/p>\n<p><strong>\u00d5<\/strong><strong>ppekava eesm\u00e4rgid:<\/strong> Koolituse eesm\u00e4rgiks on erialaselt koolitada karj\u00e4\u00e4ris (pealmaa) ja kaevanduses (allmaa) t\u00f6\u00f6tavad l\u00f5hkajad l\u00f5hkemeistriteks.<\/p>\n<p>&nbsp;<\/p>\n<p><strong>\u00d5piv\u00e4ljundid:<\/strong><\/p>\n<p>Teab: Eesti Vabariigi L\u00f5hkematerjaliseadust ja l\u00f5hket\u00f6\u00f6de ohutuseeskirju, \u00a0erinevaid l\u00f5hkematerjale ja l\u00f5hkevahendeid, l\u00f5hkematerjalide k\u00e4itumist ja dokumentatsiooni<strong>. <\/strong><\/p>\n<p>Oskab: hinnata t\u00f6\u00f6koha ohutegureid, tegutseda ohuolukorras.<\/p>\n<p><strong>\u00d5ppe sisu<\/strong><\/p>\n<ol>\n<li>auditoorse t\u00f6\u00f6 teemad<\/li>\n<\/ol>\n<p><strong>Eesti Vabariigi L\u00f5hkematerjaliseadus\u2013 2 tundi<\/strong><\/p>\n<ul>\n<li>\u00fclds\u00e4tted<\/li>\n<li>l\u00f5hkematerjalisektori ettev\u00f5tja<\/li>\n<li>l\u00f5hkematerjalisektori ettev\u00f5tja personal ning nende n\u00f5uetele vastavuse hindamine ja t\u00f5endamine<\/li>\n<li>Riiklik j\u00e4relevalve ja vastutus<\/li>\n<\/ul>\n<p><strong>L\u00f5hkematerjalid ja l\u00f5hkevahendid \u2013 2 tundi<\/strong><\/p>\n<ul>\n<li>emulsioonl\u00f5hkeained Nobelit<\/li>\n<li>hetketegevusega ja l\u00fchiviiteelektridetonaatorid, saksa elektridetonaatorid Dynadet<\/li>\n<li>mitteelektriline initsieerimiss\u00fcsteem Dynashoc, selle kasutamistingimused<\/li>\n<li>s\u00fc\u00fctemasinate PIV-100, MARS ehitus ja kasutamise kord<\/li>\n<\/ul>\n<p><strong>L\u00f5hkematerjalide k\u00e4itumine ja dokumentatsioon\u00a0 &#8211; 1 tundi<\/strong><\/p>\n<ul>\n<li>l\u00f5hkematerjali hoidmine kaevanduses<\/li>\n<li>l\u00f5hkematerjalide kohaletoimetamine allmaat\u00f6\u00f6del<\/li>\n<li>puur-l\u00f5hket\u00f6\u00f6de pass, selle koostamise, kinnitamise ja kasutamise kord<\/li>\n<li>l\u00f5hkematerjalide arvestus<\/li>\n<\/ul>\n<p><strong>L\u00f5hket\u00f6\u00f6de ohutuseeskirjad\u00a0 &#8211; 3 tundi<\/strong><\/p>\n<ul>\n<li>l\u00f5hket\u00f6\u00f6de l\u00e4biviimine ettevalmistus &#8211; ja koristuses<\/li>\n<li>ohutuseeskirjad elektril\u00f5hkamisel<\/li>\n<li>l\u00f5hket\u00f6\u00f6d paralleelsetes ja vastutulevates kaeve\u00f5\u00f5ntes<\/li>\n<li>t\u00f5rkelaengute likvideerimise kord<\/li>\n<\/ul>\n<p><strong>Kasutatavad \u00f5ppemeetodid: <\/strong>Loeng, arutelud.<\/p>\n<p><strong>\u00a0<\/strong><\/p>\n<p><strong>Vajalike \u00f5ppematerjalide loend:<\/strong><\/p>\n<p>Eesti Vabariigi L\u00f5hkematerjaliseadus. Eesti Vabariigi Maap\u00f5ueseadus.<\/p>\n<p>Kaevandamise ohutusn\u00f5uded :<\/p>\n<ul>\n<li>Majandus- ja kommunikatsiooniministri 10. augusti 2004. a m\u00e4\u00e4ruse nr 172 \u201eKaevandamise ja kaeve\u00f5\u00f5ne teisese kasutamise ohutusn\u00f5uded\u201d muutmine .Vastu v\u00f5etud 16.06.2017 nr 31).<\/li>\n<\/ul>\n<p>\u00d5petajad kasutavad \u00f5petamise k\u00e4igus isiklikke metoodilisi materjale.<\/p>\n<p><strong>\u00a0<\/strong><\/p>\n<p><strong>N\u00f5uded \u00f5pingute l\u00f5petamiseks, sh hindamismeetodid ja kriteeriumid: <\/strong>\u00f5ppes osalemine\u00a0 &#8211; 80 % ja testi sooritamine v\u00e4hemalt 50% ulatuses.<\/p>\n<p>\u00d5ppijale v\u00e4ljastatakse \u00f5ppe l\u00f5petamise n\u00f5uete t\u00e4itmisel tunnistus.<\/p>\n<p><strong>\u00a0<\/strong><\/p>\n<p><strong>Koolitaja kompetentsust t\u00f5endava kvalifikatsiooni v\u00f5i \u00f5pi- t\u00f6\u00f6kogemuse kirjeldus:<\/strong><\/p>\n<p>Sergey Ovsyannikov &#8211; k\u00f5rgharidus, m\u00e4einsener.<\/p>\n<p>Irina Linde &#8211; k\u00f5rgharidus, m\u00e4einsener-mehaanik.<\/p>\n<p>&nbsp;<\/p>\n<p><strong>Info ja tellimine:<\/strong><\/p>\n<p>info@kvkoolitus.ee<\/p>\n<p>55583410, 53475016<\/p>\n<form method=\"post\" enctype=\"multipart\/form-data\" id=\"vfbp-form-1\" class=\"vfbp-form\"><div style=\"display:none;\"><label for=\"vfbp-EMAIL-AN8fuQyoDLXem\">\u0415\u0441\u043b\u0438 \u0412\u044b \u0447\u0435\u043b\u043e\u0432\u0435\u043a, \u043e\u0441\u0442\u0430\u0432\u044c\u0442\u0435 \u044d\u0442\u043e \u043f\u043e\u043b\u0435 \u043f\u0443\u0441\u0442\u044b\u043c<\/label><input size=\"25\" autocomplete=\"off\" type=\"text\" name=\"vfbp-EMAIL-AN8fuQyoDLXem\" value=\"\" id=\"\"><\/div><input type=\"hidden\" name=\"_vfb-timestamp-1\" value=\"1778706561\" id=\"\"><input type=\"hidden\" name=\"_vfb-form-id\" value=\"1\" id=\"\"><div class=\"vfb-col-12 vfb-fieldType-hidden\" id=\"vfbField5\"><input id=\"vfb-field-5\" class=\"vfb-form-control\" placeholder=\"\" type=\"hidden\" name=\"vfb-field-5\" value=\"L&otilde;hkaja ja l&otilde;hkemeistri t&auml;iend&otilde;pe\"><\/div><div class=\"vfb-clearfix\"><\/div><div class=\"vfb-col-12 vfb-fieldType-hidden\" id=\"vfbField60\"><input id=\"vfb-field-60\" class=\"vfb-form-control\" placeholder=\"\" type=\"hidden\" name=\"vfb-field-60\" value=\"7113\"><\/div><div class=\"vfb-clearfix\"><\/div><div class=\"vfb-well vfb-col-12\" id=\"vfbField4\"><div class=\"vfb-form-group vfb-col-12\"><div><h3 class=\"\">Saada koolituse p\u00e4ring v\u00f5i <a href=\"\/koolitused\">vaata koolituskalendrit<\/a><\/h3><\/div><\/div><div class=\"vfb-col-12 vfb-fieldType-heading\" id=\"vfbField4\"><\/div><div class=\"vfb-clearfix\"><\/div><div class=\"vfb-col-4 vfb-fieldType-text\" id=\"vfbField1\"><div class=\"vfb-form-group\"><label for=\"vfb-field-1\" class=\"vfb-control-label\">Nimi <span class=\"vfb-required-asterisk\">*<\/span><\/label><div><input id=\"vfb-field-1\" class=\"vfb-form-control\" placeholder=\"\" required=\"required\" type=\"text\" name=\"vfb-field-1\" value=\"\"><\/div><\/div><\/div><div class=\"vfb-col-4 vfb-fieldType-email\" id=\"vfbField3\"><div class=\"vfb-form-group\"><label for=\"vfb-field-3\" class=\"vfb-control-label\">E-posti aadress <span class=\"vfb-required-asterisk\">*<\/span><\/label><div><input id=\"vfb-field-3\" class=\"vfb-form-control\" placeholder=\"\" required=\"required\" type=\"email\" name=\"vfb-field-3\" value=\"\"><\/div><\/div><\/div><div class=\"vfb-col-4 vfb-fieldType-text\" id=\"vfbField6\"><div class=\"vfb-form-group\"><label for=\"vfb-field-6\" class=\"vfb-control-label\">Telefon <span class=\"vfb-required-asterisk\">*<\/span><\/label><div><input id=\"vfb-field-6\" class=\"vfb-form-control\" placeholder=\"\" required=\"required\" type=\"text\" name=\"vfb-field-6\" value=\"\"><\/div><\/div><\/div><div class=\"vfb-clearfix\"><\/div><div class=\"vfb-col-12 vfb-fieldType-select\" id=\"vfbField81\"><label for=\"vfb-field-81\" class=\"vfb-control-label\">Soovin koolitust l\u00e4bida:<\/label><div><div class=\"vfb-form-group\"><select id=\"vfb-field-81\" class=\"vfb-form-control\" placeholder=\"\" name=\"vfb-field-81\"><option value=\"Eesti keeles\">Eesti keeles<\/option><option value=\"Vene keeles\">Vene keeles<\/option><\/select><\/div><\/div><\/div><div class=\"vfb-clearfix\"><\/div><div class=\"vfb-col-12 vfb-fieldType-select\" id=\"vfbField196\"><label for=\"vfb-field-196\" class=\"vfb-control-label\">Koolituse tellib:<\/label><div><div class=\"vfb-form-group\"><select id=\"vfb-field-196\" class=\"vfb-form-control\" placeholder=\"\" name=\"vfb-field-196\"><option value=\"Eraisik\">Eraisik<\/option><option value=\"Ettev&otilde;te\">Ettev\u00f5te<\/option><\/select><\/div><\/div><\/div><div class=\"vfb-clearfix\"><\/div><div class=\"vfb-col-4 vfb-fieldType-select\" id=\"vfbField11\"><label for=\"vfb-field-11\" class=\"vfb-control-label\">Kes arve tasub?<\/label><div><div class=\"vfb-form-group\"><select id=\"vfb-field-11\" class=\"vfb-form-control\" placeholder=\"\" name=\"vfb-field-11\"><option value=\"Ettev&otilde;te\">Ettev\u00f5te<\/option><option value=\"Eraisik\">Eraisik<\/option><option value=\"T&ouml;&ouml;tukassa\">T\u00f6\u00f6tukassa<\/option><\/select><\/div><\/div><\/div><div class=\"vfb-col-7 vfb-fieldType-text\" id=\"vfbField8\"><div class=\"vfb-form-group\"><label for=\"vfb-field-8\" class=\"vfb-control-label\">Ettev\u00f5tte nimi, kellele arve esitatakse <span class=\"vfb-required-asterisk\">*<\/span><\/label><div><input id=\"vfb-field-8\" class=\"vfb-form-control\" placeholder=\"\" required=\"required\" type=\"text\" name=\"vfb-field-8\" value=\"\"><\/div><\/div><\/div><div class=\"vfb-col-7 vfb-fieldType-text\" id=\"vfbField61\"><div class=\"vfb-form-group\"><label for=\"vfb-field-61\" class=\"vfb-control-label\">Eraisiku nimi, kellele arve esitatakse <span class=\"vfb-required-asterisk\">*<\/span><\/label><div><input id=\"vfb-field-61\" class=\"vfb-form-control\" placeholder=\"\" required=\"required\" type=\"text\" name=\"vfb-field-61\" value=\"\"><\/div><\/div><\/div><div class=\"vfb-clearfix\"><\/div><div class=\"vfb-col-12 vfb-fieldType-textarea\" id=\"vfbField12\"><div class=\"vfb-form-group\"><label for=\"vfb-field-12\" class=\"vfb-control-label\">Lisainfo<\/label><div><textarea id=\"vfb-field-12\" class=\"vfb-form-control\" placeholder=\"\" rows=\"5\" name=\"vfb-field-12\" cols=\"50\"><\/textarea><\/div><\/div><\/div><div class=\"vfb-clearfix\"><\/div><div class=\"vfb-col-6 vfb-fieldType-checkbox\" id=\"vfbField13\"><label for=\"vfb-field-13\" class=\"vfb-control-label\"><\/label><div><div class=\"vfb-checkbox\"><label><input id=\"vfb-field-13-0\" class=\"\" placeholder=\"\" data-vfb-multiple=\"vfb-field-13\" type=\"checkbox\" name=\"vfb-field-13[0]\" value=\"1\"> Soovin saada infot minu ala kursuste kohta<\/label><\/div><\/div><\/div><div class=\"vfb-col-6 vfb-fieldType-checkbox\" id=\"vfbField14\"><label for=\"vfb-field-14\" class=\"vfb-control-label\"><\/label><div><div class=\"vfb-checkbox\"><label><input id=\"vfb-field-14-0\" class=\"\" placeholder=\"\" data-vfb-multiple=\"vfb-field-14\" type=\"checkbox\" name=\"vfb-field-14[0]\" value=\"1\">Soovin saada infot eripakkumiste ja soodustuste kohta<\/label><\/div><\/div><\/div><div class=\"vfb-clearfix\"><\/div><div class=\"vfb-col-12 vfb-fieldType-checkbox\" id=\"vfbField15\"><label for=\"vfb-field-15\" class=\"vfb-control-label\"> <span class=\"vfb-required-asterisk\">*<\/span><\/label><div><div class=\"vfb-checkbox\"><label><input id=\"vfb-field-15-0\" class=\"\" placeholder=\"\" data-vfb-multiple=\"vfb-field-15\" required=\"required\" type=\"checkbox\" name=\"vfb-field-15[0]\" value=\"1\">Kinnitan, et olen tutvunud \u00d5ppet\u00f6\u00f6 korraldusega ja v\u00f5tan enesele k\u00f5ik sellest tulenevad kohustused<\/label><\/div><\/div><\/div><div class=\"vfb-clearfix\"><\/div><div class=\"vfb-col-12 vfb-fieldType-submit\" id=\"vfbField16\"><button id=\"vfb-field-16\" class=\" btn btn-primary\" placeholder=\"\" type=\"submit\" name=\"_vfb-submit\">Registreerimine<\/button><\/div><div class=\"vfb-clearfix\"><\/div><\/div> <!-- .vfb-well --><\/form>\n","protected":false},"excerpt":{"rendered":"<p>\u00d5ppekava kinnitamise aeg: 19.12.2024 \u00d5ppekava nimetus: \u00a0L\u00f5hkaja ja l\u00f5hkemeistri t\u00e4iend\u00f5pe \u00d5ppekavar\u00fchm:\u00a0\u00a0 \u00a0\u00a0\u00a0Kaevandamine ja rikastamine \u00d5ppekava koostamise alus: L\u00f5hkaja, tase 3, L\u00f5hkemeister, tase 5 Koolituse kogumaht akadeemilistes tundides : 8 Teooriatundide maht 8 Praktilise <a href=\"https:\/\/kvkoolitus.ee\/ru\/lohkaja-ja-lohkemeistri-taiendope\/\"> [&#8230;]<\/a><\/p>\n","protected":false},"author":5,"featured_media":0,"parent":0,"menu_order":0,"comment_status":"closed","ping_status":"closed","template":"","meta":{"footnotes":""},"class_list":["post-7113","page","type-page","status-publish","hentry"],"aioseo_notices":[],"_links":{"self":[{"href":"https:\/\/kvkoolitus.ee\/ru\/wp-json\/wp\/v2\/pages\/7113","targetHints":{"allow":["GET"]}}],"collection":[{"href":"https:\/\/kvkoolitus.ee\/ru\/wp-json\/wp\/v2\/pages"}],"about":[{"href":"https:\/\/kvkoolitus.ee\/ru\/wp-json\/wp\/v2\/types\/page"}],"author":[{"embeddable":true,"href":"https:\/\/kvkoolitus.ee\/ru\/wp-json\/wp\/v2\/users\/5"}],"replies":[{"embeddable":true,"href":"https:\/\/kvkoolitus.ee\/ru\/wp-json\/wp\/v2\/comments?post=7113"}],"version-history":[{"count":3,"href":"https:\/\/kvkoolitus.ee\/ru\/wp-json\/wp\/v2\/pages\/7113\/revisions"}],"predecessor-version":[{"id":8954,"href":"https:\/\/kvkoolitus.ee\/ru\/wp-json\/wp\/v2\/pages\/7113\/revisions\/8954"}],"wp:attachment":[{"href":"https:\/\/kvkoolitus.ee\/ru\/wp-json\/wp\/v2\/media?parent=7113"}],"curies":[{"name":"wp","href":"https:\/\/api.w.org\/{rel}","templated":true}]}}