{"id":7139,"date":"2023-10-23T12:54:22","date_gmt":"2023-10-23T09:54:22","guid":{"rendered":"https:\/\/kvkoolitus.ee\/?page_id=7139"},"modified":"2023-10-23T12:54:22","modified_gmt":"2023-10-23T09:54:22","slug":"andmeanaluus-ms-exceli-abil","status":"publish","type":"page","link":"https:\/\/kvkoolitus.ee\/ru\/andmeanaluus-ms-exceli-abil\/","title":{"rendered":"\u0410\u043d\u0430\u043b\u0438\u0437 \u0434\u0430\u043d\u043d\u044b\u0445 \u0441 \u043f\u043e\u043c\u043e\u0449\u044c\u044e MS Excel"},"content":{"rendered":"<p><strong>\u0413\u0440\u0443\u043f\u043f\u0430 \u0443\u0447\u0435\u0431\u043d\u043e\u0439 \u043f\u0440\u043e\u0433\u0440\u0430\u043c\u043c\u044b:<\/strong> Arvutikasutus<\/p>\n<p><strong>\u041e\u0441\u043d\u043e\u0432\u0430\u043d\u0438\u0435 \u0434\u043b\u044f \u0440\u0430\u0437\u0440\u0430\u0431\u043e\u0442\u043a\u0438 \u0443\u0447\u0435\u0431\u043d\u043e\u0439 \u043f\u0440\u043e\u0433\u0440\u0430\u043c\u043c\u044b:<\/strong> \u041f\u0440\u043e\u0444\u0435\u0441\u0441\u0438\u043e\u043d\u0430\u043b\u044c\u043d\u044b\u0435 \u0441\u0442\u0430\u043d\u0434\u0430\u0440\u0442\u044b: \u0441\u0435\u043a\u0440\u0435\u0442\u0430\u0440\u044c, \u0443\u0440\u043e\u0432\u0435\u043d\u044c 5; \u0431\u0443\u0445\u0433\u0430\u043b\u0442\u0435\u0440, \u0443\u0440\u043e\u0432\u0435\u043d\u044c 5.<\/p>\n<p><strong>\u0426\u0435\u043b\u0435\u0432\u0430\u044f \u0433\u0440\u0443\u043f\u043f\u0430 \u0434\u043b\u044f \u043e\u0431\u0443\u0447\u0435\u043d\u0438\u044f <\/strong><\/p>\n<p>\u041f\u043e\u043b\u044c\u0437\u043e\u0432\u0430\u0442\u0435\u043b\u0438 \u044d\u043b\u0435\u043a\u0442\u0440\u043e\u043d\u043d\u044b\u0445 \u0442\u0430\u0431\u043b\u0438\u0446, \u043a\u043e\u0442\u043e\u0440\u044b\u043c \u043d\u0435\u043e\u0431\u0445\u043e\u0434\u0438\u043c\u043e \u043e\u0431\u0440\u0430\u0431\u0430\u0442\u044b\u0432\u0430\u0442\u044c \u0438 \u0430\u043d\u0430\u043b\u0438\u0437\u0438\u0440\u043e\u0432\u0430\u0442\u044c \u0434\u0430\u043d\u043d\u044b\u0435, \u0441\u043e\u0441\u0442\u0430\u0432\u043b\u044f\u0442\u044c \u043f\u0440\u043e\u0433\u043d\u043e\u0437\u044b, \u0440\u0430\u0431\u043e\u0442\u0430\u0442\u044c \u0441 \u0431\u043e\u043b\u044c\u0448\u0438\u043c\u0438 \u0442\u0430\u0431\u043b\u0438\u0446\u0430\u043c\u0438 \u0434\u0430\u043d\u043d\u044b\u0445, \u0438\u0441\u043f\u043e\u043b\u044c\u0437\u043e\u0432\u0430\u0442\u044c \u0440\u0430\u0437\u043b\u0438\u0447\u043d\u044b\u0435 \u0444\u043e\u0440\u043c\u0443\u043b\u044b \u0438 \u0444\u0443\u043d\u043a\u0446\u0438\u0438 Excel \u0434\u043b\u044f \u0432\u044b\u043f\u043e\u043b\u043d\u0435\u043d\u0438\u044f \u0441\u043b\u043e\u0436\u043d\u044b\u0445 \u0440\u0430\u0441\u0447\u0435\u0442\u043e\u0432 \u0438 \u0441\u043e\u0437\u0434\u0430\u043d\u0438\u044f \u0433\u0440\u0430\u0444\u0438\u043a\u043e\u0432 \u0438 \u043e\u0442\u0447\u0435\u0442\u043e\u0432.<\/p>\n<p><strong>\u0422\u0440\u0435\u0431\u043e\u0432\u0430\u043d\u0438\u044f \u0434\u043b\u044f \u043d\u0430\u0447\u0430\u043b\u0430 \u043e\u0431\u0443\u0447\u0435\u043d\u0438\u044f: <\/strong>\u041f\u0440\u043e\u043c\u0435\u0436\u0443\u0442\u043e\u0447\u043d\u043e\u0435 \u0438\u0441\u043f\u043e\u043b\u044c\u0437\u043e\u0432\u0430\u043d\u0438\u0435 MS Office Excel<\/p>\n<p><strong>\u0426\u0435\u043b\u044c \u043a\u0443\u0440\u0441\u0430 -<\/strong>\u00a0 \u044d\u0442\u043e \u043e\u0431\u0443\u0447\u0435\u043d\u0438\u0435 \u0438\u0441\u043f\u043e\u043b\u044c\u0437\u043e\u0432\u0430\u043d\u0438\u044e \u0432\u043e\u0437\u043c\u043e\u0436\u043d\u043e\u0441\u0442\u0435\u0439 \u0438 \u0438\u043d\u0441\u0442\u0440\u0443\u043c\u0435\u043d\u0442\u043e\u0432 \u0430\u043d\u0430\u043b\u0438\u0437\u0430 \u0434\u0430\u043d\u043d\u044b\u0445 \u0432 MS Excel (\u0432\u043a\u043b\u044e\u0447\u0430\u044f \u0444\u0443\u043d\u043a\u0446\u0438\u0438 \u0431\u0430\u0437 \u0434\u0430\u043d\u043d\u044b\u0445, \u0441\u0432\u043e\u0434\u043d\u044b\u0435 \u0442\u0430\u0431\u043b\u0438\u0446\u044b \u0438 \u0441\u0432\u043e\u0434\u043d\u044b\u0435 \u0434\u0438\u0430\u0433\u0440\u0430\u043c\u043c\u044b), \u0430 \u0442\u0430\u043a\u0436\u0435 \u043f\u0440\u043e\u0432\u0435\u0434\u0435\u043d\u0438\u044e \u0441\u0442\u0430\u0442\u0438\u0441\u0442\u0438\u0447\u0435\u0441\u043a\u043e\u0433\u043e \u0430\u043d\u0430\u043b\u0438\u0437\u0430 \u0438 \u043f\u0440\u043e\u0433\u043d\u043e\u0437\u0438\u0440\u043e\u0432\u0430\u043d\u0438\u044f \u0434\u0430\u043d\u043d\u044b\u0445.<\/p>\n<p>\u042d\u0442\u043e\u0442 \u043a\u0443\u0440\u0441 \u0434\u0430\u0441\u0442 \u0412\u0430\u043c \u0432\u043e\u0437\u043c\u043e\u0436\u043d\u043e\u0441\u0442\u044c \u043f\u043e\u0432\u044b\u0441\u0438\u0442\u044c \u0441\u043a\u043e\u0440\u043e\u0441\u0442\u044c \u0438 \u043a\u0430\u0447\u0435\u0441\u0442\u0432\u043e \u0412\u0430\u0448\u0435\u0439 \u0440\u0430\u0431\u043e\u0442\u044b \u0437\u0430 \u0441\u0447\u0435\u0442 \u0440\u0430\u0431\u043e\u0442\u044b \u0441 \u043f\u0440\u043e\u0433\u0440\u0430\u043c\u043c\u043d\u044b\u043c \u043e\u0431\u0435\u0441\u043f\u0435\u0447\u0435\u043d\u0438\u0435\u043c \u044d\u043b\u0435\u043a\u0442\u0440\u043e\u043d\u043d\u044b\u0445 \u0442\u0430\u0431\u043b\u0438\u0446.<\/p>\n<p><strong>\u0420\u0435\u0437\u0443\u043b\u044c\u0442\u0430\u0442\u044b \u043e\u0431\u0443\u0447\u0435\u043d\u0438\u044f:<\/strong><\/p>\n<ul>\n<li>\u041c\u043e\u0436\u0435\u0442 \u0441\u043e\u0437\u0434\u0430\u0432\u0430\u0442\u044c \u0434\u0438\u043d\u0430\u043c\u0438\u0447\u0435\u0441\u043a\u0438 \u0441\u0432\u044f\u0437\u0430\u043d\u043d\u044b\u0435 \u0442\u0430\u0431\u043b\u0438\u0446\u044b \u0438 \u0444\u043e\u0440\u043c\u0430\u0442\u0438\u0440\u043e\u0432\u0430\u0442\u044c \u0438\u0445 \u0432 \u0441\u043e\u043e\u0442\u0432\u0435\u0442\u0441\u0442\u0432\u0438\u0438 \u0441 \u0442\u0438\u043f\u0430\u043c\u0438 \u0434\u0430\u043d\u043d\u044b\u0445 \u0438\u043b\u0438 \u0437\u043d\u0430\u0447\u0435\u043d\u0438\u044f\u043c\u0438 \u044f\u0447\u0435\u0435\u043a;<\/li>\n<li>\u041c\u043e\u0436\u0435\u0442 \u0438\u0441\u043f\u043e\u043b\u044c\u0437\u043e\u0432\u0430\u0442\u044c \u0440\u0430\u0437\u043b\u0438\u0447\u043d\u044b\u0435 \u0444\u0443\u043d\u043a\u0446\u0438\u0438 \u0432\u044b\u0447\u0438\u0441\u043b\u0435\u043d\u0438\u0439 \u0438 \u043a\u043e\u043c\u0431\u0438\u043d\u0438\u0440\u043e\u0432\u0430\u0442\u044c \u0444\u0443\u043d\u043a\u0446\u0438\u0438 \u0434\u043b\u044f \u0441\u043e\u0437\u0434\u0430\u043d\u0438\u044f \u0441\u043b\u043e\u0436\u043d\u044b\u0445 \u0444\u043e\u0440\u043c\u0443\u043b;<\/li>\n<li>\u041c\u043e\u0436\u0435\u0442 \u0441\u043e\u0437\u0434\u0430\u0432\u0430\u0442\u044c \u0438 \u043f\u0440\u043e\u0435\u043a\u0442\u0438\u0440\u043e\u0432\u0430\u0442\u044c \u0434\u0438\u0430\u0433\u0440\u0430\u043c\u043c\u044b \u0434\u043b\u044f \u0438\u043b\u043b\u044e\u0441\u0442\u0440\u0430\u0446\u0438\u0438 \u0434\u0430\u043d\u043d\u044b\u0445.<\/li>\n<li>\u041c\u043e\u0436\u0435\u0442 \u0430\u043d\u0430\u043b\u0438\u0437\u0438\u0440\u043e\u0432\u0430\u0442\u044c \u0431\u043e\u043b\u044c\u0448\u0438\u0435 \u044d\u043b\u0435\u043a\u0442\u0440\u043e\u043d\u043d\u044b\u0435 \u0442\u0430\u0431\u043b\u0438\u0446\u044b, \u0438\u0441\u043f\u043e\u043b\u044c\u0437\u0443\u044f \u0432\u043e\u0437\u043c\u043e\u0436\u043d\u043e\u0441\u0442\u0438 \u0441\u043e\u0440\u0442\u0438\u0440\u043e\u0432\u043a\u0438, \u0444\u0438\u043b\u044c\u0442\u0440\u0430\u0446\u0438\u0438 \u0438 \u043f\u0435\u0440\u0435\u043a\u0440\u0435\u0441\u0442\u043d\u043e\u0433\u043e \u0430\u043d\u0430\u043b\u0438\u0437\u0430.<strong>\u00a0<\/strong><\/li>\n<\/ul>\n<p><strong>\u0421\u043e\u0434\u0435\u0440\u0436\u0430\u043d\u0438\u0435 \u043e\u0431\u0443\u0447\u0435\u043d\u0438\u044f: <\/strong><\/p>\n<p><strong>\u0421\u043b\u0443\u0445\u043e\u0432\u043e\u0439<\/strong> <strong>\u0440\u0430\u0431\u043e\u0442\u0430 - 20 \u0447\u0430\u0441\u043e\u0432<\/strong><\/p>\n<ul>\n<li>\u041e\u0441\u043d\u043e\u0432\u043d\u044b\u0435 \u0438\u043d\u0441\u0442\u0440\u0443\u043c\u0435\u043d\u0442\u044b \u0430\u043d\u0430\u043b\u0438\u0437\u0430 \u0434\u0430\u043d\u043d\u044b\u0445 \u0432 MS Excel<\/li>\n<li>\u041f\u0440\u0438\u043d\u0446\u0438\u043f\u044b \u043d\u0430\u0441\u0442\u0440\u043e\u0439\u043a\u0438 \u0442\u0430\u0431\u043b\u0438\u0446\u044b \u0434\u0430\u043d\u043d\u044b\u0445<\/li>\n<li>\u0410\u043d\u0430\u043b\u0438\u0437 \u0434\u0430\u043d\u043d\u044b\u0445 \u0441 \u043f\u043e\u043c\u043e\u0449\u044c\u044e \u043a\u0440\u043e\u0441\u0441-\u0442\u0430\u0431\u043b\u0438\u0446<\/li>\n<li>\u0421\u043e\u0441\u0442\u0430\u0432\u043b\u0435\u043d\u0438\u0435 \u0434\u0438\u0430\u0433\u0440\u0430\u043c\u043c<\/li>\n<li>\u0412\u043e\u0437\u043c\u043e\u0436\u043d\u043e\u0441\u0442\u0438 \u0441\u0442\u0430\u0442\u0438\u0441\u0442\u0438\u0447\u0435\u0441\u043a\u043e\u0433\u043e \u0430\u043d\u0430\u043b\u0438\u0437\u0430 \u0441 \u043f\u043e\u043c\u043e\u0449\u044c\u044e Excel<\/li>\n<\/ul>\n<p><strong>\u041f\u0440\u0430\u043a\u0442\u0438\u0447\u0435\u0441\u043a\u0430\u044f \u0440\u0430\u0431\u043e\u0442\u0430 - 40 \u0447\u0430\u0441\u043e\u0432<\/strong><\/p>\n<ol>\n<li><strong>\u0418\u0441\u043f\u043e\u043b\u044c\u0437\u043e\u0432\u0430\u043d\u0438\u0435 \u0442\u0430\u0431\u043b\u0438\u0446 \u0434\u0430\u043d\u043d\u044b\u0445 - 10 \u0447\u0430\u0441\u043e\u0432<\/strong><\/li>\n<\/ol>\n<ul>\n<li>\u0418\u043c\u043f\u043e\u0440\u0442 \u0434\u0430\u043d\u043d\u044b\u0445 \u0432 \u044d\u043b\u0435\u043a\u0442\u0440\u043e\u043d\u043d\u044b\u0435 \u0442\u0430\u0431\u043b\u0438\u0446\u044b Excel \u0438\u0437 \u0431\u0430\u0437 \u0434\u0430\u043d\u043d\u044b\u0445, \u0418\u043d\u0442\u0435\u0440\u043d\u0435\u0442\u0430. \u041e\u0440\u0433\u0430\u043d\u0438\u0437\u0430\u0446\u0438\u044f \u0438\u043c\u043f\u043e\u0440\u0442\u0438\u0440\u043e\u0432\u0430\u043d\u043d\u044b\u0445 \u0434\u0430\u043d\u043d\u044b\u0445 \u0434\u043b\u044f \u0430\u043d\u0430\u043b\u0438\u0437\u0430<\/li>\n<li>\u041e\u043f\u0446\u0438\u0438 \u0438 \u0438\u043d\u0441\u0442\u0440\u0443\u043c\u0435\u043d\u0442\u044b \u043e\u0440\u0433\u0430\u043d\u0438\u0437\u0430\u0446\u0438\u0438 \u0434\u0430\u043d\u043d\u044b\u0445 \u0432 Excel \u0438 \u0438\u0441\u043f\u043e\u043b\u044c\u0437\u043e\u0432\u0430\u043d\u0438\u0435 \u0432\u0430\u043b\u0438\u0434\u0430\u0446\u0438\u0438<\/li>\n<li>\u0421\u043e\u0437\u0434\u0430\u043d\u0438\u0435 \u0438 \u0438\u0441\u043f\u043e\u043b\u044c\u0437\u043e\u0432\u0430\u043d\u0438\u0435 \u043c\u0430\u0442\u0440\u0438\u0446\u044b \u0438\u0434\u0435\u043d\u0442\u0438\u0444\u0438\u043a\u0430\u0442\u043e\u0440\u043e\u0432 \u043e\u0431\u044a\u0435\u043a\u0442\u043e\u0432<\/li>\n<li>\u0421\u043f\u043e\u0441\u043e\u0431\u044b \u0431\u043e\u043b\u0435\u0435 \u043b\u0435\u0433\u043a\u043e\u0433\u043e \u0430\u043d\u0430\u043b\u0438\u0437\u0430 \u0434\u0430\u043d\u043d\u044b\u0445<\/li>\n<li>\u0420\u0430\u0441\u0447\u0435\u0442\u044b \u0432 \u0442\u0430\u0431\u043b\u0438\u0446\u0430\u0445:<\/li>\n<\/ul>\n<p>\u0418\u0441\u043f\u043e\u043b\u044c\u0437\u043e\u0432\u0430\u043d\u0438\u0435 \u0444\u0443\u043d\u043a\u0446\u0438\u0439 \u0431\u0430\u0437 \u0434\u0430\u043d\u043d\u044b\u0445, \u043f\u043e\u0434\u0441\u0447\u0435\u0442, \u043e\u043a\u0440\u0443\u0433\u043b\u0435\u043d\u0438\u0435, \u0443\u0441\u043b\u043e\u0432\u043d\u044b\u0435 \u0444\u0443\u043d\u043a\u0446\u0438\u0438, \u0438\u0441\u043f\u043e\u043b\u044c\u0437\u043e\u0432\u0430\u043d\u0438\u0435 \u043d\u0435\u0441\u043a\u043e\u043b\u044c\u043a\u0438\u0445 \u043f\u0440\u0435\u0434\u043b\u043e\u0436\u0435\u043d\u0438\u0439 \u0432 \u0444\u0443\u043d\u043a\u0446\u0438\u044f\u0445, \u0444\u0443\u043d\u043a\u0446\u0438\u044f \u043f\u043e\u0438\u0441\u043a\u0430, \u0444\u0443\u043d\u043a\u0446\u0438\u0438 \u0434\u0430\u0442\u044b.<\/p>\n<ol start=\"2\">\n<li><strong>\u0418\u0441\u043f\u043e\u043b\u044c\u0437\u043e\u0432\u0430\u043d\u0438\u0435 \u0442\u0430\u0431\u043b\u0438\u0446 \u043b\u0438\u0433 \u0438 \u043b\u0438\u0433-\u0442\u0430\u0431\u043b\u0438\u0446 - 6 \u0447\u0430\u0441\u043e\u0432<\/strong><\/li>\n<\/ol>\n<ul>\n<li>\u0410\u043d\u0430\u043b\u0438\u0437 \u0434\u0430\u043d\u043d\u044b\u0445 \u0441 \u043f\u043e\u043c\u043e\u0449\u044c\u044e \u043a\u0440\u043e\u0441\u0441-\u0442\u0430\u0431\u043b\u0438\u0446 (<em>\u041f\u043e\u0432\u043e\u0440\u043e\u0442\u043d\u0430\u044f \u0442\u0430\u0431\u043b\u0438\u0446\u0430<\/em>): \u0441\u043e\u0437\u0434\u0430\u043d\u0438\u0435, \u0438\u0441\u043f\u043e\u043b\u044c\u0437\u043e\u0432\u0430\u043d\u0438\u0435, \u0438\u0437\u043c\u0435\u043d\u0435\u043d\u0438\u0435, \u0433\u0440\u0443\u043f\u043f\u0438\u0440\u043e\u0432\u043a\u0430 \u0438 \u0444\u0438\u043b\u044c\u0442\u0440\u0430\u0446\u0438\u044f \u0434\u0430\u043d\u043d\u044b\u0445.<\/li>\n<li>\u0418\u0441\u043f\u043e\u043b\u044c\u0437\u043e\u0432\u0430\u043d\u0438\u0435 \u0444\u043e\u0440\u043c\u0443\u043b .<\/li>\n<li>\u0421\u043e\u0437\u0434\u0430\u043d\u0438\u0435 \u0434\u0438\u0430\u0433\u0440\u0430\u043c\u043c \u043d\u0430 \u043e\u0441\u043d\u043e\u0432\u0435 \u0434\u0430\u043d\u043d\u044b\u0445 \u0441\u0435\u0442\u043a\u0438 (<em>PivotChart<\/em>).<\/li>\n<\/ul>\n<ol start=\"3\">\n<li><strong>\u0413\u0440\u0430\u0444\u0438\u0447\u0435\u0441\u043a\u043e\u0435 \u043f\u0440\u0435\u0434\u0441\u0442\u0430\u0432\u043b\u0435\u043d\u0438\u0435 \u0434\u0430\u043d\u043d\u044b\u0445 - 4 \u0447\u0430\u0441\u0430 <\/strong><\/li>\n<\/ol>\n<ul>\n<li>\u0418\u0441\u043f\u043e\u043b\u044c\u0437\u043e\u0432\u0430\u043d\u0438\u0435 \u0440\u0430\u0437\u043b\u0438\u0447\u043d\u044b\u0445 \u0442\u0438\u043f\u043e\u0432 \u0434\u0438\u0430\u0433\u0440\u0430\u043c\u043c \u0432 \u0437\u0430\u0432\u0438\u0441\u0438\u043c\u043e\u0441\u0442\u0438 \u043e\u0442 \u0438\u0441\u0445\u043e\u0434\u043d\u044b\u0445 \u0434\u0430\u043d\u043d\u044b\u0445<\/li>\n<li>\u041f\u0440\u043e\u0435\u043a\u0442\u0438\u0440\u043e\u0432\u0430\u043d\u0438\u0435 \u0434\u0438\u0430\u0433\u0440\u0430\u043c\u043c<\/li>\n<\/ul>\n<ol start=\"4\">\n<li><strong>\u0418\u0441\u043f\u043e\u043b\u044c\u0437\u043e\u0432\u0430\u043d\u0438\u0435 \u0441\u0442\u0430\u0442\u0438\u0441\u0442\u0438\u0447\u0435\u0441\u043a\u043e\u0433\u043e \u0430\u043d\u0430\u043b\u0438\u0437\u0430 - 20 \u0447\u0430\u0441\u043e\u0432<\/strong><\/li>\n<\/ol>\n<ul>\n<li>\u041e\u0441\u043d\u043e\u0432\u043d\u044b\u0435 \u043a\u043e\u043d\u0446\u0435\u043f\u0446\u0438\u0438 \u043e\u0431\u0440\u0430\u0431\u043e\u0442\u043a\u0438 \u0434\u0430\u043d\u043d\u044b\u0445: \u043e\u043f\u0438\u0441\u0430\u043d\u0438\u0435, \u043a\u043e\u0440\u0440\u0435\u043b\u044f\u0446\u0438\u044f, \u0440\u0435\u0433\u0440\u0435\u0441\u0441\u0438\u044f.<\/li>\n<li>\u041e\u043f\u0446\u0438\u0438 \u043f\u0430\u043a\u0435\u0442\u0430 \u0430\u043d\u0430\u043b\u0438\u0437\u0430 (\u0430\u043d\u0430\u043b\u0438\u0437 \u0434\u0430\u043d\u043d\u044b\u0445)<\/li>\n<li>\u041e\u043f\u0438\u0441\u0430\u0442\u0435\u043b\u044c\u043d\u044b\u0435 \u043f\u043e\u043a\u0430\u0437\u0430\u0442\u0435\u043b\u0438. \u041f\u043e\u043a\u0430\u0437\u0430\u0442\u0435\u043b\u0438 \u0432\u0430\u0440\u0438\u0430\u0446\u0438\u0438. \u0424\u043e\u0440\u043c\u0430 \u0440\u0430\u0441\u043f\u0440\u0435\u0434\u0435\u043b\u0435\u043d\u0438\u044f. \u0424\u043e\u0440\u043c\u0443\u043b\u044b \u0438 \u0444\u0443\u043d\u043a\u0446\u0438\u0438 MS Excel , \u043f\u0440\u043e\u0446\u0435\u0434\u0443\u0440\u0430 (\u041e\u043f\u0438\u0441\u0430\u0442\u0435\u043b\u044c\u043d\u0430\u044f \u0441\u0442\u0430\u0442\u0438\u0441\u0442\u0438\u043a\u0430).<\/li>\n<li>\u041a\u043e\u0440\u0440\u0435\u043b\u044f\u0446\u0438\u043e\u043d\u043d\u044b\u0439 \u0438 \u0440\u0435\u0433\u0440\u0435\u0441\u0441\u0438\u043e\u043d\u043d\u044b\u0439 \u0430\u043d\u0430\u043b\u0438\u0437. \u0424\u043e\u0440\u043c\u0443\u043b\u044b \u0438 \u0444\u0443\u043d\u043a\u0446\u0438\u0438 MS Excel (PEARSON, INTERCEPT, SLOPE , RSQ; \u043f\u0440\u043e\u0446\u0435\u0434\u0443\u0440\u0430 \u043a\u043e\u0440\u0440\u0435\u043b\u044f\u0446\u0438\u0438, \u0440\u0435\u0433\u0440\u0435\u0441\u0441\u0438\u0438).<\/li>\n<li>\u0410\u043d\u0430\u043b\u0438\u0437 \u0432\u0440\u0435\u043c\u0435\u043d\u043d\u044b\u0445 \u0440\u044f\u0434\u043e\u0432 \u0438 \u043f\u0440\u043e\u0433\u043d\u043e\u0437\u0438\u0440\u043e\u0432\u0430\u043d\u0438\u0435. \u041f\u0440\u043e\u0446\u0435\u0434\u0443\u0440\u044b MS Excel \u0421\u043a\u043e\u043b\u044c\u0437\u044f\u0449\u0435\u0435 \u0441\u0440\u0435\u0434\u043d\u0435\u0435 \u0438 \u044d\u043a\u0441\u043f\u043e\u043d\u0435\u043d\u0446\u0438\u0430\u043b\u044c\u043d\u043e\u0435 \u0441\u0433\u043b\u0430\u0436\u0438\u0432\u0430\u043d\u0438\u0435.<\/li>\n<\/ul>\n<p><strong>\u00a0<\/strong><\/p>\n<p><strong>\u0422\u0440\u0435\u0431\u043e\u0432\u0430\u043d\u0438\u044f \u043a \u0432\u044b\u043f\u0443\u0441\u043a\u043d\u0438\u043a\u0430\u043c:<\/strong><\/p>\n<p>\u0412\u044b\u043f\u043e\u043b\u043d\u0435\u043d\u0438\u0435, \u043a\u0430\u043a \u043c\u0438\u043d\u0438\u043c\u0443\u043c, \u0443\u0447\u0435\u0431\u043d\u043e\u0439 \u043f\u0440\u043e\u0433\u0440\u0430\u043c\u043c\u044b 80% \u0438 \u043e\u0446\u0435\u043d\u0438\u0432\u0430\u0435\u043c\u043e\u0439 \u0440\u0430\u0431\u043e\u0442\u044b. \u0420\u0430\u0431\u043e\u0442\u0430 \u0441\u043e\u0441\u0442\u043e\u0438\u0442 \u0438\u0437 6 \u043f\u0440\u0430\u043a\u0442\u0438\u0447\u0435\u0441\u043a\u0438\u0445 \u0437\u0430\u0434\u0430\u043d\u0438\u0439 \u0438\u0437 \u0442\u0435\u043c, \u0440\u0430\u0441\u0441\u043c\u0430\u0442\u0440\u0438\u0432\u0430\u0435\u043c\u044b\u0445 \u043d\u0430 \u043a\u0443\u0440\u0441\u0435. \u0414\u043b\u044f \u043f\u043e\u043b\u0443\u0447\u0435\u043d\u0438\u044f \u043f\u043e\u043b\u043e\u0436\u0438\u0442\u0435\u043b\u044c\u043d\u043e\u0433\u043e \u0440\u0435\u0437\u0443\u043b\u044c\u0442\u0430\u0442\u0430 \u043d\u0435\u043e\u0431\u0445\u043e\u0434\u0438\u043c\u043e, \u0447\u0442\u043e\u0431\u044b \u043a\u0430\u043a \u043c\u0438\u043d\u0438\u043c\u0443\u043c \u043f\u044f\u0442\u044c \u0438\u0437 \u0448\u0435\u0441\u0442\u0438 \u0437\u0430\u0434\u0430\u043d\u0438\u0439 \u0431\u044b\u043b\u0438 \u0432\u044b\u043f\u043e\u043b\u043d\u0435\u043d\u044b \u0431\u0435\u0437 \u043e\u0448\u0438\u0431\u043e\u043a. \u041f\u043e \u0437\u0430\u0432\u0435\u0440\u0448\u0435\u043d\u0438\u0438 \u0432\u044b\u043f\u043e\u043b\u043d\u0435\u043d\u0438\u044f \u0442\u0440\u0435\u0431\u043e\u0432\u0430\u043d\u0438\u0439 \u043a\u0443\u0440\u0441\u0430 \u0441\u0442\u0443\u0434\u0435\u043d\u0442\u0443 \u0431\u0443\u0434\u0435\u0442 \u0432\u044b\u0434\u0430\u043d \u0441\u0435\u0440\u0442\u0438\u0444\u0438\u043a\u0430\u0442 \u043e\u0431 \u043e\u043a\u043e\u043d\u0447\u0430\u043d\u0438\u0438 \u043a\u0443\u0440\u0441\u0430.<strong>\u00a0<\/strong><\/p>\n<p><strong>\u0418\u043d\u0444\u043e\u0440\u043c\u0430\u0446\u0438\u044f \u043e \u0442\u0440\u0435\u043d\u0435\u0440\u0435: Ljubmilla B\u00f5lova -. <\/strong>\u0432\u044b\u0441\u0448\u0435\u0435 \u043f\u0440\u043e\u0444\u0435\u0441\u0441\u0438\u043e\u043d\u0430\u043b\u044c\u043d\u043e\u0435 \u043e\u0431\u0440\u0430\u0437\u043e\u0432\u0430\u043d\u0438\u0435, \u043e\u043f\u044b\u0442 \u043f\u0440\u043e\u0444\u0435\u0441\u0441\u0438\u043e\u043d\u0430\u043b\u044c\u043d\u043e\u0439 \u0434\u0435\u044f\u0442\u0435\u043b\u044c\u043d\u043e\u0441\u0442\u0438, \u043e\u043f\u044b\u0442 \u043f\u0435\u0434\u0430\u0433\u043e\u0433\u0438\u0447\u0435\u0441\u043a\u043e\u0439 \u0440\u0430\u0431\u043e\u0442\u044b (\u043e\u043f\u044b\u0442 \u0440\u0430\u0431\u043e\u0442\u044b \u0432 \u043a\u0430\u0447\u0435\u0441\u0442\u0432\u0435 \u043f\u0440\u0435\u043f\u043e\u0434\u0430\u0432\u0430\u0442\u0435\u043b\u044f \u0434\u043b\u044f \u0432\u0437\u0440\u043e\u0441\u043b\u044b\u0445 - 20 \u043b\u0435\u0442).<\/p>\n<p>\u0414\u043e\u043f\u043e\u043b\u043d\u0438\u0442\u0435\u043b\u044c\u043d\u0430\u044f \u0438\u043d\u0444\u043e\u0440\u043c\u0430\u0446\u0438\u044f:<\/p>\n<p>info@kvkoolitus.ee<\/p>\n<p>55583410, 53475016<\/p>","protected":false},"excerpt":{"rendered":"<p>\u00d5ppekavar\u00fchm: Arvutikasutus \u00d5ppekava koostamise alus: Kutsestandardid: Sekret\u00e4r, tase 5; Raamatupidaja, tase 5. Koolituse sihtgrupp Tabelarvutustarkvara kasutajad, kellel on vajadus t\u00f6\u00f6delda ja anal\u00fc\u00fcsida andmeid, teha prognoose, t\u00f6\u00f6tada suurte andmetabelitega, kasutada erinevaid Exceli valemeid ja <a href=\"https:\/\/kvkoolitus.ee\/ru\/andmeanaluus-ms-exceli-abil\/\"> [&#8230;]<\/a><\/p>\n","protected":false},"author":5,"featured_media":0,"parent":0,"menu_order":0,"comment_status":"closed","ping_status":"closed","template":"","meta":{"footnotes":""},"class_list":["post-7139","page","type-page","status-publish","hentry"],"aioseo_notices":[],"_links":{"self":[{"href":"https:\/\/kvkoolitus.ee\/ru\/wp-json\/wp\/v2\/pages\/7139","targetHints":{"allow":["GET"]}}],"collection":[{"href":"https:\/\/kvkoolitus.ee\/ru\/wp-json\/wp\/v2\/pages"}],"about":[{"href":"https:\/\/kvkoolitus.ee\/ru\/wp-json\/wp\/v2\/types\/page"}],"author":[{"embeddable":true,"href":"https:\/\/kvkoolitus.ee\/ru\/wp-json\/wp\/v2\/users\/5"}],"replies":[{"embeddable":true,"href":"https:\/\/kvkoolitus.ee\/ru\/wp-json\/wp\/v2\/comments?post=7139"}],"version-history":[{"count":0,"href":"https:\/\/kvkoolitus.ee\/ru\/wp-json\/wp\/v2\/pages\/7139\/revisions"}],"wp:attachment":[{"href":"https:\/\/kvkoolitus.ee\/ru\/wp-json\/wp\/v2\/media?parent=7139"}],"curies":[{"name":"wp","href":"https:\/\/api.w.org\/{rel}","templated":true}]}}