{"id":7147,"date":"2023-10-23T13:06:56","date_gmt":"2023-10-23T10:06:56","guid":{"rendered":"https:\/\/kvkoolitus.ee\/?page_id=7147"},"modified":"2023-10-23T13:06:56","modified_gmt":"2023-10-23T10:06:56","slug":"haldusdokumentide-koostamine-ja-vormistamine-arvutis","status":"publish","type":"page","link":"https:\/\/kvkoolitus.ee\/ru\/haldusdokumentide-koostamine-ja-vormistamine-arvutis\/","title":{"rendered":"\u041f\u043e\u0434\u0433\u043e\u0442\u043e\u0432\u043a\u0430 \u0438 \u0441\u043e\u0441\u0442\u0430\u0432\u043b\u0435\u043d\u0438\u0435 \u0430\u0434\u043c\u0438\u043d\u0438\u0441\u0442\u0440\u0430\u0442\u0438\u0432\u043d\u044b\u0445 \u0434\u043e\u043a\u0443\u043c\u0435\u043d\u0442\u043e\u0432 \u043d\u0430 \u043a\u043e\u043c\u043f\u044c\u044e\u0442\u0435\u0440\u0435"},"content":{"rendered":"<p>\u0422\u0440\u0435\u043d\u0438\u043d\u0433 \u043f\u043e\u043b\u0435\u0437\u0435\u043d \u0434\u043b\u044f \u0438\u0437\u0443\u0447\u0430\u044e\u0449\u0438\u0445 \u044d\u0441\u0442\u043e\u043d\u0441\u043a\u0438\u0439 \u044f\u0437\u044b\u043a (\u0443\u0440\u043e\u0432\u0435\u043d\u044c A2,B1).<\/p>\n<p><strong>\u0413\u0440\u0443\u043f\u043f\u0430 \u0443\u0447\u0435\u0431\u043d\u043e\u0439 \u043f\u0440\u043e\u0433\u0440\u0430\u043c\u043c\u044b:\u00a0\u00a0 <\/strong>Arvutikasutus<strong>\u00a0 <\/strong><\/p>\n<p><strong>\u041e\u0441\u043d\u043e\u0432\u0430\u043d\u0438\u0435 \u0434\u043b\u044f \u0440\u0430\u0437\u0440\u0430\u0431\u043e\u0442\u043a\u0438 \u0443\u0447\u0435\u0431\u043d\u043e\u0439 \u043f\u0440\u043e\u0433\u0440\u0430\u043c\u043c\u044b:\u00a0 <\/strong>\u041f\u0440\u043e\u0444\u0435\u0441\u0441\u0438\u043e\u043d\u0430\u043b\u044c\u043d\u044b\u0435 \u0441\u0442\u0430\u043d\u0434\u0430\u0440\u0442\u044b: \u0441\u0435\u043a\u0440\u0435\u0442\u0430\u0440\u044c, \u0443\u0440\u043e\u0432\u0435\u043d\u044c 5, \u043c\u0430\u043b\u044b\u0439 \u0431\u0438\u0437\u043d\u0435\u0441, \u0443\u0440\u043e\u0432\u0435\u043d\u044c 5, \u043e\u0444\u0438\u0441\u043d\u044b\u0439 \u0440\u0430\u0431\u043e\u0442\u043d\u0438\u043a, \u0443\u0440\u043e\u0432\u0435\u043d\u044c 4.<\/p>\n<p><strong>\u0426\u0435\u043b\u0438 \u0438 \u0437\u0430\u0434\u0430\u0447\u0438 \u0443\u0447\u0435\u0431\u043d\u043e\u0439 \u043f\u0440\u043e\u0433\u0440\u0430\u043c\u043c\u044b: <\/strong>\u0426\u0435\u043b\u044c - \u0434\u0430\u0442\u044c \u0443\u0447\u0430\u0441\u0442\u043d\u0438\u043a\u0430\u043c \u0431\u043e\u043b\u0435\u0435 \u043f\u043e\u043b\u043d\u043e\u0435 \u0438 \u0446\u0435\u043b\u043e\u0441\u0442\u043d\u043e\u0435 \u043f\u043e\u043d\u0438\u043c\u0430\u043d\u0438\u0435 \u0442\u043e\u0433\u043e, \u043a\u0430\u043a \u0440\u0430\u0431\u043e\u0442\u0430\u0442\u044c \u0441 \u0434\u043e\u043a\u0443\u043c\u0435\u043d\u0442\u0430\u043c\u0438. \u0412\u043e\u0437\u043c\u043e\u0436\u043d\u043e\u0441\u0442\u044c \u043e\u0431\u043d\u043e\u0432\u0438\u0442\u044c \u0437\u043d\u0430\u043d\u0438\u044f \u0438 \u043d\u0430\u0432\u044b\u043a\u0438, \u043a\u043e\u0442\u043e\u0440\u044b\u0435 \u043f\u043e\u043c\u043e\u0433\u0443\u0442 \u043b\u0443\u0447\u0448\u0435 \u0434\u0435\u0440\u0436\u0430\u0442\u044c\u0441\u044f \u0438 \u043a\u043e\u043d\u043a\u0443\u0440\u0438\u0440\u043e\u0432\u0430\u0442\u044c \u043d\u0430 \u0440\u044b\u043d\u043a\u0435 \u0442\u0440\u0443\u0434\u0430.<\/p>\n<p>\u041f\u043e\u043c\u0438\u043c\u043e \u043f\u0440\u043e\u0444\u0435\u0441\u0441\u0438\u043e\u043d\u0430\u043b\u044c\u043d\u044b\u0445 \u043d\u0430\u0432\u044b\u043a\u043e\u0432, \u043e\u0431\u0443\u0447\u0435\u043d\u0438\u0435 \u0434\u0430\u0435\u0442 \u0412\u0430\u043c \u0432\u043e\u0437\u043c\u043e\u0436\u043d\u043e\u0441\u0442\u044c \u043f\u043e\u043f\u0440\u0430\u043a\u0442\u0438\u043a\u043e\u0432\u0430\u0442\u044c\u0441\u044f \u0432 \u043f\u043e\u043d\u0438\u043c\u0430\u043d\u0438\u0438 \u044d\u0441\u0442\u043e\u043d\u0441\u043a\u043e\u0433\u043e \u044f\u0437\u044b\u043a\u0430.<\/p>\n<p><strong>\u0426\u0435\u043b\u0435\u0432\u0430\u044f \u0430\u0443\u0434\u0438\u0442\u043e\u0440\u0438\u044f:<\/strong> \u0414\u043b\u044f \u043d\u0430\u0447\u0438\u043d\u0430\u044e\u0449\u0438\u0445 \u0438 \u043c\u0430\u043b\u044b\u0445 \u043f\u0440\u0435\u0434\u043f\u0440\u0438\u044f\u0442\u0438\u0439 (\u0432\u043a\u043b\u044e\u0447\u0430\u044f \u0441\u0430\u043c\u043e\u0437\u0430\u043d\u044f\u0442\u044b\u0445), \u0440\u0443\u043a\u043e\u0432\u043e\u0434\u0438\u0442\u0435\u043b\u0435\u0439 \u043f\u0440\u043e\u0435\u043a\u0442\u043e\u0432, \u043e\u0440\u0433\u0430\u043d\u0438\u0437\u0430\u0442\u043e\u0440\u043e\u0432 \u043a\u0443\u0440\u0441\u043e\u0432, \u043f\u0440\u0435\u0434\u0441\u0435\u0434\u0430\u0442\u0435\u043b\u0435\u0439 \u0438 \u0431\u0443\u0445\u0433\u0430\u043b\u0442\u0435\u0440\u043e\u0432 \u0436\u0438\u043b\u0438\u0449\u043d\u044b\u0445 \u0430\u0441\u0441\u043e\u0446\u0438\u0430\u0446\u0438\u0439, \u043f\u0440\u0435\u0434\u0441\u0442\u0430\u0432\u0438\u0442\u0435\u043b\u0435\u0439 \u0441\u043b\u0443\u0436\u0431\u044b \u043f\u043e\u0434\u0434\u0435\u0440\u0436\u043a\u0438 \u043a\u043b\u0438\u0435\u043d\u0442\u043e\u0432, \u043e\u0444\u0438\u0441\u043d\u043e\u0433\u043e \u043f\u0435\u0440\u0441\u043e\u043d\u0430\u043b\u0430 (\u043f\u043e\u043c\u043e\u0449\u043d\u0438\u043a\u043e\u0432, \u0441\u0435\u043a\u0440\u0435\u0442\u0430\u0440\u0435\u0439, \u043e\u0444\u0438\u0441\u043d\u044b\u0445 \u0430\u0441\u0441\u0438\u0441\u0442\u0435\u043d\u0442\u043e\u0432, \u043a\u0430\u043d\u0446\u0435\u043b\u044f\u0440\u0441\u043a\u0438\u0445 \u0440\u0430\u0431\u043e\u0442\u043d\u0438\u043a\u043e\u0432) \u0438 \u0434\u0440\u0443\u0433\u0438\u0445 \u043b\u0438\u0446, \u0437\u0430\u043d\u0438\u043c\u0430\u044e\u0449\u0438\u0445\u0441\u044f \u043f\u043e\u0434\u0433\u043e\u0442\u043e\u0432\u043a\u043e\u0439 \u0438 \u0444\u043e\u0440\u043c\u0430\u0442\u0438\u0440\u043e\u0432\u0430\u043d\u0438\u0435\u043c \u0434\u043e\u043a\u0443\u043c\u0435\u043d\u0442\u043e\u0432 \u043d\u0430 \u043a\u043e\u043c\u043f\u044c\u044e\u0442\u0435\u0440\u0435.<strong>\u00a0<\/strong><\/p>\n<p><strong>\u0420\u0435\u0437\u0443\u043b\u044c\u0442\u0430\u0442\u044b \u043e\u0431\u0443\u0447\u0435\u043d\u0438\u044f: <\/strong><\/p>\n<ul>\n<li>\u0417\u043d\u0430\u0435\u0442 \u043f\u0440\u0438\u043d\u0446\u0438\u043f\u044b \u043f\u043e\u0434\u0433\u043e\u0442\u043e\u0432\u043a\u0438 \u0434\u043e\u043a\u0443\u043c\u0435\u043d\u0442\u043e\u0432<\/li>\n<li>\u041f\u043e\u0434\u0433\u043e\u0442\u0430\u0432\u043b\u0438\u0432\u0430\u0435\u0442 \u0438 \u043e\u0444\u043e\u0440\u043c\u043b\u044f\u0435\u0442 \u0430\u0434\u043c\u0438\u043d\u0438\u0441\u0442\u0440\u0430\u0442\u0438\u0432\u043d\u044b\u0435 \u0434\u043e\u043a\u0443\u043c\u0435\u043d\u0442\u044b \u043d\u0430 \u043a\u043e\u043c\u043f\u044c\u044e\u0442\u0435\u0440\u0435, \u043b\u0438\u043d\u0433\u0432\u0438\u0441\u0442\u0438\u0447\u0435\u0441\u043a\u0438 \u0438 \u0432 \u0441\u043e\u043e\u0442\u0432\u0435\u0442\u0441\u0442\u0432\u0438\u0438 \u0441\u043e \u0441\u0442\u0430\u043d\u0434\u0430\u0440\u0442\u0430\u043c\u0438.<\/li>\n<\/ul>\n<p><strong>\u0422\u0440\u0435\u0431\u043e\u0432\u0430\u043d\u0438\u044f \u0434\u043b\u044f \u043d\u0430\u0447\u0430\u043b\u0430 \u043e\u0431\u0443\u0447\u0435\u043d\u0438\u044f: <\/strong>\u041d\u0435\u043e\u0431\u0445\u043e\u0434\u0438\u043c\u044b \u0445\u043e\u0442\u044f \u0431\u044b \u0431\u0430\u0437\u043e\u0432\u044b\u0435 \u043d\u0430\u0432\u044b\u043a\u0438 \u0440\u0430\u0431\u043e\u0442\u044b \u0441 \u043a\u043e\u043c\u043f\u044c\u044e\u0442\u0435\u0440\u043e\u043c (\u043e\u0431\u0440\u0430\u0431\u043e\u0442\u043a\u0430 \u0442\u0435\u043a\u0441\u0442\u043e\u0432, \u0418\u043d\u0442\u0435\u0440\u043d\u0435\u0442 \u0438 \u044d\u043b\u0435\u043a\u0442\u0440\u043e\u043d\u043d\u044b\u0435 \u0442\u0430\u0431\u043b\u0438\u0446\u044b) \u0438 \u043c\u0438\u043d\u0438\u043c\u0430\u043b\u044c\u043d\u043e\u0435 \u0437\u043d\u0430\u043d\u0438\u0435 \u044d\u0441\u0442\u043e\u043d\u0441\u043a\u043e\u0433\u043e \u044f\u0437\u044b\u043a\u0430.<\/p>\n<p><strong>\u041e\u0431\u0449\u0430\u044f \u0435\u043c\u043a\u043e\u0441\u0442\u044c \u0442\u0440\u0435\u043d\u0438\u043d\u0433\u0430 \u0432 \u0447\u0430\u0441\u0430\u0445 : 32\u00a0\u00a0\u00a0\u00a0\u00a0\u00a0\u00a0 <\/strong><\/p>\n<p>\u0422\u0435\u043e\u0440\u0435\u0442\u0438\u0447\u0435\u0441\u043a\u0438\u0435 \u0437\u0430\u043d\u044f\u0442\u0438\u044f 16<\/p>\n<p>\u041e\u0431\u044a\u0435\u043c \u043f\u0440\u0430\u043a\u0442\u0438\u0447\u0435\u0441\u043a\u043e\u0439 \u0440\u0430\u0431\u043e\u0442\u044b 16 (\u043f\u0440\u0430\u043a\u0442\u0438\u0447\u0435\u0441\u043a\u0438\u0435 \u0437\u0430\u043d\u044f\u0442\u0438\u044f \u0431\u0443\u0434\u0443\u0442 \u043f\u0440\u043e\u0445\u043e\u0434\u0438\u0442\u044c \u0432 \u043a\u043e\u043c\u043f\u0430\u043d\u0438\u0438, \u0438\u0437 \u043a\u043e\u0442\u043e\u0440\u043e\u0439 \u0431\u044b\u043b \u043d\u0430\u043f\u0440\u0430\u0432\u043b\u0435\u043d \u0441\u043b\u0443\u0448\u0430\u0442\u0435\u043b\u044c \u043a\u0443\u0440\u0441\u0430)<\/p>\n<p><strong>\u041e\u043f\u0438\u0441\u0430\u043d\u0438\u0435 \u0438\u0441\u043f\u043e\u043b\u044c\u0437\u0443\u0435\u043c\u043e\u0439 \u0441\u0440\u0435\u0434\u044b \u043e\u0431\u0443\u0447\u0435\u043d\u0438\u044f:<\/strong><\/p>\n<p>\u0411\u0443\u0434\u0435\u0442 \u0438\u0441\u043f\u043e\u043b\u044c\u0437\u043e\u0432\u0430\u0442\u044c\u0441\u044f \u043a\u043b\u0430\u0441\u0441\u043d\u0430\u044f \u043a\u043e\u043c\u043d\u0430\u0442\u0430, \u043e\u0441\u043d\u0430\u0449\u0435\u043d\u043d\u0430\u044f \u0430\u0443\u0434\u0438\u043e\u0432\u0438\u0437\u0443\u0430\u043b\u044c\u043d\u044b\u043c \u043e\u0431\u043e\u0440\u0443\u0434\u043e\u0432\u0430\u043d\u0438\u0435\u043c \u0438 \u043f\u0440\u043e\u0435\u043a\u0442\u043e\u0440\u043e\u043c \u0434\u0430\u043d\u043d\u044b\u0445.<\/p>\n<p>\u041c\u0435\u0442\u043e\u0434\u0438\u0447\u0435\u0441\u043a\u0438\u0435 \u043c\u0430\u0442\u0435\u0440\u0438\u0430\u043b\u044b, \u0440\u0430\u0437\u0440\u0430\u0431\u043e\u0442\u0430\u043d\u043d\u044b\u0435 \u043f\u0440\u0435\u043f\u043e\u0434\u0430\u0432\u0430\u0442\u0435\u043b\u0435\u043c<\/p>\n<p>\u041f\u043e \u043e\u043a\u043e\u043d\u0447\u0430\u043d\u0438\u0438 \u043a\u0443\u0440\u0441\u0430 \u0441\u043b\u0443\u0448\u0430\u0442\u0435\u043b\u044c \u043f\u043e\u043b\u0443\u0447\u0438\u0442 \u043a\u043e\u043d\u0441\u043f\u0435\u043a\u0442 \u043a\u0443\u0440\u0441\u0430.<\/p>\n<p><strong>\u0418\u0441\u043f\u043e\u043b\u044c\u0437\u0443\u0435\u043c\u044b\u0435 \u043c\u0435\u0442\u043e\u0434\u044b \u043e\u0431\u0443\u0447\u0435\u043d\u0438\u044f: <\/strong>\u041b\u0435\u043a\u0446\u0438\u0438 \u0438 \u043f\u0440\u0430\u043a\u0442\u0438\u0447\u0435\u0441\u043a\u0438\u0435 \u0437\u0430\u043d\u044f\u0442\u0438\u044f<\/p>\n<p><strong>\u0421\u043e\u0434\u0435\u0440\u0436\u0430\u043d\u0438\u0435 \u043e\u0431\u0443\u0447\u0435\u043d\u0438\u044f<\/strong><\/p>\n<ol>\n<li><strong> \u0440\u0430\u0431\u043e\u0447\u0438\u0435 \u0442\u0435\u043c\u044b \u043f\u043e \u0430\u0443\u0434\u0438\u0440\u043e\u0432\u0430\u043d\u0438\u044e -16 \u0447\u0430\u0441\u043e\u0432<\/strong><\/li>\n<\/ol>\n<ul>\n<li>\u0421\u043f\u0435\u0446\u0438\u0444\u0438\u043a\u0430 \u0438\u0441\u043f\u043e\u043b\u044c\u0437\u043e\u0432\u0430\u043d\u0438\u044f \u043e\u0444\u0438\u0446\u0438\u0430\u043b\u044c\u043d\u043e\u0433\u043e \u044f\u0437\u044b\u043a\u0430.<\/li>\n<li>\u041e\u0431\u0437\u043e\u0440 \u043d\u0430\u0446\u0438\u043e\u043d\u0430\u043b\u044c\u043d\u044b\u0445 \u043d\u043e\u0440\u043c\u0430\u0442\u0438\u0432\u043d\u044b\u0445 \u0434\u043e\u043a\u0443\u043c\u0435\u043d\u0442\u043e\u0432.<\/li>\n<li>\u041e\u0441\u043d\u043e\u0432\u043d\u044b\u0435 \u043f\u0440\u0438\u043d\u0446\u0438\u043f\u044b \u0444\u043e\u0440\u043c\u0430\u0442\u0438\u0440\u043e\u0432\u0430\u043d\u0438\u044f \u0434\u043e\u043a\u0443\u043c\u0435\u043d\u0442\u043e\u0432 (\u0440\u0435\u043a\u0432\u0438\u0437\u0438\u0442\u044b \u0434\u043e\u043a\u0443\u043c\u0435\u043d\u0442\u0430, \u0442\u0440\u0435\u0431\u043e\u0432\u0430\u043d\u0438\u044f \u043a \u0440\u0435\u043a\u0432\u0438\u0437\u0438\u0442\u0430\u043c \u0444\u043e\u0440\u043c\u0430\u0442\u0438\u0440\u043e\u0432\u0430\u043d\u0438\u044f).<\/li>\n<li>\u0412\u0438\u0434\u044b \u0434\u043e\u043a\u0443\u043c\u0435\u043d\u0442\u043e\u0432, \u0438\u0441\u043f\u043e\u043b\u044c\u0437\u0443\u0435\u043c\u044b\u0445 \u0432 \u043e\u0440\u0433\u0430\u043d\u0438\u0437\u0430\u0446\u0438\u0438, \u043f\u043e\u0440\u044f\u0434\u043e\u043a \u0438\u0445 \u0441\u043e\u0441\u0442\u0430\u0432\u043b\u0435\u043d\u0438\u044f \u0438 \u043e\u0431\u044f\u0437\u0430\u0442\u0435\u043b\u044c\u043d\u044b\u0435 \u0441\u0441\u044b\u043b\u043a\u0438 (\u043e\u0444\u0438\u0446\u0438\u0430\u043b\u044c\u043d\u043e\u0435 \u043f\u0438\u0441\u044c\u043c\u043e, \u043f\u0438\u0441\u044c\u043c\u043e-\u0434\u043e\u0432\u0435\u0440\u0435\u043d\u043d\u043e\u0441\u0442\u044c, \u043f\u0438\u0441\u044c\u043c\u043e-\u0441\u043e\u0433\u043b\u0430\u0448\u0435\u043d\u0438\u0435, \u043f\u0440\u043e\u0442\u043e\u043a\u043e\u043b, \u0430\u043a\u0442).<\/li>\n<\/ul>\n<ol start=\"2\">\n<li><strong> \u043a\u0440\u0430\u0442\u043a\u043e\u0435 \u043e\u043f\u0438\u0441\u0430\u043d\u0438\u0435 \u043f\u0440\u0430\u043a\u0442\u0438\u0447\u0435\u0441\u043a\u043e\u0439 \u0440\u0430\u0431\u043e\u0442\u044b<\/strong><\/li>\n<\/ol>\n<p><strong>\u041e\u0441\u043d\u043e\u0432\u044b \u043a\u043e\u043c\u043f\u044c\u044e\u0442\u0435\u0440\u043d\u043e\u0439 \u0433\u0440\u0430\u043c\u043e\u0442\u043d\u043e\u0441\u0442\u0438 - 4 \u0447\u0430\u0441\u0430<\/strong><\/p>\n<p>\u0420\u0435\u0434\u0430\u043a\u0442\u0438\u0440\u043e\u0432\u0430\u043d\u0438\u0435 \u0442\u0435\u043a\u0441\u0442\u0430: \u043f\u0440\u0438\u043d\u0446\u0438\u043f\u044b \u0432\u0432\u043e\u0434\u0430 \u0442\u0435\u043a\u0441\u0442\u0430, \u0434\u043e\u0431\u0430\u0432\u043b\u0435\u043d\u0438\u0435 \u0441\u0438\u043c\u0432\u043e\u043b\u043e\u0432, \u0433\u043e\u0440\u044f\u0447\u0438\u0435 \u043a\u043b\u0430\u0432\u0438\u0448\u0438. \u0418\u0441\u043f\u043e\u043b\u044c\u0437\u043e\u0432\u0430\u043d\u0438\u0435 \u0448\u0440\u0438\u0444\u0442\u043e\u0432. \u041f\u043e\u0438\u0441\u043a \u0438 \u0437\u0430\u043c\u0435\u043d\u0430 \u0432 \u0442\u0435\u043a\u0441\u0442\u0435. \u0424\u043e\u0440\u043c\u0430\u0442\u0438\u0440\u043e\u0432\u0430\u043d\u0438\u0435 \u0442\u0435\u043a\u0441\u0442\u0430 \u0441 \u043f\u043e\u043c\u043e\u0449\u044c\u044e \u0448\u0440\u0438\u0444\u0442\u043e\u0432. \u041e\u043f\u0440\u0435\u0434\u0435\u043b\u0435\u043d\u0438\u0435 \u0441\u0442\u0440\u0430\u043d\u0438\u0446\u044b \u0438 \u043e\u043f\u0440\u0435\u0434\u0435\u043b\u0435\u043d\u0438\u0435 \u043a\u043e\u043b\u043e\u043d\u043e\u043a. \u041f\u0440\u043e\u0432\u0435\u0440\u043a\u0430 \u043e\u0440\u0444\u043e\u0433\u0440\u0430\u0444\u0438\u0438 \u0438 \u0438\u0441\u043f\u043e\u043b\u044c\u0437\u043e\u0432\u0430\u043d\u0438\u0435 \u043f\u043e\u043b\u044f\u0440\u043d\u043e\u0441\u0442\u0438. \u0413\u043e\u043b\u043e\u0432\u043a\u0438 \u0438 \u043d\u043e\u0436\u043a\u0438. \u0418\u0441\u043f\u043e\u043b\u044c\u0437\u043e\u0432\u0430\u043d\u0438\u0435 \u0442\u0430\u0431\u043b\u0438\u0446 \u0432 \u0442\u0435\u043a\u0441\u0442\u0435. \u041f\u0435\u0447\u0430\u0442\u044c \u0434\u043e\u043a\u0443\u043c\u0435\u043d\u0442\u0430.<\/p>\n<p><strong>\u041f\u043e\u0434\u0433\u043e\u0442\u043e\u0432\u043a\u0430 \u0430\u0434\u043c\u0438\u043d\u0438\u0441\u0442\u0440\u0430\u0442\u0438\u0432\u043d\u044b\u0445 \u0434\u043e\u043a\u0443\u043c\u0435\u043d\u0442\u043e\u0432 \u043d\u0430 \u043a\u043e\u043c\u043f\u044c\u044e\u0442\u0435\u0440\u0435<\/strong>\u00a0 <strong>- 12 \u0447\u0430\u0441\u043e\u0432<\/strong><\/p>\n<p>\u042d\u0442\u0438\u043a\u0435\u0442, \u043f\u043e\u0440\u044f\u0434\u043e\u043a, \u043f\u0440\u043e\u0442\u043e\u043a\u043e\u043b, \u0430\u043a\u0442, \u0434\u043e\u0432\u0435\u0440\u0435\u043d\u043d\u043e\u0441\u0442\u044c<\/p>\n<p><strong>\u00a0<\/strong><\/p>\n<p><strong>\u0422\u0440\u0435\u0431\u043e\u0432\u0430\u043d\u0438\u044f \u043a \u0432\u044b\u043f\u0443\u0441\u043a\u043d\u0438\u043a\u0430\u043c: <\/strong><\/p>\n<p>\u0412\u044b\u043f\u043e\u043b\u043d\u0435\u043d\u0438\u0435 \u0443\u0447\u0435\u0431\u043d\u043e\u0439 \u043f\u0440\u043e\u0433\u0440\u0430\u043c\u043c\u044b \u043c\u0438\u043d\u0438\u043c\u0443\u043c 70% \u0438 \u043f\u0440\u0430\u043a\u0442\u0438\u0447\u0435\u0441\u043a\u043e\u0433\u043e \u0437\u0430\u0434\u0430\u043d\u0438\u044f \u043c\u0438\u043d\u0438\u043c\u0443\u043c 80%.<\/p>\n<p>\u041f\u0440\u0430\u043a\u0442\u0438\u0447\u0435\u0441\u043a\u043e\u0435 \u0443\u043f\u0440\u0430\u0436\u043d\u0435\u043d\u0438\u0435: \u0441\u043e\u0441\u0442\u0430\u0432\u043b\u0435\u043d\u0438\u0435 \u0438 \u0444\u043e\u0440\u043c\u0430\u0442\u0438\u0440\u043e\u0432\u0430\u043d\u0438\u0435 \u043d\u0430 \u043a\u043e\u043c\u043f\u044c\u044e\u0442\u0435\u0440\u0435 \u043f\u0438\u0441\u044c\u043c\u0430 \u043e \u043d\u0430\u0437\u043d\u0430\u0447\u0435\u043d\u0438\u0438, \u043f\u0438\u0441\u044c\u043c\u0430-\u043c\u0430\u0440\u043a\u0438 \u0438 \u043f\u0440\u043e\u0442\u043e\u043a\u043e\u043b\u0430 \u0441 \u0443\u0447\u0435\u0442\u043e\u043c \u043b\u0438\u043d\u0433\u0432\u0438\u0441\u0442\u0438\u0447\u0435\u0441\u043a\u0438\u0445 \u043e\u0441\u043e\u0431\u0435\u043d\u043d\u043e\u0441\u0442\u0435\u0439 \u0438 \u0432 \u0441\u043e\u043e\u0442\u0432\u0435\u0442\u0441\u0442\u0432\u0438\u0438 \u0441\u043e \u0441\u0442\u0430\u043d\u0434\u0430\u0440\u0442\u0430\u043c\u0438.<\/p>\n<p>\u041e\u0446\u0435\u043d\u043a\u0430 \u043f\u0440\u043e\u0432\u043e\u0434\u0438\u0442\u0441\u044f \u0441\u043e\u0432\u043c\u0435\u0441\u0442\u043d\u043e \u043f\u0440\u0435\u043f\u043e\u0434\u0430\u0432\u0430\u0442\u0435\u043b\u0435\u043c \u0438 \u043e\u0431\u0443\u0447\u0430\u044e\u0449\u0438\u043c\u0441\u044f \u0432 \u0445\u043e\u0434\u0435 \u043e\u0431\u0441\u0443\u0436\u0434\u0435\u043d\u0438\u044f.<\/p>\n<p><strong>\u00a0<\/strong><\/p>\n<p><strong>\u041b\u0435\u043a\u0442\u043e\u0440:<\/strong> \u0418\u0440\u0438\u043d\u0430 \u041b\u0438\u043d\u0434\u0435 - \u0432\u044b\u0441\u0448\u0435\u0435 \u043e\u0431\u0440\u0430\u0437\u043e\u0432\u0430\u043d\u0438\u0435, \u043f\u0440\u043e\u0444\u0435\u0441\u0441\u0438\u043e\u043d\u0430\u043b\u044c\u043d\u044b\u0439 \u043e\u043f\u044b\u0442, \u043e\u043f\u044b\u0442 \u043f\u0435\u0434\u0430\u0433\u043e\u0433\u0438\u0447\u0435\u0441\u043a\u043e\u0439 \u0440\u0430\u0431\u043e\u0442\u044b (\u043f\u0440\u0435\u043f\u043e\u0434\u0430\u0432\u0430\u0442\u0435\u043b\u044c \u043e\u0431\u0440\u0430\u0437\u043e\u0432\u0430\u043d\u0438\u044f \u0434\u043b\u044f \u0432\u0437\u0440\u043e\u0441\u043b\u044b\u0445 - 15 \u043b\u0435\u0442).<\/p>\n<p>&nbsp;<\/p>\n<p>\u0414\u043e\u043f\u043e\u043b\u043d\u0438\u0442\u0435\u043b\u044c\u043d\u0430\u044f \u0438\u043d\u0444\u043e\u0440\u043c\u0430\u0446\u0438\u044f:<\/p>\n<p>info@kvkoolitus.ee<\/p>\n<p>55583410, 53475016<\/p>","protected":false},"excerpt":{"rendered":"<p>Koolitus on\u00a0abiks eesti keele (tase A2,B1) \u00f5ppijale. \u00d5ppekavar\u00fchm:\u00a0\u00a0 Arvutikasutus\u00a0 \u00d5ppekava koostamise alus:\u00a0 Kutsestandardid: Sekret\u00e4r, tase 5, V\u00e4ikeettev\u00f5tja tase 5, B\u00fcroot\u00f6\u00f6taja, tase 4. \u00d5ppekava eesm\u00e4rgid ja \u00fclesanded: Eesm\u00e4rk on anda osalejatele paremad ja terviklikumad <a href=\"https:\/\/kvkoolitus.ee\/ru\/haldusdokumentide-koostamine-ja-vormistamine-arvutis\/\"> [&#8230;]<\/a><\/p>\n","protected":false},"author":5,"featured_media":0,"parent":0,"menu_order":0,"comment_status":"closed","ping_status":"closed","template":"","meta":{"footnotes":""},"class_list":["post-7147","page","type-page","status-publish","hentry"],"aioseo_notices":[],"_links":{"self":[{"href":"https:\/\/kvkoolitus.ee\/ru\/wp-json\/wp\/v2\/pages\/7147","targetHints":{"allow":["GET"]}}],"collection":[{"href":"https:\/\/kvkoolitus.ee\/ru\/wp-json\/wp\/v2\/pages"}],"about":[{"href":"https:\/\/kvkoolitus.ee\/ru\/wp-json\/wp\/v2\/types\/page"}],"author":[{"embeddable":true,"href":"https:\/\/kvkoolitus.ee\/ru\/wp-json\/wp\/v2\/users\/5"}],"replies":[{"embeddable":true,"href":"https:\/\/kvkoolitus.ee\/ru\/wp-json\/wp\/v2\/comments?post=7147"}],"version-history":[{"count":0,"href":"https:\/\/kvkoolitus.ee\/ru\/wp-json\/wp\/v2\/pages\/7147\/revisions"}],"wp:attachment":[{"href":"https:\/\/kvkoolitus.ee\/ru\/wp-json\/wp\/v2\/media?parent=7147"}],"curies":[{"name":"wp","href":"https:\/\/api.w.org\/{rel}","templated":true}]}}