{"id":7272,"date":"2023-11-22T13:41:19","date_gmt":"2023-11-22T11:41:19","guid":{"rendered":"https:\/\/kvkoolitus.ee\/?page_id=7272"},"modified":"2023-11-22T13:41:19","modified_gmt":"2023-11-22T11:41:19","slug":"koolitused-lasteaiaopetajatele","status":"publish","type":"page","link":"https:\/\/kvkoolitus.ee\/ru\/koolitused-lasteaiaopetajatele\/","title":{"rendered":"\u0422\u0440\u0435\u043d\u0438\u043d\u0433 \u0434\u043b\u044f \u0432\u043e\u0441\u043f\u0438\u0442\u0430\u0442\u0435\u043b\u0435\u0439 \u0434\u0435\u0442\u0441\u043a\u0438\u0445 \u0441\u0430\u0434\u043e\u0432"},"content":{"rendered":"<p>\u041e\u0431\u0443\u0447\u0435\u043d\u0438\u0435 \u0432\u043e\u0441\u043f\u0438\u0442\u0430\u0442\u0435\u043b\u0435\u0439 \u0434\u0435\u0442\u0441\u043a\u0438\u0445 \u0441\u0430\u0434\u043e\u0432 \u043d\u0430\u043f\u0440\u0430\u0432\u043b\u0435\u043d\u043e \u043d\u0430 \u043f\u043e\u0434\u0434\u0435\u0440\u0436\u043a\u0443 \u043f\u0440\u043e\u0444\u0435\u0441\u0441\u0438\u043e\u043d\u0430\u043b\u044c\u043d\u043e\u0433\u043e \u0440\u0430\u0437\u0432\u0438\u0442\u0438\u044f \u043f\u0435\u0434\u0430\u0433\u043e\u0433\u043e\u0432, \u043e\u0441\u043e\u0437\u043d\u0430\u043d\u0438\u0435 \u0438\u043c\u0438 \u0441\u0432\u043e\u0438\u0445 \u043b\u0438\u0447\u043d\u043e\u0441\u0442\u043d\u044b\u0445 \u043e\u0441\u043e\u0431\u0435\u043d\u043d\u043e\u0441\u0442\u0435\u0439, \u043f\u0440\u043e\u0444\u0435\u0441\u0441\u0438\u043e\u043d\u0430\u043b\u044c\u043d\u044b\u0445 \u043d\u0430\u0432\u044b\u043a\u043e\u0432 \u0438 \u043f\u043e\u0442\u0440\u0435\u0431\u043d\u043e\u0441\u0442\u0435\u0439.<\/p>\n<p>\u041f\u043e\u0434\u0431\u043e\u0440\u043a\u0430 \u0442\u0435\u043c \u0434\u043b\u044f \u043f\u043e\u0434\u0433\u043e\u0442\u043e\u0432\u043a\u0438 \u0432\u043e\u0441\u043f\u0438\u0442\u0430\u0442\u0435\u043b\u0435\u0439 \u0434\u0435\u0442\u0441\u043a\u0438\u0445 \u0441\u0430\u0434\u043e\u0432:<\/p>\n<p>\u041e\u0442\u043d\u043e\u0448\u0435\u043d\u0438\u044f \u0438 \u043e\u0431\u0449\u0435\u043d\u0438\u0435 \u0441 \u0434\u0435\u0442\u044c\u043c\u0438, \u0440\u043e\u0434\u0438\u0442\u0435\u043b\u044f\u043c\u0438 \u0438 \u043a\u043e\u043b\u043b\u0435\u0433\u0430\u043c\u0438<br \/>\n- \u041d\u0430\u0432\u044b\u043a\u0438 \u043f\u0438\u0441\u044c\u043c\u0435\u043d\u043d\u043e\u0439 \u043a\u043e\u043c\u043c\u0443\u043d\u0438\u043a\u0430\u0446\u0438\u0438<br \/>\n- \u041f\u0440\u0435\u043f\u043e\u0434\u0430\u0432\u0430\u0442\u0435\u043b\u044c - \u043b\u0438\u0434\u0435\u0440 \u0438 \u043c\u0435\u043d\u0435\u0434\u0436\u0435\u0440, \u0440\u0430\u0431\u043e\u0442\u0430\u044e\u0449\u0438\u0439 \u0441 \u0434\u0435\u0442\u044c\u043c\u0438 \u0438 \u0440\u043e\u0434\u0438\u0442\u0435\u043b\u044f\u043c\u0438<br \/>\n- \u041f\u0440\u0435\u043f\u043e\u0434\u0430\u0432\u0430\u0442\u0435\u043b\u044c \u043a\u0430\u043a \u0441\u043e\u0442\u0440\u0443\u0434\u043d\u0438\u043a \u0432 \u0433\u0440\u0443\u043f\u043f\u043e\u0432\u043e\u0439 \u043a\u043e\u043c\u0430\u043d\u0434\u0435<br \/>\n- \u041f\u0440\u043e\u0444\u0435\u0441\u0441\u0438\u043e\u043d\u0430\u043b\u044c\u043d\u044b\u0439 \u0441\u0430\u043c\u043e\u0430\u043d\u0430\u043b\u0438\u0437 \u043f\u0440\u0435\u043f\u043e\u0434\u0430\u0432\u0430\u0442\u0435\u043b\u044f<br \/>\n- \u0422\u0432\u043e\u0440\u0447\u0435\u0441\u0442\u0432\u043e, \u0441\u043f\u043e\u043d\u0442\u0430\u043d\u043d\u043e\u0441\u0442\u044c \u0438 \u0443\u0432\u0435\u0440\u0435\u043d\u043d\u043e\u0441\u0442\u044c \u0432 \u0441\u0435\u0431\u0435 \u0432 \u043f\u043e\u0432\u0441\u0435\u0434\u043d\u0435\u0432\u043d\u043e\u0439 \u0440\u0430\u0431\u043e\u0442\u0435 \u043f\u0440\u0435\u043f\u043e\u0434\u0430\u0432\u0430\u0442\u0435\u043b\u044f<br \/>\n- \u0423\u043f\u0440\u0430\u0432\u043b\u0435\u043d\u0438\u0435 \u0432\u0440\u0435\u043c\u0435\u043d\u0435\u043c \u0438 \u0431\u0430\u043b\u0430\u043d\u0441 \u0432 \u0440\u0430\u0431\u043e\u0442\u0435 \u043f\u0440\u0435\u043f\u043e\u0434\u0430\u0432\u0430\u0442\u0435\u043b\u044f<br \/>\n- \u0421\u0430\u043c\u043e\u043f\u043e\u043c\u043e\u0449\u044c \u043f\u0440\u0435\u043f\u043e\u0434\u0430\u0432\u0430\u0442\u0435\u043b\u044f<br \/>\n- \"\u041f\u0435\u0440\u0432\u0430\u044f \u0432\u0441\u0442\u0440\u0435\u0447\u0430\" - \u043f\u043e\u0434\u0434\u0435\u0440\u0436\u043a\u0430 \u0430\u0434\u0430\u043f\u0442\u0430\u0446\u0438\u0438 \u0440\u0435\u0431\u0435\u043d\u043a\u0430 \u0438 \u0440\u043e\u0434\u0438\u0442\u0435\u043b\u044f, \u0441\u043e\u0437\u0434\u0430\u043d\u0438\u0435 \u0434\u043e\u0432\u0435\u0440\u0438\u044f \u0438 \u0447\u0443\u0432\u0441\u0442\u0432\u0430 \u043f\u0440\u0438\u043d\u0430\u0434\u043b\u0435\u0436\u043d\u043e\u0441\u0442\u0438 \u043a \u0433\u0440\u0443\u043f\u043f\u0435.<br \/>\n- \u041f\u0440\u043e\u0432\u0435\u0434\u0435\u043d\u0438\u0435 \u0441\u043e\u0431\u0440\u0430\u043d\u0438\u0439 \u0438 \u043a\u043e\u043d\u0444\u0435\u0440\u0435\u043d\u0446\u0438\u0439<br \/>\n- \u041d\u0430\u0431\u043b\u044e\u0434\u0435\u043d\u0438\u0435 \u0437\u0430 \u0440\u0430\u0437\u0432\u0438\u0442\u0438\u0435\u043c \u0440\u0435\u0431\u0435\u043d\u043a\u0430 \u0438 \u043f\u0440\u043e\u0432\u0435\u0434\u0435\u043d\u0438\u0435 \u0440\u0430\u0437\u0432\u0438\u0432\u0430\u044e\u0449\u0438\u0445 \u0438\u043d\u0442\u0435\u0440\u0432\u044c\u044e<br \/>\n- \u041f\u0440\u0435\u0434\u043e\u0441\u0442\u0430\u0432\u043b\u0435\u043d\u0438\u0435 \u043e\u0431\u0440\u0430\u0442\u043d\u043e\u0439 \u0441\u0432\u044f\u0437\u0438 \u0440\u0435\u0431\u0435\u043d\u043a\u0443, \u0440\u043e\u0434\u0438\u0442\u0435\u043b\u044e \u0438 \u043a\u043e\u043b\u043b\u0435\u0433\u0435<br \/>\n- \u041f\u043e\u0434\u0434\u0435\u0440\u0436\u043a\u0430 \u0434\u0435\u0442\u0435\u0439 \u0441 \u043e\u0441\u043e\u0431\u044b\u043c\u0438 \u043f\u043e\u0442\u0440\u0435\u0431\u043d\u043e\u0441\u0442\u044f\u043c\u0438 \u0438 \u0438\u0445 \u0441\u0435\u043c\u0435\u0439<br \/>\n- \u0420\u0435\u0448\u0435\u043d\u0438\u0435 \u0441\u043b\u043e\u0436\u043d\u044b\u0445 \u0441\u0438\u0442\u0443\u0430\u0446\u0438\u0439<br \/>\n- \u041e\u0441\u043d\u043e\u0432\u0430\u043d\u043d\u044b\u0439 \u043d\u0430 \u043a\u043e\u043d\u043a\u0440\u0435\u0442\u043d\u044b\u0445 \u0441\u043b\u0443\u0447\u0430\u044f\u0445 \u043f\u043e\u0434\u0445\u043e\u0434 \u043a \u0440\u0430\u0431\u043e\u0442\u0435 \u0441 \u0440\u0435\u0431\u0435\u043d\u043a\u043e\u043c \u0441 \u043e\u0441\u043e\u0431\u044b\u043c\u0438 \u043f\u043e\u0442\u0440\u0435\u0431\u043d\u043e\u0441\u0442\u044f\u043c\u0438<br \/>\n- \u041f\u0440\u043e\u0446\u0435\u0441\u0441 \u043e\u0431\u0443\u0447\u0435\u043d\u0438\u044f \u0438 \u0432\u043e\u0441\u043f\u0438\u0442\u0430\u043d\u0438\u044f, \u043e\u0441\u043d\u043e\u0432\u0430\u043d\u043d\u044b\u0439 \u043d\u0430 \u0441\u043e\u0432\u0435\u0440\u0448\u0435\u043d\u0441\u0442\u0432\u0435<br \/>\n- \u041e\u0440\u0438\u0435\u043d\u0442\u0438\u0440\u043e\u0432\u0430\u043d\u043d\u044b\u0439 \u043d\u0430 \u0440\u0435\u0431\u0435\u043d\u043a\u0430 \u043f\u0440\u043e\u0446\u0435\u0441\u0441 \u043e\u0431\u0443\u0447\u0435\u043d\u0438\u044f \u0438 \u0432\u043e\u0441\u043f\u0438\u0442\u0430\u043d\u0438\u044f<br \/>\n- \u0412\u043e\u0441\u043f\u0438\u0442\u0430\u043d\u0438\u0435 \u0446\u0435\u043d\u043d\u043e\u0441\u0442\u0435\u0439 \u0432 \u043f\u043e\u0432\u0441\u0435\u0434\u043d\u0435\u0432\u043d\u043e\u0439 \u0434\u0435\u044f\u0442\u0435\u043b\u044c\u043d\u043e\u0441\u0442\u0438 \u0434\u0435\u0442\u0441\u043a\u043e\u0433\u043e \u0441\u0430\u0434\u0430<br \/>\n- \u0417\u0430\u0434\u0430\u0447\u0438 \u043f\u0440\u0435\u043f\u043e\u0434\u0430\u0432\u0430\u0442\u0435\u043b\u044f \u0432 \u0440\u0430\u0431\u043e\u0442\u0435 \u0441\u0432\u043e\u0434\u043d\u043e\u0439 \u0433\u0440\u0443\u043f\u043f\u044b<br \/>\n- \u0412\u0434\u043e\u0445\u043d\u043e\u0432\u043b\u044f\u044e\u0449\u0435\u0435 \u043f\u043b\u0430\u043d\u0438\u0440\u043e\u0432\u0430\u043d\u0438\u0435<br \/>\n- \u041f\u043e\u0434\u0434\u0435\u0440\u0436\u043a\u0430 \u0438\u043d\u0442\u0435\u0440\u0435\u0441\u043e\u0432 \u043a \u0447\u0442\u0435\u043d\u0438\u044e \u0438 \u0440\u0430\u0437\u0432\u0438\u0442\u0438\u0435 \u043d\u0430\u0432\u044b\u043a\u043e\u0432 \u0447\u0442\u0435\u043d\u0438\u044f<br \/>\n- \u0419\u043e\u0433\u0430 \u0434\u043b\u044f \u0434\u0435\u0442\u0435\u0439 \u0438 \u0439\u043e\u0433\u0430 \u0434\u043b\u044f \u0447\u0442\u0435\u043d\u0438\u044f<\/p>\n<p><strong>\u0420\u0435\u0433\u0438\u0441\u0442\u0440\u0430\u0446\u0438\u044f \u0438 \u0438\u043d\u0444\u043e\u0440\u043c\u0430\u0446\u0438\u044f:<\/strong><\/p>\n<p>\u0422\u0435\u043b\u0435\u0444\u043e\u043d: 55 583 410; 53 475 016<br \/>\n\u042d-\u043c\u0430\u0439\u043b:\u00a0<a href=\"mailto:info@kvkoolitus.ee\">info@kvkoolitus.ee<\/a><\/p>\n<p>\u0427\u0442\u043e\u0431\u044b \u0437\u0430\u043a\u0430\u0437\u0430\u0442\u044c \u0442\u0440\u0435\u043d\u0438\u043d\u0433, \u043e\u0442\u043f\u0440\u0430\u0432\u044c\u0442\u0435 \u0437\u0430\u043f\u0440\u043e\u0441 \u043f\u043e \u044d\u043b\u0435\u043a\u0442\u0440\u043e\u043d\u043d\u043e\u0439 \u043f\u043e\u0447\u0442\u0435!<\/p>\n<p>&nbsp;<\/p>","protected":false},"excerpt":{"rendered":"<p>Lasteaia\u00f5petajatele suunatud koolituste eesm\u00e4rkideks on toetada \u00f5petaja professionaalset arengut, teadlikkust enese isiksuslikest erip\u00e4radest ning\u00a0 t\u00f6\u00f6alastest oskustest ja vajadustest. Valik lasteaia\u00f5petaja koolituste teemadest: Suhted ja suhtlemine laste, lapsevanemate ja kolleegidega \u2022 \u00a0 \u00a0Kirjalik suhtlemisoskus <a href=\"https:\/\/kvkoolitus.ee\/ru\/koolitused-lasteaiaopetajatele\/\"> [&#8230;]<\/a><\/p>\n","protected":false},"author":4,"featured_media":0,"parent":0,"menu_order":0,"comment_status":"closed","ping_status":"closed","template":"","meta":{"footnotes":""},"class_list":["post-7272","page","type-page","status-publish","hentry"],"aioseo_notices":[],"_links":{"self":[{"href":"https:\/\/kvkoolitus.ee\/ru\/wp-json\/wp\/v2\/pages\/7272","targetHints":{"allow":["GET"]}}],"collection":[{"href":"https:\/\/kvkoolitus.ee\/ru\/wp-json\/wp\/v2\/pages"}],"about":[{"href":"https:\/\/kvkoolitus.ee\/ru\/wp-json\/wp\/v2\/types\/page"}],"author":[{"embeddable":true,"href":"https:\/\/kvkoolitus.ee\/ru\/wp-json\/wp\/v2\/users\/4"}],"replies":[{"embeddable":true,"href":"https:\/\/kvkoolitus.ee\/ru\/wp-json\/wp\/v2\/comments?post=7272"}],"version-history":[{"count":0,"href":"https:\/\/kvkoolitus.ee\/ru\/wp-json\/wp\/v2\/pages\/7272\/revisions"}],"wp:attachment":[{"href":"https:\/\/kvkoolitus.ee\/ru\/wp-json\/wp\/v2\/media?parent=7272"}],"curies":[{"name":"wp","href":"https:\/\/api.w.org\/{rel}","templated":true}]}}