{"id":7377,"date":"2024-01-12T14:52:38","date_gmt":"2024-01-12T12:52:38","guid":{"rendered":"https:\/\/kvkoolitus.ee\/?page_id=7377"},"modified":"2026-03-19T11:45:57","modified_gmt":"2026-03-19T09:45:57","slug":"allmaa-koritustooline-ja-labindaja","status":"publish","type":"page","link":"https:\/\/kvkoolitus.ee\/ru\/allmaa-koritustooline-ja-labindaja\/","title":{"rendered":"\u041f\u0440\u043e\u0445\u043e\u0434\u0447\u0438\u043a \u043e\u0447\u0438\u0441\u0442\u043d\u044b\u0445 \u0437\u0430\u0431\u043e\u0435\u0432"},"content":{"rendered":"<p style=\"text-align: right;\">\u00d5ppekava kinnitamise aeg: 19.03.2026<\/p>\n<p><strong>\u00d5ppekava nimetus: Allmaa koristust\u00f6\u00f6line ja l\u00e4bindaja<\/strong><\/p>\n<p><strong>\u00d5ppekavar\u00fchm: \u00a0<\/strong>Kaevandamine ja rikastamine<\/p>\n<p><strong>\u00d5ppekava koostamise alus:\u00a0 <\/strong>Kutsestandard \u201eM\u00e4et\u00f6\u00f6line\u201c, tase 4.<\/p>\n<p><strong>Koolituse kogumaht akadeemilistes tundides : 80<\/strong><\/p>\n<p>Auditoorse t\u00f6\u00f6 maht\u00a0 40<\/p>\n<p>Praktilise t\u00f6\u00f6 maht <em>(ettev\u00f5tte praktika)<\/em> 40<\/p>\n<p><strong>Kasutatava \u00f5ppekeskkonna kirjeldus:<\/strong><\/p>\n<p>\u00d5ppet\u00f6\u00f6s kasutatakse \u00f5ppeklassi, mis on varustatud multiprojektoriga ning arvutiklassi. Koolitusruum (sh \u00f5ppetehnika) vastab t\u00f6\u00f6tervishoiu ja t\u00f6\u00f6ohutuse seaduses s\u00e4testatud t\u00f6\u00f6tervishoiu ja -ohutuse n\u00f5uetele.<\/p>\n<p><strong>Sihtgrupp ja \u00f5ppe alustamise n\u00f5uded:<\/strong> \u00d5ppima v\u00f5ivad asuda erialase hariduseta t\u00e4iskasvanud, kes t\u00f6\u00f6tavad v\u00f5i t\u00f6\u00f6tasid\u00a0\u00a0 m\u00e4et\u00f6\u00f6stusettev\u00f5tetes (n\u00e4iteks: m\u00e4et\u00f6\u00f6line\/kaevur, allmaa lukksepp-elektrik, l\u00f5hkaja, karj\u00e4\u00e4rit\u00f6\u00f6line) \u00a0ning kellele see kursus on t\u00f6\u00f6alaseks t\u00e4ienduseks.<\/p>\n<p><strong>\u00d5ppe alustamise n\u00f5uded:<\/strong> p\u00f5hiharidus.<\/p>\n<p><strong>\u00d5ppe eesm\u00e4rgid:<\/strong> Anda lisaeriala m\u00e4et\u00f6\u00f6listele.<strong>\u00a0<\/strong><\/p>\n<p><strong>\u00d5piv\u00e4ljundid: <\/strong><\/p>\n<ul>\n<li>oskab l\u00e4bindada surfe ja kald\u0161ahte;<\/li>\n<li>teab ja oskab v\u00e4ljata kaevise koristus- ja ettevalmistuskaeve\u00f5\u00f5nest;<\/li>\n<li>oskab toestada kaeve\u00f5\u00f5ne;<\/li>\n<li>oskab paigaldada ajutise tuulutustorustiku;<\/li>\n<li>oskab puurida puurmasinaga puuraugud kaeve\u00f5\u00f5nde, j\u00e4rgides puurl\u00f5hket\u00f6\u00f6 passe;<\/li>\n<li>oskab rajada veek\u00f5rvalduskraavid ja \u0161urfid;<\/li>\n<li>teab ja oskab kuidas soonida horisontaalselt ja vertikaalselt;<\/li>\n<li>oskab t\u00f6\u00f6tada liikuvmehhanismide ja m\u00e4emasinatega.<\/li>\n<\/ul>\n<p><strong>\u00d5ppe sisu<\/strong><\/p>\n<ol>\n<li><strong>Auditoorne t\u00f6\u00f6 \u2013 40 tundi<\/strong><\/li>\n<\/ol>\n<p><strong>M\u00e4endus. Kaeve\u00f5\u00f5nte tuulutus, ventilatsioon ja veek\u00f5rvaldus. Puur- ja l\u00f5hket\u00f6\u00f6d &#8211; 16 tundi<\/strong><\/p>\n<p>Avamis- ja ettevalmistamisskeem, kamberkaevandamisviis, kaeve\u00f5\u00f5nte l\u00e4bindamine, transpordiskeem, v\u00e4ljamise tehnoloogia. Kaeve\u00f5\u00f5ne toestamine. M\u00e4er\u00f5hk, toestuspass. Ankurtoestiku otstarve, kasutamine, paigaldamine ja eemaldamine. Kaeve\u00f5\u00f5nte tuulutamine. N\u00f5uded kaevandus\u00f5hu koostisele, kaevanduse tuulutamisviisid ja tuulutusskeemid, koristusete ja ettevalmistusete tuulutamine. Kohaliku tuulutuse ventilaatorid. Kaevanduse veek\u00f5rvaldus. Veekogurite l\u00e4bindamine ja veek\u00f5rvaldussoonte soonimine. Puur- ja l\u00f5hket\u00f6\u00f6d (surfid ja kald\u0161ahtid).<\/p>\n<p><strong>M\u00e4emasinad ja \u2013mehhanismid, nende otstarve, t\u00f6\u00f6kord ning t\u00f6\u00f6de j\u00e4rjestus \u2013 16 tundi<\/strong><\/p>\n<p>Konveierite,\u00a0 puurimise seadmete, kaeve\u00f5\u00f5ne lae toestamise\u00a0 ja lahtitoestamise seadmete, kallurautode, kopplaadurite,\u00a0 veek\u00f5rvaldusseadmete ja kohaliku tuulutuse ventilaatorite otstarve, konstruktsioon, kasutusviisid ja tehnilised andmed, ekspluatatsioon, remont ning hooldus.<\/p>\n<p><strong>T\u00f6\u00f6tervishoid ja t\u00f6\u00f6ohutus \u2013 8 tundi<\/strong><\/p>\n<p>T\u00f6\u00f6tervishoiu ja \u2013ohutuse peamised n\u00f5uded ( (kahjulikud faktorid ja ohutegurid, \u00f5igused ja kohustused, riskianal\u00fc\u00fcs, isikukaitsevahendid, t\u00f6\u00f6\u00f5nnetuste uurimine, esmaabi, vastutus). Maavarade kaevandamise ohutusn\u00f5uded. L\u00f5hket\u00f6\u00f6 ohutusn\u00f5uded. P\u00f5hilised riskid seadmete ja t\u00f6\u00f6vahendite kasutamisel ja remontt\u00f6\u00f6del.<\/p>\n<ol>\n<li><strong>Praktiline t\u00f6\u00f6 \u2013 40 tundi<\/strong><\/li>\n<\/ol>\n<p><strong>Ettev\u00f5ttepraktika<\/strong><\/p>\n<p>Praktika k\u00e4igus koolitatav arendab, t\u00e4iendab ja rakendab koolitusel omandatud teadmisi ning oskusi praktilises t\u00f6\u00f6keskkonnas.<\/p>\n<p><strong>Kasutatavad \u00f5ppemeetodid: <\/strong>Loeng, arutelud, ettev\u00f5ttepraktika<\/p>\n<p><strong>Vajalike \u00f5ppematerjalide loend:<\/strong><\/p>\n<p>Eesti Vabariigi L\u00f5hkematerjaliseadus.. Eesti Vabariigi Maap\u00f5ueseadus.<\/p>\n<p>Kaevandamise ohutusn\u00f5uded : Majandus- ja kommunikatsiooniministri 10. augusti 2004. a m\u00e4\u00e4ruse nr 172 \u201eKaevandamise ja kaeve\u00f5\u00f5ne teisese kasutamise ohutusn\u00f5uded\u201d muutmine .Vastu v\u00f5etud 16.06.2017 nr 31).<\/p>\n<p>\u0413\u0430\u043b\u043a\u0438\u043d \u0412., \u0422\u0440\u0430\u043d\u0441\u043f\u043e\u0440\u0442\u043d\u044b\u0435 \u043c\u0430\u0448\u0438\u043d\u044b, \u041c., \u0413\u043e\u0440\u043d\u0430\u044f \u043a\u043d\u0438\u0433\u0430, 2010.<\/p>\n<p>\u0413\u043e\u0440\u043e\u0434\u043d\u0438\u0447\u0435\u043d\u043a\u043e \u0412., \u041e\u0441\u043d\u043e\u0432\u044b \u0433\u043e\u0440\u043d\u043e\u0433\u043e \u0434\u0435\u043b\u0430, \u041c., \u0413\u043e\u0440\u043d\u0430\u044f \u043a\u043d\u0438\u0433\u0430, 2016.<\/p>\n<p>\u00d5petajad kasutavad \u00f5petamise k\u00e4igus isiklikke metoodilisi materjale.<\/p>\n<p><strong>N\u00f5uded \u00f5pingute l\u00f5petamiseks, sh hindamismeetodid ja kriteeriumid: <\/strong>\u00f5ppes osalemine\u00a0 &#8211; 80 % ja testi sooritamine v\u00e4hemalt 50% ulatuses.<\/p>\n<p>\u00d5ppijale v\u00e4ljastatakse \u00f5ppe l\u00f5petamise n\u00f5uete t\u00e4itmisel tunnistus.<\/p>\n<p><strong>Koolitaja kompetentsust t\u00f5endava kvalifikatsiooni v\u00f5i \u00f5pi- t\u00f6\u00f6kogemuse kirjeldus:<\/strong><\/p>\n<p>Sergey Ovsyannikov &#8211; k\u00f5rgharidus, m\u00e4einsener.<\/p>\n<p>Irina Linde &#8211; k\u00f5rgharidus, m\u00e4einsener-mehaanik.<\/p>\n<p><strong>\u00a0<\/strong><\/p>\n<p><strong>Lisainfo ja tellimine:<\/strong><\/p>\n<p>info@kvkoolitus.ee<\/p>\n<p>55583410, 53475016<\/p>\n<form method=\"post\" enctype=\"multipart\/form-data\" id=\"vfbp-form-1\" class=\"vfbp-form\"><div style=\"display:none;\"><label for=\"vfbp-EMAIL-AN8fuQyoDLXem\">\u0415\u0441\u043b\u0438 \u0412\u044b \u0447\u0435\u043b\u043e\u0432\u0435\u043a, \u043e\u0441\u0442\u0430\u0432\u044c\u0442\u0435 \u044d\u0442\u043e \u043f\u043e\u043b\u0435 \u043f\u0443\u0441\u0442\u044b\u043c<\/label><input size=\"25\" autocomplete=\"off\" type=\"text\" name=\"vfbp-EMAIL-AN8fuQyoDLXem\" value=\"\" id=\"\"><\/div><input type=\"hidden\" name=\"_vfb-timestamp-1\" value=\"1778712363\" id=\"\"><input type=\"hidden\" name=\"_vfb-form-id\" value=\"1\" id=\"\"><div class=\"vfb-col-12 vfb-fieldType-hidden\" id=\"vfbField5\"><input id=\"vfb-field-5\" class=\"vfb-form-control\" placeholder=\"\" type=\"hidden\" name=\"vfb-field-5\" value=\"Allmaa koristust&ouml;&ouml;line ja l&auml;bindaja\"><\/div><div class=\"vfb-clearfix\"><\/div><div class=\"vfb-col-12 vfb-fieldType-hidden\" id=\"vfbField60\"><input id=\"vfb-field-60\" class=\"vfb-form-control\" placeholder=\"\" type=\"hidden\" name=\"vfb-field-60\" value=\"7377\"><\/div><div class=\"vfb-clearfix\"><\/div><div class=\"vfb-well vfb-col-12\" id=\"vfbField4\"><div class=\"vfb-form-group vfb-col-12\"><div><h3 class=\"\">Saada koolituse p\u00e4ring v\u00f5i <a href=\"\/koolitused\">vaata koolituskalendrit<\/a><\/h3><\/div><\/div><div class=\"vfb-col-12 vfb-fieldType-heading\" id=\"vfbField4\"><\/div><div class=\"vfb-clearfix\"><\/div><div class=\"vfb-col-4 vfb-fieldType-text\" id=\"vfbField1\"><div class=\"vfb-form-group\"><label for=\"vfb-field-1\" class=\"vfb-control-label\">Nimi <span class=\"vfb-required-asterisk\">*<\/span><\/label><div><input id=\"vfb-field-1\" class=\"vfb-form-control\" placeholder=\"\" required=\"required\" type=\"text\" name=\"vfb-field-1\" value=\"\"><\/div><\/div><\/div><div class=\"vfb-col-4 vfb-fieldType-email\" id=\"vfbField3\"><div class=\"vfb-form-group\"><label for=\"vfb-field-3\" class=\"vfb-control-label\">E-posti aadress <span class=\"vfb-required-asterisk\">*<\/span><\/label><div><input id=\"vfb-field-3\" class=\"vfb-form-control\" placeholder=\"\" required=\"required\" type=\"email\" name=\"vfb-field-3\" value=\"\"><\/div><\/div><\/div><div class=\"vfb-col-4 vfb-fieldType-text\" id=\"vfbField6\"><div class=\"vfb-form-group\"><label for=\"vfb-field-6\" class=\"vfb-control-label\">Telefon <span class=\"vfb-required-asterisk\">*<\/span><\/label><div><input id=\"vfb-field-6\" class=\"vfb-form-control\" placeholder=\"\" required=\"required\" type=\"text\" name=\"vfb-field-6\" value=\"\"><\/div><\/div><\/div><div class=\"vfb-clearfix\"><\/div><div class=\"vfb-col-12 vfb-fieldType-select\" id=\"vfbField81\"><label for=\"vfb-field-81\" class=\"vfb-control-label\">Soovin koolitust l\u00e4bida:<\/label><div><div class=\"vfb-form-group\"><select id=\"vfb-field-81\" class=\"vfb-form-control\" placeholder=\"\" name=\"vfb-field-81\"><option value=\"Eesti keeles\">Eesti keeles<\/option><option value=\"Vene keeles\">Vene keeles<\/option><\/select><\/div><\/div><\/div><div class=\"vfb-clearfix\"><\/div><div class=\"vfb-col-12 vfb-fieldType-select\" id=\"vfbField196\"><label for=\"vfb-field-196\" class=\"vfb-control-label\">Koolituse tellib:<\/label><div><div class=\"vfb-form-group\"><select id=\"vfb-field-196\" class=\"vfb-form-control\" placeholder=\"\" name=\"vfb-field-196\"><option value=\"Eraisik\">Eraisik<\/option><option value=\"Ettev&otilde;te\">Ettev\u00f5te<\/option><\/select><\/div><\/div><\/div><div class=\"vfb-clearfix\"><\/div><div class=\"vfb-col-4 vfb-fieldType-select\" id=\"vfbField11\"><label for=\"vfb-field-11\" class=\"vfb-control-label\">Kes arve tasub?<\/label><div><div class=\"vfb-form-group\"><select id=\"vfb-field-11\" class=\"vfb-form-control\" placeholder=\"\" name=\"vfb-field-11\"><option value=\"Ettev&otilde;te\">Ettev\u00f5te<\/option><option value=\"Eraisik\">Eraisik<\/option><option value=\"T&ouml;&ouml;tukassa\">T\u00f6\u00f6tukassa<\/option><\/select><\/div><\/div><\/div><div class=\"vfb-col-7 vfb-fieldType-text\" id=\"vfbField8\"><div class=\"vfb-form-group\"><label for=\"vfb-field-8\" class=\"vfb-control-label\">Ettev\u00f5tte nimi, kellele arve esitatakse <span class=\"vfb-required-asterisk\">*<\/span><\/label><div><input id=\"vfb-field-8\" class=\"vfb-form-control\" placeholder=\"\" required=\"required\" type=\"text\" name=\"vfb-field-8\" value=\"\"><\/div><\/div><\/div><div class=\"vfb-col-7 vfb-fieldType-text\" id=\"vfbField61\"><div class=\"vfb-form-group\"><label for=\"vfb-field-61\" class=\"vfb-control-label\">Eraisiku nimi, kellele arve esitatakse <span class=\"vfb-required-asterisk\">*<\/span><\/label><div><input id=\"vfb-field-61\" class=\"vfb-form-control\" placeholder=\"\" required=\"required\" type=\"text\" name=\"vfb-field-61\" value=\"\"><\/div><\/div><\/div><div class=\"vfb-clearfix\"><\/div><div class=\"vfb-col-12 vfb-fieldType-textarea\" id=\"vfbField12\"><div class=\"vfb-form-group\"><label for=\"vfb-field-12\" class=\"vfb-control-label\">Lisainfo<\/label><div><textarea id=\"vfb-field-12\" class=\"vfb-form-control\" placeholder=\"\" rows=\"5\" name=\"vfb-field-12\" cols=\"50\"><\/textarea><\/div><\/div><\/div><div class=\"vfb-clearfix\"><\/div><div class=\"vfb-col-6 vfb-fieldType-checkbox\" id=\"vfbField13\"><label for=\"vfb-field-13\" class=\"vfb-control-label\"><\/label><div><div class=\"vfb-checkbox\"><label><input id=\"vfb-field-13-0\" class=\"\" placeholder=\"\" data-vfb-multiple=\"vfb-field-13\" type=\"checkbox\" name=\"vfb-field-13[0]\" value=\"1\"> Soovin saada infot minu ala kursuste kohta<\/label><\/div><\/div><\/div><div class=\"vfb-col-6 vfb-fieldType-checkbox\" id=\"vfbField14\"><label for=\"vfb-field-14\" class=\"vfb-control-label\"><\/label><div><div class=\"vfb-checkbox\"><label><input id=\"vfb-field-14-0\" class=\"\" placeholder=\"\" data-vfb-multiple=\"vfb-field-14\" type=\"checkbox\" name=\"vfb-field-14[0]\" value=\"1\">Soovin saada infot eripakkumiste ja soodustuste kohta<\/label><\/div><\/div><\/div><div class=\"vfb-clearfix\"><\/div><div class=\"vfb-col-12 vfb-fieldType-checkbox\" id=\"vfbField15\"><label for=\"vfb-field-15\" class=\"vfb-control-label\"> <span class=\"vfb-required-asterisk\">*<\/span><\/label><div><div class=\"vfb-checkbox\"><label><input id=\"vfb-field-15-0\" class=\"\" placeholder=\"\" data-vfb-multiple=\"vfb-field-15\" required=\"required\" type=\"checkbox\" name=\"vfb-field-15[0]\" value=\"1\">Kinnitan, et olen tutvunud \u00d5ppet\u00f6\u00f6 korraldusega ja v\u00f5tan enesele k\u00f5ik sellest tulenevad kohustused<\/label><\/div><\/div><\/div><div class=\"vfb-clearfix\"><\/div><div class=\"vfb-col-12 vfb-fieldType-submit\" id=\"vfbField16\"><button id=\"vfb-field-16\" class=\" btn btn-primary\" placeholder=\"\" type=\"submit\" name=\"_vfb-submit\">Registreerimine<\/button><\/div><div class=\"vfb-clearfix\"><\/div><\/div> <!-- .vfb-well --><\/form>\n","protected":false},"excerpt":{"rendered":"<p>\u00d5ppekava kinnitamise aeg: 19.03.2026 \u00d5ppekava nimetus: Allmaa koristust\u00f6\u00f6line ja l\u00e4bindaja \u00d5ppekavar\u00fchm: \u00a0Kaevandamine ja rikastamine \u00d5ppekava koostamise alus:\u00a0 Kutsestandard \u201eM\u00e4et\u00f6\u00f6line\u201c, tase 4. Koolituse kogumaht akadeemilistes tundides : 80 Auditoorse t\u00f6\u00f6 maht\u00a0 40 Praktilise t\u00f6\u00f6 <a href=\"https:\/\/kvkoolitus.ee\/ru\/allmaa-koritustooline-ja-labindaja\/\"> [&#8230;]<\/a><\/p>\n","protected":false},"author":5,"featured_media":0,"parent":0,"menu_order":0,"comment_status":"closed","ping_status":"closed","template":"","meta":{"footnotes":""},"class_list":["post-7377","page","type-page","status-publish","hentry"],"aioseo_notices":[],"_links":{"self":[{"href":"https:\/\/kvkoolitus.ee\/ru\/wp-json\/wp\/v2\/pages\/7377","targetHints":{"allow":["GET"]}}],"collection":[{"href":"https:\/\/kvkoolitus.ee\/ru\/wp-json\/wp\/v2\/pages"}],"about":[{"href":"https:\/\/kvkoolitus.ee\/ru\/wp-json\/wp\/v2\/types\/page"}],"author":[{"embeddable":true,"href":"https:\/\/kvkoolitus.ee\/ru\/wp-json\/wp\/v2\/users\/5"}],"replies":[{"embeddable":true,"href":"https:\/\/kvkoolitus.ee\/ru\/wp-json\/wp\/v2\/comments?post=7377"}],"version-history":[{"count":5,"href":"https:\/\/kvkoolitus.ee\/ru\/wp-json\/wp\/v2\/pages\/7377\/revisions"}],"predecessor-version":[{"id":9160,"href":"https:\/\/kvkoolitus.ee\/ru\/wp-json\/wp\/v2\/pages\/7377\/revisions\/9160"}],"wp:attachment":[{"href":"https:\/\/kvkoolitus.ee\/ru\/wp-json\/wp\/v2\/media?parent=7377"}],"curies":[{"name":"wp","href":"https:\/\/api.w.org\/{rel}","templated":true}]}}