{"id":7381,"date":"2024-01-12T15:04:47","date_gmt":"2024-01-12T13:04:47","guid":{"rendered":"https:\/\/kvkoolitus.ee\/?page_id=7381"},"modified":"2025-12-17T14:41:03","modified_gmt":"2025-12-17T12:41:03","slug":"taienduskoolitus-sisetoode-elektrikule-4-taseme-kutse-taastoendamiseks","status":"publish","type":"page","link":"https:\/\/kvkoolitus.ee\/ru\/taienduskoolitus-sisetoode-elektrikule-4-taseme-kutse-taastoendamiseks\/","title":{"rendered":"T\u00e4ienduskoolitus elektrikule 4.taseme kutse taast\u00f5endamiseks (aktsepteeritud EETELi poolt!)"},"content":{"rendered":"<p style=\"text-align: right;\">\u00d5ppekava kinnitamise aeg: 27.01.2025<\/p>\n<p><strong>\u00d5ppekava nimetus:<\/strong> <strong>T\u00e4ienduskoolitus\u00a0 elektrikule 4.taseme kutse taast\u00f5endamiseks<\/strong><\/p>\n<h3><strong>Koolituskava on hinnatud Eesti Elektrit\u00f6\u00f6de Ettev\u00f5tjate Liidu kutsekomisjoni poolt!!!<\/strong><\/h3>\n<p><strong>\u00d5ppekavar\u00fchm:<\/strong> Elektrienergia ja energeetika<\/p>\n<p><strong>\u00d5ppekava koostamise alus:<\/strong> Kutsestandard Ehitiste elektrik, tase 4.<\/p>\n<p><strong>Koolituse kogumaht akadeemilistes tundides : 30<\/strong><\/p>\n<p><strong>Kasutatava \u00f5ppekeskkonna kirjeldus:<\/strong><\/p>\n<p>\u00d5ppet\u00f6\u00f6 toimub \u00f5ppeklassis, mis on varustatud dataprojektori ning arvutiga. Koolitusruum (sh \u00f5ppetehnika) vastab t\u00f6\u00f6tervishoiu ja t\u00f6\u00f6ohutuse seaduses s\u00e4testatud t\u00f6\u00f6tervishoiu ja -ohutuse n\u00f5uetele.<strong>\u00a0<\/strong><\/p>\n<p><strong>Sihtgrupp ja \u00f5ppe alustamise n\u00f5uded:<\/strong><\/p>\n<ul>\n<li>elektriala spetsialistid kelle erialased teadmised, oskused vajavad t\u00e4iendamist v\u00f5i lisaoskuseid;<\/li>\n<li>inimesed, kes soovivad 4.taseme ehitiste\/siset\u00f6\u00f6de elektriku kutsetunnistuse kehtivusaega pikendada.<\/li>\n<\/ul>\n<p><strong>\u00d5ppe alustamise n\u00f5uded<\/strong>: t\u00f6\u00f6kogemus antud valdkonnas ja siset\u00f6\u00f6de elektrik, 4.tase kutsetunnistuse omamine.<\/p>\n<p><strong>\u00d5ppekava eesm\u00e4rgid: <\/strong>t\u00e4ienduskoolituse eesm\u00e4rk on t\u00f5sta t\u00f6\u00f6tavate elektrike kompetentside taset<\/p>\n<p><strong>\u00d5piv\u00e4ljundid:<\/strong><\/p>\n<ul>\n<li>paigaldab n\u00f5uetekohaselt hoone elektripaigaldiste elektritarvikuid, -juhistikke ja -seadmeid ning kontrollib nende korrasolekut, j\u00e4rgides t\u00f6\u00f6tervishoiu-, t\u00f6\u00f6ohutus-, elektriohutus- ja keskkonnaohutusn\u00f5udeid;<\/li>\n<li>kavandab elektripaigaldiste ja tarvitite k\u00e4idutoimingud l\u00e4htudes etteantud k\u00e4idukavast;<\/li>\n<li>m\u00f5istab seadme ohutuse seaduse ja elektripaigaldiste k\u00e4idutoimingutega seonduvaid m\u00f5isteid, k\u00e4sitlusala ja n\u00f5udeid;<\/li>\n<li>tunneb elektripaigaldistes kasutatavaid voolu ja pingega seotud kaitseviise;<\/li>\n<li>tunneb n\u00f5udeid seadmetele ja kaablitele, mida paigaldatakse elektripaigaldistesse;<\/li>\n<li>tegutseb eesm\u00e4rgip\u00e4raselt ja vastutustundlikult, juhindudes kutseala \u00f5igusaktide n\u00f5uetes.<\/li>\n<\/ul>\n<p><strong>\u00d5ppe sisu:<\/strong><\/p>\n<ul>\n<li>Madal- ja v\u00e4ikepinges\u00fcsteemid,\u00a0 4 tundi<\/li>\n<li>Elektrimasinate ja -aparaatide t\u00f6\u00f6tamise p\u00f5him\u00f5tted, 4 tundi<\/li>\n<li>Ettev\u00f5tete elektrivarustuse s\u00fcsteemid, juhtmete ristl\u00f5ike valimine, 12 tundi<\/li>\n<li>K\u00e4it ja k\u00e4idutoimingud. EVS-EN 50110-1 standardi n\u00f5uded, 4 tundi<\/li>\n<li>Seadme ohutuse seadus ja sellega seotud \u00f5igusaktid, 4 tundi<\/li>\n<li>Kokkuv\u00f5ttev test, 2 tundi<\/li>\n<\/ul>\n<p><strong>Kasutatavad \u00f5ppemeetodid:<\/strong>Loeng, arutelu, seminar, \u201ckonstruktiivne\u201d lugemine<\/p>\n<p><strong>Vajalike \u00f5ppematerjalide loend:<\/strong><\/p>\n<ul>\n<li>Koolitaja poolt koostatud \u00f5ppematerjalid.<\/li>\n<li>Standard EVS-EN 50110-1<\/li>\n<li>Elektriohutusseadus<\/li>\n<li>Seadme ohutuse seadus<strong>\u00a0<\/strong><\/li>\n<\/ul>\n<p><strong>N\u00f5uded \u00f5pingute l\u00f5petamiseks:<\/strong><\/p>\n<p>Valikvastustega kirjaliku testi sooritamine v\u00e4hemalt 80% ulatuses.<\/p>\n<p>Tunnistusel on kirjas: \u201cKoolituskava on hinnatud Eesti Elektrit\u00f6\u00f6de Ettev\u00f5tjate Liidu kutsekomisjoni poolt\u201d.<\/p>\n<p><strong>Koolitaja kompetentsust t\u00f5endava kvalifikatsiooni v\u00f5i \u00f5pi- t\u00f6\u00f6kogemuse kirjeldus:<\/strong><\/p>\n<p>Juri M\u00fcrsep &#8211;\u00a0 elektriinsen, erialane k\u00f5rgharidus, t\u00f6\u00f6kogemus\u00a0 \u00fcle 25 aastat.<\/p>\n<p>Anton Bronnikov- rakendusk\u00f5rgharidus, \u00f5petaja\u00a0 tehnoloogia valdkonnas.<\/p>\n<p>&nbsp;<\/p>\n<p><strong>Lisainfo ja tellimine:<\/strong><\/p>\n<p>info@kvkoolitus.ee<\/p>\n<p>55583410, 53475016<\/p>\n<form method=\"post\" enctype=\"multipart\/form-data\" id=\"vfbp-form-1\" class=\"vfbp-form\"><div style=\"display:none;\"><label for=\"vfbp-EMAIL-AN8fuQyoDLXem\">\u0415\u0441\u043b\u0438 \u0412\u044b \u0447\u0435\u043b\u043e\u0432\u0435\u043a, \u043e\u0441\u0442\u0430\u0432\u044c\u0442\u0435 \u044d\u0442\u043e \u043f\u043e\u043b\u0435 \u043f\u0443\u0441\u0442\u044b\u043c<\/label><input size=\"25\" autocomplete=\"off\" type=\"text\" name=\"vfbp-EMAIL-AN8fuQyoDLXem\" value=\"\" id=\"\"><\/div><input type=\"hidden\" name=\"_vfb-timestamp-1\" value=\"1776509584\" id=\"\"><input type=\"hidden\" name=\"_vfb-form-id\" value=\"1\" id=\"\"><div class=\"vfb-col-12 vfb-fieldType-hidden\" id=\"vfbField5\"><input id=\"vfb-field-5\" class=\"vfb-form-control\" placeholder=\"\" type=\"hidden\" name=\"vfb-field-5\" value=\"T&auml;ienduskoolitus elektrikule 4.taseme kutse taast&otilde;endamiseks (aktsepteeritud EETELi poolt!)\"><\/div><div class=\"vfb-clearfix\"><\/div><div class=\"vfb-col-12 vfb-fieldType-hidden\" id=\"vfbField60\"><input id=\"vfb-field-60\" class=\"vfb-form-control\" placeholder=\"\" type=\"hidden\" name=\"vfb-field-60\" value=\"7381\"><\/div><div class=\"vfb-clearfix\"><\/div><div class=\"vfb-well vfb-col-12\" id=\"vfbField4\"><div class=\"vfb-form-group vfb-col-12\"><div><h3 class=\"\">Saada koolituse p\u00e4ring v\u00f5i <a href=\"\/koolitused\">vaata koolituskalendrit<\/a><\/h3><\/div><\/div><div class=\"vfb-col-12 vfb-fieldType-heading\" id=\"vfbField4\"><\/div><div class=\"vfb-clearfix\"><\/div><div class=\"vfb-col-4 vfb-fieldType-text\" id=\"vfbField1\"><div class=\"vfb-form-group\"><label for=\"vfb-field-1\" class=\"vfb-control-label\">Nimi <span class=\"vfb-required-asterisk\">*<\/span><\/label><div><input id=\"vfb-field-1\" class=\"vfb-form-control\" placeholder=\"\" required=\"required\" type=\"text\" name=\"vfb-field-1\" value=\"\"><\/div><\/div><\/div><div class=\"vfb-col-4 vfb-fieldType-email\" id=\"vfbField3\"><div class=\"vfb-form-group\"><label for=\"vfb-field-3\" class=\"vfb-control-label\">E-posti aadress <span class=\"vfb-required-asterisk\">*<\/span><\/label><div><input id=\"vfb-field-3\" class=\"vfb-form-control\" placeholder=\"\" required=\"required\" type=\"email\" name=\"vfb-field-3\" value=\"\"><\/div><\/div><\/div><div class=\"vfb-col-4 vfb-fieldType-text\" id=\"vfbField6\"><div class=\"vfb-form-group\"><label for=\"vfb-field-6\" class=\"vfb-control-label\">Telefon <span class=\"vfb-required-asterisk\">*<\/span><\/label><div><input id=\"vfb-field-6\" class=\"vfb-form-control\" placeholder=\"\" required=\"required\" type=\"text\" name=\"vfb-field-6\" value=\"\"><\/div><\/div><\/div><div class=\"vfb-clearfix\"><\/div><div class=\"vfb-col-12 vfb-fieldType-select\" id=\"vfbField81\"><label for=\"vfb-field-81\" class=\"vfb-control-label\">Soovin koolitust l\u00e4bida:<\/label><div><div class=\"vfb-form-group\"><select id=\"vfb-field-81\" class=\"vfb-form-control\" placeholder=\"\" name=\"vfb-field-81\"><option value=\"Eesti keeles\">Eesti keeles<\/option><option value=\"Vene keeles\">Vene keeles<\/option><\/select><\/div><\/div><\/div><div class=\"vfb-clearfix\"><\/div><div class=\"vfb-col-12 vfb-fieldType-select\" id=\"vfbField196\"><label for=\"vfb-field-196\" class=\"vfb-control-label\">Koolituse tellib:<\/label><div><div class=\"vfb-form-group\"><select id=\"vfb-field-196\" class=\"vfb-form-control\" placeholder=\"\" name=\"vfb-field-196\"><option value=\"Eraisik\">Eraisik<\/option><option value=\"Ettev&otilde;te\">Ettev\u00f5te<\/option><\/select><\/div><\/div><\/div><div class=\"vfb-clearfix\"><\/div><div class=\"vfb-col-4 vfb-fieldType-select\" id=\"vfbField11\"><label for=\"vfb-field-11\" class=\"vfb-control-label\">Kes arve tasub?<\/label><div><div class=\"vfb-form-group\"><select id=\"vfb-field-11\" class=\"vfb-form-control\" placeholder=\"\" name=\"vfb-field-11\"><option value=\"Ettev&otilde;te\">Ettev\u00f5te<\/option><option value=\"Eraisik\">Eraisik<\/option><option value=\"T&ouml;&ouml;tukassa\">T\u00f6\u00f6tukassa<\/option><\/select><\/div><\/div><\/div><div class=\"vfb-col-7 vfb-fieldType-text\" id=\"vfbField8\"><div class=\"vfb-form-group\"><label for=\"vfb-field-8\" class=\"vfb-control-label\">Ettev\u00f5tte nimi, kellele arve esitatakse <span class=\"vfb-required-asterisk\">*<\/span><\/label><div><input id=\"vfb-field-8\" class=\"vfb-form-control\" placeholder=\"\" required=\"required\" type=\"text\" name=\"vfb-field-8\" value=\"\"><\/div><\/div><\/div><div class=\"vfb-col-7 vfb-fieldType-text\" id=\"vfbField61\"><div class=\"vfb-form-group\"><label for=\"vfb-field-61\" class=\"vfb-control-label\">Eraisiku nimi, kellele arve esitatakse <span class=\"vfb-required-asterisk\">*<\/span><\/label><div><input id=\"vfb-field-61\" class=\"vfb-form-control\" placeholder=\"\" required=\"required\" type=\"text\" name=\"vfb-field-61\" value=\"\"><\/div><\/div><\/div><div class=\"vfb-clearfix\"><\/div><div class=\"vfb-col-12 vfb-fieldType-textarea\" id=\"vfbField12\"><div class=\"vfb-form-group\"><label for=\"vfb-field-12\" class=\"vfb-control-label\">Lisainfo<\/label><div><textarea id=\"vfb-field-12\" class=\"vfb-form-control\" placeholder=\"\" rows=\"5\" name=\"vfb-field-12\" cols=\"50\"><\/textarea><\/div><\/div><\/div><div class=\"vfb-clearfix\"><\/div><div class=\"vfb-col-6 vfb-fieldType-checkbox\" id=\"vfbField13\"><label for=\"vfb-field-13\" class=\"vfb-control-label\"><\/label><div><div class=\"vfb-checkbox\"><label><input id=\"vfb-field-13-0\" class=\"\" placeholder=\"\" data-vfb-multiple=\"vfb-field-13\" type=\"checkbox\" name=\"vfb-field-13[0]\" value=\"1\"> Soovin saada infot minu ala kursuste kohta<\/label><\/div><\/div><\/div><div class=\"vfb-col-6 vfb-fieldType-checkbox\" id=\"vfbField14\"><label for=\"vfb-field-14\" class=\"vfb-control-label\"><\/label><div><div class=\"vfb-checkbox\"><label><input id=\"vfb-field-14-0\" class=\"\" placeholder=\"\" data-vfb-multiple=\"vfb-field-14\" type=\"checkbox\" name=\"vfb-field-14[0]\" value=\"1\">Soovin saada infot eripakkumiste ja soodustuste kohta<\/label><\/div><\/div><\/div><div class=\"vfb-clearfix\"><\/div><div class=\"vfb-col-12 vfb-fieldType-checkbox\" id=\"vfbField15\"><label for=\"vfb-field-15\" class=\"vfb-control-label\"> <span class=\"vfb-required-asterisk\">*<\/span><\/label><div><div class=\"vfb-checkbox\"><label><input id=\"vfb-field-15-0\" class=\"\" placeholder=\"\" data-vfb-multiple=\"vfb-field-15\" required=\"required\" type=\"checkbox\" name=\"vfb-field-15[0]\" value=\"1\">Kinnitan, et olen tutvunud \u00d5ppet\u00f6\u00f6 korraldusega ja v\u00f5tan enesele k\u00f5ik sellest tulenevad kohustused<\/label><\/div><\/div><\/div><div class=\"vfb-clearfix\"><\/div><div class=\"vfb-col-12 vfb-fieldType-submit\" id=\"vfbField16\"><button id=\"vfb-field-16\" class=\" btn btn-primary\" placeholder=\"\" type=\"submit\" name=\"_vfb-submit\">Registreerimine<\/button><\/div><div class=\"vfb-clearfix\"><\/div><\/div> <!-- .vfb-well --><\/form>\n","protected":false},"excerpt":{"rendered":"<p>\u00d5ppekava kinnitamise aeg: 27.01.2025 \u00d5ppekava nimetus: T\u00e4ienduskoolitus\u00a0 elektrikule 4.taseme kutse taast\u00f5endamiseks Koolituskava on hinnatud Eesti Elektrit\u00f6\u00f6de Ettev\u00f5tjate Liidu kutsekomisjoni poolt!!! \u00d5ppekavar\u00fchm: Elektrienergia ja energeetika \u00d5ppekava koostamise alus: Kutsestandard Ehitiste elektrik, tase 4. Koolituse <a href=\"https:\/\/kvkoolitus.ee\/ru\/taienduskoolitus-sisetoode-elektrikule-4-taseme-kutse-taastoendamiseks\/\"> [&#8230;]<\/a><\/p>\n","protected":false},"author":5,"featured_media":0,"parent":0,"menu_order":0,"comment_status":"closed","ping_status":"closed","template":"","meta":{"footnotes":""},"class_list":["post-7381","page","type-page","status-publish","hentry"],"aioseo_notices":[],"_links":{"self":[{"href":"https:\/\/kvkoolitus.ee\/ru\/wp-json\/wp\/v2\/pages\/7381","targetHints":{"allow":["GET"]}}],"collection":[{"href":"https:\/\/kvkoolitus.ee\/ru\/wp-json\/wp\/v2\/pages"}],"about":[{"href":"https:\/\/kvkoolitus.ee\/ru\/wp-json\/wp\/v2\/types\/page"}],"author":[{"embeddable":true,"href":"https:\/\/kvkoolitus.ee\/ru\/wp-json\/wp\/v2\/users\/5"}],"replies":[{"embeddable":true,"href":"https:\/\/kvkoolitus.ee\/ru\/wp-json\/wp\/v2\/comments?post=7381"}],"version-history":[{"count":7,"href":"https:\/\/kvkoolitus.ee\/ru\/wp-json\/wp\/v2\/pages\/7381\/revisions"}],"predecessor-version":[{"id":8958,"href":"https:\/\/kvkoolitus.ee\/ru\/wp-json\/wp\/v2\/pages\/7381\/revisions\/8958"}],"wp:attachment":[{"href":"https:\/\/kvkoolitus.ee\/ru\/wp-json\/wp\/v2\/media?parent=7381"}],"curies":[{"name":"wp","href":"https:\/\/api.w.org\/{rel}","templated":true}]}}