{"id":7387,"date":"2024-01-12T15:37:33","date_gmt":"2024-01-12T13:37:33","guid":{"rendered":"https:\/\/kvkoolitus.ee\/?page_id=7387"},"modified":"2024-01-18T12:51:43","modified_gmt":"2024-01-18T10:51:43","slug":"sotsiaalvaldkonna-koolitused","status":"publish","type":"page","link":"https:\/\/kvkoolitus.ee\/ru\/sotsiaalvaldkonna-koolitused\/","title":{"rendered":"\u0421\u041e\u0426\u0418\u0410\u041b\u042c\u041d\u0410\u042f \u0420\u0410\u0411\u041e\u0422\u0410 \u0418 \u041a\u041e\u041d\u0421\u0423\u041b\u042c\u0422\u0418\u0420\u041e\u0412\u0410\u041d\u0418\u0415"},"content":{"rendered":"<p>Meie sotsiaalvaldkonna koolitused on suunatud neile, kes soovivad omandada ja arendada oma teadmisi, pakuvad praktilisi oskusi neile, kes soovivad panustada \u00fchiskonda tugiisiku v\u00f5i tegevusjuhendajana ja toetada inimesi nende igap\u00e4evaelus ja edendada nende iseseisvust.<\/p>\n<p>Tule meie sotsiaalvaldkonna koolitustele, mis aitavad kaasa inimeste elukvaliteedi parandamisele.<\/p>\n<ol>\n<li><a href=\"https:\/\/kvkoolitus.ee\/tugiisiku-koolitus-koos-esmaabi-pohikoolitusega\/\">Tugiisiku koolitus koos esmaabi p\u00f5hikoolitusega<\/a><\/li>\n<li><a href=\"https:\/\/kvkoolitus.ee\/tegevusjuhendaja-koolitus-koos-esmaabiandja-valjaoppega\/\">Tegevusjuhendaja koolitus koos esmaabiandja v\u00e4lja\u00f5ppega<\/a><\/li>\n<li><a href=\"https:\/\/kvkoolitus.ee\/tegevusjuhendaja-taienduskoolitus-tootamise-toetamise-teenuse-osutamise-taienduskoolitus\/\">Tegevusjuhendaja t\u00e4iendkoolitus (T\u00f6\u00f6tamise toetamise teenuse osutamise t\u00e4iendkoolitus)<\/a><\/li>\n<li><a href=\"https:\/\/kvkoolitus.ee\/taienduskoolitus-tooks-aarmusliku-abi-ja-toetusvajadusega-psuuhikahairega-isikutega-voi-ebastabiilse-remissiooniga-raske-sugava-voi-pusiva-kuluga-psuuhikahairega-isikutega\/\">T\u00e4iendkoolitus t\u00f6\u00f6ks \u00e4\u00e4rmusliku abi- ja toetusvajdusega ps\u00fc\u00fchikah\u00e4irega isikutega v\u00f5i ebastabiilse remissiooniga raske, s\u00fcgava v\u00f5i p\u00fcsiva kuluga ps\u00fc\u00fchikah\u00e4irega isikutega<\/a><\/li>\n<\/ol>\n<p>&nbsp;<\/p>\n<p>&nbsp;<\/p>\n<p><strong>Tellimine ja info:<\/strong><\/p>\n<p>Telefon: 55 583 410; 53 475 016<br \/>\nE-post:\u00a0<a href=\"mailto:info@kvkoolitus.ee\">info@kvkoolitus.ee<\/a><\/p>\n<p>Koolituse tellimiseks saatke p\u00e4ring e-postile v\u00f5i t\u00e4itke \u00e4ra allolev vorm:<\/p>\n<form method=\"post\" enctype=\"multipart\/form-data\" id=\"vfbp-form-4\" class=\"vfbp-form\"><div style=\"display:none;\"><label for=\"vfbp-EMAIL-AN8fuQyoDLXem\">\u0415\u0441\u043b\u0438 \u0412\u044b \u0447\u0435\u043b\u043e\u0432\u0435\u043a, \u043e\u0441\u0442\u0430\u0432\u044c\u0442\u0435 \u044d\u0442\u043e \u043f\u043e\u043b\u0435 \u043f\u0443\u0441\u0442\u044b\u043c<\/label><input size=\"25\" autocomplete=\"off\" type=\"text\" name=\"vfbp-EMAIL-AN8fuQyoDLXem\" value=\"\" id=\"\"><\/div><input type=\"hidden\" name=\"_vfb-timestamp-4\" value=\"1776624352\" id=\"\"><input type=\"hidden\" name=\"_vfb-form-id\" value=\"4\" id=\"\"><div class=\"vfb-col-12 vfb-fieldType-hidden\" id=\"vfbField50\"><input id=\"vfb-field-50\" class=\"vfb-form-control\" placeholder=\"\" type=\"hidden\" name=\"vfb-field-50\" value=\"SOTSIAALT&Ouml;&Ouml; JA N&Otilde;USTAMINE\"><\/div><div class=\"vfb-clearfix\"><\/div><div class=\"vfb-well vfb-col-12\" id=\"vfbField51\"><div class=\"vfb-form-group vfb-col-12\"><div><h3 class=\"\">Saada koolitussoovi p\u00e4ring siit v\u00f5i <a href=\"\/koolitused\">vaata koolituskalendrit<\/a><\/h3><\/div><\/div><div class=\"vfb-col-12 vfb-fieldType-heading\" id=\"vfbField51\"><\/div><div class=\"vfb-clearfix\"><\/div><div class=\"vfb-col-12 vfb-fieldType-textarea\" id=\"vfbField57\"><div class=\"vfb-form-group\"><label for=\"vfb-field-57\" class=\"vfb-control-label\">Kirjeldage oma koolitussoovi v\u00f5i -vajadust<\/label><div><textarea id=\"vfb-field-57\" class=\"vfb-form-control\" placeholder=\"\" rows=\"6\" name=\"vfb-field-57\" cols=\"50\"><\/textarea><\/div><\/div><\/div><div class=\"vfb-clearfix\"><\/div><div class=\"vfb-col-4 vfb-fieldType-text\" id=\"vfbField54\"><div class=\"vfb-form-group\"><label for=\"vfb-field-54\" class=\"vfb-control-label\">Nimi <span class=\"vfb-required-asterisk\">*<\/span><\/label><div><input id=\"vfb-field-54\" class=\"vfb-form-control\" placeholder=\"\" required=\"required\" type=\"text\" name=\"vfb-field-54\" value=\"\"><\/div><\/div><\/div><div class=\"vfb-col-4 vfb-fieldType-email\" id=\"vfbField55\"><div class=\"vfb-form-group\"><label for=\"vfb-field-55\" class=\"vfb-control-label\">E-posti aadress <span class=\"vfb-required-asterisk\">*<\/span><\/label><div><input id=\"vfb-field-55\" class=\"vfb-form-control\" placeholder=\"\" required=\"required\" type=\"email\" name=\"vfb-field-55\" value=\"\"><\/div><\/div><\/div><div class=\"vfb-col-4 vfb-fieldType-text\" id=\"vfbField56\"><div class=\"vfb-form-group\"><label for=\"vfb-field-56\" class=\"vfb-control-label\">Telefon <span class=\"vfb-required-asterisk\">*<\/span><\/label><div><input id=\"vfb-field-56\" class=\"vfb-form-control\" placeholder=\"\" required=\"required\" type=\"text\" name=\"vfb-field-56\" value=\"\"><\/div><\/div><\/div><div class=\"vfb-clearfix\"><\/div><div class=\"vfb-col-12 vfb-fieldType-checkbox\" id=\"vfbField58\"><label for=\"vfb-field-58\" class=\"vfb-control-label\"> <span class=\"vfb-required-asterisk\">*<\/span><\/label><div><div class=\"vfb-checkbox\"><label><input id=\"vfb-field-58-0\" class=\"\" placeholder=\"\" data-vfb-multiple=\"vfb-field-58\" required=\"required\" type=\"checkbox\" name=\"vfb-field-58[0]\" value=\"1\">Kinnitan, et olen tutvunud \u00d5ppet\u00f6\u00f6 korraldusega ja v\u00f5tan enesele k\u00f5ik sellest tulenevad kohustused<\/label><\/div><\/div><\/div><div class=\"vfb-clearfix\"><\/div><div class=\"vfb-col-12 vfb-fieldType-submit\" id=\"vfbField59\"><button id=\"vfb-field-59\" class=\" btn btn-primary\" placeholder=\"\" type=\"submit\" name=\"_vfb-submit\">Saada<\/button><\/div><div class=\"vfb-clearfix\"><\/div><\/div> <!-- .vfb-well --><\/form>\n","protected":false},"excerpt":{"rendered":"<p>Meie sotsiaalvaldkonna koolitused on suunatud neile, kes soovivad omandada ja arendada oma teadmisi, pakuvad praktilisi oskusi neile, kes soovivad panustada \u00fchiskonda tugiisiku v\u00f5i tegevusjuhendajana ja toetada inimesi nende igap\u00e4evaelus ja edendada nende iseseisvust. <a href=\"https:\/\/kvkoolitus.ee\/ru\/sotsiaalvaldkonna-koolitused\/\"> [&#8230;]<\/a><\/p>\n","protected":false},"author":4,"featured_media":0,"parent":0,"menu_order":0,"comment_status":"closed","ping_status":"closed","template":"","meta":{"footnotes":""},"class_list":["post-7387","page","type-page","status-publish","hentry"],"aioseo_notices":[],"_links":{"self":[{"href":"https:\/\/kvkoolitus.ee\/ru\/wp-json\/wp\/v2\/pages\/7387","targetHints":{"allow":["GET"]}}],"collection":[{"href":"https:\/\/kvkoolitus.ee\/ru\/wp-json\/wp\/v2\/pages"}],"about":[{"href":"https:\/\/kvkoolitus.ee\/ru\/wp-json\/wp\/v2\/types\/page"}],"author":[{"embeddable":true,"href":"https:\/\/kvkoolitus.ee\/ru\/wp-json\/wp\/v2\/users\/4"}],"replies":[{"embeddable":true,"href":"https:\/\/kvkoolitus.ee\/ru\/wp-json\/wp\/v2\/comments?post=7387"}],"version-history":[{"count":0,"href":"https:\/\/kvkoolitus.ee\/ru\/wp-json\/wp\/v2\/pages\/7387\/revisions"}],"wp:attachment":[{"href":"https:\/\/kvkoolitus.ee\/ru\/wp-json\/wp\/v2\/media?parent=7387"}],"curies":[{"name":"wp","href":"https:\/\/api.w.org\/{rel}","templated":true}]}}