{"id":7419,"date":"2024-01-15T09:27:42","date_gmt":"2024-01-15T07:27:42","guid":{"rendered":"https:\/\/kvkoolitus.ee\/?page_id=7419"},"modified":"2024-01-15T09:27:42","modified_gmt":"2024-01-15T07:27:42","slug":"stressijuhtimine-ja-meeskonnatoo-kriisiolukorras","status":"publish","type":"page","link":"https:\/\/kvkoolitus.ee\/ru\/stressijuhtimine-ja-meeskonnatoo-kriisiolukorras\/","title":{"rendered":"\u0423\u043f\u0440\u0430\u0432\u043b\u0435\u043d\u0438\u0435 \u0441\u0442\u0440\u0435\u0441\u0441\u043e\u043c \u0438 \u0440\u0430\u0431\u043e\u0442\u0430 \u0432 \u043a\u043e\u043c\u0430\u043d\u0434\u0435 \u0432 \u043a\u0440\u0438\u0437\u0438\u0441\u043d\u044b\u0445 \u0441\u0438\u0442\u0443\u0430\u0446\u0438\u044f\u0445"},"content":{"rendered":"<p><strong>\u0421\u041f\u0420\u0410\u0412\u041e\u0427\u041d\u0418\u041a<\/strong><\/p>\n<p>\u0414\u0430\u0442\u0430 \u0443\u0442\u0432\u0435\u0440\u0436\u0434\u0435\u043d\u0438\u044f \u0443\u0447\u0435\u0431\u043d\u043e\u0439 \u043f\u0440\u043e\u0433\u0440\u0430\u043c\u043c\u044b: 18.12.2023<\/p>\n<p><strong>\u041d\u0430\u0437\u0432\u0430\u043d\u0438\u0435 \u0443\u0447\u0435\u0431\u043d\u043e\u0439 \u043f\u0440\u043e\u0433\u0440\u0430\u043c\u043c\u044b:\u00a0 <\/strong><strong>\u0423\u043f\u0440\u0430\u0432\u043b\u0435\u043d\u0438\u0435 \u0441\u0442\u0440\u0435\u0441\u0441\u043e\u043c \u0438 \u0440\u0430\u0431\u043e\u0442\u0430 \u0432 \u043a\u043e\u043c\u0430\u043d\u0434\u0435 \u0432 \u043a\u0440\u0438\u0437\u0438\u0441\u043d\u044b\u0445 \u0441\u0438\u0442\u0443\u0430\u0446\u0438\u044f\u0445<\/strong><\/p>\n<p><strong>\u0413\u0440\u0443\u043f\u043f\u0430 \u0443\u0447\u0435\u0431\u043d\u043e\u0439 \u043f\u0440\u043e\u0433\u0440\u0430\u043c\u043c\u044b: <\/strong>\u041b\u0438\u0447\u043d\u043e\u0435 \u0440\u0430\u0437\u0432\u0438\u0442\u0438\u0435<\/p>\n<p><strong>\u041e\u0441\u043d\u043e\u0432\u0430\u043d\u0438\u0435 \u0434\u043b\u044f \u0440\u0430\u0437\u0440\u0430\u0431\u043e\u0442\u043a\u0438 \u0443\u0447\u0435\u0431\u043d\u043e\u0439 \u043f\u0440\u043e\u0433\u0440\u0430\u043c\u043c\u044b:\u00a0 <\/strong> \u041f\u0440\u043e\u0444\u0435\u0441\u0441\u0438\u043e\u043d\u0430\u043b\u044c\u043d\u044b\u0435 \u0441\u0442\u0430\u043d\u0434\u0430\u0440\u0442\u044b: \u0440\u0430\u0431\u043e\u0442\u043d\u0438\u043a \u043f\u043e \u0443\u0445\u043e\u0434\u0443, \u0443\u0440\u043e\u0432\u0435\u043d\u044c 4; \u0441\u043f\u0435\u0446\u0438\u0430\u043b\u0438\u0441\u0442 \u043f\u043e \u0441\u043e\u0446\u0438\u0430\u043b\u044c\u043d\u043e\u043c\u0443 \u0438 \u043c\u0435\u0434\u0438\u0446\u0438\u043d\u0441\u043a\u043e\u043c\u0443 \u0443\u0445\u043e\u0434\u0443, \u0443\u0440\u043e\u0432\u0435\u043d\u044c 4.<\/p>\n<p><strong>\u041e\u0431\u0449\u0435\u0435 \u043a\u043e\u043b\u0438\u0447\u0435\u0441\u0442\u0432\u043e \u0430\u043a\u0430\u0434\u0435\u043c\u0438\u0447\u0435\u0441\u043a\u0438\u0445 \u0447\u0430\u0441\u043e\u0432: 30<\/strong><\/p>\n<p>\u0432\u043a\u043b\u044e\u0447\u0430\u044f \u043e\u0431\u044a\u0435\u043c \u0430\u0443\u0434\u0438\u0442\u043e\u0440\u043d\u043e\u0439 \u0440\u0430\u0431\u043e\u0442\u044b \u0432 \u0430\u043a\u0430\u0434\u0435\u043c\u0438\u0447\u0435\u0441\u043a\u0438\u0435 \u0447\u0430\u0441\u044b: 20<\/p>\n<p>(\u043d\u0430 \u043b\u0435\u043a\u0446\u0438\u0438, \u0441\u0435\u043c\u0438\u043d\u0430\u0440\u0435 \u0438\u043b\u0438 \u0432 \u0434\u0440\u0443\u0433\u043e\u0439 \u0444\u043e\u0440\u043c\u0435 \u043e\u0431\u0443\u0447\u0435\u043d\u0438\u044f, \u043e\u043f\u0440\u0435\u0434\u0435\u043b\u0435\u043d\u043d\u043e\u0439 \u0448\u043a\u043e\u043b\u043e\u0439)<\/p>\n<p>\u0412\u043a\u043b. \u043e\u0431\u044a\u0435\u043c \u043f\u0440\u0430\u043a\u0442\u0438\u0447\u0435\u0441\u043a\u043e\u0439 \u0440\u0430\u0431\u043e\u0442\u044b \u0432 \u0430\u043a\u0430\u0434\u0435\u043c\u0438\u0447\u0435\u0441\u043a\u0438\u0445 \u0447\u0430\u0441\u0430\u0445: 10<\/p>\n<p>(\u043f\u0440\u0438\u043c\u0435\u043d\u0435\u043d\u0438\u0435 \u0437\u043d\u0430\u043d\u0438\u0439 \u0438 \u043d\u0430\u0432\u044b\u043a\u043e\u0432, \u043f\u043e\u043b\u0443\u0447\u0435\u043d\u043d\u044b\u0445 \u0432 \u0443\u0447\u0435\u0431\u043d\u043e\u0439 \u0441\u0440\u0435\u0434\u0435)<\/p>\n<p><strong>\u041e\u043f\u0438\u0441\u0430\u043d\u0438\u0435 \u0438\u0441\u043f\u043e\u043b\u044c\u0437\u0443\u0435\u043c\u043e\u0439 \u0441\u0440\u0435\u0434\u044b \u043e\u0431\u0443\u0447\u0435\u043d\u0438\u044f:<\/strong><\/p>\n<p>\u041f\u0440\u0435\u043f\u043e\u0434\u0430\u0432\u0430\u043d\u0438\u0435 \u0432\u0435\u0434\u0435\u0442\u0441\u044f \u0432 \u043a\u043b\u0430\u0441\u0441\u0435, \u043e\u0431\u043e\u0440\u0443\u0434\u043e\u0432\u0430\u043d\u043d\u043e\u043c \u043f\u0440\u043e\u0435\u043a\u0442\u043e\u0440\u043e\u043c \u0438 \u043a\u043e\u043c\u043f\u044c\u044e\u0442\u0435\u0440\u043e\u043c.<\/p>\n<p>\u0423\u0447\u0435\u0431\u043d\u044b\u0435 \u043f\u043e\u043c\u0435\u0449\u0435\u043d\u0438\u044f \u0441\u043e\u043e\u0442\u0432\u0435\u0442\u0441\u0442\u0432\u0443\u044e\u0442 \u0442\u0440\u0435\u0431\u043e\u0432\u0430\u043d\u0438\u044f\u043c T\u00f6\u00f6tervishoiu ja t\u00f6\u00f6ohutuse seadus<\/p>\n<p><strong>\u0426\u0435\u043b\u0435\u0432\u0430\u044f \u0433\u0440\u0443\u043f\u043f\u0430 \u0438 \u0442\u0440\u0435\u0431\u043e\u0432\u0430\u043d\u0438\u044f \u043a \u043f\u043e\u0441\u0442\u0443\u043f\u043b\u0435\u043d\u0438\u044e:<\/strong><\/p>\n<p>\u0420\u0430\u0431\u043e\u0442\u043d\u0438\u043a\u0438 \u0437\u0434\u0440\u0430\u0432\u043e\u043e\u0445\u0440\u0430\u043d\u0435\u043d\u0438\u044f \u0438 \u0441\u043e\u0446\u0438\u0430\u043b\u044c\u043d\u043e\u0439 \u0441\u0444\u0435\u0440\u044b (\u0434\u043e\u043c\u0430 \u043f\u0440\u0435\u0441\u0442\u0430\u0440\u0435\u043b\u044b\u0445, \u0446\u0435\u043d\u0442\u0440\u044b \u043f\u043e \u0443\u0445\u043e\u0434\u0443 \u0438 \u0434\u043d\u0435\u0432\u043d\u044b\u0435 \u0446\u0435\u043d\u0442\u0440\u044b, \u043f\u0435\u0440\u0441\u043e\u043d\u0430\u043b \u0431\u043e\u043b\u044c\u043d\u0438\u0446, \u043a\u0440\u043e\u043c\u0435 \u0432\u0440\u0430\u0447\u0435\u0439, \u0432\u0441\u043f\u043e\u043c\u043e\u0433\u0430\u0442\u0435\u043b\u044c\u043d\u044b\u0435 \u0440\u0430\u0431\u043e\u0442\u043d\u0438\u043a\u0438, \u0441\u0438\u0434\u0435\u043b\u043a\u0438, \u0440\u0430\u0431\u043e\u0442\u043d\u0438\u043a\u0438 \u043f\u043e \u0443\u0445\u043e\u0434\u0443 \u043d\u0430 \u0434\u043e\u043c\u0443, \u043c\u0443\u043d\u0438\u0446\u0438\u043f\u0430\u043b\u044c\u043d\u044b\u0435 \u0441\u043e\u0446\u0438\u0430\u043b\u044c\u043d\u044b\u0435 \u0440\u0430\u0431\u043e\u0442\u043d\u0438\u043a\u0438, \u0432\u0441\u043f\u043e\u043c\u043e\u0433\u0430\u0442\u0435\u043b\u044c\u043d\u044b\u0435 \u0440\u0430\u0431\u043e\u0442\u043d\u0438\u043a\u0438, \u0440\u0443\u043a\u043e\u0432\u043e\u0434\u0438\u0442\u0435\u043b\u0438 \u043c\u0435\u0440\u043e\u043f\u0440\u0438\u044f\u0442\u0438\u0439).<\/p>\n<p><strong>\u0422\u0440\u0435\u0431\u043e\u0432\u0430\u043d\u0438\u044f \u0434\u043b\u044f \u043d\u0430\u0447\u0430\u043b\u0430 \u043e\u0431\u0443\u0447\u0435\u043d\u0438\u044f:<\/strong> \u043f\u0440\u043e\u0444\u0435\u0441\u0441\u0438\u043e\u043d\u0430\u043b\u044c\u043d\u044b\u0439 \u043e\u043f\u044b\u0442 \u0432 \u0434\u0430\u043d\u043d\u043e\u0439 \u043e\u0431\u043b\u0430\u0441\u0442\u0438.<\/p>\n<p><strong>\u0426\u0435\u043b\u0438 \u043e\u0431\u0443\u0447\u0435\u043d\u0438\u044f:<\/strong><\/p>\n<p>\u0426\u0435\u043b\u044c \u0442\u0440\u0435\u043d\u0438\u043d\u0433\u0430 - \u043f\u043e\u043c\u043e\u0447\u044c \u0443\u0447\u0430\u0441\u0442\u043d\u0438\u043a\u0430\u043c \u0443\u0437\u043d\u0430\u0442\u044c \u043e\u0431 \u0438\u0441\u0442\u043e\u0447\u043d\u0438\u043a\u0430\u0445 \u0438\u0445 \u0441\u0442\u0440\u0435\u0441\u0441\u0430 \u0438 \u0432\u044b\u0433\u043e\u0440\u0430\u043d\u0438\u044f, \u0430 \u0442\u0430\u043a\u0436\u0435 \u043d\u0430\u0439\u0442\u0438 \u043b\u0443\u0447\u0448\u0438\u0435 \u0441\u043f\u043e\u0441\u043e\u0431\u044b \u043f\u0440\u0435\u0434\u043e\u0442\u0432\u0440\u0430\u0442\u0438\u0442\u044c \u0441\u0442\u0440\u0435\u0441\u0441, \u0441\u043f\u0440\u0430\u0432\u0438\u0442\u044c\u0441\u044f \u0441\u043e \u0441\u0442\u0440\u0435\u0441\u0441\u043e\u043c \u0438 \u0440\u0430\u0441\u0441\u043b\u0430\u0431\u0438\u0442\u044c\u0441\u044f \u0432 \u0434\u0430\u043b\u044c\u043d\u0435\u0439\u0448\u0435\u043c.<\/p>\n<p><strong>\u0420\u0435\u0437\u0443\u043b\u044c\u0442\u0430\u0442\u044b \u043e\u0431\u0443\u0447\u0435\u043d\u0438\u044f<\/strong><\/p>\n<ul>\n<li>\u0437\u043d\u0430\u0435\u0442 \u043e\u0431 \u0438\u0437\u043c\u0435\u043d\u0435\u043d\u0438\u044f\u0445 \u0432 \u0441\u0435\u043a\u0442\u043e\u0440\u0435 \u0437\u0434\u0440\u0430\u0432\u043e\u043e\u0445\u0440\u0430\u043d\u0435\u043d\u0438\u044f \u0438 \u0441\u043e\u0446\u0438\u0430\u043b\u044c\u043d\u043e\u0433\u043e \u043e\u0431\u0435\u0441\u043f\u0435\u0447\u0435\u043d\u0438\u044f \u0432 \u043a\u043e\u043d\u0442\u0435\u043a\u0441\u0442\u0435 \u043f\u0430\u043d\u0434\u0435\u043c\u0438\u0438, \u0432\u044b\u0437\u044b\u0432\u0430\u044e\u0449\u0435\u0439 \u0441\u0442\u0440\u0435\u0441\u0441, \u0441\u0432\u044f\u0437\u0430\u043d\u043d\u044b\u0439 \u0441 \u0440\u0430\u0431\u043e\u0442\u043e\u0439.<\/li>\n<li>\u0437\u043d\u0430\u043a\u043e\u043c \u0441 \u0444\u0430\u043a\u0442\u043e\u0440\u0430\u043c\u0438 \u0441\u0442\u0440\u0435\u0441\u0441\u0430 \u0432 \u043a\u0440\u0438\u0437\u0438\u0441\u043d\u043e\u0439 \u0441\u0438\u0442\u0443\u0430\u0446\u0438\u0438 \u0438 \u043c\u0435\u0440\u0430\u043c\u0438, \u043a\u043e\u0442\u043e\u0440\u044b\u0435 \u043d\u0435\u043e\u0431\u0445\u043e\u0434\u0438\u043c\u043e \u043f\u0440\u0438\u043c\u0435\u043d\u044f\u0442\u044c \u0434\u043b\u044f \u043f\u0440\u0435\u0434\u043e\u0442\u0432\u0440\u0430\u0449\u0435\u043d\u0438\u044f \u043f\u0430\u043d\u0434\u0435\u043c\u0438\u0438 \u0438 \u0438\u043d\u0444\u0435\u043a\u0446\u0438\u043e\u043d\u043d\u044b\u0445 \u0437\u0430\u0431\u043e\u043b\u0435\u0432\u0430\u043d\u0438\u0439.<\/li>\n<li>\u0417\u043d\u0430\u0435\u0442 \u0438 \u0443\u043c\u0435\u0435\u0442 \u043f\u0440\u0438\u043c\u0435\u043d\u044f\u0442\u044c \u0442\u0435\u0445\u043d\u0438\u043a\u0438 \u0443\u043f\u0440\u0430\u0432\u043b\u0435\u043d\u0438\u044f \u0441\u0442\u0440\u0435\u0441\u0441\u043e\u043c.<\/li>\n<li>\u0417\u043d\u0430\u0435\u0442, \u043a\u0430\u043a \u0440\u0430\u0431\u043e\u0442\u0430\u0435\u0442 \u043a\u043e\u043c\u0430\u043d\u0434\u0430 \u0432 \u043a\u0440\u0438\u0437\u0438\u0441\u043d\u043e\u0439 \u0441\u0438\u0442\u0443\u0430\u0446\u0438\u0438 \u0438 \u043a\u0430\u043a \u0430\u0434\u0430\u043f\u0442\u0438\u0440\u043e\u0432\u0430\u0442\u044c\u0441\u044f \u043a \u043d\u043e\u0432\u043e\u0439 \u043a\u043e\u043c\u0430\u043d\u0434\u0435, \u0438 \u0432\u044b\u0431\u0438\u0440\u0430\u0435\u0442 \u043f\u043e\u0434\u0445\u043e\u0434\u044f\u0449\u0438\u0435 \u0441\u0442\u0440\u0430\u0442\u0435\u0433\u0438\u0438 \u043f\u0440\u0435\u043e\u0434\u043e\u043b\u0435\u043d\u0438\u044f \u0432 \u0437\u0430\u0432\u0438\u0441\u0438\u043c\u043e\u0441\u0442\u0438 \u043e\u0442 \u0441\u0438\u0442\u0443\u0430\u0446\u0438\u0438.<\/li>\n<\/ul>\n<p><strong>\u0421\u043e\u0434\u0435\u0440\u0436\u0430\u043d\u0438\u0435 \u043e\u0431\u0443\u0447\u0435\u043d\u0438\u044f<\/strong><\/p>\n<p><strong>\u0410\u0443\u0434\u0438\u0442\u043e\u0440\u043d\u0430\u044f \u0440\u0430\u0431\u043e\u0442\u0430 - 20 \u0447\u0430\u0441\u043e\u0432<\/strong><\/p>\n<p>\u0418\u0437\u043c\u0435\u043d\u0435\u043d\u0438\u044f \u0432 \u043c\u0435\u0434\u0438\u0446\u0438\u043d\u0441\u043a\u043e\u043c \u0443\u0447\u0440\u0435\u0436\u0434\u0435\u043d\u0438\u0438, \u0432\u044b\u0437\u0432\u0430\u043d\u043d\u044b\u0435 \u043f\u0430\u043d\u0434\u0435\u043c\u0438\u0435\u0439 \u0438 \u0441\u0432\u044f\u0437\u0430\u043d\u043d\u044b\u0435 \u0441 \u0440\u0430\u0431\u043e\u0447\u0438\u043c \u0441\u0442\u0440\u0435\u0441\u0441\u043e\u043c<\/p>\n<p>\u0412 \u043a\u0440\u0438\u0437\u0438\u0441\u043d\u043e\u0439 \u0441\u0438\u0442\u0443\u0430\u0446\u0438\u0438 \u0441\u0442\u0440\u0435\u0441\u0441\u043e\u0432\u044b\u043c\u0438 \u0444\u0430\u043a\u0442\u043e\u0440\u0430\u043c\u0438 \u044f\u0432\u043b\u044f\u044e\u0442\u0441\u044f \u043f\u0430\u043d\u0434\u0435\u043c\u0438\u044f \u0438 \u043c\u0435\u0440\u044b, \u043f\u0440\u0438\u043c\u0435\u043d\u044f\u0435\u043c\u044b\u0435 \u0434\u043b\u044f \u043f\u0440\u0435\u0434\u043e\u0442\u0432\u0440\u0430\u0449\u0435\u043d\u0438\u044f \u044d\u0442\u043e\u0433\u043e \u0438\u043d\u0444\u0435\u043a\u0446\u0438\u043e\u043d\u043d\u043e\u0433\u043e \u0437\u0430\u0431\u043e\u043b\u0435\u0432\u0430\u043d\u0438\u044f.<\/p>\n<p>\u041c\u0435\u0442\u043e\u0434\u044b \u0443\u043f\u0440\u0430\u0432\u043b\u0435\u043d\u0438\u044f \u0441\u0442\u0440\u0435\u0441\u0441\u043e\u043c.<\/p>\n<p>\u0420\u0430\u0431\u043e\u0442\u0430 \u0432 \u043a\u043e\u043c\u0430\u043d\u0434\u0435 \u0432 \u0443\u0441\u043b\u043e\u0432\u0438\u044f\u0445 \u043a\u0440\u0438\u0437\u0438\u0441\u0430 \u0438 \u0430\u0434\u0430\u043f\u0442\u0430\u0446\u0438\u044f \u043a \u043d\u043e\u0432\u043e\u0439 \u043a\u043e\u043c\u0430\u043d\u0434\u0435.<\/p>\n<p><strong>\u041f\u0440\u0430\u043a\u0442\u0438\u0447\u0435\u0441\u043a\u0430\u044f \u0440\u0430\u0431\u043e\u0442\u0430<\/strong> <strong>- 10 \u0447\u0430\u0441\u043e\u0432<\/strong><\/p>\n<p>\u0421\u0442\u0440\u0435\u0441\u0441-\u0442\u0435\u0441\u0442.<\/p>\n<p>\u0418\u0441\u043f\u043e\u043b\u044c\u0437\u0443\u0439\u0442\u0435 \u0432\u0438\u0437\u0443\u0430\u043b\u0438\u0437\u0430\u0446\u0438\u044e, \u0434\u044b\u0445\u0430\u043d\u0438\u0435 \u0438 \u0442\u0435\u0445\u043d\u0438\u043a\u0438 \u043f\u043e\u0441\u0442\u0435\u043f\u0435\u043d\u043d\u043e\u0433\u043e \u0440\u0430\u0441\u0441\u043b\u0430\u0431\u043b\u0435\u043d\u0438\u044f \u0432 \u043a\u0430\u0447\u0435\u0441\u0442\u0432\u0435 \u0441\u0440\u0435\u0434\u0441\u0442\u0432 \u0441\u043d\u044f\u0442\u0438\u044f \u0441\u0442\u0440\u0435\u0441\u0441\u0430.<\/p>\n<p><strong>\u0418\u0441\u043f\u043e\u043b\u044c\u0437\u0443\u0435\u043c\u044b\u0435 \u043c\u0435\u0442\u043e\u0434\u044b \u043e\u0431\u0443\u0447\u0435\u043d\u0438\u044f: <\/strong>\u041b\u0435\u043a\u0446\u0438\u044f, \u043f\u0440\u0430\u043a\u0442\u0438\u0447\u0435\u0441\u043a\u0430\u044f \u0440\u0430\u0431\u043e\u0442\u0430, \u0434\u0438\u0441\u043a\u0443\u0441\u0441\u0438\u0438.<\/p>\n<p><strong>\u0421\u043f\u0438\u0441\u043e\u043a \u043d\u0435\u043e\u0431\u0445\u043e\u0434\u0438\u043c\u044b\u0445 \u0443\u0447\u0435\u0431\u043d\u044b\u0445 \u043c\u0430\u0442\u0435\u0440\u0438\u0430\u043b\u043e\u0432<\/strong><strong>:<\/strong><\/p>\n<p>\u0423\u0447\u0435\u0431\u043d\u044b\u0435 \u043c\u0430\u0442\u0435\u0440\u0438\u0430\u043b\u044b<\/p>\n<p>\u0414\u043e\u043a\u0442\u043e\u0440 \u041f\u0443\u043a\u0438 \u041d\u0430\u0439\u0433\u0441\u0442\u043c\u0438\u0442\u0422\u0435\u0445\u043d\u0438\u043a\u0438 \u0431\u043e\u0440\u044c\u0431\u044b \u0441\u043e \u0441\u0442\u0440\u0435\u0441\u0441\u043e\u043c. \u041f\u043e\u0441\u043e\u0431\u0438\u0435 \u0438 \u043a\u0430\u0440\u0442\u043e\u0447\u043a\u0438, \u043a\u043e\u0442\u043e\u0440\u044b\u0435 \u043f\u043e\u043c\u043e\u0433\u0443\u0442 \u0443\u043c\u0435\u043d\u044c\u0448\u0438\u0442\u044c \u0442\u0440\u0435\u0432\u043e\u0433\u0443 \u0438 \u0441\u0442\u0440\u0435\u0441\u0441, \u0412\u0430\u0440\u0440\u0430\u043a, 2020 \u0433.<\/p>\n<p><strong>\u0422\u0440\u0435\u0431\u043e\u0432\u0430\u043d\u0438\u044f \u043a \u0432\u044b\u043f\u0443\u0441\u043a\u043d\u0438\u043a\u0430\u043c, \u0432\u043a\u043b\u044e\u0447\u0430\u044f \u043c\u0435\u0442\u043e\u0434\u044b \u0438 \u043a\u0440\u0438\u0442\u0435\u0440\u0438\u0438 \u043e\u0446\u0435\u043d\u043a\u0438:<\/strong><\/p>\n<p>\u041f\u0440\u043e\u0445\u043e\u0436\u0434\u0435\u043d\u0438\u0435 \u0443\u0447\u0435\u0431\u043d\u043e\u0439 \u043f\u0440\u043e\u0433\u0440\u0430\u043c\u043c\u044b \u043a\u0430\u043a \u043c\u0438\u043d\u0438\u043c\u0443\u043c 80% \u0438 \u0440\u0435\u0448\u0435\u043d\u0438\u0435 \u0441\u0438\u0442\u0443\u0430\u0446\u0438\u043e\u043d\u043d\u044b\u0445 \u0437\u0430\u0434\u0430\u0447.<\/p>\n<p>\u041f\u0440\u0438 \u0440\u0435\u0448\u0435\u043d\u0438\u0438 \u0441\u0438\u0442\u0443\u0430\u0446\u0438\u043e\u043d\u043d\u044b\u0445 \u0437\u0430\u0434\u0430\u0447 \u043e\u0446\u0435\u043d\u0438\u0432\u0430\u0435\u0442\u0441\u044f \u0443\u043c\u0435\u043d\u0438\u0435 \u043f\u0440\u0435\u0434\u043e\u0442\u0432\u0440\u0430\u0449\u0430\u0442\u044c \u0438 \u0440\u0430\u0437\u0440\u0435\u0448\u0430\u0442\u044c \u043a\u043e\u043d\u0444\u043b\u0438\u043a\u0442\u044b, \u0432\u044b\u0431\u0438\u0440\u0430\u0442\u044c \u0438 \u043e\u0431\u043e\u0441\u043d\u043e\u0432\u044b\u0432\u0430\u0442\u044c \u0442\u0430\u043a\u0442\u0438\u043a\u0443 \u043f\u043e\u0432\u0435\u0434\u0435\u043d\u0438\u044f, \u0430 \u0442\u0430\u043a\u0436\u0435 \u0443\u0447\u0438\u0442\u044b\u0432\u0430\u0442\u044c \u043f\u0440\u0438\u043d\u0446\u0438\u043f\u044b \u043a\u043e\u043c\u0430\u043d\u0434\u043d\u043e\u0439 \u0440\u0430\u0431\u043e\u0442\u044b \u0432 \u0440\u043e\u043b\u0435\u0432\u044b\u0445 \u0438\u0433\u0440\u0430\u0445.<\/p>\n<p>\u041e\u0446\u0435\u043d\u043a\u0430 \u043f\u0440\u043e\u0432\u043e\u0434\u0438\u0442\u0441\u044f \u0441\u043e\u0432\u043c\u0435\u0441\u0442\u043d\u043e \u043f\u0440\u0435\u043f\u043e\u0434\u0430\u0432\u0430\u0442\u0435\u043b\u0435\u043c \u0438 \u043e\u0431\u0443\u0447\u0430\u044e\u0449\u0438\u043c\u0441\u044f \u0432 \u0445\u043e\u0434\u0435 \u043e\u0431\u0441\u0443\u0436\u0434\u0435\u043d\u0438\u044f.<\/p>\n<p>\u041f\u043e \u0437\u0430\u0432\u0435\u0440\u0448\u0435\u043d\u0438\u0438  \u043e\u0431\u0443\u0447\u0435\u043d\u0438\u044f \u0432\u044b\u0434\u0430\u0435\u0442\u0441\u044f \u0441\u0435\u0440\u0442\u0438\u0444\u0438\u043a\u0430\u0442 \u043e\u0431 \u043e\u043a\u043e\u043d\u0447\u0430\u043d\u0438\u0438 \u043a\u0443\u0440\u0441\u0430.<\/p>\n<p><strong>\u00a0<\/strong><\/p>\n<p><strong>\u041a\u0432\u0430\u043b\u0438\u0444\u0438\u043a\u0430\u0446\u0438\u044f \u043f\u0440\u0435\u043f\u043e\u0434\u0430\u0432\u0430\u0442\u0435\u043b\u044f<\/strong><\/p>\n<p>\u0418\u0440\u0438\u043d\u0430 \u041c\u043e\u0441\u043a\u0432\u0438\u0442\u0438\u043d\u0430 - \u0432\u044b\u0441\u0448\u0435\u0435 \u043e\u0431\u0440\u0430\u0437\u043e\u0432\u0430\u043d\u0438\u0435, \u043f\u0441\u0438\u0445\u043e\u043b\u043e\u0433<\/p>\n<p>\u041b\u044e\u0431\u043e\u0432 \u0414\u043e\u0440\u043e\u0448\u0435\u043d\u043a\u043e - \u0441\u0440\u0435\u0434\u043d\u0435\u0435 \u043f\u0440\u043e\u0444\u0435\u0441\u0441\u0438\u043e\u043d\u0430\u043b\u044c\u043d\u043e\u0435 \u043e\u0431\u0440\u0430\u0437\u043e\u0432\u0430\u043d\u0438\u0435, \u0441\u0442\u0430\u0436\u0435\u0440 TBRI<\/p>\n<p>&nbsp;<\/p>\n<p><strong>\u0418\u043d\u0444\u043e\u0440\u043c\u0430\u0446\u0438\u044f \u0438 \u043e\u0444\u043e\u0440\u043c\u043b\u0435\u043d\u0438\u0435 \u0437\u0430\u043a\u0430\u0437\u0430:<\/strong><\/p>\n<p>info@kvkoolitus.ee<\/p>\n<p>55583410, 53475016<\/p>\n<p>&nbsp;<\/p>","protected":false},"excerpt":{"rendered":"<p>\u00d5PPEKAVA \u00d5ppekava kinnitamise aeg: 18.12.2023 \u00d5ppekava nimetus:\u00a0 Stressijuhtimine ja meeskonnat\u00f6\u00f6 kriisiolukorras \u00d5ppekavar\u00fchm: Isikuareng \u00d5ppekava koostamise alus:\u00a0 Kutsestandardid: Hooldust\u00f6\u00f6taja tase 4; Sotsiaal- ja tervishoiuvaldkonna spetsialist, tase 4. Koolituse kogumaht akadeemilistes tundides:\u00a0 30 sh auditoorse <a href=\"https:\/\/kvkoolitus.ee\/ru\/stressijuhtimine-ja-meeskonnatoo-kriisiolukorras\/\"> [&#8230;]<\/a><\/p>\n","protected":false},"author":5,"featured_media":0,"parent":0,"menu_order":0,"comment_status":"closed","ping_status":"closed","template":"","meta":{"footnotes":""},"class_list":["post-7419","page","type-page","status-publish","hentry"],"aioseo_notices":[],"_links":{"self":[{"href":"https:\/\/kvkoolitus.ee\/ru\/wp-json\/wp\/v2\/pages\/7419","targetHints":{"allow":["GET"]}}],"collection":[{"href":"https:\/\/kvkoolitus.ee\/ru\/wp-json\/wp\/v2\/pages"}],"about":[{"href":"https:\/\/kvkoolitus.ee\/ru\/wp-json\/wp\/v2\/types\/page"}],"author":[{"embeddable":true,"href":"https:\/\/kvkoolitus.ee\/ru\/wp-json\/wp\/v2\/users\/5"}],"replies":[{"embeddable":true,"href":"https:\/\/kvkoolitus.ee\/ru\/wp-json\/wp\/v2\/comments?post=7419"}],"version-history":[{"count":0,"href":"https:\/\/kvkoolitus.ee\/ru\/wp-json\/wp\/v2\/pages\/7419\/revisions"}],"wp:attachment":[{"href":"https:\/\/kvkoolitus.ee\/ru\/wp-json\/wp\/v2\/media?parent=7419"}],"curies":[{"name":"wp","href":"https:\/\/api.w.org\/{rel}","templated":true}]}}