{"id":7492,"date":"2024-01-18T11:05:06","date_gmt":"2024-01-18T09:05:06","guid":{"rendered":"https:\/\/kvkoolitus.ee\/?page_id=7492"},"modified":"2024-06-10T12:21:06","modified_gmt":"2024-06-10T09:21:06","slug":"7492-2","status":"publish","type":"page","link":"https:\/\/kvkoolitus.ee\/ru\/7492-2\/","title":{"rendered":"\u041e\u0431\u0443\u0447\u0435\u043d\u0438\u0435 \u043b\u0438\u0446\u0430, \u043e\u0442\u0432\u0435\u0442\u0441\u0442\u0432\u0435\u043d\u043d\u043e\u0433\u043e \u0437\u0430 \u043f\u043e\u0436\u0430\u0440\u043d\u0443\u044e \u0431\u0435\u0437\u043e\u043f\u0430\u0441\u043d\u043e\u0441\u0442\u044c"},"content":{"rendered":"<p style=\"text-align: center;\"><strong>\u041f\u0440\u043e\u0433\u0440\u0430\u043c\u043c\u0430<\/strong><\/p>\n<p style=\"text-align: right;\">\u0414\u0430\u0442\u0430 \u0443\u0442\u0432\u0435\u0440\u0436\u0434\u0435\u043d\u0438\u044f \u0443\u0447\u0435\u0431\u043d\u043e\u0439 \u043f\u0440\u043e\u0433\u0440\u0430\u043c\u043c\u044b: 18.12.2023<\/p>\n<p><strong>\u00a0<\/strong><strong>\u041d\u0430\u0437\u0432\u0430\u043d\u0438\u0435 \u043a\u0443\u0440\u0441\u0430: \u041e\u0431\u0443\u0447\u0435\u043d\u0438\u0435 \u043b\u0438\u0446\u0430, \u043e\u0442\u0432\u0435\u0442\u0441\u0442\u0432\u0435\u043d\u043d\u043e\u0433\u043e \u0437\u0430 \u043f\u043e\u0436\u0430\u0440\u043d\u0443\u044e \u0431\u0435\u0437\u043e\u043f\u0430\u0441\u043d\u043e\u0441\u0442\u044c<\/strong><\/p>\n<p><strong>\u0420\u0430\u0437\u0434\u0435\u043b \u0443\u0447\u0435\u0431\u043d\u044b\u0445 \u043f\u0440\u043e\u0433\u0440\u0430\u043c\u043c<\/strong><strong>:\u00a0\u00a0\u00a0\u00a0\u00a0 <\/strong>\u0417\u0434\u043e\u0440\u043e\u0432\u044c\u0435 \u0438 \u0431\u0435\u0437\u043e\u043f\u0430\u0441\u043d\u043e\u0441\u0442\u044c \u043d\u0430 \u0440\u0430\u0431\u043e\u0447\u0435\u043c \u043c\u0435\u0441\u0442\u0435<\/p>\n<p><strong>\u041e\u0441\u043d\u043e\u0432\u0430\u043d\u0438\u0435 \u0434\u043b\u044f \u0440\u0430\u0437\u0440\u0430\u0431\u043e\u0442\u043a\u0438 \u0443\u0447\u0435\u0431\u043d\u043e\u0439 \u043f\u0440\u043e\u0433\u0440\u0430\u043c\u043c\u044b: <\/strong>\u0417\u0430\u043a\u043e\u043d \u043e \u043f\u043e\u0436\u0430\u0440\u043d\u043e\u0439 \u0431\u0435\u0437\u043e\u043f\u0430\u0441\u043d\u043e\u0441\u0442\u0438. \u041f\u0440\u0438\u043a\u0430\u0437 \u041c\u0438\u043d\u0438\u0441\u0442\u0440\u0430 \u0432\u043d\u0443\u0442\u0440\u0435\u043d\u043d\u0438\u0445 \u0434\u0435\u043b \u2116 38 \u043e\u0442 30 \u0430\u0432\u0433\u0443\u0441\u0442\u0430 2010 \u0433. \"\u0422\u0440\u0435\u0431\u043e\u0432\u0430\u043d\u0438\u044f \u043a \u043f\u043e\u0436\u0430\u0440\u043d\u043e\u0439 \u043f\u043e\u0434\u0433\u043e\u0442\u043e\u0432\u043a\u0435 \u0438 \u043f\u043e\u0436\u0430\u0440\u043d\u043e\u043c\u0443 \u0441\u0435\u0440\u0442\u0438\u0444\u0438\u043a\u0430\u0442\u0443\". \u0422\u0440\u0435\u0431\u043e\u0432\u0430\u043d\u0438\u044f \u043a \u043e\u0445\u0440\u0430\u043d\u0435 \u0442\u0440\u0443\u0434\u0430 \u0432 \u0441\u0442\u0440\u043e\u0438\u0442\u0435\u043b\u044c\u043d\u043e\u043c \u0441\u0435\u043a\u0442\u043e\u0440\u04351 (\u041f\u0440\u0438\u043d\u044f\u0442\u043e 08.12.1999 \u2116 377). \u0423\u0447\u0435\u0431\u043d\u044b\u0439 \u043c\u0430\u0442\u0435\u0440\u0438\u0430\u043b \u0434\u043b\u044f \u043e\u0442\u0432\u0435\u0442\u0441\u0442\u0432\u0435\u043d\u043d\u043e\u0433\u043e \u043b\u0438\u0446\u0430, P\u00e4\u00e4steamet, O\u00dc Tuletark O\u00dc Tuleohutusekspertiisi B\u00fcroo, 2013.<\/p>\n<p><strong>\u00a0<\/strong><strong>\u041e\u0431\u0449\u0435\u0435 \u043a\u043e\u043b\u0438\u0447\u0435\u0441\u0442\u0432\u043e \u0447\u0430\u0441\u043e\u0432 \u043e\u0431\u0443\u0447\u0435\u043d\u0438\u044f : 8<\/strong><\/p>\n<p><strong>\u00a0\u00a0\u00a0\u00a0\u00a0\u00a0\u00a0\u00a0\u00a0\u00a0\u00a0\u00a0\u00a0\u00a0\u00a0\u00a0\u00a0\u00a0\u00a0\u00a0\u00a0\u00a0\u00a0\u00a0\u00a0\u00a0\u00a0\u00a0\u00a0 <\/strong>\u0422\u0435\u043e\u0440\u0435\u0442\u0438\u0447\u0435\u0441\u043a\u0438\u0435 \u0443\u0440\u043e\u043a\u0438 6<\/p>\n<p><strong><em>\u00a0 \u00a0 \u00a0 \u00a0 \u00a0 \u00a0 \u00a0 \u00a0 \u00a0 \u00a0 \u00a0 \u00a0 \u00a0 \u00a0 \u00a0<\/em><\/strong>\u041e\u0431\u044a\u0435\u043c \u043f\u0440\u0430\u043a\u0442\u0438\u0447\u0435\u0441\u043a\u043e\u0439 \u0440\u0430\u0431\u043e\u0442\u044b 2<\/p>\n<p>(\u043f\u0440\u0438\u043c\u0435\u043d\u0435\u043d\u0438\u0435 \u0437\u043d\u0430\u043d\u0438\u0439 \u0438 \u043d\u0430\u0432\u044b\u043a\u043e\u0432, \u043f\u043e\u043b\u0443\u0447\u0435\u043d\u043d\u044b\u0445 \u0432 \u0443\u0447\u0435\u0431\u043d\u043e\u0439 \u0441\u0440\u0435\u0434\u0435)<\/p>\n<p><strong>\u00a0<\/strong><strong>\u041e\u043f\u0438\u0441\u0430\u043d\u0438\u0435 \u0438\u0441\u043f\u043e\u043b\u044c\u0437\u0443\u0435\u043c\u043e\u0439 \u0441\u0440\u0435\u0434\u044b \u043e\u0431\u0443\u0447\u0435\u043d\u0438\u044f:<\/strong><\/p>\n<p>\u0414\u043b\u044f \u043e\u0431\u0443\u0447\u0435\u043d\u0438\u044f \u0438\u0441\u043f\u043e\u043b\u044c\u0437\u0443\u0435\u0442\u0441\u044f \u043a\u043b\u0430\u0441\u0441, \u043e\u0441\u043d\u0430\u0449\u0435\u043d\u043d\u044b\u0439 \u043c\u0443\u043b\u044c\u0442\u0438\u043f\u0440\u043e\u0435\u043a\u0442\u043e\u0440\u043e\u043c, \u0438 \u043a\u043e\u043c\u043f\u044c\u044e\u0442\u0435\u0440\u043d\u044b\u0439 \u043a\u043b\u0430\u0441\u0441.<\/p>\n<p>\u0423\u0447\u0435\u0431\u043d\u044b\u0435 \u043f\u043e\u043c\u0435\u0449\u0435\u043d\u0438\u044f \u0441\u043e\u043e\u0442\u0432\u0435\u0442\u0441\u0442\u0432\u0443\u044e\u0442 \u0442\u0440\u0435\u0431\u043e\u0432\u0430\u043d\u0438\u044f\u043c T\u00f6\u00f6tervishoiu ja t\u00f6\u00f6ohutuse seadus<\/p>\n<p><strong>\u00a0<\/strong><strong>\u0426\u0435\u043b\u0435\u0432\u0430\u044f \u0433\u0440\u0443\u043f\u043f\u0430 \u0438 \u0442\u0440\u0435\u0431\u043e\u0432\u0430\u043d\u0438\u044f \u043a \u043f\u043e\u0441\u0442\u0443\u043f\u043b\u0435\u043d\u0438\u044e:<\/strong> \u00a0\u041b\u0438\u0446\u0430, \u043e\u0442\u0432\u0435\u0442\u0441\u0442\u0432\u0435\u043d\u043d\u044b\u0435 \u0437\u0430 \u043f\u043e\u0436\u0430\u0440\u043d\u0443\u044e \u0431\u0435\u0437\u043e\u043f\u0430\u0441\u043d\u043e\u0441\u0442\u044c \u0432 \u043a\u043e\u043c\u043f\u0430\u043d\u0438\u044f\u0445 \u0438 \u0443\u0447\u0440\u0435\u0436\u0434\u0435\u043d\u0438\u044f\u0445, \u043e\u0431\u044f\u0437\u0430\u043d\u043d\u044b\u0435 \u043f\u0440\u0435\u0434\u0441\u0442\u0430\u0432\u043b\u044f\u0442\u044c \u043e\u0442\u0447\u0435\u0442 \u043e \u0441\u0430\u043c\u043e\u043e\u0446\u0435\u043d\u043a\u0435 \u043f\u043e\u0436\u0430\u0440\u043d\u043e\u0439 \u0431\u0435\u0437\u043e\u043f\u0430\u0441\u043d\u043e\u0441\u0442\u0438 \u0438 \u043f\u0440\u043e\u0432\u043e\u0434\u0438\u0442\u044c \u044d\u0432\u0430\u043a\u0443\u0430\u0446\u0438\u0438.<\/p>\n<p>\u0422\u0440\u0435\u0431\u043e\u0432\u0430\u043d\u0438\u044f \u043a \u043f\u043e\u0441\u0442\u0443\u043f\u0430\u044e\u0449\u0438\u043c: \u043f\u0440\u043e\u0444\u0435\u0441\u0441\u0438\u043e\u043d\u0430\u043b\u044c\u043d\u044b\u0439 \u043e\u043f\u044b\u0442, \u043e\u0431\u0440\u0430\u0437\u043e\u0432\u0430\u043d\u0438\u0435 \u043d\u0435 \u043d\u0438\u0436\u0435 \u0431\u0430\u0437\u043e\u0432\u043e\u0433\u043e.<\/p>\n<p><strong>\u00a0<\/strong><strong>\u0426\u0435\u043b\u044c \u043e\u0431\u0443\u0447\u0435\u043d\u0438\u044f<\/strong> \u0426\u0435\u043b\u044c - \u0434\u0430\u0442\u044c \u0447\u0435\u043b\u043e\u0432\u0435\u043a\u0443, \u043e\u0442\u0432\u0435\u0442\u0441\u0442\u0432\u0435\u043d\u043d\u043e\u043c\u0443 \u0437\u0430 \u043f\u043e\u0436\u0430\u0440\u043d\u0443\u044e \u0431\u0435\u0437\u043e\u043f\u0430\u0441\u043d\u043e\u0441\u0442\u044c \u0438 \u044d\u0432\u0430\u043a\u0443\u0430\u0446\u0438\u044e \u0432 \u043e\u0440\u0433\u0430\u043d\u0438\u0437\u0430\u0446\u0438\u0438, \u0437\u043d\u0430\u043d\u0438\u044f, \u043d\u0435\u043e\u0431\u0445\u043e\u0434\u0438\u043c\u044b\u0435 \u0434\u043b\u044f \u043e\u0431\u0435\u0441\u043f\u0435\u0447\u0435\u043d\u0438\u044f \u0431\u0435\u0437\u043e\u043f\u0430\u0441\u043d\u043e\u0439 \u044d\u0432\u0430\u043a\u0443\u0430\u0446\u0438\u0438 \u0438 \u0441\u043e\u0431\u043b\u044e\u0434\u0435\u043d\u0438\u044f \u043f\u043e\u0436\u0430\u0440\u043d\u043e\u0439 \u0431\u0435\u0437\u043e\u043f\u0430\u0441\u043d\u043e\u0441\u0442\u0438.<\/p>\n<p><strong>\u0420\u0435\u0437\u0443\u043b\u044c\u0442\u0430\u0442\u044b \u043e\u0431\u0443\u0447\u0435\u043d\u0438\u044f:<\/strong><\/p>\n<ul>\n<li>\u0437\u043d\u0430\u043a\u043e\u043c \u0441 \u0437\u0430\u043a\u043e\u043d\u043e\u0434\u0430\u0442\u0435\u043b\u044c\u0441\u0442\u0432\u043e\u043c \u043f\u043e \u043f\u043e\u0436\u0430\u0440\u043d\u043e\u0439 \u0431\u0435\u0437\u043e\u043f\u0430\u0441\u043d\u043e\u0441\u0442\u0438 \u0438 \u0437\u043d\u0430\u0435\u0442, \u043a\u0430\u043a \u043f\u0440\u043e\u0438\u043d\u0441\u0442\u0440\u0443\u043a\u0442\u0438\u0440\u043e\u0432\u0430\u0442\u044c \u043f\u0435\u0440\u0441\u043e\u043d\u0430\u043b \u043f\u043e \u043f\u043e\u0436\u0430\u0440\u043d\u043e\u0439 \u0431\u0435\u0437\u043e\u043f\u0430\u0441\u043d\u043e\u0441\u0442\u0438;<\/li>\n<li>\u043c\u043e\u0436\u0435\u0442 \u043e\u0440\u0433\u0430\u043d\u0438\u0437\u043e\u0432\u0430\u0442\u044c \u043f\u043e\u0436\u0430\u0440\u043d\u0443\u044e \u0431\u0435\u0437\u043e\u043f\u0430\u0441\u043d\u043e\u0441\u0442\u044c \u0432 \u043a\u043e\u043c\u043f\u0430\u043d\u0438\u0438;<\/li>\n<li>\u043c\u043e\u0436\u0435\u0442 \u043f\u0440\u043e\u0432\u0435\u0441\u0442\u0438 \u0441\u0430\u043c\u043e\u0438\u043d\u0441\u043f\u0435\u043a\u0446\u0438\u044e \u043f\u043e\u0436\u0430\u0440\u043d\u043e\u0439 \u0431\u0435\u0437\u043e\u043f\u0430\u0441\u043d\u043e\u0441\u0442\u0438 \u043a\u043e\u043c\u043f\u0430\u043d\u0438\u0438;<\/li>\n<li>\u043c\u043e\u0436\u0435\u0442 \u043f\u043e\u0434\u0433\u043e\u0442\u043e\u0432\u0438\u0442\u044c \u043e\u0442\u0447\u0435\u0442 \u043e \u043f\u043e\u0436\u0430\u0440\u043d\u043e\u0439 \u0431\u0435\u0437\u043e\u043f\u0430\u0441\u043d\u043e\u0441\u0442\u0438.<\/li>\n<\/ul>\n<p><strong>\u00a0<\/strong><strong>\u0421\u043e\u0434\u0435\u0440\u0436\u0430\u043d\u0438\u0435 \u043e\u0431\u0443\u0447\u0435\u043d\u0438\u044f<\/strong><\/p>\n<ul>\n<li>\u041f\u0440\u0435\u0434\u043e\u0442\u0432\u0440\u0430\u0449\u0435\u043d\u0438\u0435 \u043f\u043e\u0436\u0430\u0440\u043e\u0432 (\u043f\u0440\u0438\u0447\u0438\u043d\u044b \u043f\u043e\u0436\u0430\u0440\u043e\u0432, \u043f\u0440\u0430\u0432\u0438\u043b\u0430 \u043f\u0440\u0435\u0434\u043e\u0442\u0432\u0440\u0430\u0449\u0435\u043d\u0438\u044f \u043f\u043e\u0436\u0430\u0440\u043e\u0432).<\/li>\n<li>\u0420\u0435\u0430\u0433\u0438\u0440\u043e\u0432\u0430\u043d\u0438\u0435 \u043d\u0430 \u043f\u043e\u0436\u0430\u0440 (\u043e\u0442\u0432\u0435\u0442\u0441\u0442\u0432\u0435\u043d\u043d\u043e\u0441\u0442\u044c, \u043e\u0431\u044f\u0437\u0430\u0442\u0435\u043b\u044c\u043d\u044b\u0435 \u0434\u0435\u0439\u0441\u0442\u0432\u0438\u044f, \u043e\u0441\u0432\u0435\u0434\u043e\u043c\u043b\u0435\u043d\u043d\u043e\u0441\u0442\u044c \u043f\u0435\u0440\u0441\u043e\u043d\u0430\u043b\u0430, \u043e\u0431\u0443\u0447\u0435\u043d\u0438\u0435 \u0438 \u0442\u0440\u0435\u043d\u0438\u0440\u043e\u0432\u043a\u0438).<\/li>\n<li>\u041e\u0441\u043d\u043e\u0432\u043d\u044b\u0435 \u043e\u0440\u0433\u0430\u043d\u0438\u0437\u0430\u0446\u0438\u043e\u043d\u043d\u044b\u0435 \u0442\u0440\u0435\u0431\u043e\u0432\u0430\u043d\u0438\u044f \u043f\u043e\u0436\u0430\u0440\u043d\u043e\u0439 \u0431\u0435\u0437\u043e\u043f\u0430\u0441\u043d\u043e\u0441\u0442\u0438 (\u043e\u0442\u0432\u0435\u0442\u0441\u0442\u0432\u0435\u043d\u043d\u043e\u0441\u0442\u044c, \u043d\u0435\u043e\u0431\u0445\u043e\u0434\u0438\u043c\u0430\u044f \u0434\u043e\u043a\u0443\u043c\u0435\u043d\u0442\u0430\u0446\u0438\u044f, \u0441\u0430\u043c\u043e\u0438\u043d\u0441\u043f\u0435\u043a\u0446\u0438\u044f \u0438 \u043e\u0442\u0447\u0435\u0442 \u043e \u0441\u0430\u043c\u043e\u0438\u043d\u0441\u043f\u0435\u043a\u0446\u0438\u0438 \u043f\u043e\u0436\u0430\u0440\u043d\u043e\u0439 \u0431\u0435\u0437\u043e\u043f\u0430\u0441\u043d\u043e\u0441\u0442\u0438, \u043d\u0430\u0434\u0437\u043e\u0440).<\/li>\n<li>\u041e\u0441\u043d\u043e\u0432\u043d\u044b\u0435 \u0442\u0440\u0435\u0431\u043e\u0432\u0430\u043d\u0438\u044f \u043a \u043f\u043e\u0436\u0430\u0440\u043d\u043e\u0439 \u0431\u0435\u0437\u043e\u043f\u0430\u0441\u043d\u043e\u0441\u0442\u0438 \u0437\u0434\u0430\u043d\u0438\u0439 (\u043e\u0442\u0432\u0435\u0442\u0441\u0442\u0432\u0435\u043d\u043d\u043e\u0441\u0442\u044c, \u043d\u0435\u043e\u0431\u0445\u043e\u0434\u0438\u043c\u0430\u044f \u0434\u043e\u043a\u0443\u043c\u0435\u043d\u0442\u0430\u0446\u0438\u044f, \u043c\u043e\u0434\u0435\u0440\u043d\u0438\u0437\u0430\u0446\u0438\u044f \u0437\u0434\u0430\u043d\u0438\u044f).<\/li>\n<li>\u041e\u0431\u0435\u0441\u043f\u0435\u0447\u0435\u043d\u0438\u0435 \u043e\u0431\u0441\u043b\u0443\u0436\u0438\u0432\u0430\u043d\u0438\u044f \u0443\u0441\u0442\u0430\u043d\u043e\u0432\u043e\u043a \u043f\u043e\u0436\u0430\u0440\u043d\u043e\u0439 \u0431\u0435\u0437\u043e\u043f\u0430\u0441\u043d\u043e\u0441\u0442\u0438 (\u043e\u0442\u0432\u0435\u0442\u0441\u0442\u0432\u0435\u043d\u043d\u043e\u0441\u0442\u044c, \u043e\u0431\u044f\u0437\u0430\u043d\u043d\u043e\u0441\u0442\u0438 \u0438 \u043a\u043e\u043d\u0442\u0440\u043e\u043b\u044c).<\/li>\n<li>\u0418\u0437\u043c\u0435\u043d\u0435\u043d\u0438\u044f \u0432 \u0442\u0440\u0435\u0431\u043e\u0432\u0430\u043d\u0438\u044f\u0445 \u043a \u043f\u043e\u0436\u0430\u0440\u043d\u043e\u0439 \u0431\u0435\u0437\u043e\u043f\u0430\u0441\u043d\u043e\u0441\u0442\u0438 (\u043f\u043e\u0441\u043b\u0435\u0434\u043d\u0438\u0435 \u0434\u0435\u0439\u0441\u0442\u0432\u0443\u044e\u0449\u0438\u0435 \u0438 \u043f\u043b\u0430\u043d\u0438\u0440\u0443\u0435\u043c\u044b\u0435 \u0438\u0437\u043c\u0435\u043d\u0435\u043d\u0438\u044f).<\/li>\n<\/ul>\n<p><strong>\u00a0<\/strong><strong>\u0418\u0441\u043f\u043e\u043b\u044c\u0437\u0443\u0435\u043c\u044b\u0435 \u043c\u0435\u0442\u043e\u0434\u044b \u043e\u0431\u0443\u0447\u0435\u043d\u0438\u044f: <\/strong>\u041b\u0435\u043a\u0446\u0438\u0438, \u0434\u0438\u0441\u043a\u0443\u0441\u0441\u0438\u0438<\/p>\n<p><strong>\u00a0<\/strong><strong>\u0421\u043f\u0438\u0441\u043e\u043a \u043d\u0435\u043e\u0431\u0445\u043e\u0434\u0438\u043c\u044b\u0445 \u0443\u0447\u0435\u0431\u043d\u044b\u0445 \u043c\u0430\u0442\u0435\u0440\u0438\u0430\u043b\u043e\u0432:<\/strong><\/p>\n<ul>\n<li>\u0417\u0430\u043a\u043e\u043d \u043e \u043f\u043e\u0436\u0430\u0440\u043d\u043e\u0439 \u0431\u0435\u0437\u043e\u043f\u0430\u0441\u043d\u043e\u0441\u0442\u0438. \u041f\u0440\u0438\u043d\u044f\u0442 5 \u043c\u0430\u044f 2010 \u0433\u043e\u0434\u0430.<\/li>\n<li>\u0422\u0440\u0435\u0431\u043e\u0432\u0430\u043d\u0438\u044f \u043a \u043e\u0433\u043d\u0435\u0442\u0443\u0448\u0438\u0442\u0435\u043b\u044f\u043c \u0438 \u0440\u0443\u043a\u0430\u0432\u043d\u044b\u043c \u0441\u0438\u0441\u0442\u0435\u043c\u0430\u043c, \u0438\u0445 \u0432\u044b\u0431\u043e\u0440\u0443, \u0443\u0441\u0442\u0430\u043d\u043e\u0432\u043a\u0435, \u043c\u0430\u0440\u043a\u0438\u0440\u043e\u0432\u043a\u0435 \u0438 \u043e\u0431\u0441\u043b\u0443\u0436\u0438\u0432\u0430\u043d\u0438\u044e. \u041f\u043e\u0441\u0442\u0430\u043d\u043e\u0432\u043b\u0435\u043d\u0438\u0435 \u041c\u0438\u043d\u0438\u0441\u0442\u0440\u0430 \u0432\u043d\u0443\u0442\u0440\u0435\u043d\u043d\u0438\u0445 \u0434\u0435\u043b \u2116 39 \u043e\u0442 30 \u0430\u0432\u0433\u0443\u0441\u0442\u0430 2010 \u0433.<\/li>\n<li>\u0422\u0440\u0435\u0431\u043e\u0432\u0430\u043d\u0438\u044f \u043a \u0441\u0430\u043c\u043e\u0438\u043d\u0441\u043f\u0435\u043a\u0446\u0438\u0438 \u043f\u043e\u0436\u0430\u0440\u043d\u043e\u0439 \u0431\u0435\u0437\u043e\u043f\u0430\u0441\u043d\u043e\u0441\u0442\u0438 \u0438 \u043e\u0442\u0447\u0435\u0442\u0443 \u043e \u043f\u043e\u0436\u0430\u0440\u043d\u043e\u0439 \u0431\u0435\u0437\u043e\u043f\u0430\u0441\u043d\u043e\u0441\u0442\u0438, \u0430 \u0442\u0430\u043a\u0436\u0435 \u043a\u0440\u0438\u0442\u0435\u0440\u0438\u0438 \u043e\u0431\u044f\u0437\u0430\u0442\u0435\u043b\u044c\u043d\u043e\u0439 \u043f\u043e\u0434\u0433\u043e\u0442\u043e\u0432\u043a\u0438 \u043e\u0442\u0447\u0435\u0442\u0430 \u043e \u043f\u043e\u0436\u0430\u0440\u043d\u043e\u0439 \u0431\u0435\u0437\u043e\u043f\u0430\u0441\u043d\u043e\u0441\u0442\u0438\u0423\u043a\u0430\u0437 \u043c\u0438\u043d\u0438\u0441\u0442\u0440\u0430 \u0432\u043d\u0443\u0442\u0440\u0435\u043d\u043d\u0438\u0445 \u0434\u0435\u043b \u21161 \u043e\u0442 10 \u0444\u0435\u0432\u0440\u0430\u043b\u044f 2011 \u0433.<\/li>\n<li>\u0422\u0440\u0435\u0431\u043e\u0432\u0430\u043d\u0438\u044f \u043a \u0441\u0438\u0441\u0442\u0435\u043c\u0430\u043c \u043e\u0431\u043d\u0430\u0440\u0443\u0436\u0435\u043d\u0438\u044f \u043f\u043e\u0436\u0430\u0440\u0430 \u0438 \u043f\u043e\u0436\u0430\u0440\u043d\u043e\u0439 \u0441\u0438\u0433\u043d\u0430\u043b\u0438\u0437\u0430\u0446\u0438\u0438, \u0430 \u0442\u0430\u043a\u0436\u0435 \u043a \u0437\u0434\u0430\u043d\u0438\u044f\u043c, \u0432 \u043a\u043e\u0442\u043e\u0440\u044b\u0445 \u0441\u0438\u0433\u043d\u0430\u043b \u043e \u043f\u043e\u0436\u0430\u0440\u0435 \u0430\u0432\u0442\u043e\u043c\u0430\u0442\u0438\u0447\u0435\u0441\u043a\u043e\u0439 \u0441\u0438\u0441\u0442\u0435\u043c\u044b \u043e\u0431\u043d\u0430\u0440\u0443\u0436\u0435\u043d\u0438\u044f \u043f\u043e\u0436\u0430\u0440\u0430 \u0438 \u043f\u043e\u0436\u0430\u0440\u043d\u043e\u0439 \u0441\u0438\u0433\u043d\u0430\u043b\u0438\u0437\u0430\u0446\u0438\u0438 \u0434\u043e\u043b\u0436\u0435\u043d \u043f\u0435\u0440\u0435\u0434\u0430\u0432\u0430\u0442\u044c\u0441\u044f \u0432 \u0446\u0435\u043d\u0442\u0440 \u044d\u043a\u0441\u0442\u0440\u0435\u043d\u043d\u043e\u0433\u043e \u0432\u044b\u0437\u043e\u0432\u0430. \u0420\u0430\u0441\u043f\u043e\u0440\u044f\u0436\u0435\u043d\u0438\u0435 \u041c\u0438\u043d\u0438\u0441\u0442\u0440\u0430 \u0432\u043d\u0443\u0442\u0440\u0435\u043d\u043d\u0438\u0445 \u0434\u0435\u043b \u2116 1 \u043e\u0442 7 \u044f\u043d\u0432\u0430\u0440\u044f 2013 \u0433.<\/li>\n<li>\u0422\u0440\u0435\u0431\u043e\u0432\u0430\u043d\u0438\u044f \u043a \u043f\u043b\u0430\u043d\u0443 \u0434\u0435\u0439\u0441\u0442\u0432\u0438\u0439 \u0432 \u0441\u043b\u0443\u0447\u0430\u0435 \u043f\u043e\u0436\u0430\u0440\u0430 \u0438 \u043e\u0440\u0433\u0430\u043d\u0438\u0437\u0430\u0446\u0438\u0438 \u044d\u0432\u0430\u043a\u0443\u0430\u0446\u0438\u0438 \u0438 \u043f\u0440\u043e\u0442\u0438\u0432\u043e\u043f\u043e\u0436\u0430\u0440\u043d\u044b\u0445 \u0442\u0440\u0435\u043d\u0438\u0440\u043e\u0432\u043e\u043a. \u0420\u0430\u0441\u043f\u043e\u0440\u044f\u0436\u0435\u043d\u0438\u0435 \u041c\u0438\u043d\u0438\u0441\u0442\u0440\u0430 \u0432\u043d\u0443\u0442\u0440\u0435\u043d\u043d\u0438\u0445 \u0434\u0435\u043b \u2116 43 \u043e\u0442 1 \u0441\u0435\u043d\u0442\u044f\u0431\u0440\u044f 2010 \u0433.<\/li>\n<li>\u0422\u0440\u0435\u0431\u043e\u0432\u0430\u043d\u0438\u044f \u043f\u043e\u0436\u0430\u0440\u043d\u043e\u0439 \u0431\u0435\u0437\u043e\u043f\u0430\u0441\u043d\u043e\u0441\u0442\u0438 \u043a \u0445\u0440\u0430\u043d\u0435\u043d\u0438\u044e \u0433\u043e\u0440\u044e\u0447\u0438\u0445 \u0438 \u043e\u043f\u0430\u0441\u043d\u044b\u0445 \u0432\u0435\u0449\u0435\u0441\u0442\u0432. \u041f\u043e\u0441\u0442\u0430\u043d\u043e\u0432\u043b\u0435\u043d\u0438\u0435 \u041c\u0438\u043d\u0438\u0441\u0442\u0440\u0430 \u0432\u043d\u0443\u0442\u0440\u0435\u043d\u043d\u0438\u0445 \u0434\u0435\u043b \u2116 44 \u043e\u0442 2 \u0441\u0435\u043d\u0442\u044f\u0431\u0440\u044f 2010 \u0433.<\/li>\n<li>\u0422\u0440\u0435\u0431\u043e\u0432\u0430\u043d\u0438\u044f \u043a \u043f\u0440\u043e\u0432\u0435\u0434\u0435\u043d\u0438\u044e \u043e\u0433\u043d\u0435\u0432\u044b\u0445 \u0440\u0430\u0431\u043e\u0442. \u041f\u043e\u0441\u0442\u0430\u043d\u043e\u0432\u043b\u0435\u043d\u0438\u0435 \u041c\u0438\u043d\u0438\u0441\u0442\u0440\u0430 \u0432\u043d\u0443\u0442\u0440\u0435\u043d\u043d\u0438\u0445 \u0434\u0435\u043b \u2116 47 \u043e\u0442 7 \u0441\u0435\u043d\u0442\u044f\u0431\u0440\u044f 2010 \u0433\u043e\u0434\u0430.<\/li>\n<li>\u0422\u0440\u0435\u0431\u043e\u0432\u0430\u043d\u0438\u044f \u043a \u043f\u043e\u0436\u0430\u0440\u043d\u043e\u0439 \u043f\u043e\u0434\u0433\u043e\u0442\u043e\u0432\u043a\u0435 \u0438 \u043f\u043e\u0436\u0430\u0440\u043d\u043e\u043c\u0443 \u0441\u0435\u0440\u0442\u0438\u0444\u0438\u043a\u0430\u0442\u0443. \u041f\u043e\u0441\u0442\u0430\u043d\u043e\u0432\u043b\u0435\u043d\u0438\u0435 \u041c\u0438\u043d\u0438\u0441\u0442\u0440\u0430 \u0432\u043d\u0443\u0442\u0440\u0435\u043d\u043d\u0438\u0445 \u0434\u0435\u043b \u2116 38 \u043e\u0442 30 \u0430\u0432\u0433\u0443\u0441\u0442\u0430 2010 \u0433.<\/li>\n<li>\u041f\u0440\u043e\u0446\u0435\u0434\u0443\u0440\u044b \u043e\u0446\u0435\u043d\u043a\u0438 \u043f\u043e\u0436\u0430\u0440\u043d\u043e\u0439 \u0431\u0435\u0437\u043e\u043f\u0430\u0441\u043d\u043e\u0441\u0442\u0438, \u043e\u0441\u043e\u0431\u0435\u043d\u043d\u043e\u0441\u0442\u0438 \u043e\u0446\u0435\u043d\u043a\u0438 \u043f\u043e\u0436\u0430\u0440\u043d\u043e\u0439 \u0431\u0435\u0437\u043e\u043f\u0430\u0441\u043d\u043e\u0441\u0442\u0438, \u0441\u043e\u0434\u0435\u0440\u0436\u0430\u043d\u0438\u0435 \u043e\u0442\u0447\u0435\u0442\u0430 \u043e\u0431 \u043e\u0446\u0435\u043d\u043a\u0435 \u043f\u043e\u0436\u0430\u0440\u043d\u043e\u0439 \u0431\u0435\u0437\u043e\u043f\u0430\u0441\u043d\u043e\u0441\u0442\u0438 \u0438 \u043f\u0440\u043e\u0446\u0435\u0434\u0443\u0440\u044b \u043e\u0431\u043c\u0435\u043d\u0430 \u0438\u043d\u0444\u043e\u0440\u043c\u0430\u0446\u0438\u0435\u0439. \u0420\u0430\u0441\u043f\u043e\u0440\u044f\u0436\u0435\u043d\u0438\u0435 \u041c\u0438\u043d\u0438\u0441\u0442\u0440\u0430 \u0432\u043d\u0443\u0442\u0440\u0435\u043d\u043d\u0438\u0445 \u0434\u0435\u043b \u2116 7 \u043e\u0442 16.02.2021.a<\/li>\n<li>\u0422\u0440\u0435\u0431\u043e\u0432\u0430\u043d\u0438\u044f \u043f\u043e\u0436\u0430\u0440\u043d\u043e\u0439 \u0431\u0435\u0437\u043e\u043f\u0430\u0441\u043d\u043e\u0441\u0442\u0438 \u0434\u043b\u044f \u0437\u0434\u0430\u043d\u0438\u0439. \u0420\u0430\u0441\u043f\u043e\u0440\u044f\u0436\u0435\u043d\u0438\u0435 \u041c\u0438\u043d\u0438\u0441\u0442\u0440\u0430 \u0432\u043d\u0443\u0442\u0440\u0435\u043d\u043d\u0438\u0445 \u0434\u0435\u043b 30.03.30.03.2017.a \u2116 17<\/li>\n<li>EVS 812-4:2018 - \u041f\u043e\u0436\u0430\u0440\u043d\u0430\u044f \u0431\u0435\u0437\u043e\u043f\u0430\u0441\u043d\u043e\u0441\u0442\u044c \u0437\u0434\u0430\u043d\u0438\u0439. \u0427\u0430\u0441\u0442\u044c 4: \u041f\u043e\u0436\u0430\u0440\u043d\u0430\u044f \u0431\u0435\u0437\u043e\u043f\u0430\u0441\u043d\u043e\u0441\u0442\u044c \u043f\u0440\u043e\u043c\u044b\u0448\u043b\u0435\u043d\u043d\u044b\u0445 \u0438 \u0441\u043a\u043b\u0430\u0434\u0441\u043a\u0438\u0445 \u0437\u0434\u0430\u043d\u0438\u0439 \u0438 \u0433\u0430\u0440\u0430\u0436\u0435\u0439<\/li>\n<\/ul>\n<p>\u041c\u0435\u0442\u043e\u0434\u0438\u0447\u0435\u0441\u043a\u0438\u0435 \u043c\u0430\u0442\u0435\u0440\u0438\u0430\u043b\u044b, \u0440\u0430\u0437\u0440\u0430\u0431\u043e\u0442\u0430\u043d\u043d\u044b\u0435 \u043f\u0440\u0435\u043f\u043e\u0434\u0430\u0432\u0430\u0442\u0435\u043b\u0435\u043c<\/p>\n<p>\u041f\u043e \u043e\u043a\u043e\u043d\u0447\u0430\u043d\u0438\u0438 \u043a\u0443\u0440\u0441\u0430 \u0441\u043b\u0443\u0448\u0430\u0442\u0435\u043b\u044c \u043f\u043e\u043b\u0443\u0447\u0438\u0442 \u043a\u043e\u043d\u0441\u043f\u0435\u043a\u0442 \u043a\u0443\u0440\u0441\u0430.<\/p>\n<p><strong>\u00a0<\/strong><strong>\u0422\u0440\u0435\u0431\u043e\u0432\u0430\u043d\u0438\u044f \u043a \u0432\u044b\u043f\u0443\u0441\u043a\u043d\u0438\u043a\u0430\u043c: <\/strong>\u041f\u043e\u0441\u0435\u0449\u0435\u043d\u0438\u0435 100% \u043a\u043e\u043d\u0442\u0430\u043a\u0442\u043d\u044b\u0445 \u0447\u0430\u0441\u043e\u0432 \u044f\u0432\u043b\u044f\u0435\u0442\u0441\u044f \u043e\u0431\u044f\u0437\u0430\u0442\u0435\u043b\u044c\u043d\u044b\u043c. \u0423\u0441\u0442\u043d\u044b\u0439 \u043e\u0442\u0432\u0435\u0442.<\/p>\n<p><strong>\u00a0<\/strong><strong>\u041a\u0432\u0430\u043b\u0438\u0444\u0438\u043a\u0430\u0446\u0438\u044f \u043f\u0440\u0435\u043f\u043e\u0434\u0430\u0432\u0430\u0442\u0435\u043b\u044f<\/strong><\/p>\n<p>\u041a\u0430\u043b\u044c\u044e \u0425\u044e\u043d\u043c\u0430\u043d\u043d - \u0441\u043f\u0435\u0446\u0438\u0430\u043b\u0438\u0441\u0442 \u043f\u043e \u043f\u043e\u0436\u0430\u0440\u043d\u043e\u0439 \u0431\u0435\u0437\u043e\u043f\u0430\u0441\u043d\u043e\u0441\u0442\u0438, \u0443\u0440\u043e\u0432\u0435\u043d\u044c 5 (\u043f\u0440\u043e\u0444\u0435\u0441\u0441\u0438\u043e\u043d\u0430\u043b\u044c\u043d\u044b\u0439 \u0441\u0435\u0440\u0442\u0438\u0444\u0438\u043a\u0430\u0442 \u2116 156150).<\/p>\n<p>\u0410\u0445\u0442\u043e \u041b\u0443\u0445\u0430\u043c\u044f\u044d - \u0441\u043f\u0435\u0446\u0438\u0430\u043b\u0438\u0441\u0442 \u043f\u043e \u043f\u043e\u0436\u0430\u0440\u043d\u043e\u0439 \u0431\u0435\u0437\u043e\u043f\u0430\u0441\u043d\u043e\u0441\u0442\u0438, \u0443\u0440\u043e\u0432\u0435\u043d\u044c 5 (\u043f\u0440\u043e\u0444\u0435\u0441\u0441\u0438\u043e\u043d\u0430\u043b\u044c\u043d\u044b\u0439 \u0441\u0435\u0440\u0442\u0438\u0444\u0438\u043a\u0430\u0442 \u2116 099661).<\/p>","protected":false},"excerpt":{"rendered":"<p>\u00d5ppekava \u00d5ppekava kinnitamise aeg: 18.12.2023 \u00a0Kursuse nimetus: \u00a0Tuleohutuse eest vastutava isiku koolitus \u00d5ppekavar\u00fchm:\u00a0\u00a0\u00a0\u00a0\u00a0 T\u00f6\u00f6tervishoid ja -kaitse \u00d5ppekava koostamise alus: Tuleohutuse seadus. Siseministri 30. augusti 2010. a m\u00e4\u00e4ruse nr 38 \u00abN\u00f5uded tulet\u00f6\u00f6 tegemise koolitusele <a href=\"https:\/\/kvkoolitus.ee\/ru\/7492-2\/\"> [&#8230;]<\/a><\/p>\n","protected":false},"author":9,"featured_media":0,"parent":0,"menu_order":0,"comment_status":"closed","ping_status":"closed","template":"","meta":{"footnotes":""},"class_list":["post-7492","page","type-page","status-publish","hentry"],"aioseo_notices":[],"_links":{"self":[{"href":"https:\/\/kvkoolitus.ee\/ru\/wp-json\/wp\/v2\/pages\/7492","targetHints":{"allow":["GET"]}}],"collection":[{"href":"https:\/\/kvkoolitus.ee\/ru\/wp-json\/wp\/v2\/pages"}],"about":[{"href":"https:\/\/kvkoolitus.ee\/ru\/wp-json\/wp\/v2\/types\/page"}],"author":[{"embeddable":true,"href":"https:\/\/kvkoolitus.ee\/ru\/wp-json\/wp\/v2\/users\/9"}],"replies":[{"embeddable":true,"href":"https:\/\/kvkoolitus.ee\/ru\/wp-json\/wp\/v2\/comments?post=7492"}],"version-history":[{"count":2,"href":"https:\/\/kvkoolitus.ee\/ru\/wp-json\/wp\/v2\/pages\/7492\/revisions"}],"predecessor-version":[{"id":7948,"href":"https:\/\/kvkoolitus.ee\/ru\/wp-json\/wp\/v2\/pages\/7492\/revisions\/7948"}],"wp:attachment":[{"href":"https:\/\/kvkoolitus.ee\/ru\/wp-json\/wp\/v2\/media?parent=7492"}],"curies":[{"name":"wp","href":"https:\/\/api.w.org\/{rel}","templated":true}]}}