{"id":7665,"date":"2024-03-14T11:47:21","date_gmt":"2024-03-14T09:47:21","guid":{"rendered":"https:\/\/kvkoolitus.ee\/?page_id=7665"},"modified":"2025-01-06T15:06:30","modified_gmt":"2025-01-06T13:06:30","slug":"laadurveokijuht-tegemise-koolitus","status":"publish","type":"page","link":"https:\/\/kvkoolitus.ee\/ru\/laadurveokijuht-tegemise-koolitus\/","title":{"rendered":"\u0412\u043e\u0434\u0438\u0442\u0435\u043b\u044c \u0433\u0440\u0443\u0437\u043e\u0432\u043e\u0433\u043e \u0430\u0432\u0442\u043e\u043c\u043e\u0431\u0438\u043b\u044f"},"content":{"rendered":"<p style=\"text-align: right;\">\u00d5ppekava kinnitamise aeg: 19.12.2024<\/p>\n<p><strong>\u00a0<\/strong><strong>Kursuse nimetus: \u00a0Laadurveokijuht<\/strong><\/p>\n<p><strong>\u00d5ppekavar\u00fchm<\/strong>:\u00a0\u00a0\u00a0\u00a0\u00a0 Ehitus ja tsiviilrajatised<\/p>\n<p><strong>\u00d5ppekava koostamise alus: <\/strong>Vabariigi Valitsuse m\u00e4\u00e4rus 11.01.2000 nr 13 \u201eT\u00f6\u00f6vahendi kasutamise t\u00f6\u00f6tervishoiu ja t\u00f6\u00f6ohutuse n\u00f5uded\u201c (\u00a7 1 lg. 8; \u00a7 10 lg. 1). Kutsestandard \u201eLaot\u00f6\u00f6taja\u201c, tase 4, kompetents B 2.1.4; B 2.3.7.<\/p>\n<p><strong>\u00a0<\/strong><strong>Koolituse kogumaht akadeemilistes tundides :\u00a0\u00a0\u00a0\u00a0\u00a0 <\/strong>26<\/p>\n<ul>\n<li><strong>\u00a0\u00a0\u00a0\u00a0\u00a0\u00a0\u00a0\u00a0\u00a0\u00a0\u00a0\u00a0\u00a0\u00a0\u00a0\u00a0\u00a0\u00a0\u00a0\u00a0\u00a0\u00a0\u00a0\u00a0\u00a0\u00a0\u00a0 <\/strong>Teooriatundide maht\u00a0 \u00a0 \u00a0 \u00a0 \u00a0 \u00a0 \u00a0 \u00a0 \u00a0 \u00a0 \u00a0 \u00a0 \u00a0 \u00a08<\/li>\n<li><strong><em>\u00a0 \u00a0 \u00a0 \u00a0 \u00a0 \u00a0 \u00a0 \u00a0 \u00a0 \u00a0 \u00a0 \u00a0 \u00a0 \u00a0 <\/em><\/strong>Praktilise t\u00f6\u00f6 maht\u00a0\u00a0\u00a0\u00a0\u00a0\u00a0\u00a0\u00a0\u00a0\u00a0\u00a0\u00a0\u00a0\u00a0\u00a0\u00a0\u00a0 \u00a0\u00a0\u00a0\u00a0\u00a0\u00a0\u00a0\u00a0\u00a0\u00a0\u00a0 18<\/li>\n<\/ul>\n<p>(praktika toimub ettev\u00f5ttes, kust suunatakse \u00f5petusele kursuse osaleja)<\/p>\n<p><strong>Kasutatava \u00f5ppekeskkonna kirjeldus:<\/strong><\/p>\n<p>\u00d5ppet\u00f6\u00f6s kasutatakse \u00f5ppeklassi, mis on varustatud multiprojektoriga ning arvutiklassi. Koolitusruum (sh \u00f5ppetehnika) vastab t\u00f6\u00f6tervishoiu ja t\u00f6\u00f6ohutuse seaduses s\u00e4testatud t\u00f6\u00f6tervishoiu ja -ohutuse n\u00f5uetele.<\/p>\n<p><strong>\u00a0<\/strong><strong>Sihtgrupp ja \u00f5ppe alustamise n\u00f5uded:\u00a0<\/strong>\u00d5ppima v\u00f5ivad asuda t\u00e4iskasvanud, kelle kutsestandardis v\u00f5i ametijuhendis on ette n\u00e4htud\u00a0 laadurveokijuhi t\u00f6\u00f6 teostamine (n\u00e4iteks: laohoidja, ehitaja, liikurmasinajuht, lukksepp, koostelukksepp, betoonkonstruktsioonide ehitaja,\u00a0 keevitaja, m\u00fc\u00fcrsepp, lehtmetalli t\u00f6\u00f6tleja,\u00a0 ehituspuusepp, ehitusplekksepp, plekksepp, metallikonstruktsioonide valmistaja jne).<\/p>\n<p>\u00d5ppe alustamise n\u00f5uded: Erialane kogemus, v\u00e4hemalt p\u00f5hihariduse olemasolu<\/p>\n<p><strong>\u00a0<\/strong><strong>\u00d5<\/strong><strong>ppekava eesm\u00e4rgid:<\/strong> Anda v\u00f5imalus omandada laadurveoki kutset\u00f6\u00f6ks vajalikud\u00a0 teoreetilised ja praktilised teadmised ja oskused.<\/p>\n<p><strong>\u00a0<\/strong><strong>\u00d5piv\u00e4ljundid:<\/strong><\/p>\n<ul>\n<li>Teab laadurveoki ehitust, kasutuse korda ja tehnilise teenindamise p\u00f5hiprintsiipe.<\/li>\n<li>Tunneb t\u00f6\u00f6ohutuse reegleid laadurveokiga t\u00f6\u00f6tamisel.<\/li>\n<li>Oskab laadurveoki t\u00f6\u00f6d organiseerida ning laadurveokit juhtida<\/li>\n<\/ul>\n<p><strong>\u00d5ppe sisu<\/strong><\/p>\n<p><strong>Teooria\u00f5ppe \u2013 8 ak.tundi<\/strong><\/p>\n<p><strong>T\u00f6\u00f6kaitse\u00a0 \u00fcldk\u00fcsimused\u00a0\u00a0\u00a0 &#8211; 2 ak.tundi<\/strong><\/p>\n<p>EV t\u00f6\u00f6kaitsealane seadusandlus, t\u00f6\u00f6kaitse korraldus ettev\u00f5ttes, t\u00f6\u00f6sisekorra eeskirjad, elektri- ja tuleohutus<\/p>\n<p><strong>Laadurveoki ehitus\u00a0\u00a0\u00a0 &#8211; 2 tak.tundi<\/strong><\/p>\n<p>Otstarve, kasutuse valdkond, masinate tehnilised andmed, nende s\u00f5lmede otstarve ja ehitus.<\/p>\n<p><strong>Laadurveoki juhtimine\u00a0 &#8211; 4 ak.tundi<\/strong><\/p>\n<p>Ladurveoki stabiilsusp\u00fcramiid, laadurveoki t\u00f6\u00f6v\u00f5tted, t\u00f6\u00f6vahendi ja t\u00f6\u00f6koha kontroll<\/p>\n<p><strong>Praktiline t\u00f6\u00f6 \u2013 16 ak.tundi<\/strong><\/p>\n<p>Ohutustehnika dokumentidega tutvumine (koorma kinnitamise juhend jne.)<\/p>\n<p>Praktilise \u00f5ppe k\u00e4igus\u00a0 t\u00f6\u00f6v\u00f5tete omandamine laaduri simulaatoritel.<\/p>\n<p>S\u00f5iduharjutused ja \u00fclesanded: laaduri tehnilise seisukorra hindamine, t\u00f6\u00f6operatsioonide ja juhtimisv\u00f5tete omandamine, t\u00f6\u00f6 l\u00f5petamine, parkimine.<\/p>\n<p><strong>\u00a0<\/strong><strong>Kasutatavad \u00f5ppemeetodid: <\/strong>Loeng, arutelud, praktiline t\u00f6\u00f6.<\/p>\n<p><strong>\u00a0<\/strong><strong>Vajalike \u00f5ppematerjalide loend:<\/strong><\/p>\n<ol>\n<li>Seadme ohutuse seadus. T\u00f6\u00f6tervishoiu ja t\u00f6\u00f6ohutuse seadus.\u00a0 Troppimist\u00f6\u00f6de ohutusjuhend.<\/li>\n<li>Laadurveoki kasutamise juhendid.<\/li>\n<li>\u00d5petajad kasutavad \u00f5petamise k\u00e4igus isiklikke metoodilisi materjale.<\/li>\n<\/ol>\n<p>Kursuse l\u00f5petamisel j\u00e4\u00e4vad koolitatavale konspektid ja paljundatud \u00f5ppematerjalid.<\/p>\n<p><strong>\u00a0<\/strong><strong>N\u00f5uded \u00f5pingute l\u00f5petamiseks, sh hindamismeetodid ja kriteeriumid: <\/strong>\u00f5ppes osalemine\u00a0 &#8211; 90 % ja testi sooritamine v\u00e4hemalt 50% ulatuses. \u00d5ppijale v\u00e4ljastatakse \u00f5ppe l\u00f5petamise n\u00f5uete t\u00e4itmisel tunnistus.<\/p>\n<p><strong>\u00a0<\/strong><strong>Koolitaja kompetentsust t\u00f5endava kvalifikatsiooni v\u00f5i \u00f5pi- t\u00f6\u00f6kogemuse kirjeldus:<\/strong><\/p>\n<p>Gennadi Karp &#8211; keskeriharidus,\u00a0 ehitusvaldkonna spetsialist, t\u00e4iskasvanuid koolitab \u00fcle 10 aasta.<\/p>\n<p><strong><form method=\"post\" enctype=\"multipart\/form-data\" id=\"vfbp-form-1\" class=\"vfbp-form\"><div style=\"display:none;\"><label for=\"vfbp-EMAIL-AN8fuQyoDLXem\">\u0415\u0441\u043b\u0438 \u0412\u044b \u0447\u0435\u043b\u043e\u0432\u0435\u043a, \u043e\u0441\u0442\u0430\u0432\u044c\u0442\u0435 \u044d\u0442\u043e \u043f\u043e\u043b\u0435 \u043f\u0443\u0441\u0442\u044b\u043c<\/label><input size=\"25\" autocomplete=\"off\" type=\"text\" name=\"vfbp-EMAIL-AN8fuQyoDLXem\" value=\"\" id=\"\"><\/div><input type=\"hidden\" name=\"_vfb-timestamp-1\" value=\"1776952972\" id=\"\"><input type=\"hidden\" name=\"_vfb-form-id\" value=\"1\" id=\"\"><div class=\"vfb-col-12 vfb-fieldType-hidden\" id=\"vfbField5\"><input id=\"vfb-field-5\" class=\"vfb-form-control\" placeholder=\"\" type=\"hidden\" name=\"vfb-field-5\" value=\"Laadurveokijuht\"><\/div><div class=\"vfb-clearfix\"><\/div><div class=\"vfb-col-12 vfb-fieldType-hidden\" id=\"vfbField60\"><input id=\"vfb-field-60\" class=\"vfb-form-control\" placeholder=\"\" type=\"hidden\" name=\"vfb-field-60\" value=\"7665\"><\/div><div class=\"vfb-clearfix\"><\/div><div class=\"vfb-well vfb-col-12\" id=\"vfbField4\"><div class=\"vfb-form-group vfb-col-12\"><div><h3 class=\"\">Saada koolituse p\u00e4ring v\u00f5i <a href=\"\/koolitused\">vaata koolituskalendrit<\/a><\/h3><\/div><\/div><div class=\"vfb-col-12 vfb-fieldType-heading\" id=\"vfbField4\"><\/div><div class=\"vfb-clearfix\"><\/div><div class=\"vfb-col-4 vfb-fieldType-text\" id=\"vfbField1\"><div class=\"vfb-form-group\"><label for=\"vfb-field-1\" class=\"vfb-control-label\">Nimi <span class=\"vfb-required-asterisk\">*<\/span><\/label><div><input id=\"vfb-field-1\" class=\"vfb-form-control\" placeholder=\"\" required=\"required\" type=\"text\" name=\"vfb-field-1\" value=\"\"><\/div><\/div><\/div><div class=\"vfb-col-4 vfb-fieldType-email\" id=\"vfbField3\"><div class=\"vfb-form-group\"><label for=\"vfb-field-3\" class=\"vfb-control-label\">E-posti aadress <span class=\"vfb-required-asterisk\">*<\/span><\/label><div><input id=\"vfb-field-3\" class=\"vfb-form-control\" placeholder=\"\" required=\"required\" type=\"email\" name=\"vfb-field-3\" value=\"\"><\/div><\/div><\/div><div class=\"vfb-col-4 vfb-fieldType-text\" id=\"vfbField6\"><div class=\"vfb-form-group\"><label for=\"vfb-field-6\" class=\"vfb-control-label\">Telefon <span class=\"vfb-required-asterisk\">*<\/span><\/label><div><input id=\"vfb-field-6\" class=\"vfb-form-control\" placeholder=\"\" required=\"required\" type=\"text\" name=\"vfb-field-6\" value=\"\"><\/div><\/div><\/div><div class=\"vfb-clearfix\"><\/div><div class=\"vfb-col-12 vfb-fieldType-select\" id=\"vfbField81\"><label for=\"vfb-field-81\" class=\"vfb-control-label\">Soovin koolitust l\u00e4bida:<\/label><div><div class=\"vfb-form-group\"><select id=\"vfb-field-81\" class=\"vfb-form-control\" placeholder=\"\" name=\"vfb-field-81\"><option value=\"Eesti keeles\">Eesti keeles<\/option><option value=\"Vene keeles\">Vene keeles<\/option><\/select><\/div><\/div><\/div><div class=\"vfb-clearfix\"><\/div><div class=\"vfb-col-12 vfb-fieldType-select\" id=\"vfbField196\"><label for=\"vfb-field-196\" class=\"vfb-control-label\">Koolituse tellib:<\/label><div><div class=\"vfb-form-group\"><select id=\"vfb-field-196\" class=\"vfb-form-control\" placeholder=\"\" name=\"vfb-field-196\"><option value=\"Eraisik\">Eraisik<\/option><option value=\"Ettev&otilde;te\">Ettev\u00f5te<\/option><\/select><\/div><\/div><\/div><div class=\"vfb-clearfix\"><\/div><div class=\"vfb-col-4 vfb-fieldType-select\" id=\"vfbField11\"><label for=\"vfb-field-11\" class=\"vfb-control-label\">Kes arve tasub?<\/label><div><div class=\"vfb-form-group\"><select id=\"vfb-field-11\" class=\"vfb-form-control\" placeholder=\"\" name=\"vfb-field-11\"><option value=\"Ettev&otilde;te\">Ettev\u00f5te<\/option><option value=\"Eraisik\">Eraisik<\/option><option value=\"T&ouml;&ouml;tukassa\">T\u00f6\u00f6tukassa<\/option><\/select><\/div><\/div><\/div><div class=\"vfb-col-7 vfb-fieldType-text\" id=\"vfbField8\"><div class=\"vfb-form-group\"><label for=\"vfb-field-8\" class=\"vfb-control-label\">Ettev\u00f5tte nimi, kellele arve esitatakse <span class=\"vfb-required-asterisk\">*<\/span><\/label><div><input id=\"vfb-field-8\" class=\"vfb-form-control\" placeholder=\"\" required=\"required\" type=\"text\" name=\"vfb-field-8\" value=\"\"><\/div><\/div><\/div><div class=\"vfb-col-7 vfb-fieldType-text\" id=\"vfbField61\"><div class=\"vfb-form-group\"><label for=\"vfb-field-61\" class=\"vfb-control-label\">Eraisiku nimi, kellele arve esitatakse <span class=\"vfb-required-asterisk\">*<\/span><\/label><div><input id=\"vfb-field-61\" class=\"vfb-form-control\" placeholder=\"\" required=\"required\" type=\"text\" name=\"vfb-field-61\" value=\"\"><\/div><\/div><\/div><div class=\"vfb-clearfix\"><\/div><div class=\"vfb-col-12 vfb-fieldType-textarea\" id=\"vfbField12\"><div class=\"vfb-form-group\"><label for=\"vfb-field-12\" class=\"vfb-control-label\">Lisainfo<\/label><div><textarea id=\"vfb-field-12\" class=\"vfb-form-control\" placeholder=\"\" rows=\"5\" name=\"vfb-field-12\" cols=\"50\"><\/textarea><\/div><\/div><\/div><div class=\"vfb-clearfix\"><\/div><div class=\"vfb-col-6 vfb-fieldType-checkbox\" id=\"vfbField13\"><label for=\"vfb-field-13\" class=\"vfb-control-label\"><\/label><div><div class=\"vfb-checkbox\"><label><input id=\"vfb-field-13-0\" class=\"\" placeholder=\"\" data-vfb-multiple=\"vfb-field-13\" type=\"checkbox\" name=\"vfb-field-13[0]\" value=\"1\"> Soovin saada infot minu ala kursuste kohta<\/label><\/div><\/div><\/div><div class=\"vfb-col-6 vfb-fieldType-checkbox\" id=\"vfbField14\"><label for=\"vfb-field-14\" class=\"vfb-control-label\"><\/label><div><div class=\"vfb-checkbox\"><label><input id=\"vfb-field-14-0\" class=\"\" placeholder=\"\" data-vfb-multiple=\"vfb-field-14\" type=\"checkbox\" name=\"vfb-field-14[0]\" value=\"1\">Soovin saada infot eripakkumiste ja soodustuste kohta<\/label><\/div><\/div><\/div><div class=\"vfb-clearfix\"><\/div><div class=\"vfb-col-12 vfb-fieldType-checkbox\" id=\"vfbField15\"><label for=\"vfb-field-15\" class=\"vfb-control-label\"> <span class=\"vfb-required-asterisk\">*<\/span><\/label><div><div class=\"vfb-checkbox\"><label><input id=\"vfb-field-15-0\" class=\"\" placeholder=\"\" data-vfb-multiple=\"vfb-field-15\" required=\"required\" type=\"checkbox\" name=\"vfb-field-15[0]\" value=\"1\">Kinnitan, et olen tutvunud \u00d5ppet\u00f6\u00f6 korraldusega ja v\u00f5tan enesele k\u00f5ik sellest tulenevad kohustused<\/label><\/div><\/div><\/div><div class=\"vfb-clearfix\"><\/div><div class=\"vfb-col-12 vfb-fieldType-submit\" id=\"vfbField16\"><button id=\"vfb-field-16\" class=\" btn btn-primary\" placeholder=\"\" type=\"submit\" name=\"_vfb-submit\">Registreerimine<\/button><\/div><div class=\"vfb-clearfix\"><\/div><\/div> <!-- .vfb-well --><\/form>[\/fusion_text][\/fusion_builder_column][\/fusion_builder_row][\/fusion_builder_container]<\/strong><\/p>\n","protected":false},"excerpt":{"rendered":"<p>\u00d5ppekava kinnitamise aeg: 19.12.2024 \u00a0Kursuse nimetus: \u00a0Laadurveokijuht \u00d5ppekavar\u00fchm:\u00a0\u00a0\u00a0\u00a0\u00a0 Ehitus ja tsiviilrajatised \u00d5ppekava koostamise alus: Vabariigi Valitsuse m\u00e4\u00e4rus 11.01.2000 nr 13 \u201eT\u00f6\u00f6vahendi kasutamise t\u00f6\u00f6tervishoiu ja t\u00f6\u00f6ohutuse n\u00f5uded\u201c (\u00a7 1 lg. 8; \u00a7 10 lg. <a href=\"https:\/\/kvkoolitus.ee\/ru\/laadurveokijuht-tegemise-koolitus\/\"> [&#8230;]<\/a><\/p>\n","protected":false},"author":9,"featured_media":0,"parent":0,"menu_order":0,"comment_status":"closed","ping_status":"closed","template":"","meta":{"footnotes":""},"class_list":["post-7665","page","type-page","status-publish","hentry"],"aioseo_notices":[],"_links":{"self":[{"href":"https:\/\/kvkoolitus.ee\/ru\/wp-json\/wp\/v2\/pages\/7665","targetHints":{"allow":["GET"]}}],"collection":[{"href":"https:\/\/kvkoolitus.ee\/ru\/wp-json\/wp\/v2\/pages"}],"about":[{"href":"https:\/\/kvkoolitus.ee\/ru\/wp-json\/wp\/v2\/types\/page"}],"author":[{"embeddable":true,"href":"https:\/\/kvkoolitus.ee\/ru\/wp-json\/wp\/v2\/users\/9"}],"replies":[{"embeddable":true,"href":"https:\/\/kvkoolitus.ee\/ru\/wp-json\/wp\/v2\/comments?post=7665"}],"version-history":[{"count":4,"href":"https:\/\/kvkoolitus.ee\/ru\/wp-json\/wp\/v2\/pages\/7665\/revisions"}],"predecessor-version":[{"id":8415,"href":"https:\/\/kvkoolitus.ee\/ru\/wp-json\/wp\/v2\/pages\/7665\/revisions\/8415"}],"wp:attachment":[{"href":"https:\/\/kvkoolitus.ee\/ru\/wp-json\/wp\/v2\/media?parent=7665"}],"curies":[{"name":"wp","href":"https:\/\/api.w.org\/{rel}","templated":true}]}}