{"id":7796,"date":"2024-04-23T13:10:25","date_gmt":"2024-04-23T10:10:25","guid":{"rendered":"https:\/\/kvkoolitus.ee\/?page_id=7796"},"modified":"2025-01-06T15:20:35","modified_gmt":"2025-01-06T13:20:35","slug":"keevisombluste-kontroll-ja-katsetamine","status":"publish","type":"page","link":"https:\/\/kvkoolitus.ee\/ru\/keevisombluste-kontroll-ja-katsetamine\/","title":{"rendered":"\u041f\u0440\u043e\u0432\u0435\u0440\u043a\u0430 \u0438 \u0442\u0435\u0441\u0442\u0438\u0440\u043e\u0432\u0430\u043d\u0438\u0435 \u0441\u0432\u0430\u0440\u043d\u044b\u0445 \u0448\u0432\u043e\u0432"},"content":{"rendered":"<p style=\"text-align: right;\">\u00d5ppekava kinnitamise aeg: 19.12.2024<\/p>\n<p><strong>\u00d5pekava nimetus: <\/strong><strong>Keevis\u00f5mbluste kontroll ja katsetamine<\/strong><\/p>\n<p><strong>\u00d5ppekava r\u00fchm<\/strong>: Mehaanika ja metallit\u00f6\u00f6<\/p>\n<p><strong>\u00d5ppekava koostamise alus: <\/strong>Kutsestandard: Keevitaja, tase 4; kompetents: B.2.5 Poolautomaatsete keevitust\u00f6\u00f6de tegemine ja detailide j\u00e4relt\u00f6\u00f6tlemine<\/p>\n<p><strong>Koolituse kogumaht akadeemilistes tundides :\u00a0\u00a0\u00a0\u00a0\u00a0\u00a0 <\/strong>6 tundi<\/p>\n<p><strong>Kasutatava \u00f5ppekeskkonna kirjeldus:<\/strong><\/p>\n<p>\u00d5ppet\u00f6\u00f6s kasutatakse \u00f5ppeklassi, mis on varustatud multiprojektoriga ning arvutiklassi.<\/p>\n<p>Koolitusruum (sh \u00f5ppetehnika) vastab t\u00f6\u00f6tervishoiu ja t\u00f6\u00f6ohutuse seaduses s\u00e4testatud t\u00f6\u00f6tervishoiu ja -ohutuse n\u00f5uetele.<\/p>\n<p><strong>Sihtgrupp ja \u00f5ppe alustamise n\u00f5uded:<\/strong><\/p>\n<ul>\n<li>erialase hariduseta t\u00e4iskasvanud, kelle tervislik seisund v\u00f5imaldab \u00f5ppida ja t\u00f6\u00f6tada antud valdkonnas;<\/li>\n<li>t\u00f6\u00f6tajad, kelle kutsestandardis v\u00f5i ametijuhendis on ette n\u00e4htud keevitust\u00f6\u00f6de teostamine (nt lukksepp, koostelukksepp, metallikonstruktsioonide valmistaja, keskkonnatehnika lukksepp ja teised).<\/li>\n<\/ul>\n<p>\u00d5ppe alustamise n\u00f5uded<strong>: <\/strong>on soovitatav metallivaldkonnas t\u00f6\u00f6tamise kogemus.<\/p>\n<p><strong>\u00d5ppekava eesm\u00e4rgid<\/strong><strong>: <\/strong>anda v\u00f5imalus professionaalselt ja vastavalt standardile teostada keevis\u00f5mbluste visuaalne kontroll.<\/p>\n<p><strong>\u00d5piv\u00e4ljundid:<\/strong><\/p>\n<ul>\n<li>teostab keevis\u00f5mbluste visuaalset kontrolli erinevatel viisidel;<\/li>\n<li>teab keevis\u00f5mbluste kvaliteedi standardeid;<\/li>\n<li>oskab t\u00e4ita keevis\u00f5mbluste visuaalse kontrolli juhendit.<\/li>\n<\/ul>\n<p><strong>\u00d5ppe sisu: <\/strong><\/p>\n<p><strong>Auditoorne t\u00f6\u00f6 \u2013 4 tundi<\/strong><\/p>\n<ol>\n<li>Keevitus ja k\u00fclgnevad protsessid. Keevisliidete t\u00e4histamine tingm\u00e4rkidega joonistel. Standardid.<\/li>\n<li>Keevitus. Terase, nikli, titaani ja nende sulamite sulakeevitusliited (v\u00e4lja arvatud kiirguskeevituse meetodid). Kvaliteeditasemed keevitusdefektide j\u00e4rg. Standardid.<\/li>\n<li>Mittepurustav kontroll (NDT)<\/li>\n<\/ol>\n<ul>\n<li>Visuaalne uuring (VT)<\/li>\n<li>Visuaalne uurimine<\/li>\n<li>Keevituse l\u00f5petatus<\/li>\n<li>Keevis\u00f5mbluse m\u00f5\u00f5tmed<\/li>\n<li>Keevisliite komponentide kuju, m\u00f5\u00f5tmed ja h\u00e4lbed<\/li>\n<li>Keevisliite v\u00e4limus<\/li>\n<li>R\u00f6ntgenkatse (RT)<\/li>\n<li>Digitaalne r\u00f6ntgenkatse (DRT)<\/li>\n<li>Ultrahelikatse (UT)<\/li>\n<li>Kapillaarne katsetamine ehk penetrantkatse (PT)<\/li>\n<li>Magnetpulberkatse (MT)<\/li>\n<li>Tiheduskatsevaakumiga (LT)<\/li>\n<li>Metallipaksuse m\u00f5\u00f5tmine ultraheli meetodil<\/li>\n<\/ul>\n<ol start=\"4\">\n<li>Mittepurustav kontrolli teised viisid<\/li>\n<li>Purustav kontroll<\/li>\n<\/ol>\n<ul>\n<li>Metallograafiline kontroll<\/li>\n<li>Keemiline anal\u00fc\u00fcs<\/li>\n<li>Mehaanilised katsed<\/li>\n<\/ul>\n<ol start=\"6\">\n<li>Dokumentatsioonide vormistamise n\u00f5uded (instruktsioonid, protokollid)<\/li>\n<\/ol>\n<p><strong>Praktiline t\u00f6\u00f6 \u2013 2 tundi<\/strong><\/p>\n<ul>\n<li>Dokumentatsioonide koostamine<\/li>\n<li>M\u00f5\u00f5tmise seadmetega visuaalse kontrolli l\u00e4biviimine<\/li>\n<\/ul>\n<p><strong>Kasutatavad \u00f5ppemeetodid: <\/strong>Loeng, arutelud, praktiline t\u00f6\u00f6.<\/p>\n<p><strong>Vajalike \u00f5ppematerjalide loend:\u00a0<\/strong>\u00d5petajad kasutavad \u00f5petamise k\u00e4igus isiklikke metoodilisi materjale. Kursuse l\u00f5petamisel j\u00e4\u00e4vad koolitatavale konspektid ja paljundatud \u00f5ppematerjalid.<\/p>\n<p><strong>N\u00f5uded \u00f5pingute l\u00f5petamiseks, sh hindamismeetodid ja kriteeriumid: <\/strong>\u00f5ppes osalemine\u00a0 &#8211; 90 % ja testi sooritamine v\u00e4hemalt 50% ulatuses. \u00d5ppijale v\u00e4ljastatakse \u00f5ppe l\u00f5petamise n\u00f5uete t\u00e4itmisel tunnistus.<\/p>\n<p><strong>Koolitaja kompetentsust t\u00f5endava kvalifikatsiooni v\u00f5i \u00f5pi- t\u00f6\u00f6kogemuse kirjeldus:<\/strong><\/p>\n<p>Irina Leppik \u2013 k\u00f5rgharidus, insener-mehaanik.<\/p>\n<p><strong>Tellimine ja info:<\/strong><\/p>\n<p>Telefon: 55 583 410; 53 475 016<br \/>\nE-post:\u00a0<a href=\"mailto:info@kvkoolitus.ee\">info@kvkoolitus.ee<\/a><\/p>\n<p><strong><form method=\"post\" enctype=\"multipart\/form-data\" id=\"vfbp-form-1\" class=\"vfbp-form\"><div style=\"display:none;\"><label for=\"vfbp-EMAIL-AN8fuQyoDLXem\">\u0415\u0441\u043b\u0438 \u0412\u044b \u0447\u0435\u043b\u043e\u0432\u0435\u043a, \u043e\u0441\u0442\u0430\u0432\u044c\u0442\u0435 \u044d\u0442\u043e \u043f\u043e\u043b\u0435 \u043f\u0443\u0441\u0442\u044b\u043c<\/label><input size=\"25\" autocomplete=\"off\" type=\"text\" name=\"vfbp-EMAIL-AN8fuQyoDLXem\" value=\"\" id=\"\"><\/div><input type=\"hidden\" name=\"_vfb-timestamp-1\" value=\"1776355520\" id=\"\"><input type=\"hidden\" name=\"_vfb-form-id\" value=\"1\" id=\"\"><div class=\"vfb-col-12 vfb-fieldType-hidden\" id=\"vfbField5\"><input id=\"vfb-field-5\" class=\"vfb-form-control\" placeholder=\"\" type=\"hidden\" name=\"vfb-field-5\" value=\"Keevis&otilde;mbluste kontroll ja katsetamine\"><\/div><div class=\"vfb-clearfix\"><\/div><div class=\"vfb-col-12 vfb-fieldType-hidden\" id=\"vfbField60\"><input id=\"vfb-field-60\" class=\"vfb-form-control\" placeholder=\"\" type=\"hidden\" name=\"vfb-field-60\" value=\"7796\"><\/div><div class=\"vfb-clearfix\"><\/div><div class=\"vfb-well vfb-col-12\" id=\"vfbField4\"><div class=\"vfb-form-group vfb-col-12\"><div><h3 class=\"\">Saada koolituse p\u00e4ring v\u00f5i <a href=\"\/koolitused\">vaata koolituskalendrit<\/a><\/h3><\/div><\/div><div class=\"vfb-col-12 vfb-fieldType-heading\" id=\"vfbField4\"><\/div><div class=\"vfb-clearfix\"><\/div><div class=\"vfb-col-4 vfb-fieldType-text\" id=\"vfbField1\"><div class=\"vfb-form-group\"><label for=\"vfb-field-1\" class=\"vfb-control-label\">Nimi <span class=\"vfb-required-asterisk\">*<\/span><\/label><div><input id=\"vfb-field-1\" class=\"vfb-form-control\" placeholder=\"\" required=\"required\" type=\"text\" name=\"vfb-field-1\" value=\"\"><\/div><\/div><\/div><div class=\"vfb-col-4 vfb-fieldType-email\" id=\"vfbField3\"><div class=\"vfb-form-group\"><label for=\"vfb-field-3\" class=\"vfb-control-label\">E-posti aadress <span class=\"vfb-required-asterisk\">*<\/span><\/label><div><input id=\"vfb-field-3\" class=\"vfb-form-control\" placeholder=\"\" required=\"required\" type=\"email\" name=\"vfb-field-3\" value=\"\"><\/div><\/div><\/div><div class=\"vfb-col-4 vfb-fieldType-text\" id=\"vfbField6\"><div class=\"vfb-form-group\"><label for=\"vfb-field-6\" class=\"vfb-control-label\">Telefon <span class=\"vfb-required-asterisk\">*<\/span><\/label><div><input id=\"vfb-field-6\" class=\"vfb-form-control\" placeholder=\"\" required=\"required\" type=\"text\" name=\"vfb-field-6\" value=\"\"><\/div><\/div><\/div><div class=\"vfb-clearfix\"><\/div><div class=\"vfb-col-12 vfb-fieldType-select\" id=\"vfbField81\"><label for=\"vfb-field-81\" class=\"vfb-control-label\">Soovin koolitust l\u00e4bida:<\/label><div><div class=\"vfb-form-group\"><select id=\"vfb-field-81\" class=\"vfb-form-control\" placeholder=\"\" name=\"vfb-field-81\"><option value=\"Eesti keeles\">Eesti keeles<\/option><option value=\"Vene keeles\">Vene keeles<\/option><\/select><\/div><\/div><\/div><div class=\"vfb-clearfix\"><\/div><div class=\"vfb-col-12 vfb-fieldType-select\" id=\"vfbField196\"><label for=\"vfb-field-196\" class=\"vfb-control-label\">Koolituse tellib:<\/label><div><div class=\"vfb-form-group\"><select id=\"vfb-field-196\" class=\"vfb-form-control\" placeholder=\"\" name=\"vfb-field-196\"><option value=\"Eraisik\">Eraisik<\/option><option value=\"Ettev&otilde;te\">Ettev\u00f5te<\/option><\/select><\/div><\/div><\/div><div class=\"vfb-clearfix\"><\/div><div class=\"vfb-col-4 vfb-fieldType-select\" id=\"vfbField11\"><label for=\"vfb-field-11\" class=\"vfb-control-label\">Kes arve tasub?<\/label><div><div class=\"vfb-form-group\"><select id=\"vfb-field-11\" class=\"vfb-form-control\" placeholder=\"\" name=\"vfb-field-11\"><option value=\"Ettev&otilde;te\">Ettev\u00f5te<\/option><option value=\"Eraisik\">Eraisik<\/option><option value=\"T&ouml;&ouml;tukassa\">T\u00f6\u00f6tukassa<\/option><\/select><\/div><\/div><\/div><div class=\"vfb-col-7 vfb-fieldType-text\" id=\"vfbField8\"><div class=\"vfb-form-group\"><label for=\"vfb-field-8\" class=\"vfb-control-label\">Ettev\u00f5tte nimi, kellele arve esitatakse <span class=\"vfb-required-asterisk\">*<\/span><\/label><div><input id=\"vfb-field-8\" class=\"vfb-form-control\" placeholder=\"\" required=\"required\" type=\"text\" name=\"vfb-field-8\" value=\"\"><\/div><\/div><\/div><div class=\"vfb-col-7 vfb-fieldType-text\" id=\"vfbField61\"><div class=\"vfb-form-group\"><label for=\"vfb-field-61\" class=\"vfb-control-label\">Eraisiku nimi, kellele arve esitatakse <span class=\"vfb-required-asterisk\">*<\/span><\/label><div><input id=\"vfb-field-61\" class=\"vfb-form-control\" placeholder=\"\" required=\"required\" type=\"text\" name=\"vfb-field-61\" value=\"\"><\/div><\/div><\/div><div class=\"vfb-clearfix\"><\/div><div class=\"vfb-col-12 vfb-fieldType-textarea\" id=\"vfbField12\"><div class=\"vfb-form-group\"><label for=\"vfb-field-12\" class=\"vfb-control-label\">Lisainfo<\/label><div><textarea id=\"vfb-field-12\" class=\"vfb-form-control\" placeholder=\"\" rows=\"5\" name=\"vfb-field-12\" cols=\"50\"><\/textarea><\/div><\/div><\/div><div class=\"vfb-clearfix\"><\/div><div class=\"vfb-col-6 vfb-fieldType-checkbox\" id=\"vfbField13\"><label for=\"vfb-field-13\" class=\"vfb-control-label\"><\/label><div><div class=\"vfb-checkbox\"><label><input id=\"vfb-field-13-0\" class=\"\" placeholder=\"\" data-vfb-multiple=\"vfb-field-13\" type=\"checkbox\" name=\"vfb-field-13[0]\" value=\"1\"> Soovin saada infot minu ala kursuste kohta<\/label><\/div><\/div><\/div><div class=\"vfb-col-6 vfb-fieldType-checkbox\" id=\"vfbField14\"><label for=\"vfb-field-14\" class=\"vfb-control-label\"><\/label><div><div class=\"vfb-checkbox\"><label><input id=\"vfb-field-14-0\" class=\"\" placeholder=\"\" data-vfb-multiple=\"vfb-field-14\" type=\"checkbox\" name=\"vfb-field-14[0]\" value=\"1\">Soovin saada infot eripakkumiste ja soodustuste kohta<\/label><\/div><\/div><\/div><div class=\"vfb-clearfix\"><\/div><div class=\"vfb-col-12 vfb-fieldType-checkbox\" id=\"vfbField15\"><label for=\"vfb-field-15\" class=\"vfb-control-label\"> <span class=\"vfb-required-asterisk\">*<\/span><\/label><div><div class=\"vfb-checkbox\"><label><input id=\"vfb-field-15-0\" class=\"\" placeholder=\"\" data-vfb-multiple=\"vfb-field-15\" required=\"required\" type=\"checkbox\" name=\"vfb-field-15[0]\" value=\"1\">Kinnitan, et olen tutvunud \u00d5ppet\u00f6\u00f6 korraldusega ja v\u00f5tan enesele k\u00f5ik sellest tulenevad kohustused<\/label><\/div><\/div><\/div><div class=\"vfb-clearfix\"><\/div><div class=\"vfb-col-12 vfb-fieldType-submit\" id=\"vfbField16\"><button id=\"vfb-field-16\" class=\" btn btn-primary\" placeholder=\"\" type=\"submit\" name=\"_vfb-submit\">Registreerimine<\/button><\/div><div class=\"vfb-clearfix\"><\/div><\/div> <!-- .vfb-well --><\/form>[\/fusion_text][\/fusion_builder_column][\/fusion_builder_row][\/fusion_builder_container]<\/strong><\/p>\n","protected":false},"excerpt":{"rendered":"<p>\u00d5ppekava kinnitamise aeg: 19.12.2024 \u00d5pekava nimetus: Keevis\u00f5mbluste kontroll ja katsetamine \u00d5ppekava r\u00fchm: Mehaanika ja metallit\u00f6\u00f6 \u00d5ppekava koostamise alus: Kutsestandard: Keevitaja, tase 4; kompetents: B.2.5 Poolautomaatsete keevitust\u00f6\u00f6de tegemine ja detailide j\u00e4relt\u00f6\u00f6tlemine Koolituse kogumaht akadeemilistes <a href=\"https:\/\/kvkoolitus.ee\/ru\/keevisombluste-kontroll-ja-katsetamine\/\"> [&#8230;]<\/a><\/p>\n","protected":false},"author":9,"featured_media":0,"parent":0,"menu_order":0,"comment_status":"closed","ping_status":"closed","template":"","meta":{"footnotes":""},"class_list":["post-7796","page","type-page","status-publish","hentry"],"aioseo_notices":[],"_links":{"self":[{"href":"https:\/\/kvkoolitus.ee\/ru\/wp-json\/wp\/v2\/pages\/7796","targetHints":{"allow":["GET"]}}],"collection":[{"href":"https:\/\/kvkoolitus.ee\/ru\/wp-json\/wp\/v2\/pages"}],"about":[{"href":"https:\/\/kvkoolitus.ee\/ru\/wp-json\/wp\/v2\/types\/page"}],"author":[{"embeddable":true,"href":"https:\/\/kvkoolitus.ee\/ru\/wp-json\/wp\/v2\/users\/9"}],"replies":[{"embeddable":true,"href":"https:\/\/kvkoolitus.ee\/ru\/wp-json\/wp\/v2\/comments?post=7796"}],"version-history":[{"count":3,"href":"https:\/\/kvkoolitus.ee\/ru\/wp-json\/wp\/v2\/pages\/7796\/revisions"}],"predecessor-version":[{"id":8431,"href":"https:\/\/kvkoolitus.ee\/ru\/wp-json\/wp\/v2\/pages\/7796\/revisions\/8431"}],"wp:attachment":[{"href":"https:\/\/kvkoolitus.ee\/ru\/wp-json\/wp\/v2\/media?parent=7796"}],"curies":[{"name":"wp","href":"https:\/\/api.w.org\/{rel}","templated":true}]}}