{"id":7801,"date":"2024-04-25T11:17:39","date_gmt":"2024-04-25T08:17:39","guid":{"rendered":"https:\/\/kvkoolitus.ee\/?page_id=7801"},"modified":"2025-12-17T14:17:37","modified_gmt":"2025-12-17T12:17:37","slug":"korgustood-ja-statsionaarse-korvtostuki-juhtimine-tostetoodel","status":"publish","type":"page","link":"https:\/\/kvkoolitus.ee\/ru\/korgustood-ja-statsionaarse-korvtostuki-juhtimine-tostetoodel\/","title":{"rendered":"\u041f\u043e\u0434\u044a\u0435\u043c \u0438 \u043f\u0440\u0438\u0432\u0435\u0434\u0435\u043d\u0438\u0435 \u0432 \u0434\u0432\u0438\u0436\u0435\u043d\u0438\u0435 \u0441\u0442\u0430\u0446\u0438\u043e\u043d\u0430\u0440\u043d\u043e\u0433\u043e \u043f\u043e\u0434\u044a\u0435\u043c\u043d\u0438\u043a\u0430 \u0434\u043b\u044f \u0432\u044b\u043f\u043e\u043b\u043d\u0435\u043d\u0438\u044f \u0433\u0440\u0443\u0437\u043e\u043f\u043e\u0434\u044a\u0435\u043c\u043d\u044b\u0445 \u043e\u043f\u0435\u0440\u0430\u0446\u0438\u0439"},"content":{"rendered":"<p style=\"text-align: right;\">\u00d5ppekava kinnitamise aeg: 19.12.2024<\/p>\n<p><strong>\u00a0<\/strong><strong>\u00d5pekava nimetus: K\u00f5rgust\u00f6\u00f6d ja statsionaarse korvt\u00f5stuki juhtimine t\u00f5stet\u00f6\u00f6del<\/strong><\/p>\n<p><strong>\u00d5ppekava r\u00fchm<\/strong>: Mehaanika ja metallit\u00f6\u00f6<\/p>\n<p><strong>\u00d5ppekava koostamise alus: <\/strong>Kutsestandard: Keevitaja, tase 4; kompetents: B.2.5 Poolautomaatsete keevitust\u00f6\u00f6de tegemine ja detailide j\u00e4relt\u00f6\u00f6tlemine<\/p>\n<p><strong>Koolituse kogumaht akadeemilistes tundides :\u00a0\u00a0\u00a0\u00a0\u00a0\u00a0 16 tundi<\/strong><\/p>\n<ul>\n<li>sh auditoorse t\u00f6\u00f6 maht akadeemilistes tundides: 8 tundi<\/li>\n<li>sh praktilise t\u00f6\u00f6 maht akadeemilistes tundides: 8 tundi<\/li>\n<\/ul>\n<p><strong>Kasutatava \u00f5ppekeskkonna kirjeldus:<\/strong><\/p>\n<p>\u00d5ppet\u00f6\u00f6s kasutatakse \u00f5ppeklassi, mis on varustatud multiprojektoriga ning arvutiklassi.<\/p>\n<p>Koolitusruum (sh \u00f5ppetehnika) vastab t\u00f6\u00f6tervishoiu ja t\u00f6\u00f6ohutuse seaduses s\u00e4testatud t\u00f6\u00f6tervishoiu ja -ohutuse n\u00f5uetele.<\/p>\n<p><strong>Sihtgrupp ja \u00f5ppe alustamise n\u00f5uded:<\/strong><\/p>\n<ul>\n<li>erialase hariduseta t\u00e4iskasvanud, kelle tervislik seisund v\u00f5imaldab \u00f5ppida ja t\u00f6\u00f6tada antud valdkonnas;<\/li>\n<li>t\u00f6\u00f6tajad, kelle kutsestandardis v\u00f5i ametijuhendis on ette n\u00e4htud keevitust\u00f6\u00f6de teostamine (nt lukksepp, koostelukksepp, metallikonstruktsioonide valmistaja, keskkonnatehnika lukksepp ja teised).<\/li>\n<\/ul>\n<p>\u00d5ppe alustamise n\u00f5uded<strong>: <\/strong>on soovitatav metallivaldkonnas t\u00f6\u00f6tamise kogemus.<\/p>\n<p><strong>\u00d5ppekava eesm\u00e4rgid: a<\/strong>nda \u00f5ppijale teoreetilised teadmised ja praktilised oskused statsionaarse korvt\u00f5stuki ehituse, kasutuse ja tehnilise teenindamise kohta, t\u00f5stukitega t\u00f6\u00f6 organiseerimise k\u00f5rgust\u00f6\u00f6del.<\/p>\n<p><strong>\u00d5piv\u00e4ljundid:<\/strong><\/p>\n<ul>\n<li>omab \u00fclevaadet erinevatest statsionaarsetest korvt\u00f5stukitest ja nende kasutusalast objektil;<\/li>\n<li>teeb iseseisvalt t\u00f5stet\u00f6id statsionaarse korvt\u00f5stukiga;<\/li>\n<li>j\u00e4rgib t\u00f6\u00f6- ja keskkonnaohutuse ning t\u00f6\u00f6tervishoiun\u00f5udeid k\u00f5rgust\u00f6\u00f6del, tellingute kasutamises ja statsionaarse korvt\u00f5stuki juhtimisel.<\/li>\n<\/ul>\n<p><strong>\u00d5ppe sisu: <\/strong><\/p>\n<ol>\n<li><strong>Auditoorne t\u00f6\u00f6 \u2013 8 tundi<\/strong><\/li>\n<\/ol>\n<p><strong>K\u00f5rgust\u00f6\u00f6d:<\/strong> ajutiseks k\u00f5rgt\u00f6\u00f6ks etten\u00e4htud t\u00f6\u00f6vahendite kasutamine, ajutisel k\u00f5rgt\u00f6\u00f6l kasutatavate t\u00f6\u00f6vahendite hooldamine ja kontrollimine.<\/p>\n<p><strong>Statsionaarse korvt\u00f5stukid:<\/strong> otstarve, kasutuse valdkond, tehnilised andmed, nende s\u00f5lmede otstarve ja ehitus, juhtimine.<\/p>\n<p><strong>Tellingute kasutamine:<\/strong> tellingute paigaldamise, demonteerimise v\u00f5i muutmise plaani m\u00f5istmine, tellingutele lubatud koormus, kaitsemeetmed, mida kasutatakse halbade v\u00f5i kiiresti muutuvate ilmastikutingimuste puhul, tellingute kahjustumise v\u00e4ltimiseks.<\/p>\n<p><strong>T\u00f6\u00f6ohutus ja t\u00f6\u00f6tervishoid: t<\/strong>\u00f6\u00f6tervishoiu ja t\u00f6\u00f6ohutuse seadus, k\u00f5rgt\u00f6\u00f6de seadusandlus, statsionaarse korvt\u00f5stuki\u00a0 kasutamise ja katsetamise eeskirjad ja juhendid, korvt\u00f5stuki kasutamise ja katsetamise eeskirjad ja juhendid.<\/p>\n<ol start=\"2\">\n<li><strong>Praktiline t\u00f6\u00f6 \u2013 8 tundi<\/strong><\/li>\n<\/ol>\n<p><strong>Statsionaarse korvt\u00f5stuki juhtimise praktika: s<\/strong>tatsionaarse korvt\u00f5stukijuhi ametijuhendiga tutvumine, t\u00f6\u00f6operatsioonide ja juhtimisv\u00f5tete omandamine, t\u00f6\u00f6 l\u00f5petamine, tehnilise seisukorra hindamine, parkimine.<\/p>\n<p><strong>Kasutatavad \u00f5ppemeetodid: <\/strong>Loeng, arutelud, praktiline t\u00f6\u00f6.<\/p>\n<p><strong>Vajalike \u00f5ppematerjalide loend:<\/strong><\/p>\n<ul>\n<li>T\u00f6\u00f6tervishoiu ja t\u00f6\u00f6ohutuse seadus.<\/li>\n<li>K\u00f5rgt\u00f6\u00f6de seadusandlus.<\/li>\n<li>Statsionaarse korvt\u00f5stuki kasutamise ja katsetamise eeskirjad ja juhendid.<\/li>\n<li>Korvt\u00f5stuki kasutamise ja katsetamise eeskirjad ja juhendid<\/li>\n<\/ul>\n<p>\u00d5petajad kasutavad \u00f5petamise k\u00e4igus isiklikke metoodilisi materjale.<\/p>\n<p>Kursuse l\u00f5petamisel j\u00e4\u00e4vad koolitatavale konspektid ja paljundatud \u00f5ppematerjalid.<\/p>\n<p><strong>\u00a0<\/strong><strong>N\u00f5uded \u00f5pingute l\u00f5petamiseks, sh hindamismeetodid ja kriteeriumid:<\/strong><\/p>\n<p>\u00d5ppe l\u00f5petamiseks on n\u00f5utav \u00f5ppekava v\u00e4hemalt 80% l\u00e4bimine ja kirjaliku testi ja praktilise t\u00f6\u00f6 sooritamine, vastavalt hindamiskriteeriumidele.<\/p>\n<p>Hindamismeetod: kirjalik test ja praktiline t\u00f6\u00f6<\/p>\n<p>Hindamiskriteeriumid:<\/p>\n<ul>\n<li>valikvastusega test arvatakse sooritatud, kui on tehtud positiivselt 70% testist;<\/li>\n<li>t\u00f5steharjutusi ja \u00fclesandeid hinnatakse vaatluse teel, j\u00e4lgides \u00f5ppija v\u00f5imekust t\u00f5stukit iseseisvalt, ohutult ja keskkonda s\u00e4\u00e4stvalt juhtida.<\/li>\n<\/ul>\n<p><strong>Koolitaja kompetentsust t\u00f5endava kvalifikatsiooni v\u00f5i \u00f5pi- t\u00f6\u00f6kogemuse kirjeldus:<\/strong><\/p>\n<p>Gennadi Karp &#8211; keskeriharidus,\u00a0 ehitusvaldkonna spetsialist, t\u00e4iskasvanuid koolitab \u00fcle 10 aasta.<\/p>\n<form method=\"post\" enctype=\"multipart\/form-data\" id=\"vfbp-form-1\" class=\"vfbp-form\"><div style=\"display:none;\"><label for=\"vfbp-EMAIL-AN8fuQyoDLXem\">\u0415\u0441\u043b\u0438 \u0412\u044b \u0447\u0435\u043b\u043e\u0432\u0435\u043a, \u043e\u0441\u0442\u0430\u0432\u044c\u0442\u0435 \u044d\u0442\u043e \u043f\u043e\u043b\u0435 \u043f\u0443\u0441\u0442\u044b\u043c<\/label><input size=\"25\" autocomplete=\"off\" type=\"text\" name=\"vfbp-EMAIL-AN8fuQyoDLXem\" value=\"\" id=\"\"><\/div><input type=\"hidden\" name=\"_vfb-timestamp-1\" value=\"1778622781\" id=\"\"><input type=\"hidden\" name=\"_vfb-form-id\" value=\"1\" id=\"\"><div class=\"vfb-col-12 vfb-fieldType-hidden\" id=\"vfbField5\"><input id=\"vfb-field-5\" class=\"vfb-form-control\" placeholder=\"\" type=\"hidden\" name=\"vfb-field-5\" value=\"K&otilde;rgust&ouml;&ouml;d ja statsionaarse korvt&otilde;stuki juhtimine t&otilde;stet&ouml;&ouml;del\"><\/div><div class=\"vfb-clearfix\"><\/div><div class=\"vfb-col-12 vfb-fieldType-hidden\" id=\"vfbField60\"><input id=\"vfb-field-60\" class=\"vfb-form-control\" placeholder=\"\" type=\"hidden\" name=\"vfb-field-60\" value=\"7801\"><\/div><div class=\"vfb-clearfix\"><\/div><div class=\"vfb-well vfb-col-12\" id=\"vfbField4\"><div class=\"vfb-form-group vfb-col-12\"><div><h3 class=\"\">Saada koolituse p\u00e4ring v\u00f5i <a href=\"\/koolitused\">vaata koolituskalendrit<\/a><\/h3><\/div><\/div><div class=\"vfb-col-12 vfb-fieldType-heading\" id=\"vfbField4\"><\/div><div class=\"vfb-clearfix\"><\/div><div class=\"vfb-col-4 vfb-fieldType-text\" id=\"vfbField1\"><div class=\"vfb-form-group\"><label for=\"vfb-field-1\" class=\"vfb-control-label\">Nimi <span class=\"vfb-required-asterisk\">*<\/span><\/label><div><input id=\"vfb-field-1\" class=\"vfb-form-control\" placeholder=\"\" required=\"required\" type=\"text\" name=\"vfb-field-1\" value=\"\"><\/div><\/div><\/div><div class=\"vfb-col-4 vfb-fieldType-email\" id=\"vfbField3\"><div class=\"vfb-form-group\"><label for=\"vfb-field-3\" class=\"vfb-control-label\">E-posti aadress <span class=\"vfb-required-asterisk\">*<\/span><\/label><div><input id=\"vfb-field-3\" class=\"vfb-form-control\" placeholder=\"\" required=\"required\" type=\"email\" name=\"vfb-field-3\" value=\"\"><\/div><\/div><\/div><div class=\"vfb-col-4 vfb-fieldType-text\" id=\"vfbField6\"><div class=\"vfb-form-group\"><label for=\"vfb-field-6\" class=\"vfb-control-label\">Telefon <span class=\"vfb-required-asterisk\">*<\/span><\/label><div><input id=\"vfb-field-6\" class=\"vfb-form-control\" placeholder=\"\" required=\"required\" type=\"text\" name=\"vfb-field-6\" value=\"\"><\/div><\/div><\/div><div class=\"vfb-clearfix\"><\/div><div class=\"vfb-col-12 vfb-fieldType-select\" id=\"vfbField81\"><label for=\"vfb-field-81\" class=\"vfb-control-label\">Soovin koolitust l\u00e4bida:<\/label><div><div class=\"vfb-form-group\"><select id=\"vfb-field-81\" class=\"vfb-form-control\" placeholder=\"\" name=\"vfb-field-81\"><option value=\"Eesti keeles\">Eesti keeles<\/option><option value=\"Vene keeles\">Vene keeles<\/option><\/select><\/div><\/div><\/div><div class=\"vfb-clearfix\"><\/div><div class=\"vfb-col-12 vfb-fieldType-select\" id=\"vfbField196\"><label for=\"vfb-field-196\" class=\"vfb-control-label\">Koolituse tellib:<\/label><div><div class=\"vfb-form-group\"><select id=\"vfb-field-196\" class=\"vfb-form-control\" placeholder=\"\" name=\"vfb-field-196\"><option value=\"Eraisik\">Eraisik<\/option><option value=\"Ettev&otilde;te\">Ettev\u00f5te<\/option><\/select><\/div><\/div><\/div><div class=\"vfb-clearfix\"><\/div><div class=\"vfb-col-4 vfb-fieldType-select\" id=\"vfbField11\"><label for=\"vfb-field-11\" class=\"vfb-control-label\">Kes arve tasub?<\/label><div><div class=\"vfb-form-group\"><select id=\"vfb-field-11\" class=\"vfb-form-control\" placeholder=\"\" name=\"vfb-field-11\"><option value=\"Ettev&otilde;te\">Ettev\u00f5te<\/option><option value=\"Eraisik\">Eraisik<\/option><option value=\"T&ouml;&ouml;tukassa\">T\u00f6\u00f6tukassa<\/option><\/select><\/div><\/div><\/div><div class=\"vfb-col-7 vfb-fieldType-text\" id=\"vfbField8\"><div class=\"vfb-form-group\"><label for=\"vfb-field-8\" class=\"vfb-control-label\">Ettev\u00f5tte nimi, kellele arve esitatakse <span class=\"vfb-required-asterisk\">*<\/span><\/label><div><input id=\"vfb-field-8\" class=\"vfb-form-control\" placeholder=\"\" required=\"required\" type=\"text\" name=\"vfb-field-8\" value=\"\"><\/div><\/div><\/div><div class=\"vfb-col-7 vfb-fieldType-text\" id=\"vfbField61\"><div class=\"vfb-form-group\"><label for=\"vfb-field-61\" class=\"vfb-control-label\">Eraisiku nimi, kellele arve esitatakse <span class=\"vfb-required-asterisk\">*<\/span><\/label><div><input id=\"vfb-field-61\" class=\"vfb-form-control\" placeholder=\"\" required=\"required\" type=\"text\" name=\"vfb-field-61\" value=\"\"><\/div><\/div><\/div><div class=\"vfb-clearfix\"><\/div><div class=\"vfb-col-12 vfb-fieldType-textarea\" id=\"vfbField12\"><div class=\"vfb-form-group\"><label for=\"vfb-field-12\" class=\"vfb-control-label\">Lisainfo<\/label><div><textarea id=\"vfb-field-12\" class=\"vfb-form-control\" placeholder=\"\" rows=\"5\" name=\"vfb-field-12\" cols=\"50\"><\/textarea><\/div><\/div><\/div><div class=\"vfb-clearfix\"><\/div><div class=\"vfb-col-6 vfb-fieldType-checkbox\" id=\"vfbField13\"><label for=\"vfb-field-13\" class=\"vfb-control-label\"><\/label><div><div class=\"vfb-checkbox\"><label><input id=\"vfb-field-13-0\" class=\"\" placeholder=\"\" data-vfb-multiple=\"vfb-field-13\" type=\"checkbox\" name=\"vfb-field-13[0]\" value=\"1\"> Soovin saada infot minu ala kursuste kohta<\/label><\/div><\/div><\/div><div class=\"vfb-col-6 vfb-fieldType-checkbox\" id=\"vfbField14\"><label for=\"vfb-field-14\" class=\"vfb-control-label\"><\/label><div><div class=\"vfb-checkbox\"><label><input id=\"vfb-field-14-0\" class=\"\" placeholder=\"\" data-vfb-multiple=\"vfb-field-14\" type=\"checkbox\" name=\"vfb-field-14[0]\" value=\"1\">Soovin saada infot eripakkumiste ja soodustuste kohta<\/label><\/div><\/div><\/div><div class=\"vfb-clearfix\"><\/div><div class=\"vfb-col-12 vfb-fieldType-checkbox\" id=\"vfbField15\"><label for=\"vfb-field-15\" class=\"vfb-control-label\"> <span class=\"vfb-required-asterisk\">*<\/span><\/label><div><div class=\"vfb-checkbox\"><label><input id=\"vfb-field-15-0\" class=\"\" placeholder=\"\" data-vfb-multiple=\"vfb-field-15\" required=\"required\" type=\"checkbox\" name=\"vfb-field-15[0]\" value=\"1\">Kinnitan, et olen tutvunud \u00d5ppet\u00f6\u00f6 korraldusega ja v\u00f5tan enesele k\u00f5ik sellest tulenevad kohustused<\/label><\/div><\/div><\/div><div class=\"vfb-clearfix\"><\/div><div class=\"vfb-col-12 vfb-fieldType-submit\" id=\"vfbField16\"><button id=\"vfb-field-16\" class=\" btn btn-primary\" placeholder=\"\" type=\"submit\" name=\"_vfb-submit\">Registreerimine<\/button><\/div><div class=\"vfb-clearfix\"><\/div><\/div> <!-- .vfb-well --><\/form>\n","protected":false},"excerpt":{"rendered":"<p>\u00d5ppekava kinnitamise aeg: 19.12.2024 \u00a0\u00d5pekava nimetus: K\u00f5rgust\u00f6\u00f6d ja statsionaarse korvt\u00f5stuki juhtimine t\u00f5stet\u00f6\u00f6del \u00d5ppekava r\u00fchm: Mehaanika ja metallit\u00f6\u00f6 \u00d5ppekava koostamise alus: Kutsestandard: Keevitaja, tase 4; kompetents: B.2.5 Poolautomaatsete keevitust\u00f6\u00f6de tegemine ja detailide j\u00e4relt\u00f6\u00f6tlemine Koolituse <a href=\"https:\/\/kvkoolitus.ee\/ru\/korgustood-ja-statsionaarse-korvtostuki-juhtimine-tostetoodel\/\"> [&#8230;]<\/a><\/p>\n","protected":false},"author":9,"featured_media":0,"parent":0,"menu_order":0,"comment_status":"closed","ping_status":"closed","template":"","meta":{"footnotes":""},"class_list":["post-7801","page","type-page","status-publish","hentry"],"aioseo_notices":[],"_links":{"self":[{"href":"https:\/\/kvkoolitus.ee\/ru\/wp-json\/wp\/v2\/pages\/7801","targetHints":{"allow":["GET"]}}],"collection":[{"href":"https:\/\/kvkoolitus.ee\/ru\/wp-json\/wp\/v2\/pages"}],"about":[{"href":"https:\/\/kvkoolitus.ee\/ru\/wp-json\/wp\/v2\/types\/page"}],"author":[{"embeddable":true,"href":"https:\/\/kvkoolitus.ee\/ru\/wp-json\/wp\/v2\/users\/9"}],"replies":[{"embeddable":true,"href":"https:\/\/kvkoolitus.ee\/ru\/wp-json\/wp\/v2\/comments?post=7801"}],"version-history":[{"count":4,"href":"https:\/\/kvkoolitus.ee\/ru\/wp-json\/wp\/v2\/pages\/7801\/revisions"}],"predecessor-version":[{"id":8951,"href":"https:\/\/kvkoolitus.ee\/ru\/wp-json\/wp\/v2\/pages\/7801\/revisions\/8951"}],"wp:attachment":[{"href":"https:\/\/kvkoolitus.ee\/ru\/wp-json\/wp\/v2\/media?parent=7801"}],"curies":[{"name":"wp","href":"https:\/\/api.w.org\/{rel}","templated":true}]}}