{"id":7985,"date":"2024-06-25T11:06:07","date_gmt":"2024-06-25T08:06:07","guid":{"rendered":"https:\/\/kvkoolitus.ee\/?page_id=7985"},"modified":"2025-02-11T10:00:17","modified_gmt":"2025-02-11T08:00:17","slug":"excel-edasijoudnutele","status":"publish","type":"page","link":"https:\/\/kvkoolitus.ee\/ru\/excel-edasijoudnutele\/","title":{"rendered":"Excel \u0434\u043b\u044f \u043f\u0440\u043e\u0434\u0432\u0438\u043d\u0443\u0442\u044b\u0445 \u0443\u0447\u0435\u043d\u0438\u043a\u043e\u0432"},"content":{"rendered":"<p style=\"text-align: right;\">\u00d5ppekava kinnitamise aeg: 19.12.2024<\/p>\n<p><strong>\u041d\u0430\u0437\u0432\u0430\u043d\u0438\u0435 \u0443\u0447\u0435\u0431\u043d\u043e\u0439 \u043f\u0440\u043e\u0433\u0440\u0430\u043c\u043c\u044b<\/strong>:<strong> Excel \u0434\u043b\u044f \u043f\u0440\u043e\u0434\u0432\u0438\u043d\u0443\u0442\u044b\u0445 \u0443\u0447\u0435\u043d\u0438\u043a\u043e\u0432<\/strong><\/p>\n<p><strong>\u0413\u0440\u0443\u043f\u043f\u0430 \u0443\u0447\u0435\u0431\u043d\u043e\u0439 \u043f\u0440\u043e\u0433\u0440\u0430\u043c\u043c\u044b:<\/strong> Arvutikasutus<\/p>\n<p><strong>\u041e\u0441\u043d\u043e\u0432\u0430\u043d\u0438\u0435 \u0434\u043b\u044f \u0440\u0430\u0437\u0440\u0430\u0431\u043e\u0442\u043a\u0438 \u0443\u0447\u0435\u0431\u043d\u043e\u0439 \u043f\u0440\u043e\u0433\u0440\u0430\u043c\u043c\u044b: <\/strong>\u041f\u0440\u043e\u0444\u0435\u0441\u0441\u0438\u043e\u043d\u0430\u043b\u044c\u043d\u044b\u0435 \u0441\u0442\u0430\u043d\u0434\u0430\u0440\u0442\u044b: \u0431\u0438\u0437\u043d\u0435\u0441-\u0430\u0434\u043c\u0438\u043d\u0438\u0441\u0442\u0440\u0430\u0442\u043e\u0440 \u0443\u0440\u043e\u0432\u043d\u044f 5, \u0430\u0434\u043c\u0438\u043d\u0438\u0441\u0442\u0440\u0430\u0442\u043e\u0440 \u043c\u0430\u043b\u043e\u0433\u043e \u0431\u0438\u0437\u043d\u0435\u0441\u0430 \u0443\u0440\u043e\u0432\u043d\u044f 5, \u043e\u0444\u0438\u0441\u043d\u044b\u0439 \u0430\u0434\u043c\u0438\u043d\u0438\u0441\u0442\u0440\u0430\u0442\u043e\u0440 \u0443\u0440\u043e\u0432\u043d\u044f 5.<\/p>\n<p><strong>\u00a0<\/strong><strong>\u041e\u0431\u0449\u0430\u044f \u043f\u0440\u043e\u0434\u043e\u043b\u0436\u0438\u0442\u0435\u043b\u044c\u043d\u043e\u0441\u0442\u044c \u043e\u0431\u0443\u0447\u0435\u043d\u0438\u044f \u0432 \u0430\u043a\u0430\u0434\u0435\u043c\u0438\u0447\u0435\u0441\u043a\u0438\u0445 \u0447\u0430\u0441\u0430\u0445: 26<\/strong><\/p>\n<p>\u0432\u043a\u043b\u044e\u0447\u0430\u044f \u043e\u0431\u044a\u0435\u043c \u0430\u0443\u0434\u0438\u0442\u043e\u0440\u043d\u043e\u0439 \u0440\u0430\u0431\u043e\u0442\u044b \u0432 \u0430\u043a\u0430\u0434\u0435\u043c\u0438\u0447\u0435\u0441\u043a\u0438\u0435 \u0447\u0430\u0441\u044b: 6<\/p>\n<p>(\u043d\u0430 \u043b\u0435\u043a\u0446\u0438\u0438, \u0441\u0435\u043c\u0438\u043d\u0430\u0440\u0435 \u0438\u043b\u0438 \u0432 \u0434\u0440\u0443\u0433\u043e\u0439 \u0444\u043e\u0440\u043c\u0435 \u043e\u0431\u0443\u0447\u0435\u043d\u0438\u044f, \u043e\u043f\u0440\u0435\u0434\u0435\u043b\u0435\u043d\u043d\u043e\u0439 \u0448\u043a\u043e\u043b\u043e\u0439)<\/p>\n<p>\u0412 \u0442.\u0447. \u043e\u0431\u044a\u0435\u043c \u043f\u0440\u0430\u043a\u0442\u0438\u0447\u0435\u0441\u043a\u043e\u0439 \u0440\u0430\u0431\u043e\u0442\u044b \u0432 \u0430\u043a\u0430\u0434\u0435\u043c\u0438\u0447\u0435\u0441\u043a\u0438\u0445 \u0447\u0430\u0441\u0430\u0445: 20<\/p>\n<p>(\u043f\u0440\u0438\u043c\u0435\u043d\u0435\u043d\u0438\u0435 \u0437\u043d\u0430\u043d\u0438\u0439 \u0438 \u043d\u0430\u0432\u044b\u043a\u043e\u0432, \u043f\u043e\u043b\u0443\u0447\u0435\u043d\u043d\u044b\u0445 \u0432 \u0443\u0447\u0435\u0431\u043d\u043e\u0439 \u0441\u0440\u0435\u0434\u0435)<\/p>\n<p><strong>\u00a0<\/strong><strong>\u041e\u043f\u0438\u0441\u0430\u043d\u0438\u0435 \u0438\u0441\u043f\u043e\u043b\u044c\u0437\u0443\u0435\u043c\u043e\u0439 \u0441\u0440\u0435\u0434\u044b \u043e\u0431\u0443\u0447\u0435\u043d\u0438\u044f:<\/strong><\/p>\n<p>\u0418\u0441\u043f\u043e\u043b\u044c\u0437\u0443\u0435\u0442\u0441\u044f \u043a\u043b\u0430\u0441\u0441, \u043e\u0441\u043d\u0430\u0449\u0435\u043d\u043d\u044b\u0439 \u043c\u0443\u043b\u044c\u0442\u0438\u043f\u0440\u043e\u0435\u043a\u0442\u043e\u0440\u043e\u043c, \u0438 \u043a\u043e\u043c\u043f\u044c\u044e\u0442\u0435\u0440\u043d\u044b\u0439 \u043a\u043b\u0430\u0441\u0441. \u0423\u0447\u0435\u0431\u043d\u044b\u0439 \u043a\u043b\u0430\u0441\u0441 (\u0432\u043a\u043b\u044e\u0447\u0430\u044f \u0443\u0447\u0435\u0431\u043d\u043e\u0435 \u043e\u0431\u043e\u0440\u0443\u0434\u043e\u0432\u0430\u043d\u0438\u0435) \u0441\u043e\u043e\u0442\u0432\u0435\u0442\u0441\u0442\u0432\u0443\u0435\u0442 \u0442\u0440\u0435\u0431\u043e\u0432\u0430\u043d\u0438\u044f\u043c \u043e\u0445\u0440\u0430\u043d\u044b \u0437\u0434\u043e\u0440\u043e\u0432\u044c\u044f \u0438 \u0431\u0435\u0437\u043e\u043f\u0430\u0441\u043d\u043e\u0441\u0442\u0438, \u0438\u0437\u043b\u043e\u0436\u0435\u043d\u043d\u044b\u043c \u0432 \u0417\u0430\u043a\u043e\u043d\u0435 \u043e\u0431 \u043e\u0445\u0440\u0430\u043d\u0435 \u0437\u0434\u043e\u0440\u043e\u0432\u044c\u044f \u0438 \u0431\u0435\u0437\u043e\u043f\u0430\u0441\u043d\u043e\u0441\u0442\u0438 \u043d\u0430 \u043f\u0440\u043e\u0438\u0437\u0432\u043e\u0434\u0441\u0442\u0432\u0435. \u041e\u0431\u0443\u0447\u0435\u043d\u0438\u0435 \u0442\u0430\u043a\u0436\u0435 \u043c\u043e\u0436\u0435\u0442 \u043f\u0440\u043e\u0432\u043e\u0434\u0438\u0442\u044c\u0441\u044f \u043e\u043d\u043b\u0430\u0439\u043d \u0432 \u0441\u0440\u0435\u0434\u0435 ZOOM.<\/p>\n<p><strong>\u0426\u0435\u043b\u0435\u0432\u0430\u044f \u0433\u0440\u0443\u043f\u043f\u0430 \u0438 \u0442\u0440\u0435\u0431\u043e\u0432\u0430\u043d\u0438\u044f \u043a \u043f\u043e\u0441\u0442\u0443\u043f\u043b\u0435\u043d\u0438\u044e: \u00a0<\/strong>\u041f\u043e\u043b\u044c\u0437\u043e\u0432\u0430\u0442\u0435\u043b\u0438 \u043a\u043e\u043c\u043f\u044c\u044e\u0442\u0435\u0440\u043e\u0432, \u043a\u043e\u0442\u043e\u0440\u044b\u0435 \u0438\u043c\u0435\u044e\u0442 \u043e\u043f\u044b\u0442 \u0440\u0430\u0431\u043e\u0442\u044b \u0441 \u044d\u043b\u0435\u043a\u0442\u0440\u043e\u043d\u043d\u044b\u043c\u0438 \u0442\u0430\u0431\u043b\u0438\u0446\u0430\u043c\u0438 \u0438 \u0445\u043e\u0442\u044f\u0442 \u0443\u0437\u043d\u0430\u0442\u044c \u043e \u043d\u043e\u0432\u044b\u0445 \u0444\u0443\u043d\u043a\u0446\u0438\u044f\u0445 \u0438 \u043f\u0440\u0438\u043b\u043e\u0436\u0435\u043d\u0438\u044f\u0445 \u0434\u043b\u044f \u0431\u043e\u043b\u0435\u0435 \u044d\u0444\u0444\u0435\u043a\u0442\u0438\u0432\u043d\u043e\u0439 \u0440\u0430\u0431\u043e\u0442\u044b \u0441 \u044d\u043b\u0435\u043a\u0442\u0440\u043e\u043d\u043d\u044b\u043c\u0438 \u0442\u0430\u0431\u043b\u0438\u0446\u0430\u043c\u0438.<\/p>\n<p>\u0422\u0440\u0435\u0431\u043e\u0432\u0430\u043d\u0438\u044f \u043a \u043f\u043e\u0441\u0442\u0443\u043f\u0430\u044e\u0449\u0438\u043c: \u0431\u0430\u0437\u043e\u0432\u043e\u0435 \u0438\u0441\u043f\u043e\u043b\u044c\u0437\u043e\u0432\u0430\u043d\u0438\u0435 MS Office Excel.<\/p>\n<p><strong>\u0426\u0435\u043b\u0438 \u043e\u0431\u0443\u0447\u0435\u043d\u0438\u044f:<\/strong> \u042d\u0442\u043e\u0442 \u043a\u0443\u0440\u0441 \u0434\u0430\u0441\u0442 \u0412\u0430\u043c \u0432\u043e\u0437\u043c\u043e\u0436\u043d\u043e\u0441\u0442\u044c \u043f\u043e\u0432\u044b\u0441\u0438\u0442\u044c \u0441\u043a\u043e\u0440\u043e\u0441\u0442\u044c \u0438 \u043a\u0430\u0447\u0435\u0441\u0442\u0432\u043e \u0412\u0430\u0448\u0435\u0439 \u0440\u0430\u0431\u043e\u0442\u044b \u0437\u0430 \u0441\u0447\u0435\u0442 \u0440\u0430\u0431\u043e\u0442\u044b \u0441 \u043f\u0440\u043e\u0433\u0440\u0430\u043c\u043c\u043d\u044b\u043c \u043e\u0431\u0435\u0441\u043f\u0435\u0447\u0435\u043d\u0438\u0435\u043c \u044d\u043b\u0435\u043a\u0442\u0440\u043e\u043d\u043d\u044b\u0445 \u0442\u0430\u0431\u043b\u0438\u0446.<\/p>\n<p><strong>\u0420\u0435\u0437\u0443\u043b\u044c\u0442\u0430\u0442\u044b \u043e\u0431\u0443\u0447\u0435\u043d\u0438\u044f:<\/strong><\/p>\n<ul>\n<li>\u0437\u043d\u0430\u043a\u043e\u043c \u0441 \u0438\u0441\u043f\u043e\u043b\u044c\u0437\u043e\u0432\u0430\u043d\u0438\u0435\u043c \u0438 \u0432\u043e\u0437\u043c\u043e\u0436\u043d\u043e\u0441\u0442\u044f\u043c\u0438 MS Excel;<\/li>\n<li>\u0440\u0430\u0431\u043e\u0442\u0430\u0435\u0442 \u0432 \u043f\u0440\u043e\u0433\u0440\u0430\u043c\u043c\u0430\u0445 \u0434\u043b\u044f \u0440\u0430\u0431\u043e\u0442\u044b \u0441 \u044d\u043b\u0435\u043a\u0442\u0440\u043e\u043d\u043d\u044b\u043c\u0438 \u0442\u0430\u0431\u043b\u0438\u0446\u0430\u043c\u0438;<\/li>\n<li>\u0420\u0430\u0431\u043e\u0442\u0430\u0435\u0442 \u0441 \u0431\u043e\u043b\u044c\u0448\u0438\u043c\u0438 \u0442\u0430\u0431\u043b\u0438\u0446\u0430\u043c\u0438 \u0434\u0430\u043d\u043d\u044b\u0445, \u0438\u0441\u043f\u043e\u043b\u044c\u0437\u0443\u0435\u0442 \u0438\u0445 \u0444\u0443\u043d\u043a\u0446\u0438\u0438;<\/li>\n<li>\u043c\u043e\u0436\u0435\u0442 \u043f\u0440\u043e\u0435\u043a\u0442\u0438\u0440\u043e\u0432\u0430\u0442\u044c \u0441\u0442\u043e\u043b\u044b;<\/li>\n<li>\u041f\u043e\u0434\u0433\u043e\u0442\u0430\u0432\u043b\u0438\u0432\u0430\u0435\u0442 \u0438 \u043e\u0431\u0440\u0430\u0431\u0430\u0442\u044b\u0432\u0430\u0435\u0442 \u0434\u0438\u0430\u0433\u0440\u0430\u043c\u043c\u044b<\/li>\n<\/ul>\n<p><strong>\u0421\u043e\u0434\u0435\u0440\u0436\u0430\u043d\u0438\u0435 \u043e\u0431\u0443\u0447\u0435\u043d\u0438\u044f: <\/strong><\/p>\n<p><strong>\u0410\u0443\u0434\u0438\u0442\u043e\u0440\u043d\u0430\u044f \u0440\u0430\u0431\u043e\u0442\u0430 - 6 \u0447\u0430\u0441\u043e\u0432<\/strong><\/p>\n<p>\u0412\u0432\u043e\u0434 \u0434\u0430\u043d\u043d\u044b\u0445, \u043e\u043f\u0438\u0441\u0430\u043d\u0438\u0435 \u0440\u0430\u0437\u043b\u0438\u0447\u043d\u044b\u0445 \u0444\u0443\u043d\u043a\u0446\u0438\u0439, \u043e\u0431\u0448\u0438\u0440\u043d\u044b\u0435 \u0442\u0430\u0431\u043b\u0438\u0446\u044b \u0434\u0430\u043d\u043d\u044b\u0445, \u0434\u0438\u0430\u0433\u0440\u0430\u043c\u043c\u044b.<\/p>\n<p><strong>\u041f\u0440\u0430\u043a\u0442\u0438\u0447\u0435\u0441\u043a\u0430\u044f \u0440\u0430\u0431\u043e\u0442\u0430 - 20 \u0447\u0430\u0441\u043e\u0432<\/strong><\/p>\n<p><strong>\u0420\u0430\u0431\u043e\u0442\u0430 \u0441 \u0434\u0430\u043d\u043d\u044b\u043c\u0438 <\/strong><\/p>\n<ul>\n<li>\u0420\u0430\u0437\u043b\u0438\u0447\u043d\u044b\u0435 \u0442\u0438\u043f\u044b \u0434\u0430\u043d\u043d\u044b\u0445 (%, \u043e\u0442\u0440\u0438\u0446\u0430\u0442\u0435\u043b\u044c\u043d\u044b\u0439 \u0441\u0447\u0435\u0442, \u0434\u0430\u0442\u0430, \u0432\u0440\u0435\u043c\u044f, \u0432\u0430\u043b\u044e\u0442\u0430, \u0442\u0435\u043a\u0441\u0442, \u043d\u0435\u0442)<\/li>\n<li>\u0424\u043e\u0440\u043c\u0430\u0442\u0438\u0440\u043e\u0432\u0430\u043d\u0438\u0435 \u0432\u0432\u0435\u0434\u0435\u043d\u043d\u044b\u0445 \u0434\u0430\u043d\u043d\u044b\u0445<\/li>\n<li>\u0423\u0434\u0430\u043b\u0435\u043d\u0438\u0435 \u0444\u043e\u0440\u043c\u0430\u0442\u0438\u0440\u043e\u0432\u0430\u043d\u0438\u044f<\/li>\n<li>\u041f\u0435\u0440\u0435\u043c\u0435\u0449\u0435\u043d\u0438\u0435 \u0434\u0430\u043d\u043d\u044b\u0445 \u043c\u0435\u0436\u0434\u0443 \u0440\u0430\u0437\u043b\u0438\u0447\u043d\u044b\u043c\u0438 \u0440\u0430\u0431\u043e\u0447\u0438\u043c\u0438 \u043b\u0438\u0441\u0442\u0430\u043c\u0438 \u0438 \u0444\u0430\u0439\u043b\u0430\u043c\u0438<\/li>\n<\/ul>\n<p><strong>\u0412\u044b\u0447\u0438\u0441\u043b\u0435\u043d\u0438\u044f \u0438 \u0444\u0443\u043d\u043a\u0446\u0438\u0438 <\/strong><\/p>\n<ul>\n<li>\u041f\u043e\u0440\u044f\u0434\u043e\u043a \u043e\u043f\u0435\u0440\u0430\u0446\u0438\u0439 \u0438 \u0438\u0441\u043f\u043e\u043b\u044c\u0437\u043e\u0432\u0430\u043d\u0438\u0435 \u0441\u043a\u043e\u0431\u043e\u043a<\/li>\n<li>\u0418\u043c\u0435\u043d\u043e\u0432\u0430\u043d\u043d\u044b\u0435 \u0440\u0435\u0433\u0438\u043e\u043d\u044b \u0432 \u0442\u0430\u0431\u043b\u0438\u0446\u0430\u0445 \u0434\u0430\u043d\u043d\u044b\u0445 \u0438 \u0443\u043f\u0440\u043e\u0449\u0435\u043d\u0438\u0435 \u0441 \u0438\u0445 \u043f\u043e\u043c\u043e\u0449\u044c\u044e<\/li>\n<li>\u0418\u0441\u043f\u043e\u043b\u044c\u0437\u043e\u0432\u0430\u043d\u0438\u0435 \u0431\u0430\u0437\u043e\u0432\u044b\u0445 \u0444\u0443\u043d\u043a\u0446\u0438\u0439 (\u0441\u0443\u043c\u043c\u0430- <strong>\u0441\u0443\u043c\u043c\u0430<\/strong>, \u043f\u0435\u0440\u0435\u043f\u0438\u0441\u044c. <strong>\u0441\u0447\u0438\u0442\u0430\u0442\u044c<\/strong>, \u0441\u0440\u0435\u0434\u043d\u0438\u0439 <strong>\u0432 \u0441\u0440\u0435\u0434\u043d\u0435\u043c<\/strong>, \u0441\u0430\u043c\u044b\u0439 \u0431\u043e\u043b\u044c\u0448\u043e\u0439 - <strong>max<\/strong>, \u043c\u0435\u043d\u044c\u0448\u0435- <strong>\u043c\u0438\u043d <\/strong>\u0438 \u0434\u0440\u0443\u0433\u0438\u0435)<\/li>\n<li>\u041a\u0440\u0443\u0433\u043b\u044b\u0435 \u0444\u0443\u043d\u043a\u0446\u0438\u0438 (<strong>\u043a\u0440\u0443\u0433\u043b\u044b\u0439<\/strong>, <strong>\u0440\u0430\u0443\u043d\u0434\u0430\u043f<\/strong>, <strong>rounddown<\/strong>, <strong>\u043a\u0440\u0443\u0433<\/strong>, <strong>\u043f\u043e\u043b<\/strong>)<\/li>\n<li>\u0422\u0435\u043a\u0441\u0442\u043e\u0432\u044b\u0435 \u0444\u0443\u043d\u043a\u0446\u0438\u0438 (<strong>len<\/strong>, <strong>\u0441\u043b\u0435\u0432\u0430<\/strong>, <strong>\u043f\u0440\u0430\u0432\u0438\u043b\u044c\u043d\u043e<\/strong>, <strong>\u0441\u0435\u0440\u0435\u0434\u0438\u043d\u0430<\/strong>, <strong>\u043a\u043e\u043d\u043a\u0430\u0442\u0435\u043d\u0430\u0442, \u043d\u0438\u0436\u043d\u0438\u0439, \u043f\u0440\u0430\u0432\u0438\u043b\u044c\u043d\u044b\u0439<\/strong>)<\/li>\n<li>\u0424\u0443\u043d\u043a\u0446\u0438\u0438 \u0434\u0430\u0442\u044b (<strong>\u0411\u0443\u0434\u043d\u0438<\/strong>, <strong>weeknum<\/strong>, <strong>networkdays<\/strong>, <strong>\u0440\u0430\u0431\u043e\u0447\u0438\u0435 \u0434\u043d\u0438<\/strong>, <strong>days360<\/strong>, <strong>\u0442\u0435\u043f\u0435\u0440\u044c<\/strong>, <strong>\u0441\u0435\u0433\u043e\u0434\u043d\u044f<\/strong>, <strong>\u0434\u0435\u043d\u044c<\/strong>, <strong>\u043c\u0435\u0441\u044f\u0446<\/strong>, <strong>\u0433\u043e\u0434<\/strong>)<\/li>\n<li>\u0423\u0441\u043b\u043e\u0432\u043d\u044b\u0435 \u0444\u0443\u043d\u043a\u0446\u0438\u0438 (<strong>\u0435\u0441\u043b\u0438<\/strong>, <strong>\u0438<\/strong>, <strong>\u0438\u043b\u0438<\/strong>,<strong> sumif<\/strong>,<strong> countif<\/strong>)<\/li>\n<li>\u0424\u0443\u043d\u043a\u0446\u0438\u0438 \u043f\u043e\u0438\u0441\u043a\u0430 \u0432 \u0442\u0430\u0431\u043b\u0438\u0446\u0430\u0445 (<strong>vlookup<\/strong>, <strong>hlookup<\/strong>)<\/li>\n<li>\u041e\u0431\u044a\u0435\u0434\u0438\u043d\u0435\u043d\u0438\u0435 \u0440\u0430\u0437\u043b\u0438\u0447\u043d\u044b\u0445 \u0444\u0443\u043d\u043a\u0446\u0438\u0439 (\u043d\u0430\u043f\u0440\u0438\u043c\u0435\u0440, \u043e\u0431\u044a\u0435\u0434\u0438\u043d\u0435\u043d\u0438\u0435 \u043d\u0435\u0441\u043a\u043e\u043b\u044c\u043a\u0438\u0445 \u0444\u0443\u043d\u043a\u0446\u0438\u0439 IF, \u0443\u0441\u0442\u0440\u0430\u043d\u0435\u043d\u0438\u0435 \u0441\u043e\u043e\u0431\u0449\u0435\u043d\u0438\u0439 \u043e\u0431 \u043e\u0448\u0438\u0431\u043a\u0430\u0445 \u0438 \u0442.\u0434.)<\/li>\n<\/ul>\n<ul>\n<li>\u0424\u043e\u0440\u043c\u0443\u043b\u044b \u0430\u0431\u0441\u043e\u043b\u044e\u0442\u043d\u043e\u0433\u043e \u0438 \u043e\u0442\u043d\u043e\u0441\u0438\u0442\u0435\u043b\u044c\u043d\u043e\u0433\u043e \u0430\u0434\u0440\u0435\u0441\u0430<\/li>\n<\/ul>\n<p><strong>\u0418\u0441\u043f\u043e\u043b\u044c\u0437\u043e\u0432\u0430\u043d\u0438\u0435 \u043c\u0430\u0441\u0441\u0438\u0432\u043d\u044b\u0445 \u0442\u0430\u0431\u043b\u0438\u0446 \u0434\u0430\u043d\u043d\u044b\u0445 <\/strong><\/p>\n<ul>\n<li>\u0418\u0441\u043f\u043e\u043b\u044c\u0437\u043e\u0432\u0430\u043d\u0438\u0435 \u0442\u0430\u0431\u043b\u0438\u0446 \u0441 \u0431\u043e\u043b\u044c\u0448\u0438\u043c\u0438 \u043e\u0431\u044a\u0435\u043c\u0430\u043c\u0438 \u0434\u0430\u043d\u043d\u044b\u0445 (\u0437\u0430\u043c\u043e\u0440\u0430\u0436\u0438\u0432\u0430\u043d\u0438\u0435, \u0440\u0430\u0437\u0431\u0438\u0435\u043d\u0438\u0435, \u043f\u043e\u0438\u0441\u043a \u0434\u0430\u043d\u043d\u044b\u0445) (<strong>\u0417\u0430\u043c\u043e\u0440\u043e\u0437\u0438\u0442\u044c, \u0420\u0430\u0437\u0434\u0435\u043b\u0438\u0442\u044c, \u0411\u043e\u043a \u043e \u0431\u043e\u043a<\/strong>)<\/li>\n<li>\u0421\u043e\u0440\u0442\u0438\u0440\u043e\u0432\u043a\u0430 \u0434\u0430\u043d\u043d\u044b\u0445, \u043d\u0430\u0441\u0442\u0440\u043e\u0439\u043a\u0438 \u0441\u043e\u0440\u0442\u0438\u0440\u043e\u0432\u043a\u0438 (\u0441\u043e\u0440\u0442\u0438\u0440\u043e\u0432\u043a\u0430 \u043f\u043e \u0434\u0430\u0442\u0435, \u0441\u043e\u0437\u0434\u0430\u043d\u0438\u0435 \u0443\u0441\u043b\u043e\u0432\u0438\u0439 \u0441\u043e\u0440\u0442\u0438\u0440\u043e\u0432\u043a\u0438)<\/li>\n<li>\u0424\u0438\u043b\u044c\u0442\u0440\u0430\u0446\u0438\u044f \u0434\u0430\u043d\u043d\u044b\u0445, \u0438\u0441\u043f\u043e\u043b\u044c\u0437\u043e\u0432\u0430\u043d\u0438\u0435 \u0440\u0430\u0441\u0448\u0438\u0440\u0435\u043d\u043d\u043e\u0433\u043e \u0444\u0438\u043b\u044c\u0442\u0440\u0430, \u043e\u0442\u043e\u0431\u0440\u0430\u0436\u0435\u043d\u0438\u0435 \u0443\u043d\u0438\u043a\u0430\u043b\u044c\u043d\u044b\u0445 \u0434\u0430\u043d\u043d\u044b\u0445 (<strong>\u0424\u0438\u043b\u044c\u0442\u0440, \u0420\u0430\u0441\u0448\u0438\u0440\u0435\u043d\u043d\u044b\u0439 \u0444\u0438\u043b\u044c\u0442\u0440<\/strong>)<\/li>\n<li>\u0421\u043d\u0438\u043c\u043a\u0438 \u043f\u043e \u0433\u0440\u0443\u043f\u043f\u0430\u043c (<strong>\u041f\u0440\u043e\u043c\u0435\u0436\u0443\u0442\u043e\u0447\u043d\u044b\u0439 \u0438\u0442\u043e\u0433<\/strong>)<\/li>\n<li>\u0418\u0441\u043f\u043e\u043b\u044c\u0437\u043e\u0432\u0430\u043d\u0438\u0435 \u043a\u043e\u043d\u0441\u043e\u043b\u0438\u0434\u0430\u0446\u0438\u0438 \u0432 \u0440\u0435\u0437\u044e\u043c\u0435 (<strong>\u041a\u043e\u043d\u0441\u043e\u043b\u0438\u0434\u0438\u0440\u0443\u0439\u0442\u0435<\/strong>)<\/li>\n<li>\u0421\u043e\u0437\u0434\u0430\u043d\u0438\u0435 \u043f\u0435\u0440\u0435\u043a\u0440\u0435\u0441\u0442\u043d\u043e\u0439 \u0442\u0430\u0431\u043b\u0438\u0446\u044b (\u041b\u0438\u0433\u0430 \u0442\u0430\u0431\u043b\u0438\u0446) (<strong>PivotTable<\/strong>), \u0447\u0442\u0435\u043d\u0438\u0435 \u0438 \u0440\u0435\u0434\u0430\u043a\u0442\u0438\u0440\u043e\u0432\u0430\u043d\u0438\u0435. \u0424\u0443\u043d\u043a\u0446\u0438\u0438 \u0432 \u043a\u0440\u043e\u0441\u0441-\u0442\u0430\u0431\u043b\u0438\u0446\u0430\u0445. \u041f\u0440\u0435\u0434\u0441\u0442\u0430\u0432\u043b\u0435\u043d\u0438\u0435 \u0434\u0430\u043d\u043d\u044b\u0445 \u0432 \u0438\u0442\u043e\u0433\u043e\u0432\u043e\u043c \u043e\u0442\u0447\u0435\u0442\u0435 \u0432 \u0444\u043e\u0440\u043c\u0430\u0442\u0435 % \u0438 No values. \u041f\u043e\u0434\u0433\u043e\u0442\u043e\u0432\u043a\u0430 \u0435\u0436\u0435\u0434\u043d\u0435\u0432\u043d\u044b\u0445 \u043e\u0442\u0447\u0435\u0442\u043e\u0432 (\u0435\u0436\u0435\u043c\u0435\u0441\u044f\u0447\u043d\u044b\u0445, \u0435\u0436\u0435\u043a\u0432\u0430\u0440\u0442\u0430\u043b\u044c\u043d\u044b\u0445, \u0433\u043e\u0434\u043e\u0432\u044b\u0445). \u0412\u044b\u0447\u0438\u0441\u043b\u0435\u043d\u0438\u044f \u0441 \u043f\u043e\u043c\u043e\u0449\u044c\u044e \u043f\u043e\u043b\u0435\u0439 (\u0434\u043e\u0431\u0430\u0432\u043b\u0435\u043d\u0438\u0435 \u0432\u044b\u0447\u0438\u0441\u043b\u0435\u043d\u0438\u0439 \u0432 \u043a\u0440\u043e\u0441\u0441-\u0442\u0430\u0431\u043b\u0438\u0446\u0443).<\/li>\n<\/ul>\n<p><strong>\u041f\u0440\u043e\u0435\u043a\u0442\u0438\u0440\u043e\u0432\u0430\u043d\u0438\u0435 \u0441\u0442\u043e\u043b\u043e\u0432 <\/strong><\/p>\n<ul>\n<li>\u0410\u0432\u0442\u043e\u043c\u0430\u0442\u0438\u0437\u0438\u0440\u043e\u0432\u0430\u043d\u043d\u044b\u0435 \u043a\u043e\u043d\u0441\u0442\u0440\u0443\u043a\u0446\u0438\u0438<\/li>\n<li>\u0423\u0441\u043b\u043e\u0432\u043d\u0430\u044f \u0441\u0442\u0438\u043b\u0438\u0437\u0430\u0446\u0438\u044f, \u0434\u043e\u0431\u0430\u0432\u043b\u0435\u043d\u0438\u0435 \u0443\u0441\u043b\u043e\u0432\u043d\u043e\u0439 \u0441\u0442\u0438\u043b\u0438\u0437\u0430\u0446\u0438\u0438 \u0441 \u043f\u043e\u043c\u043e\u0449\u044c\u044e \u0444\u0443\u043d\u043a\u0446\u0438\u0438 (<strong>\u0423\u0441\u043b\u043e\u0432\u043d\u043e\u0435 \u0444\u043e\u0440\u043c\u0430\u0442\u0438\u0440\u043e\u0432\u0430\u043d\u0438\u0435<\/strong>)<\/li>\n<\/ul>\n<p><strong>\u0414\u0438\u0430\u0433\u0440\u0430\u043c\u043c\u044b <\/strong><\/p>\n<ul>\n<li>\u0421\u043e\u0437\u0434\u0430\u043d\u0438\u0435 \u0434\u0438\u0430\u0433\u0440\u0430\u043c\u043c\u044b \u0438\u0437 \u043d\u0435\u0441\u043a\u043e\u043b\u044c\u043a\u0438\u0445 \u0442\u0430\u0431\u043b\u0438\u0446<\/li>\n<li>\u0414\u043e\u0431\u0430\u0432\u043b\u0435\u043d\u0438\u0435 \u0438 \u0443\u0434\u0430\u043b\u0435\u043d\u0438\u0435 \u0434\u0430\u043d\u043d\u044b\u0445 \u0438\u0437 \u0433\u0440\u0430\u0444\u0438\u043a\u0430<\/li>\n<li>\u041f\u0440\u043e\u0435\u043a\u0442\u0438\u0440\u043e\u0432\u0430\u043d\u0438\u0435 \u0434\u0438\u0430\u0433\u0440\u0430\u043c\u043c\u044b, \u0440\u0430\u0431\u043e\u0442\u0430 \u0441 \u043c\u0430\u0441\u0448\u0442\u0430\u0431\u043e\u043c<\/li>\n<\/ul>\n<p><strong>\u00a0<\/strong><strong>\u0418\u0441\u043f\u043e\u043b\u044c\u0437\u0443\u0435\u043c\u044b\u0435 \u043c\u0435\u0442\u043e\u0434\u044b \u043e\u0431\u0443\u0447\u0435\u043d\u0438\u044f: <\/strong>\u041b\u0435\u043a\u0446\u0438\u044f, \u043f\u0440\u0430\u043a\u0442\u0438\u0447\u0435\u0441\u043a\u0430\u044f \u0440\u0430\u0431\u043e\u0442\u0430.<\/p>\n<p><strong>\u0421\u043f\u0438\u0441\u043e\u043a \u043d\u0435\u043e\u0431\u0445\u043e\u0434\u0438\u043c\u044b\u0445 \u0443\u0447\u0435\u0431\u043d\u044b\u0445 \u043c\u0430\u0442\u0435\u0440\u0438\u0430\u043b\u043e\u0432: <\/strong>\u0423\u0447\u0435\u0431\u043d\u044b\u0435 \u043c\u0430\u0442\u0435\u0440\u0438\u0430\u043b\u044b \u043f\u043e\u0434\u0433\u043e\u0442\u043e\u0432\u043b\u0435\u043d\u044b \u043a\u043e\u043c\u043f\u0430\u043d\u0438\u0435\u0439 Kooitaja.<\/p>\n<p>\u0423\u0447\u0435\u0431\u043d\u044b\u0435 \u043c\u0430\u0442\u0435\u0440\u0438\u0430\u043b\u044b:<\/p>\n<ul>\n<li>\u041c\u0430\u0442\u0435\u0440\u0438\u0430\u043b\u044b \u0434\u043b\u044f \u044d\u043b\u0435\u043a\u0442\u0440\u043e\u043d\u043d\u043e\u0433\u043e \u043e\u0431\u0443\u0447\u0435\u043d\u0438\u044f \u043f\u043e \u043a\u0443\u0440\u0441\u0443 EUCIP, <a href=\"http:\/\/www.ecdl.ee\/AO.html\">http:\/\/www.ecdl.ee\/AO.html<\/a><\/li>\n<li>\u0414\u0436\u043e\u043d \u0423\u043e\u043a\u0435\u043d\u0431\u0430\u0445 \"\u0424\u043e\u0440\u043c\u0443\u043b\u044b \u0432 Excel 2013\"<\/li>\n<\/ul>\n<p><strong>\u00a0<\/strong><strong>N<\/strong><strong>\u00f5<\/strong><strong>uded<\/strong><strong> \u00f5<\/strong><strong>PING<\/strong> <strong>l<\/strong><strong>\u00f5<\/strong><strong>\u043e\u0431\u043c\u0430\u043d\u044b\u0432\u0430\u0442\u044c<\/strong><strong>:<\/strong><\/p>\n<p>\u0412\u044b\u043f\u043e\u043b\u043d\u0435\u043d\u0438\u0435, \u043a\u0430\u043a \u043c\u0438\u043d\u0438\u043c\u0443\u043c, \u0443\u0447\u0435\u0431\u043d\u043e\u0439 \u043f\u0440\u043e\u0433\u0440\u0430\u043c\u043c\u044b 80% \u0438 \u043e\u0446\u0435\u043d\u0438\u0432\u0430\u0435\u043c\u043e\u0439 \u0440\u0430\u0431\u043e\u0442\u044b. \u0420\u0430\u0431\u043e\u0442\u0430 \u0441\u043e\u0441\u0442\u043e\u0438\u0442 \u0438\u0437 6 \u043f\u0440\u0430\u043a\u0442\u0438\u0447\u0435\u0441\u043a\u0438\u0445 \u0437\u0430\u0434\u0430\u043d\u0438\u0439 \u0438\u0437 \u0442\u0435\u043c, \u0440\u0430\u0441\u0441\u043c\u0430\u0442\u0440\u0438\u0432\u0430\u0435\u043c\u044b\u0445 \u043d\u0430 \u043a\u0443\u0440\u0441\u0435. \u0414\u043b\u044f \u043f\u043e\u043b\u0443\u0447\u0435\u043d\u0438\u044f \u043f\u043e\u043b\u043e\u0436\u0438\u0442\u0435\u043b\u044c\u043d\u043e\u0433\u043e \u0440\u0435\u0437\u0443\u043b\u044c\u0442\u0430\u0442\u0430 \u043d\u0435\u043e\u0431\u0445\u043e\u0434\u0438\u043c\u043e, \u0447\u0442\u043e\u0431\u044b \u043a\u0430\u043a \u043c\u0438\u043d\u0438\u043c\u0443\u043c \u043f\u044f\u0442\u044c \u0438\u0437 \u0448\u0435\u0441\u0442\u0438 \u0437\u0430\u0434\u0430\u043d\u0438\u0439 \u0431\u044b\u043b\u0438 \u0432\u044b\u043f\u043e\u043b\u043d\u0435\u043d\u044b \u0431\u0435\u0437 \u043e\u0448\u0438\u0431\u043e\u043a. \u041f\u043e \u0437\u0430\u0432\u0435\u0440\u0448\u0435\u043d\u0438\u0438 \u0432\u044b\u043f\u043e\u043b\u043d\u0435\u043d\u0438\u044f \u0442\u0440\u0435\u0431\u043e\u0432\u0430\u043d\u0438\u0439 \u043a\u0443\u0440\u0441\u0430 \u0441\u0442\u0443\u0434\u0435\u043d\u0442\u0443 \u0431\u0443\u0434\u0435\u0442 \u0432\u044b\u0434\u0430\u043d \u0441\u0435\u0440\u0442\u0438\u0444\u0438\u043a\u0430\u0442 \u043e\u0431 \u043e\u043a\u043e\u043d\u0447\u0430\u043d\u0438\u0438 \u043a\u0443\u0440\u0441\u0430.<\/p>\n<p><strong>\u00a0<\/strong><\/p>","protected":false},"excerpt":{"rendered":"<p>\u00d5ppekava kinnitamise aeg: 19.12.2024 \u00d5ppekava nimetus: Excel edasij\u00f5udnutele \u00d5ppekavar\u00fchm: Arvutikasutus \u00d5ppekava koostamise alus: Kutsestandardid: \u00c4rikorralduse spetsialist tase 5, V\u00e4ikeettev\u00f5tja tase 5, B\u00fcroot\u00f6\u00f6taja, tase 5 \u00a0Koolituse kogumaht akadeemilistes tundides:\u00a0\u00a0\u00a0\u00a0\u00a0\u00a0\u00a0\u00a0\u00a0\u00a0\u00a0\u00a0\u00a0\u00a0\u00a0\u00a0\u00a0\u00a0\u00a0\u00a0\u00a0\u00a0\u00a0\u00a0\u00a0\u00a0\u00a0\u00a0 \u00a0\u00a0\u00a0\u00a0\u00a0\u00a0\u00a0\u00a0\u00a0\u00a0\u00a0\u00a0\u00a0\u00a0\u00a0\u00a0\u00a0\u00a0\u00a0\u00a0\u00a0\u00a0 26 sh auditoorse t\u00f6\u00f6 <a href=\"https:\/\/kvkoolitus.ee\/ru\/excel-edasijoudnutele\/\"> [&#8230;]<\/a><\/p>\n","protected":false},"author":9,"featured_media":0,"parent":0,"menu_order":0,"comment_status":"closed","ping_status":"closed","template":"","meta":{"footnotes":""},"class_list":["post-7985","page","type-page","status-publish","hentry"],"aioseo_notices":[],"_links":{"self":[{"href":"https:\/\/kvkoolitus.ee\/ru\/wp-json\/wp\/v2\/pages\/7985","targetHints":{"allow":["GET"]}}],"collection":[{"href":"https:\/\/kvkoolitus.ee\/ru\/wp-json\/wp\/v2\/pages"}],"about":[{"href":"https:\/\/kvkoolitus.ee\/ru\/wp-json\/wp\/v2\/types\/page"}],"author":[{"embeddable":true,"href":"https:\/\/kvkoolitus.ee\/ru\/wp-json\/wp\/v2\/users\/9"}],"replies":[{"embeddable":true,"href":"https:\/\/kvkoolitus.ee\/ru\/wp-json\/wp\/v2\/comments?post=7985"}],"version-history":[{"count":2,"href":"https:\/\/kvkoolitus.ee\/ru\/wp-json\/wp\/v2\/pages\/7985\/revisions"}],"predecessor-version":[{"id":8507,"href":"https:\/\/kvkoolitus.ee\/ru\/wp-json\/wp\/v2\/pages\/7985\/revisions\/8507"}],"wp:attachment":[{"href":"https:\/\/kvkoolitus.ee\/ru\/wp-json\/wp\/v2\/media?parent=7985"}],"curies":[{"name":"wp","href":"https:\/\/api.w.org\/{rel}","templated":true}]}}