{"id":7997,"date":"2024-06-25T11:50:05","date_gmt":"2024-06-25T08:50:05","guid":{"rendered":"https:\/\/kvkoolitus.ee\/?page_id=7997"},"modified":"2025-01-06T15:21:25","modified_gmt":"2025-01-06T13:21:25","slug":"nutiseadmete-kasutamine","status":"publish","type":"page","link":"https:\/\/kvkoolitus.ee\/ru\/nutiseadmete-kasutamine\/","title":{"rendered":"\u0418\u0441\u043f\u043e\u043b\u044c\u0437\u043e\u0432\u0430\u043d\u0438\u0435 \u0443\u043c\u043d\u044b\u0445 \u0443\u0441\u0442\u0440\u043e\u0439\u0441\u0442\u0432"},"content":{"rendered":"<p style=\"text-align: right;\">\u00d5ppekava kinnitamise aeg: 03.06.2024<\/p>\n<p><strong>\u00d5ppekava nimetus<\/strong>: Nutiseadmete kasutamine<\/p>\n<p><strong>\u00d5ppekavar\u00fchm:<\/strong> Arvutikasutus<\/p>\n<p><strong>Koolituse kogumaht akadeemilistes tundides:\u00a0\u00a0\u00a0\u00a0\u00a0\u00a0\u00a0\u00a0\u00a0\u00a0\u00a0\u00a0\u00a0\u00a0\u00a0\u00a0\u00a0\u00a0\u00a0\u00a0\u00a0\u00a0\u00a0\u00a0\u00a0\u00a0\u00a0\u00a0 \u00a0\u00a0\u00a0\u00a0\u00a0\u00a0\u00a0\u00a0\u00a0\u00a0\u00a0\u00a0\u00a0\u00a0\u00a0\u00a0\u00a0\u00a0\u00a0\u00a0\u00a0\u00a0 8<\/strong><\/p>\n<p>sh auditoorse t\u00f6\u00f6 maht akadeemilistes tundides:\u00a0 \u00a0 \u00a0 \u00a0 \u00a0 \u00a0 \u00a0 \u00a0 \u00a0 \u00a0 \u00a0 \u00a0 \u00a0 \u00a0 \u00a0 \u00a0 \u00a0 \u00a0 \u00a0 \u00a0 \u00a0 \u00a0 \u00a0 \u00a0 \u00a0 \u00a0 \u00a0 \u00a0 \u00a0 \u00a0 \u00a0 \u00a04<\/p>\n<p>(\u00f5pe loengu, seminari v\u00f5i muus koolis m\u00e4\u00e4ratud vormis)<\/p>\n<p>sh praktilise t\u00f6\u00f6 maht akadeemilistes tundides:\u00a0 \u00a0 \u00a0 \u00a0 \u00a0 \u00a0 \u00a0 \u00a0 \u00a0 \u00a0 \u00a0 \u00a0 \u00a0 \u00a0 \u00a0 \u00a0 \u00a0 \u00a0 \u00a0 \u00a0 \u00a0 \u00a0 \u00a0 \u00a0 \u00a0 \u00a0 \u00a0 \u00a0 \u00a0 \u00a0 \u00a0 \u00a0 \u00a04<\/p>\n<p>(\u00f5pitud teadmiste ja oskuste rakendamine \u00f5ppekeskkonnas)<\/p>\n<p><strong>\u00a0<\/strong><strong>Kasutatava \u00f5ppekeskkonna kirjeldus: <\/strong>\u00d5ppet\u00f6\u00f6s kasutatakse \u00f5ppeklassi, mis on varustatud multiprojektoriga ning arvutiklassi. Koolitusruum (sh \u00f5ppetehnika) vastab t\u00f6\u00f6tervishoiu ja t\u00f6\u00f6ohutuse seaduses s\u00e4testatud t\u00f6\u00f6tervishoiu ja -ohutuse n\u00f5uetele. Koolitus v\u00f5ib toimuda ka veebip\u00f5hiselt ZOOM\u00b4i keskkonnas.<\/p>\n<p><strong>Sihtgrupp ja \u00f5ppe alustamise n\u00f5uded: \u00a0<\/strong>Kursus sobib inimestele, kellel nutiseadme kasutamise kogemus puudub v\u00f5i on v\u00e4hene.<\/p>\n<p>\u00d5ppe alustamise n\u00f5uded: Kaasaegse isikliku nutiseadme olemus.<\/p>\n<p><strong>\u00d5ppe eesm\u00e4rgid:<\/strong> Koolituse eesm\u00e4rk on arendada koolitatavate digip\u00e4devust nutiseadme turvaliseks seadistamiseks ja rakenduste kasutamiseks igap\u00e4evaelu toimingute toetamiseks.<\/p>\n<p><strong>\u00d5piv\u00e4ljundid:<\/strong><\/p>\n<ul>\n<li>kasutab nutiseadme erinevaid funktsioone.<\/li>\n<li>otsib nutiseadmega infot.<\/li>\n<li>seadistab nutiseadmeid, seob e-posti nutiseadmega, laeb alla erinevaid rakendusi ja kasutab neid.<\/li>\n<li>leiab vajaminevaid rakendusi ja kasutab neid igap\u00e4evaelus.<\/li>\n<li>leiab infot erinevate \u00f5ppimisv\u00f5imaluste kohta.<\/li>\n<li>kasutab erinevaid pakutavaid e-teenuseid sh simuleerib Mobiil-ID ja Smart-ID kasutamist<\/li>\n<li>pildistab telefoniga ja varundab pilte.<\/li>\n<li>kaitseb nutiseadme sisu, isikuandmeid ja privaatsust.<\/li>\n<\/ul>\n<p><strong>\u00a0<\/strong><strong>\u00d5ppe sisu: <\/strong><\/p>\n<p><strong>Funktsioonid nutiseadmes \u2013 2 tundi<\/strong><\/p>\n<p>Kontaktid, h\u00e4\u00e4l- ja videok\u00f5ne, v\u00e4lks\u00f5num, kalender, m\u00e4rkmik, kaamera, kaardirakendus (sh suunajuhised, geograafilised koordinaadid).<\/p>\n<p><strong>Rakendused nutiseadmes \u2013 2 tundi<\/strong><\/p>\n<p>Rakenduste allalaadimine, rakenduste k\u00e4sitsi ja automaatne uuendamine, kasulikud vabavara rakendused (nt navigatsioon, QR kood, \u00fchistransport, uudised, keele\u00f5pe, pilveteenused).<\/p>\n<p><strong>Suhtlemine rakenduste kaasabil \u2013 2 tundi<\/strong><\/p>\n<p>E-post (konto loomine, seadistamine, e-kirja koostamine ja saatmine sh teksti, manuse ja infoallika lingi), kiirsuhtlus (chat), videok\u00f5ne ja -koosolek (nt Skype, MS Teams, Zoom), digisuhtluses kasutatavad l\u00fchendid ja s\u00fcmboolika.<\/p>\n<p><strong>Digiturvalisus \u2013 2 tundi<\/strong><\/p>\n<p>Nutiseadme sisu kaitsmine, seadmehooldus, \u00e4hvardavate ohtude m\u00f5istmine ja v\u00e4ltimine (nt \u00f5ngitsused, kasutajate kohta info kogumine), turvameetmete rakendamine, k\u00fcberkiusamise m\u00f5ju tervisele ja heaolule, digitaalne jalaj\u00e4lg.<\/p>\n<p><strong>\u00a0<\/strong><strong>Kasutavad \u00f5ppemeetodid: <\/strong>Loeng, praktiline t\u00f6\u00f6.<\/p>\n<p><strong>Vajalike \u00f5ppematerjalide loend: <\/strong>Koolitaja poolt koostatud \u00f5ppematerjalid.<\/p>\n<p><strong>\u00a0<\/strong><strong>N\u00f5uded \u00f5pingute l\u00f5petamiseks:<\/strong><\/p>\n<p>Arvestusliku t\u00f6\u00f6 sooritamine. Arvestuslik t\u00f6\u00f6 koosneb 4 praktilistest \u00fclesannetest kursusel l\u00e4bitud teemade kohta, mida valmistatakse kursuse jooksul. Positiivseks soorituseks on vaja neljast \u00fclesannetest t\u00e4ita v\u00e4hemalt kolm veatult.<\/p>\n<p><strong>\u00a0<\/strong><strong>Koolitaja andmed: <\/strong><\/p>\n<p>Natella Mihhailova \u2013 k\u00f5rgharidus, omab t\u00f6\u00f6kogemust, on olemas kogemus pedagoogilisel t\u00f6\u00f6l (t\u00e4iskasvanute koolitaja staa\u017e &#8211; 25.a.).<\/p>\n<p>Jelena Kuzmina &#8211; omab t\u00f6\u00f6kogemust, on olemas kogemus pedagoogilisel t\u00f6\u00f6l (t\u00e4iskasvanute koolitaja staa\u017e &#8211; 15.a.).<\/p>\n<p><strong>Tellimine ja info:<\/strong><\/p>\n<p>Telefon: 55 583 410; 53 475 016<br \/>\nE-post:\u00a0<a href=\"mailto:info@kvkoolitus.ee\">info@kvkoolitus.ee<\/a><\/p>\n<p><strong><form method=\"post\" enctype=\"multipart\/form-data\" id=\"vfbp-form-1\" class=\"vfbp-form\"><div style=\"display:none;\"><label for=\"vfbp-EMAIL-AN8fuQyoDLXem\">\u0415\u0441\u043b\u0438 \u0412\u044b \u0447\u0435\u043b\u043e\u0432\u0435\u043a, \u043e\u0441\u0442\u0430\u0432\u044c\u0442\u0435 \u044d\u0442\u043e \u043f\u043e\u043b\u0435 \u043f\u0443\u0441\u0442\u044b\u043c<\/label><input size=\"25\" autocomplete=\"off\" type=\"text\" name=\"vfbp-EMAIL-AN8fuQyoDLXem\" value=\"\" id=\"\"><\/div><input type=\"hidden\" name=\"_vfb-timestamp-1\" value=\"1776667692\" id=\"\"><input type=\"hidden\" name=\"_vfb-form-id\" value=\"1\" id=\"\"><div class=\"vfb-col-12 vfb-fieldType-hidden\" id=\"vfbField5\"><input id=\"vfb-field-5\" class=\"vfb-form-control\" placeholder=\"\" type=\"hidden\" name=\"vfb-field-5\" value=\"Nutiseadmete kasutamine\"><\/div><div class=\"vfb-clearfix\"><\/div><div class=\"vfb-col-12 vfb-fieldType-hidden\" id=\"vfbField60\"><input id=\"vfb-field-60\" class=\"vfb-form-control\" placeholder=\"\" type=\"hidden\" name=\"vfb-field-60\" value=\"7997\"><\/div><div class=\"vfb-clearfix\"><\/div><div class=\"vfb-well vfb-col-12\" id=\"vfbField4\"><div class=\"vfb-form-group vfb-col-12\"><div><h3 class=\"\">Saada koolituse p\u00e4ring v\u00f5i <a href=\"\/koolitused\">vaata koolituskalendrit<\/a><\/h3><\/div><\/div><div class=\"vfb-col-12 vfb-fieldType-heading\" id=\"vfbField4\"><\/div><div class=\"vfb-clearfix\"><\/div><div class=\"vfb-col-4 vfb-fieldType-text\" id=\"vfbField1\"><div class=\"vfb-form-group\"><label for=\"vfb-field-1\" class=\"vfb-control-label\">Nimi <span class=\"vfb-required-asterisk\">*<\/span><\/label><div><input id=\"vfb-field-1\" class=\"vfb-form-control\" placeholder=\"\" required=\"required\" type=\"text\" name=\"vfb-field-1\" value=\"\"><\/div><\/div><\/div><div class=\"vfb-col-4 vfb-fieldType-email\" id=\"vfbField3\"><div class=\"vfb-form-group\"><label for=\"vfb-field-3\" class=\"vfb-control-label\">E-posti aadress <span class=\"vfb-required-asterisk\">*<\/span><\/label><div><input id=\"vfb-field-3\" class=\"vfb-form-control\" placeholder=\"\" required=\"required\" type=\"email\" name=\"vfb-field-3\" value=\"\"><\/div><\/div><\/div><div class=\"vfb-col-4 vfb-fieldType-text\" id=\"vfbField6\"><div class=\"vfb-form-group\"><label for=\"vfb-field-6\" class=\"vfb-control-label\">Telefon <span class=\"vfb-required-asterisk\">*<\/span><\/label><div><input id=\"vfb-field-6\" class=\"vfb-form-control\" placeholder=\"\" required=\"required\" type=\"text\" name=\"vfb-field-6\" value=\"\"><\/div><\/div><\/div><div class=\"vfb-clearfix\"><\/div><div class=\"vfb-col-12 vfb-fieldType-select\" id=\"vfbField81\"><label for=\"vfb-field-81\" class=\"vfb-control-label\">Soovin koolitust l\u00e4bida:<\/label><div><div class=\"vfb-form-group\"><select id=\"vfb-field-81\" class=\"vfb-form-control\" placeholder=\"\" name=\"vfb-field-81\"><option value=\"Eesti keeles\">Eesti keeles<\/option><option value=\"Vene keeles\">Vene keeles<\/option><\/select><\/div><\/div><\/div><div class=\"vfb-clearfix\"><\/div><div class=\"vfb-col-12 vfb-fieldType-select\" id=\"vfbField196\"><label for=\"vfb-field-196\" class=\"vfb-control-label\">Koolituse tellib:<\/label><div><div class=\"vfb-form-group\"><select id=\"vfb-field-196\" class=\"vfb-form-control\" placeholder=\"\" name=\"vfb-field-196\"><option value=\"Eraisik\">Eraisik<\/option><option value=\"Ettev&otilde;te\">Ettev\u00f5te<\/option><\/select><\/div><\/div><\/div><div class=\"vfb-clearfix\"><\/div><div class=\"vfb-col-4 vfb-fieldType-select\" id=\"vfbField11\"><label for=\"vfb-field-11\" class=\"vfb-control-label\">Kes arve tasub?<\/label><div><div class=\"vfb-form-group\"><select id=\"vfb-field-11\" class=\"vfb-form-control\" placeholder=\"\" name=\"vfb-field-11\"><option value=\"Ettev&otilde;te\">Ettev\u00f5te<\/option><option value=\"Eraisik\">Eraisik<\/option><option value=\"T&ouml;&ouml;tukassa\">T\u00f6\u00f6tukassa<\/option><\/select><\/div><\/div><\/div><div class=\"vfb-col-7 vfb-fieldType-text\" id=\"vfbField8\"><div class=\"vfb-form-group\"><label for=\"vfb-field-8\" class=\"vfb-control-label\">Ettev\u00f5tte nimi, kellele arve esitatakse <span class=\"vfb-required-asterisk\">*<\/span><\/label><div><input id=\"vfb-field-8\" class=\"vfb-form-control\" placeholder=\"\" required=\"required\" type=\"text\" name=\"vfb-field-8\" value=\"\"><\/div><\/div><\/div><div class=\"vfb-col-7 vfb-fieldType-text\" id=\"vfbField61\"><div class=\"vfb-form-group\"><label for=\"vfb-field-61\" class=\"vfb-control-label\">Eraisiku nimi, kellele arve esitatakse <span class=\"vfb-required-asterisk\">*<\/span><\/label><div><input id=\"vfb-field-61\" class=\"vfb-form-control\" placeholder=\"\" required=\"required\" type=\"text\" name=\"vfb-field-61\" value=\"\"><\/div><\/div><\/div><div class=\"vfb-clearfix\"><\/div><div class=\"vfb-col-12 vfb-fieldType-textarea\" id=\"vfbField12\"><div class=\"vfb-form-group\"><label for=\"vfb-field-12\" class=\"vfb-control-label\">Lisainfo<\/label><div><textarea id=\"vfb-field-12\" class=\"vfb-form-control\" placeholder=\"\" rows=\"5\" name=\"vfb-field-12\" cols=\"50\"><\/textarea><\/div><\/div><\/div><div class=\"vfb-clearfix\"><\/div><div class=\"vfb-col-6 vfb-fieldType-checkbox\" id=\"vfbField13\"><label for=\"vfb-field-13\" class=\"vfb-control-label\"><\/label><div><div class=\"vfb-checkbox\"><label><input id=\"vfb-field-13-0\" class=\"\" placeholder=\"\" data-vfb-multiple=\"vfb-field-13\" type=\"checkbox\" name=\"vfb-field-13[0]\" value=\"1\"> Soovin saada infot minu ala kursuste kohta<\/label><\/div><\/div><\/div><div class=\"vfb-col-6 vfb-fieldType-checkbox\" id=\"vfbField14\"><label for=\"vfb-field-14\" class=\"vfb-control-label\"><\/label><div><div class=\"vfb-checkbox\"><label><input id=\"vfb-field-14-0\" class=\"\" placeholder=\"\" data-vfb-multiple=\"vfb-field-14\" type=\"checkbox\" name=\"vfb-field-14[0]\" value=\"1\">Soovin saada infot eripakkumiste ja soodustuste kohta<\/label><\/div><\/div><\/div><div class=\"vfb-clearfix\"><\/div><div class=\"vfb-col-12 vfb-fieldType-checkbox\" id=\"vfbField15\"><label for=\"vfb-field-15\" class=\"vfb-control-label\"> <span class=\"vfb-required-asterisk\">*<\/span><\/label><div><div class=\"vfb-checkbox\"><label><input id=\"vfb-field-15-0\" class=\"\" placeholder=\"\" data-vfb-multiple=\"vfb-field-15\" required=\"required\" type=\"checkbox\" name=\"vfb-field-15[0]\" value=\"1\">Kinnitan, et olen tutvunud \u00d5ppet\u00f6\u00f6 korraldusega ja v\u00f5tan enesele k\u00f5ik sellest tulenevad kohustused<\/label><\/div><\/div><\/div><div class=\"vfb-clearfix\"><\/div><div class=\"vfb-col-12 vfb-fieldType-submit\" id=\"vfbField16\"><button id=\"vfb-field-16\" class=\" btn btn-primary\" placeholder=\"\" type=\"submit\" name=\"_vfb-submit\">Registreerimine<\/button><\/div><div class=\"vfb-clearfix\"><\/div><\/div> <!-- .vfb-well --><\/form>[\/fusion_text][\/fusion_builder_column][\/fusion_builder_row][\/fusion_builder_container]<\/strong><\/p>\n","protected":false},"excerpt":{"rendered":"<p>\u00d5ppekava kinnitamise aeg: 03.06.2024 \u00d5ppekava nimetus: Nutiseadmete kasutamine \u00d5ppekavar\u00fchm: Arvutikasutus Koolituse kogumaht akadeemilistes tundides:\u00a0\u00a0\u00a0\u00a0\u00a0\u00a0\u00a0\u00a0\u00a0\u00a0\u00a0\u00a0\u00a0\u00a0\u00a0\u00a0\u00a0\u00a0\u00a0\u00a0\u00a0\u00a0\u00a0\u00a0\u00a0\u00a0\u00a0\u00a0 \u00a0\u00a0\u00a0\u00a0\u00a0\u00a0\u00a0\u00a0\u00a0\u00a0\u00a0\u00a0\u00a0\u00a0\u00a0\u00a0\u00a0\u00a0\u00a0\u00a0\u00a0\u00a0 8 sh auditoorse t\u00f6\u00f6 maht akadeemilistes tundides:\u00a0 \u00a0 \u00a0 \u00a0 \u00a0 \u00a0 \u00a0 \u00a0 \u00a0 \u00a0 \u00a0 \u00a0 <a href=\"https:\/\/kvkoolitus.ee\/ru\/nutiseadmete-kasutamine\/\"> [&#8230;]<\/a><\/p>\n","protected":false},"author":9,"featured_media":0,"parent":0,"menu_order":0,"comment_status":"closed","ping_status":"closed","template":"","meta":{"footnotes":""},"class_list":["post-7997","page","type-page","status-publish","hentry"],"aioseo_notices":[],"_links":{"self":[{"href":"https:\/\/kvkoolitus.ee\/ru\/wp-json\/wp\/v2\/pages\/7997","targetHints":{"allow":["GET"]}}],"collection":[{"href":"https:\/\/kvkoolitus.ee\/ru\/wp-json\/wp\/v2\/pages"}],"about":[{"href":"https:\/\/kvkoolitus.ee\/ru\/wp-json\/wp\/v2\/types\/page"}],"author":[{"embeddable":true,"href":"https:\/\/kvkoolitus.ee\/ru\/wp-json\/wp\/v2\/users\/9"}],"replies":[{"embeddable":true,"href":"https:\/\/kvkoolitus.ee\/ru\/wp-json\/wp\/v2\/comments?post=7997"}],"version-history":[{"count":2,"href":"https:\/\/kvkoolitus.ee\/ru\/wp-json\/wp\/v2\/pages\/7997\/revisions"}],"predecessor-version":[{"id":8432,"href":"https:\/\/kvkoolitus.ee\/ru\/wp-json\/wp\/v2\/pages\/7997\/revisions\/8432"}],"wp:attachment":[{"href":"https:\/\/kvkoolitus.ee\/ru\/wp-json\/wp\/v2\/media?parent=7997"}],"curies":[{"name":"wp","href":"https:\/\/api.w.org\/{rel}","templated":true}]}}