{"id":8616,"date":"2025-05-12T20:10:39","date_gmt":"2025-05-12T17:10:39","guid":{"rendered":"https:\/\/kvkoolitus.ee\/?page_id=8616"},"modified":"2025-05-13T01:29:20","modified_gmt":"2025-05-12T22:29:20","slug":"saastev-areng","status":"publish","type":"page","link":"https:\/\/kvkoolitus.ee\/ru\/saastev-areng\/","title":{"rendered":"\u0423\u0421\u0422\u041e\u0419\u0427\u0418\u0412\u041e\u0415 \u0420\u0410\u0417\u0412\u0418\u0422\u0418\u0415"},"content":{"rendered":"<div class=\"fusion-fullwidth fullwidth-box fusion-builder-row-1 fusion-flex-container nonhundred-percent-fullwidth non-hundred-percent-height-scrolling\" style=\"--awb-border-radius-top-left:0px;--awb-border-radius-top-right:0px;--awb-border-radius-bottom-right:0px;--awb-border-radius-bottom-left:0px;--awb-flex-wrap:wrap;\" ><div class=\"fusion-builder-row fusion-row fusion-flex-align-items-flex-start fusion-flex-content-wrap\" style=\"max-width:1456px;margin-left: calc(-4% \/ 2 );margin-right: calc(-4% \/ 2 );\"><div class=\"fusion-layout-column fusion_builder_column fusion-builder-column-0 fusion_builder_column_1_1 1_1 fusion-flex-column\" style=\"--awb-bg-size:cover;--awb-width-large:100%;--awb-margin-top-large:0px;--awb-spacing-right-large:1.92%;--awb-margin-bottom-large:0px;--awb-spacing-left-large:1.92%;--awb-width-medium:100%;--awb-spacing-right-medium:1.92%;--awb-spacing-left-medium:1.92%;--awb-width-small:100%;--awb-spacing-right-small:1.92%;--awb-spacing-left-small:1.92%;\"><div class=\"fusion-column-wrapper fusion-flex-justify-content-flex-start fusion-content-layout-column\"><div class=\"fusion-text fusion-text-1\"><p style=\"font-weight: 400;\"><strong>KOOST\u00d6\u00d6TEAVITUS<\/strong><\/p>\n<p style=\"font-weight: 400;\">O\u00dc Kersti V\u00f5lu koolituskeskus teeb  2025\/2026. \u00f5ppeaastal koost\u00f6\u00f6d MT\u00dc Virumaa N\u00f5ustamiskeskusega keskkonnahariduse valdkonnas.<\/p>\n<p style=\"font-weight: 400;\">2025\/2026. \u00f5ppeaastast pakub MT\u00dc Virumaa N\u00f5ustamiskeskus iseseisvalt j\u00e4rgmisi keskkonnahariduslikke aktiiv\u00f5ppeprogramme:<\/p>\n<p style=\"font-weight: 400;\">Programmid on suunatud eelkooliealistele lastele, alg-, p\u00f5hikooli- ja g\u00fcmnaasiumiastme \u00f5pilastele.<\/p>\n<p style=\"font-weight: 400;\">\u00d5ppetegevused keskenduvad loodusvaatlusele, praktilistele tegevustele ja looduse vahetule kogemisele; k\u00e4sitletakse elurikkust, loodusn\u00e4htusi ja looduses valitsevad seosed, mis aitavad kujundada arusaama looduse hoidmise olulisusest ning s\u00e4\u00e4stvast suhtumisest keskkonda.<\/p>\n<p style=\"font-weight: 400;\">\u00d5ppeprogramme saab ellu viia koolides, koolide l\u00e4heduses v\u00f5i looduskeskkonnas.<\/p>\n<p style=\"\">Programmide broneerimine: <a href=\"https:\/\/www.keskkonnaharidus.ee\/et\" target=\"_blank\" rel=\"noopener noreferrer\">www.keskkonnaharidus.ee<\/a><\/p>\n<\/div><\/div><\/div><\/div><\/div>","protected":false},"excerpt":{"rendered":"","protected":false},"author":10,"featured_media":0,"parent":0,"menu_order":0,"comment_status":"closed","ping_status":"closed","template":"","meta":{"footnotes":""},"class_list":["post-8616","page","type-page","status-publish","hentry"],"aioseo_notices":[],"_links":{"self":[{"href":"https:\/\/kvkoolitus.ee\/ru\/wp-json\/wp\/v2\/pages\/8616","targetHints":{"allow":["GET"]}}],"collection":[{"href":"https:\/\/kvkoolitus.ee\/ru\/wp-json\/wp\/v2\/pages"}],"about":[{"href":"https:\/\/kvkoolitus.ee\/ru\/wp-json\/wp\/v2\/types\/page"}],"author":[{"embeddable":true,"href":"https:\/\/kvkoolitus.ee\/ru\/wp-json\/wp\/v2\/users\/10"}],"replies":[{"embeddable":true,"href":"https:\/\/kvkoolitus.ee\/ru\/wp-json\/wp\/v2\/comments?post=8616"}],"version-history":[{"count":9,"href":"https:\/\/kvkoolitus.ee\/ru\/wp-json\/wp\/v2\/pages\/8616\/revisions"}],"predecessor-version":[{"id":8626,"href":"https:\/\/kvkoolitus.ee\/ru\/wp-json\/wp\/v2\/pages\/8616\/revisions\/8626"}],"wp:attachment":[{"href":"https:\/\/kvkoolitus.ee\/ru\/wp-json\/wp\/v2\/media?parent=8616"}],"curies":[{"name":"wp","href":"https:\/\/api.w.org\/{rel}","templated":true}]}}