{"id":8943,"date":"2025-12-17T14:07:31","date_gmt":"2025-12-17T12:07:31","guid":{"rendered":"https:\/\/kvkoolitus.ee\/?page_id=8943"},"modified":"2025-12-18T10:03:49","modified_gmt":"2025-12-18T08:03:49","slug":"ekskavaatorijuhtide-koolitus-2","status":"publish","type":"page","link":"https:\/\/kvkoolitus.ee\/ru\/ekskavaatorijuhtide-koolitus-2\/","title":{"rendered":"\u041e\u0431\u0443\u0447\u0435\u043d\u0438\u0435 \u043c\u0430\u0448\u0438\u043d\u0438\u0441\u0442\u043e\u0432 \u044d\u043a\u0441\u043a\u0430\u0432\u0430\u0442\u043e\u0440\u043e\u0432"},"content":{"rendered":"<p><strong>\u00d5ppekavar\u00fchm<\/strong>:\u00a0\u00a0\u00a0\u00a0\u00a0 Ehitus ja tsiviilrajatised<\/p>\n<p><strong>\u00a0<\/strong><strong>Koolituse kogumaht akadeemilistes tundides :\u00a0 \u00a0 \u00a0 40<\/strong><\/p>\n<p><strong>\u00a0\u00a0\u00a0\u00a0\u00a0\u00a0\u00a0\u00a0\u00a0\u00a0\u00a0\u00a0\u00a0\u00a0\u00a0\u00a0\u00a0\u00a0\u00a0\u00a0\u00a0\u00a0\u00a0\u00a0\u00a0\u00a0\u00a0 <\/strong>Teooriatundide maht\u00a0 \u00a0 \u00a0 \u00a0 \u00a0 \u00a0 \u00a0 \u00a0 \u00a0 \u00a0 \u00a0 \u00a0 \u00a0 20<\/p>\n<p><strong><em>\u00a0 \u00a0 \u00a0 \u00a0 \u00a0 \u00a0 \u00a0 \u00a0 \u00a0 \u00a0 \u00a0 \u00a0 \u00a0 \u00a0 \u00a0<\/em><\/strong>Praktilise t\u00f6\u00f6 maht\u00a0 \u00a0 \u00a0 \u00a0 \u00a0 \u00a0 \u00a0 \u00a0 \u00a0 \u00a0 \u00a0 \u00a0 \u00a0 \u00a0 \u00a0 20<\/p>\n<p>(praktika toimub ettev\u00f5ttes, kust suunatakse \u00f5petusele kursuse osaleja)<\/p>\n<p><strong>Kasutatava \u00f5ppekeskkonna kirjeldus:<\/strong><\/p>\n<p>\u00d5ppet\u00f6\u00f6s kasutatakse \u00f5ppeklassi, mis on varustatud multiprojektoriga ning arvutiklassi. Koolitusruum (sh \u00f5ppetehnika) vastab t\u00f6\u00f6tervishoiu ja t\u00f6\u00f6ohutuse seaduses s\u00e4testatud t\u00f6\u00f6tervishoiu ja -ohutuse n\u00f5uetele.<\/p>\n<p><strong>\u00a0<\/strong><strong>Sihtgrupp ja \u00f5ppe alustamise n\u00f5uded:<\/strong> vajalik\u00a0 B- v\u00f5i, T-v\u00f5i C-kategooria juhiluba<\/p>\n<p><strong>\u00a0<\/strong><strong>\u00d5<\/strong><strong>ppekava eesm\u00e4rgid: <\/strong>anda v\u00f5imalus omandada ekskavaatorijuhi kutset\u00f6\u00f6ks vajalikud\u00a0 teoreetilised ja praktilised teadmised ja oskused.<\/p>\n<p><strong>\u00a0<\/strong><strong>\u00d5piv\u00e4ljundid:<\/strong><\/p>\n<ul>\n<li>teab ekskovaatori ehitust, kasutuse korda ja tehnilise teenindamise p\u00f5hiprintsiipe;<\/li>\n<li>oskab teostada p\u00f5hit\u00f6\u00f6d ning ekskavaatorit \u00a0juhtida j\u00e4rgides t\u00f6\u00f6ohutuse n\u00f5udeid.<\/li>\n<\/ul>\n<p><strong>\u00d5ppe sisu<\/strong><\/p>\n<ol>\n<li><strong>Auditoorne t\u00f6\u00f6 \u2013 20 ak tundi <\/strong><\/li>\n<\/ol>\n<ul>\n<li>Kaeve- ja lammutust\u00f6\u00f6d<\/li>\n<li>Ekskavaatori ehitus, korrashoid ja hooldust\u00f6\u00f6de teostamine<\/li>\n<li>\u00dcldohutusn\u00f5uded juhtimisseadmete kasutamisel<\/li>\n<li>Kaevet\u00f6\u00f6de ohutus, t\u00f6\u00f6kaitse ja ohutustehnika<\/li>\n<\/ul>\n<p>&nbsp;<\/p>\n<p><strong>2. Praktiliine t\u00f6\u00f6 \u2013 20 ak tundi<\/strong><\/p>\n<p>Koolitusfirma korraldab \u00f5ppekavaga etten\u00e4htud praktika piirkonna t\u00f6\u00f6stusettev\u00f5tetes<\/p>\n<ul>\n<li>T\u00f6\u00f6operatsioonide ja juhtimisv\u00f5tete omandamine<\/li>\n<li>Kaeve- ja lammutust\u00f6\u00f6de teostamine<\/li>\n<li>Ekskavaatori hooldust\u00f6\u00f6d.<\/li>\n<\/ul>\n<p><strong>\u00a0<\/strong><strong>Kasutatavad \u00f5ppemeetodid: <\/strong>Loeng, arutelud, praktiline t\u00f6\u00f6.<\/p>\n<p><strong>\u00a0<\/strong><strong>Vajalike \u00f5ppematerjalide loend: <\/strong>\u00f5petajad kasutavad \u00f5petamise k\u00e4igus isiklikke metoodilisi materjale.\u00a0Kursuse l\u00f5petamisel j\u00e4\u00e4vad koolitatavale konspektid ja paljundatud \u00f5ppematerjalid.<\/p>\n<p>&nbsp;<\/p>\n<p><strong>\u00a0<\/strong><strong>N\u00f5uded \u00f5pingute l\u00f5petamiseks, sh hindamismeetodid ja kriteeriumid: <\/strong>\u00f5ppe l\u00f5petamiseks on n\u00f5utav \u00f5ppekava v\u00e4hemalt 80% l\u00e4bimine ja arvestusliku t\u00f6\u00f6 tegemine, vastavalt hindamiskriteeriumitele.<\/p>\n<p>Hindamismeetodid &#8211; arvestuslik t\u00f6\u00f6<\/p>\n<p>Hindamiskriteeriumid &#8211; arvestuslik t\u00f6\u00f6 koosneb 4 praktilisest \u00fclesandest kursusel l\u00e4bitud teemade seast. Positiivseks soorituseks on vaja nelist \u00fclesandest t\u00e4ita v\u00e4hemalt koolm veatult.<\/p>\n<p><strong>\u00a0<\/strong>Hindamine toimub \u00f5petaja ja \u00f5ppija \u00fchist\u00f6\u00f6na arutelu k\u00e4igus.<\/p>\n<p>\u00d5ppijale v\u00e4ljastatakse \u00f5ppe l\u00f5petamise n\u00f5uete t\u00e4itmisel tunnistus.<\/p>\n<p><strong>\u00a0<\/strong><\/p>\n<p>Info:<\/p>\n<p>info@kvkoolitus.ee<\/p>\n<p>5558 3410, 5347 5016<\/p>\n<p><strong><form method=\"post\" enctype=\"multipart\/form-data\" id=\"vfbp-form-1\" class=\"vfbp-form\"><div style=\"display:none;\"><label for=\"vfbp-EMAIL-AN8fuQyoDLXem\">\u0415\u0441\u043b\u0438 \u0412\u044b \u0447\u0435\u043b\u043e\u0432\u0435\u043a, \u043e\u0441\u0442\u0430\u0432\u044c\u0442\u0435 \u044d\u0442\u043e \u043f\u043e\u043b\u0435 \u043f\u0443\u0441\u0442\u044b\u043c<\/label><input size=\"25\" autocomplete=\"off\" type=\"text\" name=\"vfbp-EMAIL-AN8fuQyoDLXem\" value=\"\" id=\"\"><\/div><input type=\"hidden\" name=\"_vfb-timestamp-1\" value=\"1776956374\" id=\"\"><input type=\"hidden\" name=\"_vfb-form-id\" value=\"1\" id=\"\"><div class=\"vfb-col-12 vfb-fieldType-hidden\" id=\"vfbField5\"><input id=\"vfb-field-5\" class=\"vfb-form-control\" placeholder=\"\" type=\"hidden\" name=\"vfb-field-5\" value=\"Ekskavaatorijuhtide koolitus\"><\/div><div class=\"vfb-clearfix\"><\/div><div class=\"vfb-col-12 vfb-fieldType-hidden\" id=\"vfbField60\"><input id=\"vfb-field-60\" class=\"vfb-form-control\" placeholder=\"\" type=\"hidden\" name=\"vfb-field-60\" value=\"8943\"><\/div><div class=\"vfb-clearfix\"><\/div><div class=\"vfb-well vfb-col-12\" id=\"vfbField4\"><div class=\"vfb-form-group vfb-col-12\"><div><h3 class=\"\">Saada koolituse p\u00e4ring v\u00f5i <a href=\"\/koolitused\">vaata koolituskalendrit<\/a><\/h3><\/div><\/div><div class=\"vfb-col-12 vfb-fieldType-heading\" id=\"vfbField4\"><\/div><div class=\"vfb-clearfix\"><\/div><div class=\"vfb-col-4 vfb-fieldType-text\" id=\"vfbField1\"><div class=\"vfb-form-group\"><label for=\"vfb-field-1\" class=\"vfb-control-label\">Nimi <span class=\"vfb-required-asterisk\">*<\/span><\/label><div><input id=\"vfb-field-1\" class=\"vfb-form-control\" placeholder=\"\" required=\"required\" type=\"text\" name=\"vfb-field-1\" value=\"\"><\/div><\/div><\/div><div class=\"vfb-col-4 vfb-fieldType-email\" id=\"vfbField3\"><div class=\"vfb-form-group\"><label for=\"vfb-field-3\" class=\"vfb-control-label\">E-posti aadress <span class=\"vfb-required-asterisk\">*<\/span><\/label><div><input id=\"vfb-field-3\" class=\"vfb-form-control\" placeholder=\"\" required=\"required\" type=\"email\" name=\"vfb-field-3\" value=\"\"><\/div><\/div><\/div><div class=\"vfb-col-4 vfb-fieldType-text\" id=\"vfbField6\"><div class=\"vfb-form-group\"><label for=\"vfb-field-6\" class=\"vfb-control-label\">Telefon <span class=\"vfb-required-asterisk\">*<\/span><\/label><div><input id=\"vfb-field-6\" class=\"vfb-form-control\" placeholder=\"\" required=\"required\" type=\"text\" name=\"vfb-field-6\" value=\"\"><\/div><\/div><\/div><div class=\"vfb-clearfix\"><\/div><div class=\"vfb-col-12 vfb-fieldType-select\" id=\"vfbField81\"><label for=\"vfb-field-81\" class=\"vfb-control-label\">Soovin koolitust l\u00e4bida:<\/label><div><div class=\"vfb-form-group\"><select id=\"vfb-field-81\" class=\"vfb-form-control\" placeholder=\"\" name=\"vfb-field-81\"><option value=\"Eesti keeles\">Eesti keeles<\/option><option value=\"Vene keeles\">Vene keeles<\/option><\/select><\/div><\/div><\/div><div class=\"vfb-clearfix\"><\/div><div class=\"vfb-col-12 vfb-fieldType-select\" id=\"vfbField196\"><label for=\"vfb-field-196\" class=\"vfb-control-label\">Koolituse tellib:<\/label><div><div class=\"vfb-form-group\"><select id=\"vfb-field-196\" class=\"vfb-form-control\" placeholder=\"\" name=\"vfb-field-196\"><option value=\"Eraisik\">Eraisik<\/option><option value=\"Ettev&otilde;te\">Ettev\u00f5te<\/option><\/select><\/div><\/div><\/div><div class=\"vfb-clearfix\"><\/div><div class=\"vfb-col-4 vfb-fieldType-select\" id=\"vfbField11\"><label for=\"vfb-field-11\" class=\"vfb-control-label\">Kes arve tasub?<\/label><div><div class=\"vfb-form-group\"><select id=\"vfb-field-11\" class=\"vfb-form-control\" placeholder=\"\" name=\"vfb-field-11\"><option value=\"Ettev&otilde;te\">Ettev\u00f5te<\/option><option value=\"Eraisik\">Eraisik<\/option><option value=\"T&ouml;&ouml;tukassa\">T\u00f6\u00f6tukassa<\/option><\/select><\/div><\/div><\/div><div class=\"vfb-col-7 vfb-fieldType-text\" id=\"vfbField8\"><div class=\"vfb-form-group\"><label for=\"vfb-field-8\" class=\"vfb-control-label\">Ettev\u00f5tte nimi, kellele arve esitatakse <span class=\"vfb-required-asterisk\">*<\/span><\/label><div><input id=\"vfb-field-8\" class=\"vfb-form-control\" placeholder=\"\" required=\"required\" type=\"text\" name=\"vfb-field-8\" value=\"\"><\/div><\/div><\/div><div class=\"vfb-col-7 vfb-fieldType-text\" id=\"vfbField61\"><div class=\"vfb-form-group\"><label for=\"vfb-field-61\" class=\"vfb-control-label\">Eraisiku nimi, kellele arve esitatakse <span class=\"vfb-required-asterisk\">*<\/span><\/label><div><input id=\"vfb-field-61\" class=\"vfb-form-control\" placeholder=\"\" required=\"required\" type=\"text\" name=\"vfb-field-61\" value=\"\"><\/div><\/div><\/div><div class=\"vfb-clearfix\"><\/div><div class=\"vfb-col-12 vfb-fieldType-textarea\" id=\"vfbField12\"><div class=\"vfb-form-group\"><label for=\"vfb-field-12\" class=\"vfb-control-label\">Lisainfo<\/label><div><textarea id=\"vfb-field-12\" class=\"vfb-form-control\" placeholder=\"\" rows=\"5\" name=\"vfb-field-12\" cols=\"50\"><\/textarea><\/div><\/div><\/div><div class=\"vfb-clearfix\"><\/div><div class=\"vfb-col-6 vfb-fieldType-checkbox\" id=\"vfbField13\"><label for=\"vfb-field-13\" class=\"vfb-control-label\"><\/label><div><div class=\"vfb-checkbox\"><label><input id=\"vfb-field-13-0\" class=\"\" placeholder=\"\" data-vfb-multiple=\"vfb-field-13\" type=\"checkbox\" name=\"vfb-field-13[0]\" value=\"1\"> Soovin saada infot minu ala kursuste kohta<\/label><\/div><\/div><\/div><div class=\"vfb-col-6 vfb-fieldType-checkbox\" id=\"vfbField14\"><label for=\"vfb-field-14\" class=\"vfb-control-label\"><\/label><div><div class=\"vfb-checkbox\"><label><input id=\"vfb-field-14-0\" class=\"\" placeholder=\"\" data-vfb-multiple=\"vfb-field-14\" type=\"checkbox\" name=\"vfb-field-14[0]\" value=\"1\">Soovin saada infot eripakkumiste ja soodustuste kohta<\/label><\/div><\/div><\/div><div class=\"vfb-clearfix\"><\/div><div class=\"vfb-col-12 vfb-fieldType-checkbox\" id=\"vfbField15\"><label for=\"vfb-field-15\" class=\"vfb-control-label\"> <span class=\"vfb-required-asterisk\">*<\/span><\/label><div><div class=\"vfb-checkbox\"><label><input id=\"vfb-field-15-0\" class=\"\" placeholder=\"\" data-vfb-multiple=\"vfb-field-15\" required=\"required\" type=\"checkbox\" name=\"vfb-field-15[0]\" value=\"1\">Kinnitan, et olen tutvunud \u00d5ppet\u00f6\u00f6 korraldusega ja v\u00f5tan enesele k\u00f5ik sellest tulenevad kohustused<\/label><\/div><\/div><\/div><div class=\"vfb-clearfix\"><\/div><div class=\"vfb-col-12 vfb-fieldType-submit\" id=\"vfbField16\"><button id=\"vfb-field-16\" class=\" btn btn-primary\" placeholder=\"\" type=\"submit\" name=\"_vfb-submit\">Registreerimine<\/button><\/div><div class=\"vfb-clearfix\"><\/div><\/div> <!-- .vfb-well --><\/form><\/strong><\/p>\n","protected":false},"excerpt":{"rendered":"<p>\u00d5ppekavar\u00fchm:\u00a0\u00a0\u00a0\u00a0\u00a0 Ehitus ja tsiviilrajatised \u00a0Koolituse kogumaht akadeemilistes tundides :\u00a0 \u00a0 \u00a0 40 \u00a0\u00a0\u00a0\u00a0\u00a0\u00a0\u00a0\u00a0\u00a0\u00a0\u00a0\u00a0\u00a0\u00a0\u00a0\u00a0\u00a0\u00a0\u00a0\u00a0\u00a0\u00a0\u00a0\u00a0\u00a0\u00a0\u00a0 Teooriatundide maht\u00a0 \u00a0 \u00a0 \u00a0 \u00a0 \u00a0 \u00a0 \u00a0 \u00a0 \u00a0 \u00a0 \u00a0 \u00a0 20 \u00a0 \u00a0 \u00a0 \u00a0 \u00a0 <a href=\"https:\/\/kvkoolitus.ee\/ru\/ekskavaatorijuhtide-koolitus-2\/\"> [&#8230;]<\/a><\/p>\n","protected":false},"author":13,"featured_media":0,"parent":0,"menu_order":0,"comment_status":"closed","ping_status":"closed","template":"","meta":{"footnotes":""},"class_list":["post-8943","page","type-page","status-publish","hentry"],"aioseo_notices":[],"_links":{"self":[{"href":"https:\/\/kvkoolitus.ee\/ru\/wp-json\/wp\/v2\/pages\/8943","targetHints":{"allow":["GET"]}}],"collection":[{"href":"https:\/\/kvkoolitus.ee\/ru\/wp-json\/wp\/v2\/pages"}],"about":[{"href":"https:\/\/kvkoolitus.ee\/ru\/wp-json\/wp\/v2\/types\/page"}],"author":[{"embeddable":true,"href":"https:\/\/kvkoolitus.ee\/ru\/wp-json\/wp\/v2\/users\/13"}],"replies":[{"embeddable":true,"href":"https:\/\/kvkoolitus.ee\/ru\/wp-json\/wp\/v2\/comments?post=8943"}],"version-history":[{"count":5,"href":"https:\/\/kvkoolitus.ee\/ru\/wp-json\/wp\/v2\/pages\/8943\/revisions"}],"predecessor-version":[{"id":8978,"href":"https:\/\/kvkoolitus.ee\/ru\/wp-json\/wp\/v2\/pages\/8943\/revisions\/8978"}],"wp:attachment":[{"href":"https:\/\/kvkoolitus.ee\/ru\/wp-json\/wp\/v2\/media?parent=8943"}],"curies":[{"name":"wp","href":"https:\/\/api.w.org\/{rel}","templated":true}]}}